{"id":2017,"date":"2025-11-13T10:59:12","date_gmt":"2025-11-13T09:59:12","guid":{"rendered":"https:\/\/cemegroup.01linuxsp.coridemo.com\/acl\/brand\/"},"modified":"2025-11-19T12:07:54","modified_gmt":"2025-11-19T11:07:54","slug":"brand","status":"publish","type":"page","link":"https:\/\/cemegroup.01linuxsp.coridemo.com\/acl\/de\/brand\/","title":{"rendered":"Brand"},"content":{"rendered":"\t\t<div data-elementor-type=\"wp-page\" data-elementor-id=\"2017\" class=\"elementor elementor-2017 elementor-1624\" data-elementor-post-type=\"page\">\n\t\t\t\t<div class=\"elementor-element elementor-element-22c31444 e-con-full e-flex e-con e-parent\" data-id=\"22c31444\" data-element_type=\"container\" data-e-type=\"container\" data-settings=\"{&quot;background_background&quot;:&quot;classic&quot;}\">\n\t\t<div class=\"elementor-element elementor-element-143c2981 e-flex e-con-boxed e-con e-child\" data-id=\"143c2981\" data-element_type=\"container\" data-e-type=\"container\">\n\t\t\t\t\t<div class=\"e-con-inner\">\n\t\t<div class=\"elementor-element elementor-element-68ea8e0d e-con-full e-flex e-con e-child\" data-id=\"68ea8e0d\" data-element_type=\"container\" data-e-type=\"container\">\n\t\t\t\t<div class=\"elementor-element elementor-element-233978a text-hero-v2 elementor-widget elementor-widget-heading\" data-id=\"233978a\" data-element_type=\"widget\" data-e-type=\"widget\" data-widget_type=\"heading.default\">\n\t\t\t\t\t<h1 class=\"elementor-heading-title elementor-size-default\">Solidit\u00e4t, Erfahrung und hohe Qualit\u00e4tsstandards<\/h1>\t\t\t\t<\/div>\n\t\t<div class=\"elementor-element elementor-element-7d139b39 e-con-full e-flex e-con e-child\" data-id=\"7d139b39\" data-element_type=\"container\" data-e-type=\"container\">\n\t\t\t\t<div class=\"elementor-element elementor-element-5ca4a7d6 text-normal-500 elementor-widget elementor-widget-button\" data-id=\"5ca4a7d6\" data-element_type=\"widget\" data-e-type=\"widget\" data-widget_type=\"button.default\">\n\t\t\t\t\t\t\t\t\t\t<a class=\"elementor-button elementor-button-link elementor-size-sm\" href=\"#history\">\n\t\t\t\t\t\t<span class=\"elementor-button-content-wrapper\">\n\t\t\t\t\t\t\t\t\t<span class=\"elementor-button-text\">HISTORY OF ACL<\/span>\n\t\t\t\t\t<\/span>\n\t\t\t\t\t<\/a>\n\t\t\t\t\t\t\t\t<\/div>\n\t\t\t\t<\/div>\n\t\t\t\t<\/div>\n\t\t\t\t\t<\/div>\n\t\t\t\t<\/div>\n\t\t\t\t<\/div>\n\t\t<div class=\"elementor-element elementor-element-e7af30b e-con-full e-flex e-con e-parent\" data-id=\"e7af30b\" data-element_type=\"container\" data-e-type=\"container\" data-settings=\"{&quot;background_background&quot;:&quot;gradient&quot;}\">\n\t\t\t\t<\/div>\n\t\t<div class=\"elementor-element elementor-element-b5a2d98 e-flex e-con-boxed e-con e-parent\" data-id=\"b5a2d98\" data-element_type=\"container\" data-e-type=\"container\" id=\"history\" data-settings=\"{&quot;background_background&quot;:&quot;classic&quot;}\">\n\t\t\t\t\t<div class=\"e-con-inner\">\n\t\t<div class=\"elementor-element elementor-element-a34671d e-con-full e-flex e-con e-child\" data-id=\"a34671d\" data-element_type=\"container\" data-e-type=\"container\">\n\t\t\t\t<div class=\"elementor-element elementor-element-a82e817 elementor-icon-list--layout-traditional elementor-list-item-link-full_width elementor-widget elementor-widget-icon-list\" data-id=\"a82e817\" data-element_type=\"widget\" data-e-type=\"widget\" data-widget_type=\"icon-list.default\">\n\t\t\t\t\t\t\t<ul class=\"elementor-icon-list-items\">\n\t\t\t\t\t\t\t<li class=\"elementor-icon-list-item\">\n\t\t\t\t\t\t\t\t\t\t\t<span class=\"elementor-icon-list-icon\">\n\t\t\t\t\t\t\t<svg xmlns=\"http:\/\/www.w3.org\/2000\/svg\" width=\"14\" height=\"14\" viewBox=\"0 0 14 14\" fill=\"none\"><rect width=\"14\" height=\"14\" fill=\"#4B8463\"><\/rect><\/svg>\t\t\t\t\t\t<\/span>\n\t\t\t\t\t\t\t\t\t\t<span class=\"elementor-icon-list-text\">ACL MARKE<\/span>\n\t\t\t\t\t\t\t\t\t<\/li>\n\t\t\t\t\t\t<\/ul>\n\t\t\t\t\t\t<\/div>\n\t\t\t\t<\/div>\n\t\t<div class=\"elementor-element elementor-element-02c4fe1 e-con-full e-flex e-con e-child\" data-id=\"02c4fe1\" data-element_type=\"container\" data-e-type=\"container\">\n\t\t\t\t<div class=\"elementor-element elementor-element-82f9da5 text-subheading elementor-widget elementor-widget-heading\" data-id=\"82f9da5\" data-element_type=\"widget\" data-e-type=\"widget\" data-widget_type=\"heading.default\">\n\t\t\t\t\t<h3 class=\"elementor-heading-title elementor-size-default\">ACL produziert Magnetventile in einer breiten Palette von Modellen.<\/h3>\t\t\t\t<\/div>\n\t\t<div class=\"elementor-element elementor-element-0424fb0 e-con-full e-flex e-con e-child\" data-id=\"0424fb0\" data-element_type=\"container\" data-e-type=\"container\">\n\t\t\t\t<div class=\"elementor-element elementor-element-743a9cf text-body-v2 elementor-widget__width-initial elementor-widget elementor-widget-heading\" data-id=\"743a9cf\" data-element_type=\"widget\" data-e-type=\"widget\" data-widget_type=\"heading.default\">\n\t\t\t\t\t<p class=\"elementor-heading-title elementor-size-default\">\nACL wurde 1987 in Agrate Brianza gegr\u00fcndet und ist auf die Entwicklung und Herstellung hochwertiger Magnetventile mit einer konsolidierten F\u00fchrungsposition im Eisenbahnsektor spezialisiert. Im Laufe der Jahre f\u00fchrte das stetige Wachstum zun\u00e4chst zum Umzug nach Caponago und seit 2009 zum heutigen Standort in Cavenago, dem Herzen der ACL-Produktion.<br>Heute ist das Unternehmen ein internationaler Bezugspunkt in der Fl\u00fcssigkeitskontrolle mit einem globalen Vertriebsnetz und Anwendungen, die von der Schiene bis zur professionellen Reinigung, von der Landwirtschaft bis zur Medizin, von der Automobilindustrie bis zur Werkstattausr\u00fcstung, von der Industrie bis hin zu Reifen und gr\u00fcnen Technologien reichen. \n<\/p>\t\t\t\t<\/div>\n\t\t\t\t<div class=\"elementor-element elementor-element-69ebfde text-body-v2 elementor-widget__width-initial elementor-widget elementor-widget-heading\" data-id=\"69ebfde\" data-element_type=\"widget\" data-e-type=\"widget\" data-widget_type=\"heading.default\">\n\t\t\t\t\t<p class=\"elementor-heading-title elementor-size-default\">Technische Pr\u00e4zision, sorgf\u00e4ltige Auswahl der Rohstoffe und strenge Qualit\u00e4tspr\u00fcfungen garantieren zuverl\u00e4ssige und leistungsstarke Produkte auch f\u00fcr die kritischsten Anwendungen.<br>Als Teil der CEME Group w\u00e4chst ACL weiter und setzt sein Engagement f\u00fcr Innovation und Personalisierung mit ma\u00dfgeschneiderten L\u00f6sungen f\u00fcr die Schiene und die wichtigsten Industriezweige weltweit fort.<\/p>\t\t\t\t<\/div>\n\t\t\t\t<\/div>\n\t\t\t\t<\/div>\n\t\t\t\t\t<\/div>\n\t\t\t\t<\/div>\n\t\t\t\t<\/div>\n\t\t","protected":false},"excerpt":{"rendered":"<p>Solidit\u00e4t, Erfahrung und hohe Qualit\u00e4tsstandards HISTORY OF ACL ACL MARKE ACL produziert Magnetventile in einer breiten Palette von Modellen. ACL wurde 1987 in Agrate Brianza gegr\u00fcndet und ist auf die Entwicklung und Herstellung hochwertiger Magnetventile mit einer konsolidierten F\u00fchrungsposition im Eisenbahnsektor spezialisiert. Im Laufe der Jahre f\u00fchrte das stetige Wachstum zun\u00e4chst zum Umzug nach Caponago [&hellip;]<\/p>\n","protected":false},"author":1,"featured_media":0,"parent":0,"menu_order":0,"comment_status":"closed","ping_status":"closed","template":"","meta":{"_acf_changed":false,"footnotes":""},"class_list":["post-2017","page","type-page","status-publish","hentry"],"acf":[],"yoast_head":"<!-- This site is optimized with the Yoast SEO plugin v27.4 - https:\/\/yoast.com\/product\/yoast-seo-wordpress\/ -->\n<title>Qualit\u00e4ts- und Innovationsmagnetventile seit 1987 | ACL<\/title>\n<meta name=\"description\" content=\"Seit 1987 produziert ACL zuverl\u00e4ssige und kundenspezifische Magnetventile f\u00fcr die Kontrolle von Fl\u00fcssigkeiten. Entdecken Sie die Geschichte, die Erfahrung und die Werte der Marke.\" \/>\n<meta name=\"robots\" content=\"noindex, follow, max-snippet:-1, max-image-preview:large, max-video-preview:-1\" \/>\n<meta property=\"og:locale\" content=\"de_DE\" \/>\n<meta property=\"og:type\" content=\"article\" \/>\n<meta property=\"og:title\" content=\"Qualit\u00e4ts- und Innovationsmagnetventile seit 1987 | ACL\" \/>\n<meta property=\"og:description\" content=\"Seit 1987 produziert ACL zuverl\u00e4ssige und kundenspezifische Magnetventile f\u00fcr die Kontrolle von Fl\u00fcssigkeiten. Entdecken Sie die Geschichte, die Erfahrung und die Werte der Marke.\" \/>\n<meta property=\"og:url\" content=\"https:\/\/cemegroup.01linuxsp.coridemo.com\/acl\/de\/brand\/\" \/>\n<meta property=\"og:site_name\" content=\"ACL\" \/>\n<meta property=\"article:modified_time\" content=\"2025-11-19T11:07:54+00:00\" \/>\n<meta property=\"og:image\" content=\"https:\/\/cemegroup.01linuxsp.coridemo.com\/acl\/wp-content\/uploads\/sites\/6\/2025\/11\/Ceme_095.png\" \/>\n\t<meta property=\"og:image:width\" content=\"1920\" \/>\n\t<meta property=\"og:image:height\" content=\"980\" \/>\n\t<meta property=\"og:image:type\" content=\"image\/png\" \/>\n<meta name=\"twitter:card\" content=\"summary_large_image\" \/>\n<meta name=\"twitter:label1\" content=\"Gesch\u00e4tzte Lesezeit\" \/>\n\t<meta name=\"twitter:data1\" content=\"1\u00a0Minute\" \/>\n<script type=\"application\/ld+json\" class=\"yoast-schema-graph\">{\"@context\":\"https:\\\/\\\/schema.org\",\"@graph\":[{\"@type\":\"WebPage\",\"@id\":\"https:\\\/\\\/cemegroup.01linuxsp.coridemo.com\\\/acl\\\/de\\\/brand\\\/\",\"url\":\"https:\\\/\\\/cemegroup.01linuxsp.coridemo.com\\\/acl\\\/de\\\/brand\\\/\",\"name\":\"Qualit\u00e4ts- und Innovationsmagnetventile seit 1987 | ACL\",\"isPartOf\":{\"@id\":\"https:\\\/\\\/cemegroup.01linuxsp.coridemo.com\\\/acl\\\/de\\\/#website\"},\"datePublished\":\"2025-11-13T09:59:12+00:00\",\"dateModified\":\"2025-11-19T11:07:54+00:00\",\"description\":\"Seit 1987 produziert ACL zuverl\u00e4ssige und kundenspezifische Magnetventile f\u00fcr die Kontrolle von Fl\u00fcssigkeiten. Entdecken Sie die Geschichte, die Erfahrung und die Werte der Marke.\",\"breadcrumb\":{\"@id\":\"https:\\\/\\\/cemegroup.01linuxsp.coridemo.com\\\/acl\\\/de\\\/brand\\\/#breadcrumb\"},\"inLanguage\":\"de\",\"potentialAction\":[{\"@type\":\"ReadAction\",\"target\":[\"https:\\\/\\\/cemegroup.01linuxsp.coridemo.com\\\/acl\\\/de\\\/brand\\\/\"]}]},{\"@type\":\"BreadcrumbList\",\"@id\":\"https:\\\/\\\/cemegroup.01linuxsp.coridemo.com\\\/acl\\\/de\\\/brand\\\/#breadcrumb\",\"itemListElement\":[{\"@type\":\"ListItem\",\"position\":1,\"name\":\"Home\",\"item\":\"https:\\\/\\\/cemegroup.01linuxsp.coridemo.com\\\/acl\\\/de\\\/\"},{\"@type\":\"ListItem\",\"position\":2,\"name\":\"Brand\"}]},{\"@type\":\"WebSite\",\"@id\":\"https:\\\/\\\/cemegroup.01linuxsp.coridemo.com\\\/acl\\\/de\\\/#website\",\"url\":\"https:\\\/\\\/cemegroup.01linuxsp.coridemo.com\\\/acl\\\/de\\\/\",\"name\":\"CEME ACL\",\"description\":\"Discover ACL solenoid valves and microvalves: reliable, tested solutions for the management of industrial fluids.\",\"publisher\":{\"@id\":\"https:\\\/\\\/cemegroup.01linuxsp.coridemo.com\\\/acl\\\/de\\\/#organization\"},\"alternateName\":\"ACL - CEME Group\",\"potentialAction\":[{\"@type\":\"SearchAction\",\"target\":{\"@type\":\"EntryPoint\",\"urlTemplate\":\"https:\\\/\\\/cemegroup.01linuxsp.coridemo.com\\\/acl\\\/de\\\/?s={search_term_string}\"},\"query-input\":{\"@type\":\"PropertyValueSpecification\",\"valueRequired\":true,\"valueName\":\"search_term_string\"}}],\"inLanguage\":\"de\"},{\"@type\":\"Organization\",\"@id\":\"https:\\\/\\\/cemegroup.01linuxsp.coridemo.com\\\/acl\\\/de\\\/#organization\",\"name\":\"ACL\",\"alternateName\":\"ACL - CEME Group\",\"url\":\"https:\\\/\\\/cemegroup.01linuxsp.coridemo.com\\\/acl\\\/de\\\/\",\"logo\":{\"@type\":\"ImageObject\",\"inLanguage\":\"de\",\"@id\":\"https:\\\/\\\/cemegroup.01linuxsp.coridemo.com\\\/acl\\\/de\\\/#\\\/schema\\\/logo\\\/image\\\/\",\"url\":\"https:\\\/\\\/cemegroup.01linuxsp.coridemo.com\\\/acl\\\/wp-content\\\/uploads\\\/sites\\\/6\\\/2025\\\/11\\\/cropped-Fav_ACL.png\",\"contentUrl\":\"https:\\\/\\\/cemegroup.01linuxsp.coridemo.com\\\/acl\\\/wp-content\\\/uploads\\\/sites\\\/6\\\/2025\\\/11\\\/cropped-Fav_ACL.png\",\"width\":512,\"height\":512,\"caption\":\"ACL\"},\"image\":{\"@id\":\"https:\\\/\\\/cemegroup.01linuxsp.coridemo.com\\\/acl\\\/de\\\/#\\\/schema\\\/logo\\\/image\\\/\"},\"sameAs\":[\"https:\\\/\\\/www.linkedin.com\\\/company\\\/cemegroup-ceme-ulka-ode-acl\\\/\",\"https:\\\/\\\/www.youtube.com\\\/channel\\\/UC3lF1mvjO-W2O9zxeyLYPrg\"]}]}<\/script>\n<!-- \/ Yoast SEO plugin. -->","yoast_head_json":{"title":"Qualit\u00e4ts- und Innovationsmagnetventile seit 1987 | ACL","description":"Seit 1987 produziert ACL zuverl\u00e4ssige und kundenspezifische Magnetventile f\u00fcr die Kontrolle von Fl\u00fcssigkeiten. Entdecken Sie die Geschichte, die Erfahrung und die Werte der Marke.","robots":{"index":"noindex","follow":"follow","max-snippet":"max-snippet:-1","max-image-preview":"max-image-preview:large","max-video-preview":"max-video-preview:-1"},"og_locale":"de_DE","og_type":"article","og_title":"Qualit\u00e4ts- und Innovationsmagnetventile seit 1987 | ACL","og_description":"Seit 1987 produziert ACL zuverl\u00e4ssige und kundenspezifische Magnetventile f\u00fcr die Kontrolle von Fl\u00fcssigkeiten. Entdecken Sie die Geschichte, die Erfahrung und die Werte der Marke.","og_url":"https:\/\/cemegroup.01linuxsp.coridemo.com\/acl\/de\/brand\/","og_site_name":"ACL","article_modified_time":"2025-11-19T11:07:54+00:00","og_image":[{"width":1920,"height":980,"url":"https:\/\/cemegroup.01linuxsp.coridemo.com\/acl\/wp-content\/uploads\/sites\/6\/2025\/11\/Ceme_095.png","type":"image\/png"}],"twitter_card":"summary_large_image","twitter_misc":{"Gesch\u00e4tzte Lesezeit":"1\u00a0Minute"},"schema":{"@context":"https:\/\/schema.org","@graph":[{"@type":"WebPage","@id":"https:\/\/cemegroup.01linuxsp.coridemo.com\/acl\/de\/brand\/","url":"https:\/\/cemegroup.01linuxsp.coridemo.com\/acl\/de\/brand\/","name":"Qualit\u00e4ts- und Innovationsmagnetventile seit 1987 | ACL","isPartOf":{"@id":"https:\/\/cemegroup.01linuxsp.coridemo.com\/acl\/de\/#website"},"datePublished":"2025-11-13T09:59:12+00:00","dateModified":"2025-11-19T11:07:54+00:00","description":"Seit 1987 produziert ACL zuverl\u00e4ssige und kundenspezifische Magnetventile f\u00fcr die Kontrolle von Fl\u00fcssigkeiten. Entdecken Sie die Geschichte, die Erfahrung und die Werte der Marke.","breadcrumb":{"@id":"https:\/\/cemegroup.01linuxsp.coridemo.com\/acl\/de\/brand\/#breadcrumb"},"inLanguage":"de","potentialAction":[{"@type":"ReadAction","target":["https:\/\/cemegroup.01linuxsp.coridemo.com\/acl\/de\/brand\/"]}]},{"@type":"BreadcrumbList","@id":"https:\/\/cemegroup.01linuxsp.coridemo.com\/acl\/de\/brand\/#breadcrumb","itemListElement":[{"@type":"ListItem","position":1,"name":"Home","item":"https:\/\/cemegroup.01linuxsp.coridemo.com\/acl\/de\/"},{"@type":"ListItem","position":2,"name":"Brand"}]},{"@type":"WebSite","@id":"https:\/\/cemegroup.01linuxsp.coridemo.com\/acl\/de\/#website","url":"https:\/\/cemegroup.01linuxsp.coridemo.com\/acl\/de\/","name":"CEME ACL","description":"Discover ACL solenoid valves and microvalves: reliable, tested solutions for the management of industrial fluids.","publisher":{"@id":"https:\/\/cemegroup.01linuxsp.coridemo.com\/acl\/de\/#organization"},"alternateName":"ACL - CEME Group","potentialAction":[{"@type":"SearchAction","target":{"@type":"EntryPoint","urlTemplate":"https:\/\/cemegroup.01linuxsp.coridemo.com\/acl\/de\/?s={search_term_string}"},"query-input":{"@type":"PropertyValueSpecification","valueRequired":true,"valueName":"search_term_string"}}],"inLanguage":"de"},{"@type":"Organization","@id":"https:\/\/cemegroup.01linuxsp.coridemo.com\/acl\/de\/#organization","name":"ACL","alternateName":"ACL - CEME Group","url":"https:\/\/cemegroup.01linuxsp.coridemo.com\/acl\/de\/","logo":{"@type":"ImageObject","inLanguage":"de","@id":"https:\/\/cemegroup.01linuxsp.coridemo.com\/acl\/de\/#\/schema\/logo\/image\/","url":"https:\/\/cemegroup.01linuxsp.coridemo.com\/acl\/wp-content\/uploads\/sites\/6\/2025\/11\/cropped-Fav_ACL.png","contentUrl":"https:\/\/cemegroup.01linuxsp.coridemo.com\/acl\/wp-content\/uploads\/sites\/6\/2025\/11\/cropped-Fav_ACL.png","width":512,"height":512,"caption":"ACL"},"image":{"@id":"https:\/\/cemegroup.01linuxsp.coridemo.com\/acl\/de\/#\/schema\/logo\/image\/"},"sameAs":["https:\/\/www.linkedin.com\/company\/cemegroup-ceme-ulka-ode-acl\/","https:\/\/www.youtube.com\/channel\/UC3lF1mvjO-W2O9zxeyLYPrg"]}]}},"_links":{"self":[{"href":"https:\/\/cemegroup.01linuxsp.coridemo.com\/acl\/de\/wp-json\/wp\/v2\/pages\/2017","targetHints":{"allow":["GET"]}}],"collection":[{"href":"https:\/\/cemegroup.01linuxsp.coridemo.com\/acl\/de\/wp-json\/wp\/v2\/pages"}],"about":[{"href":"https:\/\/cemegroup.01linuxsp.coridemo.com\/acl\/de\/wp-json\/wp\/v2\/types\/page"}],"author":[{"embeddable":true,"href":"https:\/\/cemegroup.01linuxsp.coridemo.com\/acl\/de\/wp-json\/wp\/v2\/users\/1"}],"replies":[{"embeddable":true,"href":"https:\/\/cemegroup.01linuxsp.coridemo.com\/acl\/de\/wp-json\/wp\/v2\/comments?post=2017"}],"version-history":[{"count":2,"href":"https:\/\/cemegroup.01linuxsp.coridemo.com\/acl\/de\/wp-json\/wp\/v2\/pages\/2017\/revisions"}],"predecessor-version":[{"id":2344,"href":"https:\/\/cemegroup.01linuxsp.coridemo.com\/acl\/de\/wp-json\/wp\/v2\/pages\/2017\/revisions\/2344"}],"wp:attachment":[{"href":"https:\/\/cemegroup.01linuxsp.coridemo.com\/acl\/de\/wp-json\/wp\/v2\/media?parent=2017"}],"curies":[{"name":"wp","href":"https:\/\/api.w.org\/{rel}","templated":true}]}}