{"id":2021,"date":"2025-11-13T10:57:09","date_gmt":"2025-11-13T09:57:09","guid":{"rendered":"https:\/\/cemegroup.01linuxsp.coridemo.com\/acl\/kontaktieren-sie-uns\/"},"modified":"2025-11-17T15:27:20","modified_gmt":"2025-11-17T14:27:20","slug":"kontaktieren-sie-uns","status":"publish","type":"page","link":"https:\/\/cemegroup.01linuxsp.coridemo.com\/acl\/de\/kontaktieren-sie-uns\/","title":{"rendered":"Kontaktieren Sie uns"},"content":{"rendered":"\t\t<div data-elementor-type=\"wp-page\" data-elementor-id=\"2021\" class=\"elementor elementor-2021 elementor-1465\" data-elementor-post-type=\"page\">\n\t\t\t\t<div class=\"elementor-element elementor-element-5d5ffb75 e-con-full e-flex e-con e-parent\" data-id=\"5d5ffb75\" data-element_type=\"container\" data-e-type=\"container\" data-settings=\"{&quot;background_background&quot;:&quot;classic&quot;}\">\n\t\t<div class=\"elementor-element elementor-element-2b8004bf e-flex e-con-boxed e-con e-child\" data-id=\"2b8004bf\" data-element_type=\"container\" data-e-type=\"container\">\n\t\t\t\t\t<div class=\"e-con-inner\">\n\t\t<div class=\"elementor-element elementor-element-1524f8ff e-con-full e-flex e-con e-child\" data-id=\"1524f8ff\" data-element_type=\"container\" data-e-type=\"container\">\n\t\t\t\t<div class=\"elementor-element elementor-element-499868f4 text-hero-v2 elementor-widget elementor-widget-heading\" data-id=\"499868f4\" data-element_type=\"widget\" data-e-type=\"widget\" data-widget_type=\"heading.default\">\n\t\t\t\t\t<h1 class=\"elementor-heading-title elementor-size-default\">Kontaktieren Sie uns<\/h1>\t\t\t\t<\/div>\n\t\t\t\t<div class=\"elementor-element elementor-element-7aaf1490 text-body-v2 elementor-widget elementor-widget-heading\" data-id=\"7aaf1490\" data-element_type=\"widget\" data-e-type=\"widget\" data-widget_type=\"heading.default\">\n\t\t\t\t\t<p class=\"elementor-heading-title elementor-size-default\">Wir sind jeden Tag an Ihrer Seite<\/p>\t\t\t\t<\/div>\n\t\t<div class=\"elementor-element elementor-element-582d533d e-con-full e-flex e-con e-child\" data-id=\"582d533d\" data-element_type=\"container\" data-e-type=\"container\">\n\t\t<div class=\"elementor-element elementor-element-4552abd9 e-con-full e-flex e-con e-child\" data-id=\"4552abd9\" data-element_type=\"container\" data-e-type=\"container\">\n\t\t\t\t<div class=\"elementor-element elementor-element-3b3885ed elementor-widget elementor-widget-image\" data-id=\"3b3885ed\" data-element_type=\"widget\" data-e-type=\"widget\" data-widget_type=\"image.default\">\n\t\t\t\t\t\t\t\t\t\t\t\t\t\t\t<img decoding=\"async\" src=\"https:\/\/cemegroup.01linuxsp.coridemo.com\/acl\/wp-content\/uploads\/sites\/6\/2025\/11\/Frame-156.svg\" class=\"attachment-full size-full wp-image-1842\" alt=\"\" \/>\t\t\t\t\t\t\t\t\t\t\t\t\t\t\t<\/div>\n\t\t\t\t<div class=\"elementor-element elementor-element-3d71a1da text-body-v3 elementor-widget elementor-widget-heading\" data-id=\"3d71a1da\" data-element_type=\"widget\" data-e-type=\"widget\" data-widget_type=\"heading.default\">\n\t\t\t\t\t<p class=\"elementor-heading-title elementor-size-default\"><a href=\"tel:+39%200382%2093011\">+39 0382 93011<\/a><\/p>\t\t\t\t<\/div>\n\t\t\t\t<\/div>\n\t\t<div class=\"elementor-element elementor-element-174c9728 e-con-full e-flex e-con e-child\" data-id=\"174c9728\" data-element_type=\"container\" data-e-type=\"container\">\n\t\t\t\t<div class=\"elementor-element elementor-element-18655cf7 elementor-widget elementor-widget-image\" data-id=\"18655cf7\" data-element_type=\"widget\" data-e-type=\"widget\" data-widget_type=\"image.default\">\n\t\t\t\t\t\t\t\t\t\t\t\t\t\t\t<img decoding=\"async\" src=\"https:\/\/cemegroup.01linuxsp.coridemo.com\/acl\/wp-content\/uploads\/sites\/6\/2025\/11\/Frame-1526.svg\" class=\"attachment-full size-full wp-image-1846\" alt=\"\" \/>\t\t\t\t\t\t\t\t\t\t\t\t\t\t\t<\/div>\n\t\t\t\t<div class=\"elementor-element elementor-element-6862cadc text-body-v3 elementor-widget elementor-widget-heading\" data-id=\"6862cadc\" data-element_type=\"widget\" data-e-type=\"widget\" data-widget_type=\"heading.default\">\n\t\t\t\t\t<p class=\"elementor-heading-title elementor-size-default\"><a href=\"https:\/\/maps.app.goo.gl\/uZXVc3nsdUzHQA5w5\">Viale dell'Industria, 5<br>27020 - Trivolzio (PV), Italien<\/a><\/p>\t\t\t\t<\/div>\n\t\t\t\t<\/div>\n\t\t\t\t<\/div>\n\t\t\t\t<\/div>\n\t\t<div class=\"elementor-element elementor-element-5bafde4a e-con-full e-flex e-con e-child\" data-id=\"5bafde4a\" data-element_type=\"container\" data-e-type=\"container\">\n\t\t\t\t<div class=\"elementor-element elementor-element-1b12e039 contact-form elementor-widget elementor-widget-shortcode\" data-id=\"1b12e039\" data-element_type=\"widget\" data-e-type=\"widget\" data-widget_type=\"shortcode.default\">\n\t\t\t\t\t\t\t<div class=\"elementor-shortcode\">\n<div class=\"wpcf7 no-js\" id=\"wpcf7-f2083-o1\" lang=\"de-DE\" dir=\"ltr\" data-wpcf7-id=\"2083\">\n<div class=\"screen-reader-response\"><p role=\"status\" aria-live=\"polite\" aria-atomic=\"true\"><\/p> <ul><\/ul><\/div>\n<form action=\"\/acl\/de\/wp-json\/wp\/v2\/pages\/2021#wpcf7-f2083-o1\" method=\"post\" class=\"wpcf7-form init\" aria-label=\"Kontaktformular\" novalidate=\"novalidate\" data-status=\"init\">\n<fieldset class=\"hidden-fields-container\"><input type=\"hidden\" name=\"_wpcf7\" value=\"2083\" \/><input type=\"hidden\" name=\"_wpcf7_version\" value=\"6.1.5\" \/><input type=\"hidden\" name=\"_wpcf7_locale\" value=\"de_DE\" \/><input type=\"hidden\" name=\"_wpcf7_unit_tag\" value=\"wpcf7-f2083-o1\" \/><input type=\"hidden\" name=\"_wpcf7_container_post\" value=\"0\" \/><input type=\"hidden\" name=\"_wpcf7_posted_data_hash\" value=\"\" \/><input type=\"hidden\" name=\"_wpcf7_recaptcha_response\" value=\"\" \/>\n<\/fieldset>\n<div class=\"flex-input\">\n\t<p><label> Name *<br \/>\n<span class=\"wpcf7-form-control-wrap\" data-name=\"first-name\"><input size=\"40\" maxlength=\"400\" class=\"wpcf7-form-control wpcf7-text wpcf7-validates-as-required\" aria-required=\"true\" aria-invalid=\"false\" value=\"\" type=\"text\" name=\"first-name\" \/><\/span><br \/>\n<\/label><br \/>\n<label> Nachname *<br \/>\n<span class=\"wpcf7-form-control-wrap\" data-name=\"last-name\"><input size=\"40\" maxlength=\"400\" class=\"wpcf7-form-control wpcf7-text wpcf7-validates-as-required\" aria-required=\"true\" aria-invalid=\"false\" value=\"\" type=\"text\" name=\"last-name\" \/><\/span><br \/>\n<\/label>\n\t<\/p>\n<\/div>\n<div class=\"flex-input\">\n\t<p><label> E-Mail *<br \/>\n<span class=\"wpcf7-form-control-wrap\" data-name=\"your-email\"><input size=\"40\" maxlength=\"400\" class=\"wpcf7-form-control wpcf7-email wpcf7-validates-as-required wpcf7-text wpcf7-validates-as-email\" aria-required=\"true\" aria-invalid=\"false\" value=\"\" type=\"email\" name=\"your-email\" \/><\/span> <\/label><br \/>\n<label> Firma *<br \/>\n<span class=\"wpcf7-form-control-wrap\" data-name=\"your-company\"><input size=\"40\" maxlength=\"400\" class=\"wpcf7-form-control wpcf7-text wpcf7-validates-as-required\" aria-required=\"true\" aria-invalid=\"false\" value=\"\" type=\"text\" name=\"your-company\" \/><\/span> <\/label>\n\t<\/p>\n<\/div>\n<p><label> Art der Anfrage *<br \/>\n<span class=\"wpcf7-form-control-wrap\" data-name=\"select-855\"><select class=\"wpcf7-form-control wpcf7-select wpcf7-validates-as-required\" aria-required=\"true\" aria-invalid=\"false\" name=\"select-855\"><option value=\"Angebot\">Angebot<\/option><option value=\"Technische Anfrage\">Technische Anfrage<\/option><option value=\"Andere Anfrage\">Andere Anfrage<\/option><\/select><\/span><\/label>\n<\/p>\n<p><label> Details *<br \/>\n<span class=\"wpcf7-form-control-wrap\" data-name=\"details\"><textarea cols=\"40\" rows=\"10\" maxlength=\"2000\" class=\"wpcf7-form-control wpcf7-textarea\" aria-invalid=\"false\" name=\"details\"><\/textarea><\/span> <\/label><br \/>\n<span class=\"wpcf7-form-control-wrap\" data-name=\"acceptance-516\"><span class=\"wpcf7-form-control wpcf7-acceptance\"><span class=\"wpcf7-list-item\"><label><input type=\"checkbox\" name=\"acceptance-516\" value=\"1\" aria-invalid=\"false\" \/><span class=\"wpcf7-list-item-label\">Ich erkl\u00e4re, dass ich die Datenschutzbestimmungen gelesen habe und der Verarbeitung personenbezogener Daten zustimme.<\/span><\/label><\/span><\/span><\/span>\n<\/p>\n<p><input class=\"wpcf7-form-control wpcf7-submit has-spinner\" type=\"submit\" value=\"Anfrage senden\" \/>\n<\/p><div class=\"wpcf7-response-output\" aria-hidden=\"true\"><\/div>\n<\/form>\n<\/div>\n<\/div>\n\t\t\t\t\t\t<\/div>\n\t\t\t\t<\/div>\n\t\t\t\t\t<\/div>\n\t\t\t\t<\/div>\n\t\t\t\t<\/div>\n\t\t<div class=\"elementor-element elementor-element-1ba1a954 e-con-full e-flex e-con e-parent\" data-id=\"1ba1a954\" data-element_type=\"container\" data-e-type=\"container\" data-settings=\"{&quot;background_background&quot;:&quot;gradient&quot;}\">\n\t\t\t\t<\/div>\n\t\t\t\t<\/div>\n\t\t","protected":false},"excerpt":{"rendered":"<p>Kontaktieren Sie uns Wir sind jeden Tag an Ihrer Seite +39 0382 93011 Viale dell&#8217;Industria, 527020 &#8211; Trivolzio (PV), Italien<\/p>\n","protected":false},"author":1,"featured_media":0,"parent":0,"menu_order":0,"comment_status":"closed","ping_status":"closed","template":"","meta":{"_acf_changed":false,"footnotes":""},"class_list":["post-2021","page","type-page","status-publish","hentry"],"acf":[],"yoast_head":"<!-- This site is optimized with the Yoast SEO plugin v27.4 - https:\/\/yoast.com\/product\/yoast-seo-wordpress\/ -->\n<title>Kontaktieren Sie ACL f\u00fcr Informationen und Angebote | ACL<\/title>\n<meta name=\"description\" content=\"Wenden Sie sich f\u00fcr kommerzielle Anfragen und Kundendienst an die Techniker von ACL. F\u00fcllen Sie das Online-Formular aus oder besuchen Sie unseren Firmensitz, um Informationen zu Magnetventilen und Produkten zu erhalten.\" \/>\n<meta name=\"robots\" content=\"noindex, follow, max-snippet:-1, max-image-preview:large, max-video-preview:-1\" \/>\n<meta property=\"og:locale\" content=\"de_DE\" \/>\n<meta property=\"og:type\" content=\"article\" \/>\n<meta property=\"og:title\" content=\"Kontaktieren Sie ACL f\u00fcr Informationen und Angebote | ACL\" \/>\n<meta property=\"og:description\" content=\"Wenden Sie sich f\u00fcr kommerzielle Anfragen und Kundendienst an die Techniker von ACL. F\u00fcllen Sie das Online-Formular aus oder besuchen Sie unseren Firmensitz, um Informationen zu Magnetventilen und Produkten zu erhalten.\" \/>\n<meta property=\"og:url\" content=\"https:\/\/cemegroup.01linuxsp.coridemo.com\/acl\/de\/kontaktieren-sie-uns\/\" \/>\n<meta property=\"og:site_name\" content=\"ACL\" \/>\n<meta property=\"article:modified_time\" content=\"2025-11-17T14:27:20+00:00\" \/>\n<meta property=\"og:image\" content=\"https:\/\/cemegroup.01linuxsp.coridemo.com\/acl\/wp-content\/uploads\/sites\/6\/2025\/11\/Frame-156.svg\" \/>\n<meta name=\"twitter:card\" content=\"summary_large_image\" \/>\n<script type=\"application\/ld+json\" class=\"yoast-schema-graph\">{\"@context\":\"https:\\\/\\\/schema.org\",\"@graph\":[{\"@type\":\"WebPage\",\"@id\":\"https:\\\/\\\/cemegroup.01linuxsp.coridemo.com\\\/acl\\\/de\\\/kontaktieren-sie-uns\\\/\",\"url\":\"https:\\\/\\\/cemegroup.01linuxsp.coridemo.com\\\/acl\\\/de\\\/kontaktieren-sie-uns\\\/\",\"name\":\"Kontaktieren Sie ACL f\u00fcr Informationen und Angebote | ACL\",\"isPartOf\":{\"@id\":\"https:\\\/\\\/cemegroup.01linuxsp.coridemo.com\\\/acl\\\/de\\\/#website\"},\"primaryImageOfPage\":{\"@id\":\"https:\\\/\\\/cemegroup.01linuxsp.coridemo.com\\\/acl\\\/de\\\/kontaktieren-sie-uns\\\/#primaryimage\"},\"image\":{\"@id\":\"https:\\\/\\\/cemegroup.01linuxsp.coridemo.com\\\/acl\\\/de\\\/kontaktieren-sie-uns\\\/#primaryimage\"},\"thumbnailUrl\":\"https:\\\/\\\/cemegroup.01linuxsp.coridemo.com\\\/acl\\\/wp-content\\\/uploads\\\/sites\\\/6\\\/2025\\\/11\\\/Frame-156.svg\",\"datePublished\":\"2025-11-13T09:57:09+00:00\",\"dateModified\":\"2025-11-17T14:27:20+00:00\",\"description\":\"Wenden Sie sich f\u00fcr kommerzielle Anfragen und Kundendienst an die Techniker von ACL. F\u00fcllen Sie das Online-Formular aus oder besuchen Sie unseren Firmensitz, um Informationen zu Magnetventilen und Produkten zu erhalten.\",\"breadcrumb\":{\"@id\":\"https:\\\/\\\/cemegroup.01linuxsp.coridemo.com\\\/acl\\\/de\\\/kontaktieren-sie-uns\\\/#breadcrumb\"},\"inLanguage\":\"de\",\"potentialAction\":[{\"@type\":\"ReadAction\",\"target\":[\"https:\\\/\\\/cemegroup.01linuxsp.coridemo.com\\\/acl\\\/de\\\/kontaktieren-sie-uns\\\/\"]}]},{\"@type\":\"ImageObject\",\"inLanguage\":\"de\",\"@id\":\"https:\\\/\\\/cemegroup.01linuxsp.coridemo.com\\\/acl\\\/de\\\/kontaktieren-sie-uns\\\/#primaryimage\",\"url\":\"https:\\\/\\\/cemegroup.01linuxsp.coridemo.com\\\/acl\\\/wp-content\\\/uploads\\\/sites\\\/6\\\/2025\\\/11\\\/Frame-156.svg\",\"contentUrl\":\"https:\\\/\\\/cemegroup.01linuxsp.coridemo.com\\\/acl\\\/wp-content\\\/uploads\\\/sites\\\/6\\\/2025\\\/11\\\/Frame-156.svg\"},{\"@type\":\"BreadcrumbList\",\"@id\":\"https:\\\/\\\/cemegroup.01linuxsp.coridemo.com\\\/acl\\\/de\\\/kontaktieren-sie-uns\\\/#breadcrumb\",\"itemListElement\":[{\"@type\":\"ListItem\",\"position\":1,\"name\":\"Home\",\"item\":\"https:\\\/\\\/cemegroup.01linuxsp.coridemo.com\\\/acl\\\/de\\\/\"},{\"@type\":\"ListItem\",\"position\":2,\"name\":\"Kontaktieren Sie uns\"}]},{\"@type\":\"WebSite\",\"@id\":\"https:\\\/\\\/cemegroup.01linuxsp.coridemo.com\\\/acl\\\/de\\\/#website\",\"url\":\"https:\\\/\\\/cemegroup.01linuxsp.coridemo.com\\\/acl\\\/de\\\/\",\"name\":\"CEME ACL\",\"description\":\"Discover ACL solenoid valves and microvalves: reliable, tested solutions for the management of industrial fluids.\",\"publisher\":{\"@id\":\"https:\\\/\\\/cemegroup.01linuxsp.coridemo.com\\\/acl\\\/de\\\/#organization\"},\"alternateName\":\"ACL - CEME Group\",\"potentialAction\":[{\"@type\":\"SearchAction\",\"target\":{\"@type\":\"EntryPoint\",\"urlTemplate\":\"https:\\\/\\\/cemegroup.01linuxsp.coridemo.com\\\/acl\\\/de\\\/?s={search_term_string}\"},\"query-input\":{\"@type\":\"PropertyValueSpecification\",\"valueRequired\":true,\"valueName\":\"search_term_string\"}}],\"inLanguage\":\"de\"},{\"@type\":\"Organization\",\"@id\":\"https:\\\/\\\/cemegroup.01linuxsp.coridemo.com\\\/acl\\\/de\\\/#organization\",\"name\":\"ACL\",\"alternateName\":\"ACL - CEME Group\",\"url\":\"https:\\\/\\\/cemegroup.01linuxsp.coridemo.com\\\/acl\\\/de\\\/\",\"logo\":{\"@type\":\"ImageObject\",\"inLanguage\":\"de\",\"@id\":\"https:\\\/\\\/cemegroup.01linuxsp.coridemo.com\\\/acl\\\/de\\\/#\\\/schema\\\/logo\\\/image\\\/\",\"url\":\"https:\\\/\\\/cemegroup.01linuxsp.coridemo.com\\\/acl\\\/wp-content\\\/uploads\\\/sites\\\/6\\\/2025\\\/11\\\/cropped-Fav_ACL.png\",\"contentUrl\":\"https:\\\/\\\/cemegroup.01linuxsp.coridemo.com\\\/acl\\\/wp-content\\\/uploads\\\/sites\\\/6\\\/2025\\\/11\\\/cropped-Fav_ACL.png\",\"width\":512,\"height\":512,\"caption\":\"ACL\"},\"image\":{\"@id\":\"https:\\\/\\\/cemegroup.01linuxsp.coridemo.com\\\/acl\\\/de\\\/#\\\/schema\\\/logo\\\/image\\\/\"},\"sameAs\":[\"https:\\\/\\\/www.linkedin.com\\\/company\\\/cemegroup-ceme-ulka-ode-acl\\\/\",\"https:\\\/\\\/www.youtube.com\\\/channel\\\/UC3lF1mvjO-W2O9zxeyLYPrg\"]}]}<\/script>\n<!-- \/ Yoast SEO plugin. -->","yoast_head_json":{"title":"Kontaktieren Sie ACL f\u00fcr Informationen und Angebote | ACL","description":"Wenden Sie sich f\u00fcr kommerzielle Anfragen und Kundendienst an die Techniker von ACL. F\u00fcllen Sie das Online-Formular aus oder besuchen Sie unseren Firmensitz, um Informationen zu Magnetventilen und Produkten zu erhalten.","robots":{"index":"noindex","follow":"follow","max-snippet":"max-snippet:-1","max-image-preview":"max-image-preview:large","max-video-preview":"max-video-preview:-1"},"og_locale":"de_DE","og_type":"article","og_title":"Kontaktieren Sie ACL f\u00fcr Informationen und Angebote | ACL","og_description":"Wenden Sie sich f\u00fcr kommerzielle Anfragen und Kundendienst an die Techniker von ACL. F\u00fcllen Sie das Online-Formular aus oder besuchen Sie unseren Firmensitz, um Informationen zu Magnetventilen und Produkten zu erhalten.","og_url":"https:\/\/cemegroup.01linuxsp.coridemo.com\/acl\/de\/kontaktieren-sie-uns\/","og_site_name":"ACL","article_modified_time":"2025-11-17T14:27:20+00:00","og_image":[{"url":"https:\/\/cemegroup.01linuxsp.coridemo.com\/acl\/wp-content\/uploads\/sites\/6\/2025\/11\/Frame-156.svg","type":"","width":"","height":""}],"twitter_card":"summary_large_image","schema":{"@context":"https:\/\/schema.org","@graph":[{"@type":"WebPage","@id":"https:\/\/cemegroup.01linuxsp.coridemo.com\/acl\/de\/kontaktieren-sie-uns\/","url":"https:\/\/cemegroup.01linuxsp.coridemo.com\/acl\/de\/kontaktieren-sie-uns\/","name":"Kontaktieren Sie ACL f\u00fcr Informationen und Angebote | ACL","isPartOf":{"@id":"https:\/\/cemegroup.01linuxsp.coridemo.com\/acl\/de\/#website"},"primaryImageOfPage":{"@id":"https:\/\/cemegroup.01linuxsp.coridemo.com\/acl\/de\/kontaktieren-sie-uns\/#primaryimage"},"image":{"@id":"https:\/\/cemegroup.01linuxsp.coridemo.com\/acl\/de\/kontaktieren-sie-uns\/#primaryimage"},"thumbnailUrl":"https:\/\/cemegroup.01linuxsp.coridemo.com\/acl\/wp-content\/uploads\/sites\/6\/2025\/11\/Frame-156.svg","datePublished":"2025-11-13T09:57:09+00:00","dateModified":"2025-11-17T14:27:20+00:00","description":"Wenden Sie sich f\u00fcr kommerzielle Anfragen und Kundendienst an die Techniker von ACL. F\u00fcllen Sie das Online-Formular aus oder besuchen Sie unseren Firmensitz, um Informationen zu Magnetventilen und Produkten zu erhalten.","breadcrumb":{"@id":"https:\/\/cemegroup.01linuxsp.coridemo.com\/acl\/de\/kontaktieren-sie-uns\/#breadcrumb"},"inLanguage":"de","potentialAction":[{"@type":"ReadAction","target":["https:\/\/cemegroup.01linuxsp.coridemo.com\/acl\/de\/kontaktieren-sie-uns\/"]}]},{"@type":"ImageObject","inLanguage":"de","@id":"https:\/\/cemegroup.01linuxsp.coridemo.com\/acl\/de\/kontaktieren-sie-uns\/#primaryimage","url":"https:\/\/cemegroup.01linuxsp.coridemo.com\/acl\/wp-content\/uploads\/sites\/6\/2025\/11\/Frame-156.svg","contentUrl":"https:\/\/cemegroup.01linuxsp.coridemo.com\/acl\/wp-content\/uploads\/sites\/6\/2025\/11\/Frame-156.svg"},{"@type":"BreadcrumbList","@id":"https:\/\/cemegroup.01linuxsp.coridemo.com\/acl\/de\/kontaktieren-sie-uns\/#breadcrumb","itemListElement":[{"@type":"ListItem","position":1,"name":"Home","item":"https:\/\/cemegroup.01linuxsp.coridemo.com\/acl\/de\/"},{"@type":"ListItem","position":2,"name":"Kontaktieren Sie uns"}]},{"@type":"WebSite","@id":"https:\/\/cemegroup.01linuxsp.coridemo.com\/acl\/de\/#website","url":"https:\/\/cemegroup.01linuxsp.coridemo.com\/acl\/de\/","name":"CEME ACL","description":"Discover ACL solenoid valves and microvalves: reliable, tested solutions for the management of industrial fluids.","publisher":{"@id":"https:\/\/cemegroup.01linuxsp.coridemo.com\/acl\/de\/#organization"},"alternateName":"ACL - CEME Group","potentialAction":[{"@type":"SearchAction","target":{"@type":"EntryPoint","urlTemplate":"https:\/\/cemegroup.01linuxsp.coridemo.com\/acl\/de\/?s={search_term_string}"},"query-input":{"@type":"PropertyValueSpecification","valueRequired":true,"valueName":"search_term_string"}}],"inLanguage":"de"},{"@type":"Organization","@id":"https:\/\/cemegroup.01linuxsp.coridemo.com\/acl\/de\/#organization","name":"ACL","alternateName":"ACL - CEME Group","url":"https:\/\/cemegroup.01linuxsp.coridemo.com\/acl\/de\/","logo":{"@type":"ImageObject","inLanguage":"de","@id":"https:\/\/cemegroup.01linuxsp.coridemo.com\/acl\/de\/#\/schema\/logo\/image\/","url":"https:\/\/cemegroup.01linuxsp.coridemo.com\/acl\/wp-content\/uploads\/sites\/6\/2025\/11\/cropped-Fav_ACL.png","contentUrl":"https:\/\/cemegroup.01linuxsp.coridemo.com\/acl\/wp-content\/uploads\/sites\/6\/2025\/11\/cropped-Fav_ACL.png","width":512,"height":512,"caption":"ACL"},"image":{"@id":"https:\/\/cemegroup.01linuxsp.coridemo.com\/acl\/de\/#\/schema\/logo\/image\/"},"sameAs":["https:\/\/www.linkedin.com\/company\/cemegroup-ceme-ulka-ode-acl\/","https:\/\/www.youtube.com\/channel\/UC3lF1mvjO-W2O9zxeyLYPrg"]}]}},"_links":{"self":[{"href":"https:\/\/cemegroup.01linuxsp.coridemo.com\/acl\/de\/wp-json\/wp\/v2\/pages\/2021","targetHints":{"allow":["GET"]}}],"collection":[{"href":"https:\/\/cemegroup.01linuxsp.coridemo.com\/acl\/de\/wp-json\/wp\/v2\/pages"}],"about":[{"href":"https:\/\/cemegroup.01linuxsp.coridemo.com\/acl\/de\/wp-json\/wp\/v2\/types\/page"}],"author":[{"embeddable":true,"href":"https:\/\/cemegroup.01linuxsp.coridemo.com\/acl\/de\/wp-json\/wp\/v2\/users\/1"}],"replies":[{"embeddable":true,"href":"https:\/\/cemegroup.01linuxsp.coridemo.com\/acl\/de\/wp-json\/wp\/v2\/comments?post=2021"}],"version-history":[{"count":2,"href":"https:\/\/cemegroup.01linuxsp.coridemo.com\/acl\/de\/wp-json\/wp\/v2\/pages\/2021\/revisions"}],"predecessor-version":[{"id":2092,"href":"https:\/\/cemegroup.01linuxsp.coridemo.com\/acl\/de\/wp-json\/wp\/v2\/pages\/2021\/revisions\/2092"}],"wp:attachment":[{"href":"https:\/\/cemegroup.01linuxsp.coridemo.com\/acl\/de\/wp-json\/wp\/v2\/media?parent=2021"}],"curies":[{"name":"wp","href":"https:\/\/api.w.org\/{rel}","templated":true}]}}