{"id":3341,"date":"2026-04-01T12:00:48","date_gmt":"2026-04-01T10:00:48","guid":{"rendered":"https:\/\/cemegroup.01linuxsp.coridemo.com\/acl\/kataloge\/"},"modified":"2026-04-08T11:04:41","modified_gmt":"2026-04-08T09:04:41","slug":"kataloge","status":"publish","type":"page","link":"https:\/\/cemegroup.01linuxsp.coridemo.com\/acl\/de\/kataloge\/","title":{"rendered":"Kataloge<br>"},"content":{"rendered":"\t\t<div data-elementor-type=\"wp-page\" data-elementor-id=\"3341\" class=\"elementor elementor-3341 elementor-3205\" data-elementor-post-type=\"page\">\n\t\t\t\t<div class=\"elementor-element elementor-element-baf3be2 e-con-full e-flex e-con e-parent\" data-id=\"baf3be2\" data-element_type=\"container\" data-e-type=\"container\" data-settings=\"{&quot;background_background&quot;:&quot;classic&quot;}\">\n\t\t<div class=\"elementor-element elementor-element-52d6531 e-flex e-con-boxed e-con e-child\" data-id=\"52d6531\" data-element_type=\"container\" data-e-type=\"container\">\n\t\t\t\t\t<div class=\"e-con-inner\">\n\t\t<div class=\"elementor-element elementor-element-16918b0 e-con-full e-flex e-con e-child\" data-id=\"16918b0\" data-element_type=\"container\" data-e-type=\"container\">\n\t\t\t\t<div class=\"elementor-element elementor-element-294add4 text-hero-v2 elementor-widget elementor-widget-heading\" data-id=\"294add4\" data-element_type=\"widget\" data-e-type=\"widget\" data-widget_type=\"heading.default\">\n\t\t\t\t\t<h1 class=\"elementor-heading-title elementor-size-default\">Allgemeine Informationen<\/h1>\t\t\t\t<\/div>\n\t\t\t\t<div class=\"elementor-element elementor-element-d5826d8 elementor-widget elementor-widget-heading\" data-id=\"d5826d8\" data-element_type=\"widget\" data-e-type=\"widget\" data-widget_type=\"heading.default\">\n\t\t\t\t\t<p class=\"elementor-heading-title elementor-size-default\">ACL-Kataloge ansehen und herunterladen<\/p>\t\t\t\t<\/div>\n\t\t\t\t<\/div>\n\t\t\t\t\t<\/div>\n\t\t\t\t<\/div>\n\t\t<div class=\"elementor-element elementor-element-ef45e95 e-flex e-con-boxed e-con e-child\" data-id=\"ef45e95\" data-element_type=\"container\" data-e-type=\"container\">\n\t\t\t\t\t<div class=\"e-con-inner\">\n\t\t<div class=\"elementor-element elementor-element-cb6b374 e-con-full e-flex e-con e-child\" data-id=\"cb6b374\" data-element_type=\"container\" data-e-type=\"container\">\n\t\t\t\t<div class=\"elementor-element elementor-element-960ea96 elementor-widget elementor-widget-heading\" data-id=\"960ea96\" data-element_type=\"widget\" data-e-type=\"widget\" data-widget_type=\"heading.default\">\n\t\t\t\t\t<h1 class=\"elementor-heading-title elementor-size-default\">Kataloge<br><\/h1>\t\t\t\t<\/div>\n\t\t\t\t<\/div>\n\t\t\t\t\t<\/div>\n\t\t\t\t<\/div>\n\t\t<div class=\"elementor-element elementor-element-c15297e e-grid e-con-boxed e-con e-child\" data-id=\"c15297e\" data-element_type=\"container\" data-e-type=\"container\">\n\t\t\t\t\t<div class=\"e-con-inner\">\n\t\t<div class=\"elementor-element elementor-element-3ae4295 e-con-full e-flex e-con e-child\" data-id=\"3ae4295\" data-element_type=\"container\" data-e-type=\"container\" data-settings=\"{&quot;background_background&quot;:&quot;classic&quot;}\">\n\t\t\t\t<div class=\"elementor-element elementor-element-f01b481 elementor-widget elementor-widget-image\" data-id=\"f01b481\" data-element_type=\"widget\" data-e-type=\"widget\" data-widget_type=\"image.default\">\n\t\t\t\t\t\t\t\t\t\t\t\t\t\t\t<img decoding=\"async\" width=\"138\" height=\"195\" src=\"https:\/\/cemegroup.01linuxsp.coridemo.com\/acl\/wp-content\/uploads\/sites\/6\/2026\/04\/image-17.png\" class=\"attachment-full size-full wp-image-3236\" alt=\"\" \/>\t\t\t\t\t\t\t\t\t\t\t\t\t\t\t<\/div>\n\t\t\t\t<div class=\"elementor-element elementor-element-4a01bd8 elementor-widget elementor-widget-heading\" data-id=\"4a01bd8\" data-element_type=\"widget\" data-e-type=\"widget\" data-widget_type=\"heading.default\">\n\t\t\t\t\t<p class=\"elementor-heading-title elementor-size-default\">Brosch\u00fcre<\/p>\t\t\t\t<\/div>\n\t\t\t\t<div class=\"elementor-element elementor-element-1b30ee1 elementor-widget elementor-widget-heading\" data-id=\"1b30ee1\" data-element_type=\"widget\" data-e-type=\"widget\" data-widget_type=\"heading.default\">\n\t\t\t\t\t<p class=\"elementor-heading-title elementor-size-default\"><a href=\"https:\/\/cemegroup.01linuxsp.coridemo.com\/acl\/wp-content\/uploads\/sites\/6\/2026\/04\/ACL-brochure-digital.pdf\">Herunterladen<\/a><\/p>\t\t\t\t<\/div>\n\t\t\t\t<\/div>\n\t\t<div class=\"elementor-element elementor-element-7afe365 e-con-full e-flex e-con e-child\" data-id=\"7afe365\" data-element_type=\"container\" data-e-type=\"container\" data-settings=\"{&quot;background_background&quot;:&quot;classic&quot;}\">\n\t\t\t\t<div class=\"elementor-element elementor-element-13657ed elementor-widget elementor-widget-image\" data-id=\"13657ed\" data-element_type=\"widget\" data-e-type=\"widget\" data-widget_type=\"image.default\">\n\t\t\t\t\t\t\t\t\t\t\t\t\t\t\t<img decoding=\"async\" width=\"92\" height=\"130\" src=\"https:\/\/cemegroup.01linuxsp.coridemo.com\/acl\/wp-content\/uploads\/sites\/6\/2026\/04\/image-14.png\" class=\"attachment-full size-full wp-image-3228\" alt=\"\" \/>\t\t\t\t\t\t\t\t\t\t\t\t\t\t\t<\/div>\n\t\t\t\t<div class=\"elementor-element elementor-element-f957b2a elementor-widget elementor-widget-heading\" data-id=\"f957b2a\" data-element_type=\"widget\" data-e-type=\"widget\" data-widget_type=\"heading.default\">\n\t\t\t\t\t<p class=\"elementor-heading-title elementor-size-default\">Gesamtkatalog<\/p>\t\t\t\t<\/div>\n\t\t\t\t<div class=\"elementor-element elementor-element-f6a5a04 elementor-widget elementor-widget-heading\" data-id=\"f6a5a04\" data-element_type=\"widget\" data-e-type=\"widget\" data-widget_type=\"heading.default\">\n\t\t\t\t\t<p class=\"elementor-heading-title elementor-size-default\"><a href=\"https:\/\/cemegroup.01linuxsp.coridemo.com\/acl\/wp-content\/uploads\/sites\/6\/2026\/04\/ACL-General-catalog_us-01-21.pdf\">Herunterladen<\/a><\/p>\t\t\t\t<\/div>\n\t\t\t\t<\/div>\n\t\t<div class=\"elementor-element elementor-element-c433992 e-con-full e-flex e-con e-child\" data-id=\"c433992\" data-element_type=\"container\" data-e-type=\"container\" data-settings=\"{&quot;background_background&quot;:&quot;classic&quot;}\">\n\t\t\t\t<div class=\"elementor-element elementor-element-bfd2526 elementor-widget elementor-widget-image\" data-id=\"bfd2526\" data-element_type=\"widget\" data-e-type=\"widget\" data-widget_type=\"image.default\">\n\t\t\t\t\t\t\t\t\t\t\t\t\t\t\t<img decoding=\"async\" width=\"92\" height=\"130\" src=\"https:\/\/cemegroup.01linuxsp.coridemo.com\/acl\/wp-content\/uploads\/sites\/6\/2026\/04\/image-15.png\" class=\"attachment-full size-full wp-image-3224\" alt=\"\" \/>\t\t\t\t\t\t\t\t\t\t\t\t\t\t\t<\/div>\n\t\t\t\t<div class=\"elementor-element elementor-element-7bd5051 elementor-widget elementor-widget-heading\" data-id=\"7bd5051\" data-element_type=\"widget\" data-e-type=\"widget\" data-widget_type=\"heading.default\">\n\t\t\t\t\t<p class=\"elementor-heading-title elementor-size-default\">Gesamtkatalog<\/p>\t\t\t\t<\/div>\n\t\t\t\t<div class=\"elementor-element elementor-element-354825f elementor-widget elementor-widget-heading\" data-id=\"354825f\" data-element_type=\"widget\" data-e-type=\"widget\" data-widget_type=\"heading.default\">\n\t\t\t\t\t<p class=\"elementor-heading-title elementor-size-default\"><a href=\"https:\/\/cemegroup.01linuxsp.coridemo.com\/acl\/wp-content\/uploads\/sites\/6\/2026\/04\/ACL-General-catalog_us-01-21.pdf\">Herunterladen<\/a><\/p>\t\t\t\t<\/div>\n\t\t\t\t<\/div>\n\t\t<div class=\"elementor-element elementor-element-0fa752f e-con-full e-flex e-con e-child\" data-id=\"0fa752f\" data-element_type=\"container\" data-e-type=\"container\" data-settings=\"{&quot;background_background&quot;:&quot;classic&quot;}\">\n\t\t\t\t<div class=\"elementor-element elementor-element-ef10cdb elementor-widget elementor-widget-image\" data-id=\"ef10cdb\" data-element_type=\"widget\" data-e-type=\"widget\" data-widget_type=\"image.default\">\n\t\t\t\t\t\t\t\t\t\t\t\t\t\t\t<img loading=\"lazy\" decoding=\"async\" width=\"92\" height=\"130\" src=\"https:\/\/cemegroup.01linuxsp.coridemo.com\/acl\/wp-content\/uploads\/sites\/6\/2026\/04\/image-16.png\" class=\"attachment-full size-full wp-image-3220\" alt=\"\" \/>\t\t\t\t\t\t\t\t\t\t\t\t\t\t\t<\/div>\n\t\t\t\t<div class=\"elementor-element elementor-element-211c12a elementor-widget elementor-widget-heading\" data-id=\"211c12a\" data-element_type=\"widget\" data-e-type=\"widget\" data-widget_type=\"heading.default\">\n\t\t\t\t\t<p class=\"elementor-heading-title elementor-size-default\">Kompaktkatalog<\/p>\t\t\t\t<\/div>\n\t\t\t\t<div class=\"elementor-element elementor-element-575a40c elementor-widget elementor-widget-heading\" data-id=\"575a40c\" data-element_type=\"widget\" data-e-type=\"widget\" data-widget_type=\"heading.default\">\n\t\t\t\t\t<p class=\"elementor-heading-title elementor-size-default\"><a href=\"https:\/\/cemegroup.01linuxsp.coridemo.com\/acl\/wp-content\/uploads\/sites\/6\/2026\/04\/ACL-Catalogo-compatto-2019.pdf\">Herunterladen<\/a><\/p>\t\t\t\t<\/div>\n\t\t\t\t<\/div>\n\t\t\t\t\t<\/div>\n\t\t\t\t<\/div>\n\t\t<div class=\"elementor-element elementor-element-580b5dd e-flex e-con-boxed e-con e-child\" data-id=\"580b5dd\" data-element_type=\"container\" data-e-type=\"container\" data-settings=\"{&quot;background_background&quot;:&quot;classic&quot;}\">\n\t\t\t\t\t<div class=\"e-con-inner\">\n\t\t<div class=\"elementor-element elementor-element-cf5e728 e-con-full e-flex e-con e-child\" data-id=\"cf5e728\" data-element_type=\"container\" data-e-type=\"container\">\n\t\t\t\t<div class=\"elementor-element elementor-element-bd61e48 elementor-icon-list--layout-traditional elementor-list-item-link-full_width elementor-widget elementor-widget-icon-list\" data-id=\"bd61e48\" data-element_type=\"widget\" data-e-type=\"widget\" data-widget_type=\"icon-list.default\">\n\t\t\t\t\t\t\t<ul class=\"elementor-icon-list-items\">\n\t\t\t\t\t\t\t<li class=\"elementor-icon-list-item\">\n\t\t\t\t\t\t\t\t\t\t\t<span class=\"elementor-icon-list-icon\">\n\t\t\t\t\t\t\t<svg xmlns=\"http:\/\/www.w3.org\/2000\/svg\" width=\"14\" height=\"14\" viewBox=\"0 0 14 14\" fill=\"none\"><rect width=\"14\" height=\"14\" fill=\"#4B8463\"><\/rect><\/svg>\t\t\t\t\t\t<\/span>\n\t\t\t\t\t\t\t\t\t\t<span class=\"elementor-icon-list-text\">\u00dcBER ACL<\/span>\n\t\t\t\t\t\t\t\t\t<\/li>\n\t\t\t\t\t\t<\/ul>\n\t\t\t\t\t\t<\/div>\n\t\t\t\t<\/div>\n\t\t<div class=\"elementor-element elementor-element-ad866a7 e-con-full e-flex e-con e-child\" data-id=\"ad866a7\" data-element_type=\"container\" data-e-type=\"container\">\n\t\t<div class=\"elementor-element elementor-element-7bad3d3 e-con-full e-flex e-con e-child\" data-id=\"7bad3d3\" data-element_type=\"container\" data-e-type=\"container\">\n\t\t\t\t<div class=\"elementor-element elementor-element-cc06df7 text-body-v2 elementor-widget__width-initial elementor-widget elementor-widget-heading\" data-id=\"cc06df7\" data-element_type=\"widget\" data-e-type=\"widget\" data-widget_type=\"heading.default\">\n\t\t\t\t\t<p class=\"elementor-heading-title elementor-size-default\">ACL bietet eine breite Palette von Magnetventilen aus Messing, Edelstahl und Kunststoffmaterialien an, die zum Absperren von Luft, Wasser, Dampf und allen mit diesen Materialien kompatiblen Fl\u00fcssigkeiten geeignet sind. Die Magnetventile sind 2- oder 3-Wege-Ventile, normalerweise geschlossen, normalerweise offen, f\u00fcr den allgemeinen Einsatz, direktgesteuert oder servogesteuert, mit Anschl\u00fcssen von M5 bis G3\" und Arbeitsdr\u00fccken von Vakuum bis 100 bar. \n\nUm die Zufriedenheit unserer Kunden zu gew\u00e4hrleisten, gehen wir auf jede Anfrage ein; unser Vertriebsb\u00fcro steht Ihnen f\u00fcr jede Information zur Verf\u00fcgung.<\/p>\t\t\t\t<\/div>\n\t\t\t\t<div class=\"elementor-element elementor-element-a65826b text-normal-500 elementor-widget elementor-widget-button\" data-id=\"a65826b\" data-element_type=\"widget\" data-e-type=\"widget\" data-widget_type=\"button.default\">\n\t\t\t\t\t\t\t\t\t\t<a class=\"elementor-button elementor-button-link elementor-size-sm\" href=\"https:\/\/cemegroup.01linuxsp.coridemo.com\/acl\/de\/kontaktieren-sie-uns\/\">\n\t\t\t\t\t\t<span class=\"elementor-button-content-wrapper\">\n\t\t\t\t\t\t\t\t\t<span class=\"elementor-button-text\">KONTAKTIEREN SIE UNS<\/span>\n\t\t\t\t\t<\/span>\n\t\t\t\t\t<\/a>\n\t\t\t\t\t\t\t\t<\/div>\n\t\t\t\t<\/div>\n\t\t\t\t<\/div>\n\t\t\t\t\t<\/div>\n\t\t\t\t<\/div>\n\t\t\t\t<\/div>\n\t\t\t\t<\/div>\n\t\t","protected":false},"excerpt":{"rendered":"<p>Allgemeine Informationen ACL-Kataloge ansehen und herunterladen Kataloge Brosch\u00fcre Herunterladen Gesamtkatalog Herunterladen Gesamtkatalog Herunterladen Kompaktkatalog Herunterladen \u00dcBER ACL ACL bietet eine breite Palette von Magnetventilen aus Messing, Edelstahl und Kunststoffmaterialien an, die zum Absperren von Luft, Wasser, Dampf und allen mit diesen Materialien kompatiblen Fl\u00fcssigkeiten geeignet sind. Die Magnetventile sind 2- oder 3-Wege-Ventile, normalerweise geschlossen, normalerweise [&hellip;]<\/p>\n","protected":false},"author":1,"featured_media":0,"parent":0,"menu_order":0,"comment_status":"closed","ping_status":"closed","template":"","meta":{"_acf_changed":false,"footnotes":""},"class_list":["post-3341","page","type-page","status-publish","hentry"],"acf":[],"yoast_head":"<!-- This site is optimized with the Yoast SEO plugin v27.4 - https:\/\/yoast.com\/product\/yoast-seo-wordpress\/ -->\n<title>Kataloge | ACL<\/title>\n<meta name=\"robots\" content=\"noindex, follow, max-snippet:-1, max-image-preview:large, max-video-preview:-1\" \/>\n<meta property=\"og:locale\" content=\"de_DE\" \/>\n<meta property=\"og:type\" content=\"article\" \/>\n<meta property=\"og:title\" content=\"Kataloge | ACL\" \/>\n<meta property=\"og:description\" content=\"Allgemeine Informationen ACL-Kataloge ansehen und herunterladen Kataloge Brosch\u00fcre Herunterladen Gesamtkatalog Herunterladen Gesamtkatalog Herunterladen Kompaktkatalog Herunterladen \u00dcBER ACL ACL bietet eine breite Palette von Magnetventilen aus Messing, Edelstahl und Kunststoffmaterialien an, die zum Absperren von Luft, Wasser, Dampf und allen mit diesen Materialien kompatiblen Fl\u00fcssigkeiten geeignet sind. Die Magnetventile sind 2- oder 3-Wege-Ventile, normalerweise geschlossen, normalerweise [&hellip;]\" \/>\n<meta property=\"og:url\" content=\"https:\/\/cemegroup.01linuxsp.coridemo.com\/acl\/de\/kataloge\/\" \/>\n<meta property=\"og:site_name\" content=\"ACL\" \/>\n<meta property=\"article:modified_time\" content=\"2026-04-08T09:04:41+00:00\" \/>\n<meta property=\"og:image\" content=\"https:\/\/cemegroup.01linuxsp.coridemo.com\/acl\/wp-content\/uploads\/sites\/6\/2026\/04\/image-17.png\" \/>\n<meta name=\"twitter:card\" content=\"summary_large_image\" \/>\n<meta name=\"twitter:label1\" content=\"Gesch\u00e4tzte Lesezeit\" \/>\n\t<meta name=\"twitter:data1\" content=\"1\u00a0Minute\" \/>\n<script type=\"application\/ld+json\" class=\"yoast-schema-graph\">{\"@context\":\"https:\\\/\\\/schema.org\",\"@graph\":[{\"@type\":\"WebPage\",\"@id\":\"https:\\\/\\\/cemegroup.01linuxsp.coridemo.com\\\/acl\\\/de\\\/kataloge\\\/\",\"url\":\"https:\\\/\\\/cemegroup.01linuxsp.coridemo.com\\\/acl\\\/de\\\/kataloge\\\/\",\"name\":\"Kataloge | ACL\",\"isPartOf\":{\"@id\":\"https:\\\/\\\/cemegroup.01linuxsp.coridemo.com\\\/acl\\\/de\\\/#website\"},\"primaryImageOfPage\":{\"@id\":\"https:\\\/\\\/cemegroup.01linuxsp.coridemo.com\\\/acl\\\/de\\\/kataloge\\\/#primaryimage\"},\"image\":{\"@id\":\"https:\\\/\\\/cemegroup.01linuxsp.coridemo.com\\\/acl\\\/de\\\/kataloge\\\/#primaryimage\"},\"thumbnailUrl\":\"https:\\\/\\\/cemegroup.01linuxsp.coridemo.com\\\/acl\\\/wp-content\\\/uploads\\\/sites\\\/6\\\/2026\\\/04\\\/image-17.png\",\"datePublished\":\"2026-04-01T10:00:48+00:00\",\"dateModified\":\"2026-04-08T09:04:41+00:00\",\"breadcrumb\":{\"@id\":\"https:\\\/\\\/cemegroup.01linuxsp.coridemo.com\\\/acl\\\/de\\\/kataloge\\\/#breadcrumb\"},\"inLanguage\":\"de\",\"potentialAction\":[{\"@type\":\"ReadAction\",\"target\":[\"https:\\\/\\\/cemegroup.01linuxsp.coridemo.com\\\/acl\\\/de\\\/kataloge\\\/\"]}]},{\"@type\":\"ImageObject\",\"inLanguage\":\"de\",\"@id\":\"https:\\\/\\\/cemegroup.01linuxsp.coridemo.com\\\/acl\\\/de\\\/kataloge\\\/#primaryimage\",\"url\":\"https:\\\/\\\/cemegroup.01linuxsp.coridemo.com\\\/acl\\\/wp-content\\\/uploads\\\/sites\\\/6\\\/2026\\\/04\\\/image-17.png\",\"contentUrl\":\"https:\\\/\\\/cemegroup.01linuxsp.coridemo.com\\\/acl\\\/wp-content\\\/uploads\\\/sites\\\/6\\\/2026\\\/04\\\/image-17.png\"},{\"@type\":\"BreadcrumbList\",\"@id\":\"https:\\\/\\\/cemegroup.01linuxsp.coridemo.com\\\/acl\\\/de\\\/kataloge\\\/#breadcrumb\",\"itemListElement\":[{\"@type\":\"ListItem\",\"position\":1,\"name\":\"Home\",\"item\":\"https:\\\/\\\/cemegroup.01linuxsp.coridemo.com\\\/acl\\\/de\\\/\"},{\"@type\":\"ListItem\",\"position\":2,\"name\":\"Kataloge\"}]},{\"@type\":\"WebSite\",\"@id\":\"https:\\\/\\\/cemegroup.01linuxsp.coridemo.com\\\/acl\\\/de\\\/#website\",\"url\":\"https:\\\/\\\/cemegroup.01linuxsp.coridemo.com\\\/acl\\\/de\\\/\",\"name\":\"CEME ACL\",\"description\":\"Discover ACL solenoid valves and microvalves: reliable, tested solutions for the management of industrial fluids.\",\"publisher\":{\"@id\":\"https:\\\/\\\/cemegroup.01linuxsp.coridemo.com\\\/acl\\\/de\\\/#organization\"},\"alternateName\":\"ACL - CEME Group\",\"potentialAction\":[{\"@type\":\"SearchAction\",\"target\":{\"@type\":\"EntryPoint\",\"urlTemplate\":\"https:\\\/\\\/cemegroup.01linuxsp.coridemo.com\\\/acl\\\/de\\\/?s={search_term_string}\"},\"query-input\":{\"@type\":\"PropertyValueSpecification\",\"valueRequired\":true,\"valueName\":\"search_term_string\"}}],\"inLanguage\":\"de\"},{\"@type\":\"Organization\",\"@id\":\"https:\\\/\\\/cemegroup.01linuxsp.coridemo.com\\\/acl\\\/de\\\/#organization\",\"name\":\"ACL\",\"alternateName\":\"ACL - CEME Group\",\"url\":\"https:\\\/\\\/cemegroup.01linuxsp.coridemo.com\\\/acl\\\/de\\\/\",\"logo\":{\"@type\":\"ImageObject\",\"inLanguage\":\"de\",\"@id\":\"https:\\\/\\\/cemegroup.01linuxsp.coridemo.com\\\/acl\\\/de\\\/#\\\/schema\\\/logo\\\/image\\\/\",\"url\":\"https:\\\/\\\/cemegroup.01linuxsp.coridemo.com\\\/acl\\\/wp-content\\\/uploads\\\/sites\\\/6\\\/2025\\\/11\\\/cropped-Fav_ACL.png\",\"contentUrl\":\"https:\\\/\\\/cemegroup.01linuxsp.coridemo.com\\\/acl\\\/wp-content\\\/uploads\\\/sites\\\/6\\\/2025\\\/11\\\/cropped-Fav_ACL.png\",\"width\":512,\"height\":512,\"caption\":\"ACL\"},\"image\":{\"@id\":\"https:\\\/\\\/cemegroup.01linuxsp.coridemo.com\\\/acl\\\/de\\\/#\\\/schema\\\/logo\\\/image\\\/\"},\"sameAs\":[\"https:\\\/\\\/www.linkedin.com\\\/company\\\/cemegroup-ceme-ulka-ode-acl\\\/\",\"https:\\\/\\\/www.youtube.com\\\/channel\\\/UC3lF1mvjO-W2O9zxeyLYPrg\"]}]}<\/script>\n<!-- \/ Yoast SEO plugin. -->","yoast_head_json":{"title":"Kataloge | ACL","robots":{"index":"noindex","follow":"follow","max-snippet":"max-snippet:-1","max-image-preview":"max-image-preview:large","max-video-preview":"max-video-preview:-1"},"og_locale":"de_DE","og_type":"article","og_title":"Kataloge | ACL","og_description":"Allgemeine Informationen ACL-Kataloge ansehen und herunterladen Kataloge Brosch\u00fcre Herunterladen Gesamtkatalog Herunterladen Gesamtkatalog Herunterladen Kompaktkatalog Herunterladen \u00dcBER ACL ACL bietet eine breite Palette von Magnetventilen aus Messing, Edelstahl und Kunststoffmaterialien an, die zum Absperren von Luft, Wasser, Dampf und allen mit diesen Materialien kompatiblen Fl\u00fcssigkeiten geeignet sind. Die Magnetventile sind 2- oder 3-Wege-Ventile, normalerweise geschlossen, normalerweise [&hellip;]","og_url":"https:\/\/cemegroup.01linuxsp.coridemo.com\/acl\/de\/kataloge\/","og_site_name":"ACL","article_modified_time":"2026-04-08T09:04:41+00:00","og_image":[{"url":"https:\/\/cemegroup.01linuxsp.coridemo.com\/acl\/wp-content\/uploads\/sites\/6\/2026\/04\/image-17.png","type":"","width":"","height":""}],"twitter_card":"summary_large_image","twitter_misc":{"Gesch\u00e4tzte Lesezeit":"1\u00a0Minute"},"schema":{"@context":"https:\/\/schema.org","@graph":[{"@type":"WebPage","@id":"https:\/\/cemegroup.01linuxsp.coridemo.com\/acl\/de\/kataloge\/","url":"https:\/\/cemegroup.01linuxsp.coridemo.com\/acl\/de\/kataloge\/","name":"Kataloge | ACL","isPartOf":{"@id":"https:\/\/cemegroup.01linuxsp.coridemo.com\/acl\/de\/#website"},"primaryImageOfPage":{"@id":"https:\/\/cemegroup.01linuxsp.coridemo.com\/acl\/de\/kataloge\/#primaryimage"},"image":{"@id":"https:\/\/cemegroup.01linuxsp.coridemo.com\/acl\/de\/kataloge\/#primaryimage"},"thumbnailUrl":"https:\/\/cemegroup.01linuxsp.coridemo.com\/acl\/wp-content\/uploads\/sites\/6\/2026\/04\/image-17.png","datePublished":"2026-04-01T10:00:48+00:00","dateModified":"2026-04-08T09:04:41+00:00","breadcrumb":{"@id":"https:\/\/cemegroup.01linuxsp.coridemo.com\/acl\/de\/kataloge\/#breadcrumb"},"inLanguage":"de","potentialAction":[{"@type":"ReadAction","target":["https:\/\/cemegroup.01linuxsp.coridemo.com\/acl\/de\/kataloge\/"]}]},{"@type":"ImageObject","inLanguage":"de","@id":"https:\/\/cemegroup.01linuxsp.coridemo.com\/acl\/de\/kataloge\/#primaryimage","url":"https:\/\/cemegroup.01linuxsp.coridemo.com\/acl\/wp-content\/uploads\/sites\/6\/2026\/04\/image-17.png","contentUrl":"https:\/\/cemegroup.01linuxsp.coridemo.com\/acl\/wp-content\/uploads\/sites\/6\/2026\/04\/image-17.png"},{"@type":"BreadcrumbList","@id":"https:\/\/cemegroup.01linuxsp.coridemo.com\/acl\/de\/kataloge\/#breadcrumb","itemListElement":[{"@type":"ListItem","position":1,"name":"Home","item":"https:\/\/cemegroup.01linuxsp.coridemo.com\/acl\/de\/"},{"@type":"ListItem","position":2,"name":"Kataloge"}]},{"@type":"WebSite","@id":"https:\/\/cemegroup.01linuxsp.coridemo.com\/acl\/de\/#website","url":"https:\/\/cemegroup.01linuxsp.coridemo.com\/acl\/de\/","name":"CEME ACL","description":"Discover ACL solenoid valves and microvalves: reliable, tested solutions for the management of industrial fluids.","publisher":{"@id":"https:\/\/cemegroup.01linuxsp.coridemo.com\/acl\/de\/#organization"},"alternateName":"ACL - CEME Group","potentialAction":[{"@type":"SearchAction","target":{"@type":"EntryPoint","urlTemplate":"https:\/\/cemegroup.01linuxsp.coridemo.com\/acl\/de\/?s={search_term_string}"},"query-input":{"@type":"PropertyValueSpecification","valueRequired":true,"valueName":"search_term_string"}}],"inLanguage":"de"},{"@type":"Organization","@id":"https:\/\/cemegroup.01linuxsp.coridemo.com\/acl\/de\/#organization","name":"ACL","alternateName":"ACL - CEME Group","url":"https:\/\/cemegroup.01linuxsp.coridemo.com\/acl\/de\/","logo":{"@type":"ImageObject","inLanguage":"de","@id":"https:\/\/cemegroup.01linuxsp.coridemo.com\/acl\/de\/#\/schema\/logo\/image\/","url":"https:\/\/cemegroup.01linuxsp.coridemo.com\/acl\/wp-content\/uploads\/sites\/6\/2025\/11\/cropped-Fav_ACL.png","contentUrl":"https:\/\/cemegroup.01linuxsp.coridemo.com\/acl\/wp-content\/uploads\/sites\/6\/2025\/11\/cropped-Fav_ACL.png","width":512,"height":512,"caption":"ACL"},"image":{"@id":"https:\/\/cemegroup.01linuxsp.coridemo.com\/acl\/de\/#\/schema\/logo\/image\/"},"sameAs":["https:\/\/www.linkedin.com\/company\/cemegroup-ceme-ulka-ode-acl\/","https:\/\/www.youtube.com\/channel\/UC3lF1mvjO-W2O9zxeyLYPrg"]}]}},"_links":{"self":[{"href":"https:\/\/cemegroup.01linuxsp.coridemo.com\/acl\/de\/wp-json\/wp\/v2\/pages\/3341","targetHints":{"allow":["GET"]}}],"collection":[{"href":"https:\/\/cemegroup.01linuxsp.coridemo.com\/acl\/de\/wp-json\/wp\/v2\/pages"}],"about":[{"href":"https:\/\/cemegroup.01linuxsp.coridemo.com\/acl\/de\/wp-json\/wp\/v2\/types\/page"}],"author":[{"embeddable":true,"href":"https:\/\/cemegroup.01linuxsp.coridemo.com\/acl\/de\/wp-json\/wp\/v2\/users\/1"}],"replies":[{"embeddable":true,"href":"https:\/\/cemegroup.01linuxsp.coridemo.com\/acl\/de\/wp-json\/wp\/v2\/comments?post=3341"}],"version-history":[{"count":6,"href":"https:\/\/cemegroup.01linuxsp.coridemo.com\/acl\/de\/wp-json\/wp\/v2\/pages\/3341\/revisions"}],"predecessor-version":[{"id":3597,"href":"https:\/\/cemegroup.01linuxsp.coridemo.com\/acl\/de\/wp-json\/wp\/v2\/pages\/3341\/revisions\/3597"}],"wp:attachment":[{"href":"https:\/\/cemegroup.01linuxsp.coridemo.com\/acl\/de\/wp-json\/wp\/v2\/media?parent=3341"}],"curies":[{"name":"wp","href":"https:\/\/api.w.org\/{rel}","templated":true}]}}