{"id":8250,"date":"2025-09-26T08:17:18","date_gmt":"2025-09-26T08:17:18","guid":{"rendered":"https:\/\/cemegroup.01linuxsp.coridemo.com\/ceme\/marke\/"},"modified":"2025-11-19T11:06:59","modified_gmt":"2025-11-19T11:06:59","slug":"marke","status":"publish","type":"page","link":"https:\/\/cemegroup.01linuxsp.coridemo.com\/ceme\/de\/marke\/","title":{"rendered":"Marke"},"content":{"rendered":"\t\t<div data-elementor-type=\"wp-page\" data-elementor-id=\"8250\" class=\"elementor elementor-8250 elementor-4961\" data-elementor-post-type=\"page\">\n\t\t\t\t<div class=\"elementor-element elementor-element-94b45b4 e-con-full e-flex e-con e-parent\" data-id=\"94b45b4\" data-element_type=\"container\" data-e-type=\"container\" data-settings=\"{&quot;background_background&quot;:&quot;classic&quot;}\">\n\t\t<div class=\"elementor-element elementor-element-790df9c e-flex e-con-boxed e-con e-child\" data-id=\"790df9c\" data-element_type=\"container\" data-e-type=\"container\">\n\t\t\t\t\t<div class=\"e-con-inner\">\n\t\t<div class=\"elementor-element elementor-element-3629922 e-con-full e-flex e-con e-child\" data-id=\"3629922\" data-element_type=\"container\" data-e-type=\"container\">\n\t\t\t\t<div class=\"elementor-element elementor-element-36b342f text-hero-v2 elementor-widget elementor-widget-heading\" data-id=\"36b342f\" data-element_type=\"widget\" data-e-type=\"widget\" data-widget_type=\"heading.default\">\n\t\t\t\t<div class=\"elementor-widget-container\">\n\t\t\t\t\t<h1 class=\"elementor-heading-title elementor-size-default\">Eine Geschichte der Innovation und technologischen Herausforderungen<\/h1>\t\t\t\t<\/div>\n\t\t\t\t<\/div>\n\t\t<div class=\"elementor-element elementor-element-162d2e3 e-con-full e-flex e-con e-child\" data-id=\"162d2e3\" data-element_type=\"container\" data-e-type=\"container\">\n\t\t\t\t<div class=\"elementor-element elementor-element-5b0c5ae text-normal-500 elementor-widget elementor-widget-button\" data-id=\"5b0c5ae\" data-element_type=\"widget\" data-e-type=\"widget\" data-widget_type=\"button.default\">\n\t\t\t\t<div class=\"elementor-widget-container\">\n\t\t\t\t\t\t\t\t\t<div class=\"elementor-button-wrapper\">\n\t\t\t\t\t<a class=\"elementor-button elementor-button-link elementor-size-sm\" href=\"#history\">\n\t\t\t\t\t\t<span class=\"elementor-button-content-wrapper\">\n\t\t\t\t\t\t\t\t\t<span class=\"elementor-button-text\">GESCHICHTE DES CEME<\/span>\n\t\t\t\t\t<\/span>\n\t\t\t\t\t<\/a>\n\t\t\t\t<\/div>\n\t\t\t\t\t\t\t\t<\/div>\n\t\t\t\t<\/div>\n\t\t\t\t<\/div>\n\t\t\t\t<\/div>\n\t\t\t\t\t<\/div>\n\t\t\t\t<\/div>\n\t\t\t\t<\/div>\n\t\t<div class=\"elementor-element elementor-element-adf86b7 e-con-full e-flex e-con e-parent\" data-id=\"adf86b7\" data-element_type=\"container\" data-e-type=\"container\" data-settings=\"{&quot;background_background&quot;:&quot;gradient&quot;}\">\n\t\t\t\t<\/div>\n\t\t<div class=\"elementor-element elementor-element-1a7d457 e-flex e-con-boxed e-con e-parent\" data-id=\"1a7d457\" data-element_type=\"container\" data-e-type=\"container\" id=\"history\" data-settings=\"{&quot;background_background&quot;:&quot;classic&quot;}\">\n\t\t\t\t\t<div class=\"e-con-inner\">\n\t\t<div class=\"elementor-element elementor-element-417c4ef e-con-full e-flex e-con e-child\" data-id=\"417c4ef\" data-element_type=\"container\" data-e-type=\"container\">\n\t\t\t\t<div class=\"elementor-element elementor-element-0c41258 elementor-icon-list--layout-traditional elementor-list-item-link-full_width elementor-widget elementor-widget-icon-list\" data-id=\"0c41258\" data-element_type=\"widget\" data-e-type=\"widget\" data-widget_type=\"icon-list.default\">\n\t\t\t\t<div class=\"elementor-widget-container\">\n\t\t\t\t\t\t\t<ul class=\"elementor-icon-list-items\">\n\t\t\t\t\t\t\t<li class=\"elementor-icon-list-item\">\n\t\t\t\t\t\t\t\t\t\t\t<span class=\"elementor-icon-list-icon\">\n\t\t\t\t\t\t\t<svg xmlns=\"http:\/\/www.w3.org\/2000\/svg\" width=\"14\" height=\"14\" viewBox=\"0 0 14 14\" fill=\"none\"><rect width=\"14\" height=\"14\" fill=\"#4FA0CA\"><\/rect><\/svg>\t\t\t\t\t\t<\/span>\n\t\t\t\t\t\t\t\t\t\t<span class=\"elementor-icon-list-text\">CEME MARKE<\/span>\n\t\t\t\t\t\t\t\t\t<\/li>\n\t\t\t\t\t\t<\/ul>\n\t\t\t\t\t\t<\/div>\n\t\t\t\t<\/div>\n\t\t\t\t<\/div>\n\t\t<div class=\"elementor-element elementor-element-338abb9 e-con-full e-flex e-con e-child\" data-id=\"338abb9\" data-element_type=\"container\" data-e-type=\"container\">\n\t\t\t\t<div class=\"elementor-element elementor-element-b438e5f text-subheading elementor-widget elementor-widget-heading\" data-id=\"b438e5f\" data-element_type=\"widget\" data-e-type=\"widget\" data-widget_type=\"heading.default\">\n\t\t\t\t<div class=\"elementor-widget-container\">\n\t\t\t\t\t<h3 class=\"elementor-heading-title elementor-size-default\">CEME wurde 1974 in Italien gegr\u00fcndet und ist die Referenzmarke im Bereich der Fluidsteuerung<\/h3>\t\t\t\t<\/div>\n\t\t\t\t<\/div>\n\t\t\t\t<div class=\"elementor-element elementor-element-f734222 text-body-v2 elementor-widget elementor-widget-heading\" data-id=\"f734222\" data-element_type=\"widget\" data-e-type=\"widget\" data-widget_type=\"heading.default\">\n\t\t\t\t<div class=\"elementor-widget-container\">\n\t\t\t\t\t<p class=\"elementor-heading-title elementor-size-default\">Mit einem Portfolio, das Ventile und Pumpen, Wandler und Zubeh\u00f6r umfasst, ist das Unternehmen heute ein strategischer Partner f\u00fcr Branchen wie Haushaltsger\u00e4te, Kaffee und Getr\u00e4nke, Medizin, HLK, Automobilindustrie und Industrie. <br><br>Dank fundierter technischer Fachkenntnisse, einem hochintegrierten Produktionsmodell und einer konsequenten Ausrichtung auf Innovation kann CEME zuverl\u00e4ssige, leistungsstarke und ma\u00dfgeschneiderte L\u00f6sungen garantieren. \n<br><br>Mit weltweit zertifizierten und anerkannten Produkten unterst\u00fctzt CEME seine Kunden weiterhin bei der Entwicklung neuer Anwendungen und verbindet dabei europ\u00e4ische Qualit\u00e4t mit internationaler Pr\u00e4senz.\n<\/p>\t\t\t\t<\/div>\n\t\t\t\t<\/div>\n\t\t\t\t<\/div>\n\t\t\t\t\t<\/div>\n\t\t\t\t<\/div>\n\t\t\t\t<\/div>\n\t\t","protected":false},"excerpt":{"rendered":"<p>Eine Geschichte der Innovation und technologischen Herausforderungen GESCHICHTE DES CEME CEME MARKE CEME wurde 1974 in Italien gegr\u00fcndet und ist die Referenzmarke im Bereich der Fluidsteuerung Mit einem Portfolio, das Ventile und Pumpen, Wandler und Zubeh\u00f6r umfasst, ist das Unternehmen heute ein strategischer Partner f\u00fcr Branchen wie Haushaltsger\u00e4te, Kaffee und Getr\u00e4nke, Medizin, HLK, Automobilindustrie und [&hellip;]<\/p>\n","protected":false},"author":1,"featured_media":0,"parent":0,"menu_order":0,"comment_status":"closed","ping_status":"closed","template":"","meta":{"_acf_changed":false,"footnotes":""},"class_list":["post-8250","page","type-page","status-publish","hentry"],"acf":[],"yoast_head":"<!-- This site is optimized with the Yoast SEO plugin v27.4 - https:\/\/yoast.com\/product\/yoast-seo-wordpress\/ -->\n<title>Innovative Magnetventile und Pumpen zur Steuerung von Fl\u00fcssigkeiten | CEME<\/title>\n<meta name=\"description\" content=\"CEME bietet Magnetventile, Pumpen und Wandler f\u00fcr industrielle, h\u00e4usliche und medizinische Anwendungen. Entdecken Sie die Geschichte und die Innovationen der Marke.\" \/>\n<meta name=\"robots\" content=\"noindex, follow, max-snippet:-1, max-image-preview:large, max-video-preview:-1\" \/>\n<meta property=\"og:locale\" content=\"de_DE\" \/>\n<meta property=\"og:type\" content=\"article\" \/>\n<meta property=\"og:title\" content=\"Innovative Magnetventile und Pumpen zur Steuerung von Fl\u00fcssigkeiten | CEME\" \/>\n<meta property=\"og:description\" content=\"CEME bietet Magnetventile, Pumpen und Wandler f\u00fcr industrielle, h\u00e4usliche und medizinische Anwendungen. Entdecken Sie die Geschichte und die Innovationen der Marke.\" \/>\n<meta property=\"og:url\" content=\"https:\/\/cemegroup.01linuxsp.coridemo.com\/ceme\/de\/marke\/\" \/>\n<meta property=\"og:site_name\" content=\"Ceme\" \/>\n<meta property=\"article:modified_time\" content=\"2025-11-19T11:06:59+00:00\" \/>\n<meta name=\"twitter:card\" content=\"summary_large_image\" \/>\n<meta name=\"twitter:label1\" content=\"Gesch\u00e4tzte Lesezeit\" \/>\n\t<meta name=\"twitter:data1\" content=\"1\u00a0Minute\" \/>\n<script type=\"application\/ld+json\" class=\"yoast-schema-graph\">{\"@context\":\"https:\\\/\\\/schema.org\",\"@graph\":[{\"@type\":\"WebPage\",\"@id\":\"https:\\\/\\\/cemegroup.01linuxsp.coridemo.com\\\/ceme\\\/de\\\/marke\\\/\",\"url\":\"https:\\\/\\\/cemegroup.01linuxsp.coridemo.com\\\/ceme\\\/de\\\/marke\\\/\",\"name\":\"Innovative Magnetventile und Pumpen zur Steuerung von Fl\u00fcssigkeiten | CEME\",\"isPartOf\":{\"@id\":\"https:\\\/\\\/cemegroup.01linuxsp.coridemo.com\\\/ceme\\\/de\\\/#website\"},\"datePublished\":\"2025-09-26T08:17:18+00:00\",\"dateModified\":\"2025-11-19T11:06:59+00:00\",\"description\":\"CEME bietet Magnetventile, Pumpen und Wandler f\u00fcr industrielle, h\u00e4usliche und medizinische Anwendungen. Entdecken Sie die Geschichte und die Innovationen der Marke.\",\"breadcrumb\":{\"@id\":\"https:\\\/\\\/cemegroup.01linuxsp.coridemo.com\\\/ceme\\\/de\\\/marke\\\/#breadcrumb\"},\"inLanguage\":\"de\",\"potentialAction\":[{\"@type\":\"ReadAction\",\"target\":[\"https:\\\/\\\/cemegroup.01linuxsp.coridemo.com\\\/ceme\\\/de\\\/marke\\\/\"]}]},{\"@type\":\"BreadcrumbList\",\"@id\":\"https:\\\/\\\/cemegroup.01linuxsp.coridemo.com\\\/ceme\\\/de\\\/marke\\\/#breadcrumb\",\"itemListElement\":[{\"@type\":\"ListItem\",\"position\":1,\"name\":\"Home\",\"item\":\"https:\\\/\\\/cemegroup.01linuxsp.coridemo.com\\\/ceme\\\/de\\\/home\\\/\"},{\"@type\":\"ListItem\",\"position\":2,\"name\":\"Marke\"}]},{\"@type\":\"WebSite\",\"@id\":\"https:\\\/\\\/cemegroup.01linuxsp.coridemo.com\\\/ceme\\\/de\\\/#website\",\"url\":\"https:\\\/\\\/cemegroup.01linuxsp.coridemo.com\\\/ceme\\\/de\\\/\",\"name\":\"CEME\",\"description\":\"\",\"potentialAction\":[{\"@type\":\"SearchAction\",\"target\":{\"@type\":\"EntryPoint\",\"urlTemplate\":\"https:\\\/\\\/cemegroup.01linuxsp.coridemo.com\\\/ceme\\\/de\\\/?s={search_term_string}\"},\"query-input\":{\"@type\":\"PropertyValueSpecification\",\"valueRequired\":true,\"valueName\":\"search_term_string\"}}],\"inLanguage\":\"de\"}]}<\/script>\n<!-- \/ Yoast SEO plugin. -->","yoast_head_json":{"title":"Innovative Magnetventile und Pumpen zur Steuerung von Fl\u00fcssigkeiten | CEME","description":"CEME bietet Magnetventile, Pumpen und Wandler f\u00fcr industrielle, h\u00e4usliche und medizinische Anwendungen. Entdecken Sie die Geschichte und die Innovationen der Marke.","robots":{"index":"noindex","follow":"follow","max-snippet":"max-snippet:-1","max-image-preview":"max-image-preview:large","max-video-preview":"max-video-preview:-1"},"og_locale":"de_DE","og_type":"article","og_title":"Innovative Magnetventile und Pumpen zur Steuerung von Fl\u00fcssigkeiten | CEME","og_description":"CEME bietet Magnetventile, Pumpen und Wandler f\u00fcr industrielle, h\u00e4usliche und medizinische Anwendungen. Entdecken Sie die Geschichte und die Innovationen der Marke.","og_url":"https:\/\/cemegroup.01linuxsp.coridemo.com\/ceme\/de\/marke\/","og_site_name":"Ceme","article_modified_time":"2025-11-19T11:06:59+00:00","twitter_card":"summary_large_image","twitter_misc":{"Gesch\u00e4tzte Lesezeit":"1\u00a0Minute"},"schema":{"@context":"https:\/\/schema.org","@graph":[{"@type":"WebPage","@id":"https:\/\/cemegroup.01linuxsp.coridemo.com\/ceme\/de\/marke\/","url":"https:\/\/cemegroup.01linuxsp.coridemo.com\/ceme\/de\/marke\/","name":"Innovative Magnetventile und Pumpen zur Steuerung von Fl\u00fcssigkeiten | CEME","isPartOf":{"@id":"https:\/\/cemegroup.01linuxsp.coridemo.com\/ceme\/de\/#website"},"datePublished":"2025-09-26T08:17:18+00:00","dateModified":"2025-11-19T11:06:59+00:00","description":"CEME bietet Magnetventile, Pumpen und Wandler f\u00fcr industrielle, h\u00e4usliche und medizinische Anwendungen. Entdecken Sie die Geschichte und die Innovationen der Marke.","breadcrumb":{"@id":"https:\/\/cemegroup.01linuxsp.coridemo.com\/ceme\/de\/marke\/#breadcrumb"},"inLanguage":"de","potentialAction":[{"@type":"ReadAction","target":["https:\/\/cemegroup.01linuxsp.coridemo.com\/ceme\/de\/marke\/"]}]},{"@type":"BreadcrumbList","@id":"https:\/\/cemegroup.01linuxsp.coridemo.com\/ceme\/de\/marke\/#breadcrumb","itemListElement":[{"@type":"ListItem","position":1,"name":"Home","item":"https:\/\/cemegroup.01linuxsp.coridemo.com\/ceme\/de\/home\/"},{"@type":"ListItem","position":2,"name":"Marke"}]},{"@type":"WebSite","@id":"https:\/\/cemegroup.01linuxsp.coridemo.com\/ceme\/de\/#website","url":"https:\/\/cemegroup.01linuxsp.coridemo.com\/ceme\/de\/","name":"CEME","description":"","potentialAction":[{"@type":"SearchAction","target":{"@type":"EntryPoint","urlTemplate":"https:\/\/cemegroup.01linuxsp.coridemo.com\/ceme\/de\/?s={search_term_string}"},"query-input":{"@type":"PropertyValueSpecification","valueRequired":true,"valueName":"search_term_string"}}],"inLanguage":"de"}]}},"_links":{"self":[{"href":"https:\/\/cemegroup.01linuxsp.coridemo.com\/ceme\/de\/wp-json\/wp\/v2\/pages\/8250","targetHints":{"allow":["GET"]}}],"collection":[{"href":"https:\/\/cemegroup.01linuxsp.coridemo.com\/ceme\/de\/wp-json\/wp\/v2\/pages"}],"about":[{"href":"https:\/\/cemegroup.01linuxsp.coridemo.com\/ceme\/de\/wp-json\/wp\/v2\/types\/page"}],"author":[{"embeddable":true,"href":"https:\/\/cemegroup.01linuxsp.coridemo.com\/ceme\/de\/wp-json\/wp\/v2\/users\/1"}],"replies":[{"embeddable":true,"href":"https:\/\/cemegroup.01linuxsp.coridemo.com\/ceme\/de\/wp-json\/wp\/v2\/comments?post=8250"}],"version-history":[{"count":7,"href":"https:\/\/cemegroup.01linuxsp.coridemo.com\/ceme\/de\/wp-json\/wp\/v2\/pages\/8250\/revisions"}],"predecessor-version":[{"id":11008,"href":"https:\/\/cemegroup.01linuxsp.coridemo.com\/ceme\/de\/wp-json\/wp\/v2\/pages\/8250\/revisions\/11008"}],"wp:attachment":[{"href":"https:\/\/cemegroup.01linuxsp.coridemo.com\/ceme\/de\/wp-json\/wp\/v2\/media?parent=8250"}],"curies":[{"name":"wp","href":"https:\/\/api.w.org\/{rel}","templated":true}]}}