{"id":8312,"date":"2025-10-14T13:25:19","date_gmt":"2025-10-14T13:25:19","guid":{"rendered":"https:\/\/cemegroup.01linuxsp.coridemo.com\/ceme\/technischer-bereich\/"},"modified":"2026-01-09T14:29:20","modified_gmt":"2026-01-09T14:29:20","slug":"technischer-bereich","status":"publish","type":"page","link":"https:\/\/cemegroup.01linuxsp.coridemo.com\/ceme\/de\/technischer-bereich\/","title":{"rendered":"Technischer Bereich"},"content":{"rendered":"\t\t<div data-elementor-type=\"wp-page\" data-elementor-id=\"8312\" class=\"elementor elementor-8312 elementor-5980\" data-elementor-post-type=\"page\">\n\t\t\t\t<div class=\"elementor-element elementor-element-a73032d e-con-full e-flex e-con e-parent\" data-id=\"a73032d\" data-element_type=\"container\" data-e-type=\"container\" data-settings=\"{&quot;background_background&quot;:&quot;classic&quot;}\">\n\t\t<div class=\"elementor-element elementor-element-97c5eda e-flex e-con-boxed e-con e-child\" data-id=\"97c5eda\" data-element_type=\"container\" data-e-type=\"container\">\n\t\t\t\t\t<div class=\"e-con-inner\">\n\t\t<div class=\"elementor-element elementor-element-d2be1fc e-con-full e-flex e-con e-child\" data-id=\"d2be1fc\" data-element_type=\"container\" data-e-type=\"container\">\n\t\t\t\t<div class=\"elementor-element elementor-element-ef5c875 text-hero-v2 elementor-widget elementor-widget-heading\" data-id=\"ef5c875\" data-element_type=\"widget\" data-e-type=\"widget\" data-widget_type=\"heading.default\">\n\t\t\t\t<div class=\"elementor-widget-container\">\n\t\t\t\t\t<h1 class=\"elementor-heading-title elementor-size-default\">Technischer Bereich<\/h1>\t\t\t\t<\/div>\n\t\t\t\t<\/div>\n\t\t\t\t<div class=\"elementor-element elementor-element-843c8f7 text-body-v2 elementor-widget elementor-widget-heading\" data-id=\"843c8f7\" data-element_type=\"widget\" data-e-type=\"widget\" data-widget_type=\"heading.default\">\n\t\t\t\t<div class=\"elementor-widget-container\">\n\t\t\t\t\t<p class=\"elementor-heading-title elementor-size-default\">Ein \u00fcbersichtlicher Bereich, in dem Sie alles finden k\u00f6nnen, was mit CEME Produkten zu tun hat: mit einer einfachen Registrierung haben Sie Zugang zu einer Welt des Wissens, das f\u00fcr viele Anwendungen n\u00fctzlich ist.<\/p>\t\t\t\t<\/div>\n\t\t\t\t<\/div>\n\t\t<div class=\"elementor-element elementor-element-d3831f7 e-con-full e-flex e-con e-child\" data-id=\"d3831f7\" data-element_type=\"container\" data-e-type=\"container\">\n\t\t<div class=\"elementor-element elementor-element-8b86c9b e-con-full e-flex e-con e-child\" data-id=\"8b86c9b\" data-element_type=\"container\" data-e-type=\"container\">\n\t\t\t\t<div class=\"elementor-element elementor-element-c952492 elementor-widget elementor-widget-image\" data-id=\"c952492\" data-element_type=\"widget\" data-e-type=\"widget\" data-widget_type=\"image.default\">\n\t\t\t\t<div class=\"elementor-widget-container\">\n\t\t\t\t\t\t\t\t\t\t\t\t\t\t\t<img decoding=\"async\" width=\"14\" height=\"14\" src=\"https:\/\/cemegroup.01linuxsp.coridemo.com\/ceme\/wp-content\/uploads\/sites\/4\/2025\/10\/Rectangle-5.png\" class=\"attachment-full size-full wp-image-5988\" alt=\"\" \/>\t\t\t\t\t\t\t\t\t\t\t\t\t\t\t<\/div>\n\t\t\t\t<\/div>\n\t\t\t\t<div class=\"elementor-element elementor-element-a7b5d9c text-body-v2 elementor-widget elementor-widget-heading\" data-id=\"a7b5d9c\" data-element_type=\"widget\" data-e-type=\"widget\" data-widget_type=\"heading.default\">\n\t\t\t\t<div class=\"elementor-widget-container\">\n\t\t\t\t\t<p class=\"elementor-heading-title elementor-size-default\">St\u00e4ndig aktualisierte Kataloge<\/p>\t\t\t\t<\/div>\n\t\t\t\t<\/div>\n\t\t\t\t<\/div>\n\t\t<div class=\"elementor-element elementor-element-960d39b e-con-full e-flex e-con e-child\" data-id=\"960d39b\" data-element_type=\"container\" data-e-type=\"container\">\n\t\t\t\t<div class=\"elementor-element elementor-element-84ae0d4 elementor-widget elementor-widget-image\" data-id=\"84ae0d4\" data-element_type=\"widget\" data-e-type=\"widget\" data-widget_type=\"image.default\">\n\t\t\t\t<div class=\"elementor-widget-container\">\n\t\t\t\t\t\t\t\t\t\t\t\t\t\t\t<img decoding=\"async\" width=\"14\" height=\"14\" src=\"https:\/\/cemegroup.01linuxsp.coridemo.com\/ceme\/wp-content\/uploads\/sites\/4\/2025\/10\/Rectangle-5.png\" class=\"attachment-full size-full wp-image-5988\" alt=\"\" \/>\t\t\t\t\t\t\t\t\t\t\t\t\t\t\t<\/div>\n\t\t\t\t<\/div>\n\t\t\t\t<div class=\"elementor-element elementor-element-42c196a text-body-v2 elementor-widget elementor-widget-heading\" data-id=\"42c196a\" data-element_type=\"widget\" data-e-type=\"widget\" data-widget_type=\"heading.default\">\n\t\t\t\t<div class=\"elementor-widget-container\">\n\t\t\t\t\t<p class=\"elementor-heading-title elementor-size-default\">Vollst\u00e4ndige technische Datenbl\u00e4tter<\/p>\t\t\t\t<\/div>\n\t\t\t\t<\/div>\n\t\t\t\t<\/div>\n\t\t<div class=\"elementor-element elementor-element-c0ff62e e-con-full e-flex e-con e-child\" data-id=\"c0ff62e\" data-element_type=\"container\" data-e-type=\"container\">\n\t\t\t\t<div class=\"elementor-element elementor-element-0ce2a67 elementor-widget elementor-widget-image\" data-id=\"0ce2a67\" data-element_type=\"widget\" data-e-type=\"widget\" data-widget_type=\"image.default\">\n\t\t\t\t<div class=\"elementor-widget-container\">\n\t\t\t\t\t\t\t\t\t\t\t\t\t\t\t<img decoding=\"async\" width=\"14\" height=\"14\" src=\"https:\/\/cemegroup.01linuxsp.coridemo.com\/ceme\/wp-content\/uploads\/sites\/4\/2025\/10\/Rectangle-5.png\" class=\"attachment-full size-full wp-image-5988\" alt=\"\" \/>\t\t\t\t\t\t\t\t\t\t\t\t\t\t\t<\/div>\n\t\t\t\t<\/div>\n\t\t\t\t<div class=\"elementor-element elementor-element-3043e3f text-body-v2 elementor-widget elementor-widget-heading\" data-id=\"3043e3f\" data-element_type=\"widget\" data-e-type=\"widget\" data-widget_type=\"heading.default\">\n\t\t\t\t<div class=\"elementor-widget-container\">\n\t\t\t\t\t<p class=\"elementor-heading-title elementor-size-default\">Gebrauchs- und Wartungshandb\u00fccher<\/p>\t\t\t\t<\/div>\n\t\t\t\t<\/div>\n\t\t\t\t<\/div>\n\t\t<div class=\"elementor-element elementor-element-abb4a03 e-con-full e-flex e-con e-child\" data-id=\"abb4a03\" data-element_type=\"container\" data-e-type=\"container\">\n\t\t\t\t<div class=\"elementor-element elementor-element-d90fdde elementor-widget elementor-widget-image\" data-id=\"d90fdde\" data-element_type=\"widget\" data-e-type=\"widget\" data-widget_type=\"image.default\">\n\t\t\t\t<div class=\"elementor-widget-container\">\n\t\t\t\t\t\t\t\t\t\t\t\t\t\t\t<img decoding=\"async\" width=\"14\" height=\"14\" src=\"https:\/\/cemegroup.01linuxsp.coridemo.com\/ceme\/wp-content\/uploads\/sites\/4\/2025\/10\/Rectangle-5.png\" class=\"attachment-full size-full wp-image-5988\" alt=\"\" \/>\t\t\t\t\t\t\t\t\t\t\t\t\t\t\t<\/div>\n\t\t\t\t<\/div>\n\t\t\t\t<div class=\"elementor-element elementor-element-285f62b text-body-v2 elementor-widget elementor-widget-heading\" data-id=\"285f62b\" data-element_type=\"widget\" data-e-type=\"widget\" data-widget_type=\"heading.default\">\n\t\t\t\t<div class=\"elementor-widget-container\">\n\t\t\t\t\t<p class=\"elementor-heading-title elementor-size-default\">Besondere Zertifikate<\/p>\t\t\t\t<\/div>\n\t\t\t\t<\/div>\n\t\t\t\t<\/div>\n\t\t\t\t<\/div>\n\t\t\t\t<\/div>\n\t\t<div class=\"elementor-element elementor-element-811919e e-con-full e-flex e-con e-child\" data-id=\"811919e\" data-element_type=\"container\" data-e-type=\"container\">\n\t\t<div class=\"elementor-element elementor-element-0e3573a e-con-full e-flex e-con e-child\" data-id=\"0e3573a\" data-element_type=\"container\" data-e-type=\"container\">\n\t\t<div class=\"dce-visibility-event elementor-element elementor-element-c7c17d1 e-con-full e-flex e-con e-child\" data-id=\"c7c17d1\" data-element_type=\"container\" data-e-type=\"container\" data-settings=\"{&quot;enabled_visibility&quot;:&quot;yes&quot;,&quot;dce_visibility_selected&quot;:&quot;yes&quot;}\">\n\t\t\t\t<div class=\"elementor-element elementor-element-1b0f486 elementor-widget elementor-widget-heading\" data-id=\"1b0f486\" data-element_type=\"widget\" data-e-type=\"widget\" data-widget_type=\"heading.default\">\n\t\t\t\t<div class=\"elementor-widget-container\">\n\t\t\t\t\t<h2 class=\"elementor-heading-title elementor-size-default\">Login<\/h2>\t\t\t\t<\/div>\n\t\t\t\t<\/div>\n\t\t\t\t<div class=\"elementor-element elementor-element-cb1f3ff elementor-widget-divider--view-line elementor-widget elementor-widget-divider\" data-id=\"cb1f3ff\" data-element_type=\"widget\" data-e-type=\"widget\" data-widget_type=\"divider.default\">\n\t\t\t\t<div class=\"elementor-widget-container\">\n\t\t\t\t\t\t\t<div class=\"elementor-divider\">\n\t\t\t<span class=\"elementor-divider-separator\">\n\t\t\t\t\t\t<\/span>\n\t\t<\/div>\n\t\t\t\t\t\t<\/div>\n\t\t\t\t<\/div>\n\t\t\t\t<\/div>\n\t\t<!-- dce invisible element 18f9355 -->\t\t<div class=\"dce-visibility-event elementor-element elementor-element-d48fcf5 elementor-widget elementor-widget-shortcode\" data-id=\"d48fcf5\" data-element_type=\"widget\" data-e-type=\"widget\" data-settings=\"{&quot;enabled_visibility&quot;:&quot;yes&quot;,&quot;dce_visibility_selected&quot;:&quot;yes&quot;}\" data-widget_type=\"shortcode.default\">\n\t\t\t\t<div class=\"elementor-widget-container\">\n\t\t\t\t\t\t\t<div class=\"elementor-shortcode\"><div id=\"user-registration\" class=\"user-registration\">\n<div class=\"ur-frontend-form login  \" id=\"ur-frontend-form\">\n\t\t<form class=\"user-registration-form user-registration-form-login login\" method=\"post\">\n\t\t<div class=\"ur-form-row\">\n\t\t\t<div class=\"ur-form-grid\">\n\t\t\t\t\t\t\t\t\t\t\t\t<div\n\t\t\t\t\tclass=\" user-registration-form-row user-registration-form-row--wide form-row form-row-wide\"\n\t\t\t\t\tdata-field=\"username\">\n\t\t\t\t\t<label for=\"username\">Username or Email <span class=\"required\">*<\/span><\/label>\t\t\t\t\t<span class=\"input-wrapper\">\n\t\t\t\t\t\t<input placeholder=\"\" type=\"text\"\n\t\t\t\t\t\t\t\tclass=\"user-registration-Input user-registration-Input--text input-text\" name=\"username\"\n\t\t\t\t\t\t\t\tid=\"username\"\n\t\t\t\t\t\t\t   value=\"\"\n\t\t\t\t\t\t\t\tstyle=\"\"\n\t\t\t\t\t\t\t\t\t\t\t\t\t\t\/>\n\t\t\t\t\t\t\t\t\t\t\t\t<\/span>\n\t\t\t\t<\/div>\n\t\t\t\t\t\t\t\t\t<div\n\t\t\t\t\t\tclass=\" user-registration-form-row user-registration-form-row--wide form-row form-row-wide\"\n\t\t\t\t\t\tdata-field=\"password\">\n\t\t\t\t\t\t<label for=\"password\">Password <span class=\"required\">*<\/span><\/label>\t\t\t\t\t\t<span class=\"input-wrapper\">\n\t\t\t\t\t\t<span class=\"password-input-group\">\n\t\t\t\t\t\t<input\n\t\t\t\t\t\t\tplaceholder=\"\"\n\t\t\t\t\t\t\tclass=\"user-registration-Input user-registration-Input--text input-text\" type=\"password\"\n\t\t\t\t\t\t\tname=\"password\" id=\"password\"\n\t\t\t\t\t\t\tstyle=\"\"\n\t\t\t\t\t\t\t\t\t\t\t\t\t\/>\n\n\t\t\t\t\t\t\t\t\t\t\t\t\t\t\t\t\t\t\t<\/span>\n\t\t\t\t\t<\/div>\n\t\t\t\t\t\t\t\t\n\t\t\t\t\t\t\t\t<div class=\"form-row\">\n\t\t\t\t\t<input type=\"hidden\" id=\"user-registration-login-nonce\" name=\"user-registration-login-nonce\" value=\"f0a7b8f3cf\" \/><input type=\"hidden\" name=\"_wp_http_referer\" value=\"\/ceme\/de\/wp-json\/wp\/v2\/pages\/8312\" \/>\t\t\t\t\t\t<div class=\"user-registration-before-login-btn\">\n\t\t\t\t\t\t\t\t\t\t\t\t\t\t\t<div class=\"\" data-field=\"remember-me\">\n\t\t\t\t\t\t\t\t\t<label\n\t\t\t\t\t\t\t\t\t\tclass=\"user-registration-form__label user-registration-form__label-for-checkbox inline\">\n\t\t\t\t\t\t\t\t\t\t<input\n\t\t\t\t\t\t\t\t\t\t\tclass=\"user-registration-form__input user-registration-form__input-checkbox\"\n\t\t\t\t\t\t\t\t\t\t\tname=\"rememberme\" type=\"checkbox\" id=\"rememberme\" value=\"forever\"\n\t\t\t\t\t\t\t\t\t\t\t\t\t\t\t\t\t\t\t\t\t\/>\n\t\t\t\t\t\t\t\t\t\t<span>Remember Me<\/span>\n\t\t\t\t\t\t\t\t\t<\/label>\n\t\t\t\t\t\t\t\t<\/div>\n\t\t\t\t\t\t\t\t\t\t\t\t\t\t\t\t\t\t\t\t\t\t\t<div data-field=\"lost-password\"\n\t\t\t\t\t\t\t\t\tclass=\"user-registration-LostPassword lost_password \">\n\t\t\t\t\t\t\t\t\t<label\n\t\t\t\t\t\t\t\t\t\tclass=\"user-registration-form__label user-registration-form__label-for-checkbox inline\">\n\t\t\t\t\t\t\t\t\t\t<a href=\"https:\/\/cemegroup.01linuxsp.coridemo.com\/ceme\/password-lost\/\">Lost your password?<\/a>\n\t\t\t\t\t\t\t\t\t<\/label>\n\t\t\t\t\t\t\t\t<\/div>\n\t\t\t\t\t\t\t\t\t\t\t\t\t\t<\/div>\n\t\t\t\t\t\t\t\t\t\t<\/div>\n\t\t\t\t<div data-field=\"login-button\" class=\"\">\n\t\t\t\t\t\t\t\t\t\t\t\t\t\t\t\t<button type=\"submit\"\n\t\t\t\t\t\t\t\tclass=\"user-registration-Button button ur-submit-button  \"\n\t\t\t\t\t\t\t\tname=\"login\"\n\t\t\t\t\t\t\t\tvalue=\"Login\">Login<\/button>\n\t\t\t\t\t\t\t\t\t<\/div>\n\t\t\t\t<input type=\"hidden\" name=\"redirect\"\n\t\t\t\t\t\tvalue=\"\"\/>\n\t\t\t\t<input type=\"hidden\" name=\"previous_page\" value=\"\"\/>\n\t\t\t\t<div class=\"user-registration-register register \" data-field=\"registration-setting\">\t\t\t\t\t\t\t<a href=\"https:\/\/cemegroup.01linuxsp.coridemo.com\/ceme\/register\/\"> Not a member yet? Register now\t\t\t\t\t\t<\/a>\n\t\t\t\t\t\t<\/div>\t\t\t\t\t\t\t<\/div>\n\t\t<\/div>\n\t<\/form>\n<\/div>\n\n<\/div><\/div>\n\t\t\t\t\t\t<\/div>\n\t\t\t\t<\/div>\n\t\t\t\t<\/div>\n\t\t<!-- dce invisible element 536f6c2 -->\t\t<\/div>\n\t\t\t\t\t<\/div>\n\t\t\t\t<\/div>\n\t\t\t\t<\/div>\n\t\t<div class=\"elementor-element elementor-element-8b99753 e-flex e-con-boxed e-con e-parent\" data-id=\"8b99753\" data-element_type=\"container\" data-e-type=\"container\" data-settings=\"{&quot;background_background&quot;:&quot;classic&quot;}\">\n\t\t\t\t\t<div class=\"e-con-inner\">\n\t\t\t\t\t<\/div>\n\t\t\t\t<\/div>\n\t\t\t\t<\/div>\n\t\t","protected":false},"excerpt":{"rendered":"<p>Technischer Bereich Ein \u00fcbersichtlicher Bereich, in dem Sie alles finden k\u00f6nnen, was mit CEME Produkten zu tun hat: mit einer einfachen Registrierung haben Sie Zugang zu einer Welt des Wissens, das f\u00fcr viele Anwendungen n\u00fctzlich ist. St\u00e4ndig aktualisierte Kataloge Vollst\u00e4ndige technische Datenbl\u00e4tter Gebrauchs- und Wartungshandb\u00fccher Besondere Zertifikate Login Jetzt k\u00f6nnen Sie Ihre Reservierungen visualisieren und [&hellip;]<\/p>\n","protected":false},"author":1,"featured_media":0,"parent":0,"menu_order":0,"comment_status":"closed","ping_status":"closed","template":"","meta":{"_acf_changed":false,"footnotes":""},"class_list":["post-8312","page","type-page","status-publish","hentry"],"acf":[],"yoast_head":"<!-- This site is optimized with the Yoast SEO plugin v27.4 - https:\/\/yoast.com\/product\/yoast-seo-wordpress\/ -->\n<title>Kataloge, technische Datenbl\u00e4tter und Zertifizierungen | CEME<\/title>\n<meta name=\"description\" content=\"Melden Sie sich im technischen Bereich an: aktuelle Kataloge, Bedienungsanleitungen, technische Datenbl\u00e4tter und Zertifizierungen. Registrieren Sie sich, um die vollst\u00e4ndige Dokumentation einzusehen. Registrieren Sie sich, um die vollst\u00e4ndige Dokumentation zu sehen.\" \/>\n<meta name=\"robots\" content=\"noindex, follow, max-snippet:-1, max-image-preview:large, max-video-preview:-1\" \/>\n<meta property=\"og:locale\" content=\"de_DE\" \/>\n<meta property=\"og:type\" content=\"article\" \/>\n<meta property=\"og:title\" content=\"Kataloge, technische Datenbl\u00e4tter und Zertifizierungen | CEME\" \/>\n<meta property=\"og:description\" content=\"Melden Sie sich im technischen Bereich an: aktuelle Kataloge, Bedienungsanleitungen, technische Datenbl\u00e4tter und Zertifizierungen. Registrieren Sie sich, um die vollst\u00e4ndige Dokumentation einzusehen. Registrieren Sie sich, um die vollst\u00e4ndige Dokumentation zu sehen.\" \/>\n<meta property=\"og:url\" content=\"https:\/\/cemegroup.01linuxsp.coridemo.com\/ceme\/de\/technischer-bereich\/\" \/>\n<meta property=\"og:site_name\" content=\"Ceme\" \/>\n<meta property=\"article:modified_time\" content=\"2026-01-09T14:29:20+00:00\" \/>\n<meta property=\"og:image\" content=\"https:\/\/cemegroup.01linuxsp.coridemo.com\/ceme\/wp-content\/uploads\/sites\/4\/2025\/10\/Rectangle-5.png\" \/>\n\t<meta property=\"og:image:width\" content=\"14\" \/>\n\t<meta property=\"og:image:height\" content=\"14\" \/>\n\t<meta property=\"og:image:type\" content=\"image\/png\" \/>\n<meta name=\"twitter:card\" content=\"summary_large_image\" \/>\n<script type=\"application\/ld+json\" class=\"yoast-schema-graph\">{\"@context\":\"https:\\\/\\\/schema.org\",\"@graph\":[{\"@type\":\"WebPage\",\"@id\":\"https:\\\/\\\/cemegroup.01linuxsp.coridemo.com\\\/ceme\\\/de\\\/technischer-bereich\\\/\",\"url\":\"https:\\\/\\\/cemegroup.01linuxsp.coridemo.com\\\/ceme\\\/de\\\/technischer-bereich\\\/\",\"name\":\"Kataloge, technische Datenbl\u00e4tter und Zertifizierungen | CEME\",\"isPartOf\":{\"@id\":\"https:\\\/\\\/cemegroup.01linuxsp.coridemo.com\\\/ceme\\\/de\\\/#website\"},\"primaryImageOfPage\":{\"@id\":\"https:\\\/\\\/cemegroup.01linuxsp.coridemo.com\\\/ceme\\\/de\\\/technischer-bereich\\\/#primaryimage\"},\"image\":{\"@id\":\"https:\\\/\\\/cemegroup.01linuxsp.coridemo.com\\\/ceme\\\/de\\\/technischer-bereich\\\/#primaryimage\"},\"thumbnailUrl\":\"https:\\\/\\\/cemegroup.01linuxsp.coridemo.com\\\/ceme\\\/wp-content\\\/uploads\\\/sites\\\/4\\\/2025\\\/10\\\/Rectangle-5.png\",\"datePublished\":\"2025-10-14T13:25:19+00:00\",\"dateModified\":\"2026-01-09T14:29:20+00:00\",\"description\":\"Melden Sie sich im technischen Bereich an: aktuelle Kataloge, Bedienungsanleitungen, technische Datenbl\u00e4tter und Zertifizierungen. Registrieren Sie sich, um die vollst\u00e4ndige Dokumentation einzusehen. Registrieren Sie sich, um die vollst\u00e4ndige Dokumentation zu sehen.\",\"breadcrumb\":{\"@id\":\"https:\\\/\\\/cemegroup.01linuxsp.coridemo.com\\\/ceme\\\/de\\\/technischer-bereich\\\/#breadcrumb\"},\"inLanguage\":\"de\",\"potentialAction\":[{\"@type\":\"ReadAction\",\"target\":[\"https:\\\/\\\/cemegroup.01linuxsp.coridemo.com\\\/ceme\\\/de\\\/technischer-bereich\\\/\"]}]},{\"@type\":\"ImageObject\",\"inLanguage\":\"de\",\"@id\":\"https:\\\/\\\/cemegroup.01linuxsp.coridemo.com\\\/ceme\\\/de\\\/technischer-bereich\\\/#primaryimage\",\"url\":\"https:\\\/\\\/cemegroup.01linuxsp.coridemo.com\\\/ceme\\\/wp-content\\\/uploads\\\/sites\\\/4\\\/2025\\\/10\\\/Rectangle-5.png\",\"contentUrl\":\"https:\\\/\\\/cemegroup.01linuxsp.coridemo.com\\\/ceme\\\/wp-content\\\/uploads\\\/sites\\\/4\\\/2025\\\/10\\\/Rectangle-5.png\"},{\"@type\":\"BreadcrumbList\",\"@id\":\"https:\\\/\\\/cemegroup.01linuxsp.coridemo.com\\\/ceme\\\/de\\\/technischer-bereich\\\/#breadcrumb\",\"itemListElement\":[{\"@type\":\"ListItem\",\"position\":1,\"name\":\"Home\",\"item\":\"https:\\\/\\\/cemegroup.01linuxsp.coridemo.com\\\/ceme\\\/de\\\/home\\\/\"},{\"@type\":\"ListItem\",\"position\":2,\"name\":\"Technischer Bereich\"}]},{\"@type\":\"WebSite\",\"@id\":\"https:\\\/\\\/cemegroup.01linuxsp.coridemo.com\\\/ceme\\\/de\\\/#website\",\"url\":\"https:\\\/\\\/cemegroup.01linuxsp.coridemo.com\\\/ceme\\\/de\\\/\",\"name\":\"CEME\",\"description\":\"\",\"potentialAction\":[{\"@type\":\"SearchAction\",\"target\":{\"@type\":\"EntryPoint\",\"urlTemplate\":\"https:\\\/\\\/cemegroup.01linuxsp.coridemo.com\\\/ceme\\\/de\\\/?s={search_term_string}\"},\"query-input\":{\"@type\":\"PropertyValueSpecification\",\"valueRequired\":true,\"valueName\":\"search_term_string\"}}],\"inLanguage\":\"de\"}]}<\/script>\n<!-- \/ Yoast SEO plugin. -->","yoast_head_json":{"title":"Kataloge, technische Datenbl\u00e4tter und Zertifizierungen | CEME","description":"Melden Sie sich im technischen Bereich an: aktuelle Kataloge, Bedienungsanleitungen, technische Datenbl\u00e4tter und Zertifizierungen. Registrieren Sie sich, um die vollst\u00e4ndige Dokumentation einzusehen. Registrieren Sie sich, um die vollst\u00e4ndige Dokumentation zu sehen.","robots":{"index":"noindex","follow":"follow","max-snippet":"max-snippet:-1","max-image-preview":"max-image-preview:large","max-video-preview":"max-video-preview:-1"},"og_locale":"de_DE","og_type":"article","og_title":"Kataloge, technische Datenbl\u00e4tter und Zertifizierungen | CEME","og_description":"Melden Sie sich im technischen Bereich an: aktuelle Kataloge, Bedienungsanleitungen, technische Datenbl\u00e4tter und Zertifizierungen. Registrieren Sie sich, um die vollst\u00e4ndige Dokumentation einzusehen. Registrieren Sie sich, um die vollst\u00e4ndige Dokumentation zu sehen.","og_url":"https:\/\/cemegroup.01linuxsp.coridemo.com\/ceme\/de\/technischer-bereich\/","og_site_name":"Ceme","article_modified_time":"2026-01-09T14:29:20+00:00","og_image":[{"width":14,"height":14,"url":"https:\/\/cemegroup.01linuxsp.coridemo.com\/ceme\/wp-content\/uploads\/sites\/4\/2025\/10\/Rectangle-5.png","type":"image\/png"}],"twitter_card":"summary_large_image","schema":{"@context":"https:\/\/schema.org","@graph":[{"@type":"WebPage","@id":"https:\/\/cemegroup.01linuxsp.coridemo.com\/ceme\/de\/technischer-bereich\/","url":"https:\/\/cemegroup.01linuxsp.coridemo.com\/ceme\/de\/technischer-bereich\/","name":"Kataloge, technische Datenbl\u00e4tter und Zertifizierungen | CEME","isPartOf":{"@id":"https:\/\/cemegroup.01linuxsp.coridemo.com\/ceme\/de\/#website"},"primaryImageOfPage":{"@id":"https:\/\/cemegroup.01linuxsp.coridemo.com\/ceme\/de\/technischer-bereich\/#primaryimage"},"image":{"@id":"https:\/\/cemegroup.01linuxsp.coridemo.com\/ceme\/de\/technischer-bereich\/#primaryimage"},"thumbnailUrl":"https:\/\/cemegroup.01linuxsp.coridemo.com\/ceme\/wp-content\/uploads\/sites\/4\/2025\/10\/Rectangle-5.png","datePublished":"2025-10-14T13:25:19+00:00","dateModified":"2026-01-09T14:29:20+00:00","description":"Melden Sie sich im technischen Bereich an: aktuelle Kataloge, Bedienungsanleitungen, technische Datenbl\u00e4tter und Zertifizierungen. Registrieren Sie sich, um die vollst\u00e4ndige Dokumentation einzusehen. Registrieren Sie sich, um die vollst\u00e4ndige Dokumentation zu sehen.","breadcrumb":{"@id":"https:\/\/cemegroup.01linuxsp.coridemo.com\/ceme\/de\/technischer-bereich\/#breadcrumb"},"inLanguage":"de","potentialAction":[{"@type":"ReadAction","target":["https:\/\/cemegroup.01linuxsp.coridemo.com\/ceme\/de\/technischer-bereich\/"]}]},{"@type":"ImageObject","inLanguage":"de","@id":"https:\/\/cemegroup.01linuxsp.coridemo.com\/ceme\/de\/technischer-bereich\/#primaryimage","url":"https:\/\/cemegroup.01linuxsp.coridemo.com\/ceme\/wp-content\/uploads\/sites\/4\/2025\/10\/Rectangle-5.png","contentUrl":"https:\/\/cemegroup.01linuxsp.coridemo.com\/ceme\/wp-content\/uploads\/sites\/4\/2025\/10\/Rectangle-5.png"},{"@type":"BreadcrumbList","@id":"https:\/\/cemegroup.01linuxsp.coridemo.com\/ceme\/de\/technischer-bereich\/#breadcrumb","itemListElement":[{"@type":"ListItem","position":1,"name":"Home","item":"https:\/\/cemegroup.01linuxsp.coridemo.com\/ceme\/de\/home\/"},{"@type":"ListItem","position":2,"name":"Technischer Bereich"}]},{"@type":"WebSite","@id":"https:\/\/cemegroup.01linuxsp.coridemo.com\/ceme\/de\/#website","url":"https:\/\/cemegroup.01linuxsp.coridemo.com\/ceme\/de\/","name":"CEME","description":"","potentialAction":[{"@type":"SearchAction","target":{"@type":"EntryPoint","urlTemplate":"https:\/\/cemegroup.01linuxsp.coridemo.com\/ceme\/de\/?s={search_term_string}"},"query-input":{"@type":"PropertyValueSpecification","valueRequired":true,"valueName":"search_term_string"}}],"inLanguage":"de"}]}},"_links":{"self":[{"href":"https:\/\/cemegroup.01linuxsp.coridemo.com\/ceme\/de\/wp-json\/wp\/v2\/pages\/8312","targetHints":{"allow":["GET"]}}],"collection":[{"href":"https:\/\/cemegroup.01linuxsp.coridemo.com\/ceme\/de\/wp-json\/wp\/v2\/pages"}],"about":[{"href":"https:\/\/cemegroup.01linuxsp.coridemo.com\/ceme\/de\/wp-json\/wp\/v2\/types\/page"}],"author":[{"embeddable":true,"href":"https:\/\/cemegroup.01linuxsp.coridemo.com\/ceme\/de\/wp-json\/wp\/v2\/users\/1"}],"replies":[{"embeddable":true,"href":"https:\/\/cemegroup.01linuxsp.coridemo.com\/ceme\/de\/wp-json\/wp\/v2\/comments?post=8312"}],"version-history":[{"count":5,"href":"https:\/\/cemegroup.01linuxsp.coridemo.com\/ceme\/de\/wp-json\/wp\/v2\/pages\/8312\/revisions"}],"predecessor-version":[{"id":12182,"href":"https:\/\/cemegroup.01linuxsp.coridemo.com\/ceme\/de\/wp-json\/wp\/v2\/pages\/8312\/revisions\/12182"}],"wp:attachment":[{"href":"https:\/\/cemegroup.01linuxsp.coridemo.com\/ceme\/de\/wp-json\/wp\/v2\/media?parent=8312"}],"curies":[{"name":"wp","href":"https:\/\/api.w.org\/{rel}","templated":true}]}}