{"id":19363,"date":"2025-11-06T14:12:20","date_gmt":"2025-11-06T14:12:20","guid":{"rendered":"https:\/\/cemegroup.01linuxsp.coridemo.com\/datenschutzbestimmungen\/"},"modified":"2025-11-06T14:26:18","modified_gmt":"2025-11-06T14:26:18","slug":"datenschutzbestimmungen","status":"publish","type":"page","link":"https:\/\/cemegroup.01linuxsp.coridemo.com\/de\/datenschutzbestimmungen\/","title":{"rendered":"Datenschutzbestimmungen"},"content":{"rendered":"\t\t<div data-elementor-type=\"wp-page\" data-elementor-id=\"19363\" class=\"elementor elementor-19363 elementor-19335\" data-elementor-post-type=\"page\">\n\t\t\t\t<div class=\"elementor-element elementor-element-4f2a7be e-flex e-con-boxed e-con e-parent\" data-id=\"4f2a7be\" data-element_type=\"container\" data-e-type=\"container\">\n\t\t\t\t\t<div class=\"e-con-inner\">\n\t\t\t\t<div class=\"elementor-element elementor-element-3c8753f elementor-widget elementor-widget-text-editor\" data-id=\"3c8753f\" data-element_type=\"widget\" data-e-type=\"widget\" data-widget_type=\"text-editor.default\">\n\t\t\t\t<div class=\"elementor-widget-container\">\n\t\t\t\t\t\t\t\t\t<p><strong>DATENSCHUTZPOLITIK<\/strong><\/p><p><strong>Datenschutzhinweis gem\u00e4\u00df Art. 13 Verordnung (EU) 2016\/679 (GDPR) <\/strong><\/p><p>Gem\u00e4\u00df der Verordnung (EU) 2016\/679 (im Folgenden &#8222;GDPR&#8220;) beschreibt diese Seite die Methoden zur Verarbeitung personenbezogener Daten. Dies ist eine Information, die gem\u00e4\u00df Art. 13 GDPR. Die Informationen gelten nicht f\u00fcr andere Websites von Dritten, die m\u00f6glicherweise \u00fcber Links auf dieser Website zug\u00e4nglich sind und f\u00fcr die keine Verantwortung \u00fcbernommen wird.  <\/p><p><strong>Pers\u00f6nliche Daten<\/strong><\/p><p>Personenbezogene Daten: sind alle Informationen, die sich auf eine identifizierte oder identifizierbare nat\u00fcrliche Person (&#8222;betroffene Person&#8220;) beziehen; als identifizierbar wird eine nat\u00fcrliche Person angesehen, die direkt oder indirekt identifiziert werden kann, insbesondere durch Zuordnung zu einer Kennung wie einem Namen, zu einer Kennnummer, zu Standortdaten, zu einer Online-Kennung oder zu einem oder mehreren besonderen Merkmalen, die Ausdruck der physischen, physiologischen, genetischen, psychischen, wirtschaftlichen, kulturellen oder sozialen Identit\u00e4t sind (Art. 4, Abs. 1 Nr. 1 &#8211; C26, C27, C30 GDPR).<\/p><p><strong>Pers\u00f6nliche Daten der Benutzer<\/strong><\/p><p><strong>Daten durchsuchen<\/strong><\/p><p>Die Computersysteme und Softwareverfahren, die f\u00fcr den Betrieb dieser Website verwendet werden, erfassen w\u00e4hrend ihres normalen Betriebs einige personenbezogene Daten, deren \u00dcbertragung bei der Verwendung von Internet-Kommunikationsprotokollen implizit ist. Zu dieser Datenkategorie geh\u00f6ren die IP-Adressen oder Domain-Namen der von den Nutzern verwendeten Computer und Terminals, die URI-\/URL-Adressen (Uniform Resource Identifier\/Locator) der angeforderten Ressourcen, die Uhrzeit der Anfrage, die f\u00fcr die \u00dcbermittlung der Anfrage an den Server verwendete Methode, die Gr\u00f6\u00dfe der als Antwort erhaltenen Datei, der numerische Code, der den Status der vom Server gegebenen Antwort angibt (erfolgreich, Fehler usw.) sowie andere Parameter, die sich auf das Betriebssystem und die IT-Umgebung des Nutzers beziehen. <\/p><p><strong>Freiwillig offengelegte Daten<\/strong><\/p><p>Das fakultative, ausdr\u00fcckliche und freiwillige Versenden von Nachrichten an die auf dieser Website angegebenen Kontaktadressen und das Ausf\u00fcllen von Formularen zur Datenerfassung hat zur Folge, dass die Adresse des Absenders, die f\u00fcr die Beantwortung von Anfragen erforderlich ist, sowie alle anderen eingegebenen pers\u00f6nlichen Daten erfasst werden.<\/p><p><strong>Informationen \u00fcber die Verarbeitung personenbezogener Daten durch Plattformen der sozialen Medien<\/strong><\/p><p>Bez\u00fcglich der Verarbeitung personenbezogener Daten durch die Betreiber der vom f\u00fcr die Verarbeitung Verantwortlichen genutzten Social-Media-Plattformen verweisen wir auf die Informationen, die diese in ihren jeweiligen Datenschutzrichtlinien bereitstellen. Der f\u00fcr die Verarbeitung Verantwortliche verarbeitet die personenbezogenen Daten, die von den Nutzern \u00fcber die Seiten der entsprechenden Social Media-Plattformen zur Verf\u00fcgung gestellt werden, um die Interaktionen mit den Nutzern (Kommentare, \u00f6ffentliche Beitr\u00e4ge usw.) zu verwalten und in \u00dcbereinstimmung mit der geltenden Gesetzgebung. <\/p><p><strong>Spezifische Informationen<\/strong><\/p><p>Auf den Seiten der Website k\u00f6nnen sich spezifische Informationen zu bestimmten Dienstleistungen oder zur Verarbeitung der angegebenen Daten befinden.<\/p><p><strong>Cookies und andere Tracking-Systeme<\/strong><\/p><p>Informationen zu Cookies und anderen Tracking-Systemen finden Sie in der Cookie-Richtlinie in der Fu\u00dfzeile der Website und unter dem folgenden <a href=\"https:\/\/www.cemegroup.com\/cookie\">Link<\/a>.<\/p><p><strong>1. WER IST DER F\u00dcR DIE DATENVERARBEITUNG VERANTWORTLICHE? WIE KANN ICH IHN KONTAKTIEREN? <\/strong><\/p><p>Ceme S.p.A. mit Sitz in Viale dell&#8217;Industria 5, 27020, Trivolzio (PV), ordnungsgem\u00e4\u00df vertreten durch seinen gesetzlichen Vertreter. Sie k\u00f6nnen den f\u00fcr die Datenverarbeitung Verantwortlichen unter den folgenden Kontaktdaten erreichen: T <a href=\"tel:+39038293011\">+39 0382 93011<\/a>, E-Mail: <a href=\"mailto:privacy@cemegroup.com\">privacy@cemegroup.com.<\/a><br>Der Datenschutzbeauftragte (DSB) ist Rechtsanwalt Ugo Ettore Di Stefano und kann unter der folgenden E-Mail-Adresse kontaktiert werden: <a href=\"mailto:dpo@cemegroup.com\">dpo@cemegroup.com.<\/a> <\/p><p><strong>2. ZWECKE DER VERARBEITUNG, RECHTSGRUNDLAGE F\u00dcR DIE VERARBEITUNG UND DAUER DER DATENSPEICHERUNG<\/strong><\/p><p><strong>ZWECKE DER VERARBEITUNG<\/strong><\/p><p>Browsen auf dieser Website<\/p><p><strong>RECHTSGRUNDLAGE<\/strong><\/p><p><strong>Art. 6 Par. 1, Buchst. f) GDPR  <\/strong><br>Legitimes Interesse des f\u00fcr die Verarbeitung Verantwortlichen<\/p><p><strong>DATENSPEICHERFRIST<\/strong><\/p><p>Die Speicherung der Browsing-Daten erfolgt f\u00fcr die Dauer der Browsing-Sitzung auf der Website.<\/p><p><strong>BEREITSTELLUNG VON PERSONENBEZOGENEN DATEN<\/strong><\/p><p>Die Bereitstellung der Daten ist f\u00fcr die normale Navigation auf der Website erforderlich.<\/p><p><strong>3. EMPF\u00c4NGER ODER KATEGORIEN VON EMPF\u00c4NGERN DER PERSONENBEZOGENEN DATEN<\/strong><\/p><p>Die vom Kunden zur Verf\u00fcgung gestellten personenbezogenen Daten k\u00f6nnen an Empf\u00e4nger \u00fcbermittelt werden, die die Daten als Datenverarbeiter (Art. 28 DSGVO) und\/oder als nat\u00fcrliche Personen, die unter der Aufsicht des Datenverantwortlichen und des Datenverarbeiters handeln (Art. 29 DSGVO), verarbeiten oder die v\u00f6llig unabh\u00e4ngig als unabh\u00e4ngige Datenverarbeiter t\u00e4tig sind, um die von Ceme verfolgten Zwecke wie oben angegeben zu erf\u00fcllen. Die Daten k\u00f6nnen an Empf\u00e4nger weitergegeben werden, die zu den folgenden Kategorien geh\u00f6ren: <\/p><ul><li>Subjekte, die Dienstleistungen f\u00fcr die Verwaltung des IT-Systems und der Kommunikationsnetze von Ceme S.p.A. erbringen (einschlie\u00dflich E-Mail- und Hosting-Dienste);<\/li><li>Unternehmen, die Hilfs- und Beratungsdienste f\u00fcr die Verwaltung der APP anbieten;<\/li><li>Freiberufler, Firmen oder Unternehmen im Rahmen von Assistenz- und Beratungsverh\u00e4ltnissen;<\/li><li>Beh\u00f6rden, die f\u00fcr die Erf\u00fcllung gesetzlicher Verpflichtungen und\/oder Bestimmungen \u00f6ffentlicher Einrichtungen zust\u00e4ndig sind, auf Anfrage.<\/li><\/ul><p><strong>4. WERDEN DIE DATEN IN NICHT-EEA-L\u00c4NDER \u00dcBERTRAGEN?<\/strong><\/p><p>Personenbezogene Daten werden nicht in Nicht-EWR-L\u00e4nder \u00fcbertragen.<\/p><p><strong>5. GIBT ES EINEN AUTOMATISIERTEN PROZESS?<\/strong><\/p><p>Personenbezogene Daten werden traditionell manuell, elektronisch und automatisiert verarbeitet. Es wird festgelegt, dass keine vollst\u00e4ndig automatisierten Entscheidungsprozesse durchgef\u00fchrt werden. <\/p><p><strong>6. WAS SIND IHRE RECHTE? WIE K\u00d6NNEN SIE SIE AUS\u00dcBEN? <\/strong><\/p><p>Sie k\u00f6nnen Ihre Rechte gem\u00e4\u00df der Verordnung (EU) 2016\/679 aus\u00fcben, indem Sie sich an den f\u00fcr die Verarbeitung Verantwortlichen unter der E-Mail-Adresse <a href=\"mailto:privacy@cemegroup.com\">privacy@cemegroup.com wenden .<\/a> Sie haben jederzeit das Recht, von dem f\u00fcr die Verarbeitung Verantwortlichen Zugang zu Ihren personenbezogenen Daten (Art. 15), deren Berichtigung (Art. 16) oder L\u00f6schung (Art. 17) sowie die Einschr\u00e4nkung der Verarbeitung (Art. 18) zu verlangen. Au\u00dferdem haben Sie gegebenenfalls das Recht auf Daten\u00fcbertragbarkeit (Art. 20): In diesem Fall stellt Ihnen der f\u00fcr die Verarbeitung Verantwortliche Ihre personenbezogenen Daten in einem strukturierten, allgemein gebr\u00e4uchlichen und maschinenlesbaren Format zur Verf\u00fcgung. Unbeschadet anderer administrativer und gerichtlicher Rechtsbehelfe haben Sie, wenn Sie der Ansicht sind, dass die Verarbeitung Ihrer Daten gegen die Verordnung (EU) 2016\/679 verst\u00f6\u00dft, gem\u00e4\u00df Art. 15 Buchstabe f) das Recht, eine Beschwerde bei der Aufsichtsbeh\u00f6rde, d.h. der italienischen Datenschutzbeh\u00f6rde<a href=\"https:\/\/www.garanteprivacy.it\/\">(https:\/\/www.garanteprivacy.it\/)<\/a>, einzureichen und unter Bezugnahme auf Art. 6 Absatz 1 Buchstabe a) haben Sie das Recht, Ihre Einwilligung jederzeit zu widerrufen, indem Sie sich gem\u00e4\u00df den oben beschriebenen Verfahren schriftlich an den f\u00fcr die Verarbeitung Verantwortlichen und\/oder den DSB wenden.    <\/p><p><strong>7. \u00c4NDERUNGEN AN DEN INFORMATIONEN<\/strong><\/p><p>Der f\u00fcr die Datenverarbeitung Verantwortliche beh\u00e4lt sich das Recht vor, Teile dieser Informationen zu \u00e4ndern, zu aktualisieren, hinzuzuf\u00fcgen oder zu entfernen. Um die \u00dcberpr\u00fcfung und \u00c4nderung des Textes zu erleichtern, wird in den Informationen das Datum der Aktualisierung angegeben. <\/p><p>Datum der Aktualisierung: 27.02.2024<\/p>\t\t\t\t\t\t\t\t<\/div>\n\t\t\t\t<\/div>\n\t\t\t\t\t<\/div>\n\t\t\t\t<\/div>\n\t\t\t\t<\/div>\n\t\t","protected":false},"excerpt":{"rendered":"<p>DATENSCHUTZPOLITIK Datenschutzhinweis gem\u00e4\u00df Art. 13 Verordnung (EU) 2016\/679 (GDPR) Gem\u00e4\u00df der Verordnung (EU) 2016\/679 (im Folgenden &#8222;GDPR&#8220;) beschreibt diese Seite die Methoden zur Verarbeitung personenbezogener Daten. Dies ist eine Information, die gem\u00e4\u00df Art. 13 GDPR. Die Informationen gelten nicht f\u00fcr andere Websites von Dritten, die m\u00f6glicherweise \u00fcber Links auf dieser Website zug\u00e4nglich sind und f\u00fcr [&hellip;]<\/p>\n","protected":false},"author":1,"featured_media":0,"parent":0,"menu_order":0,"comment_status":"closed","ping_status":"closed","template":"","meta":{"_acf_changed":false,"footnotes":""},"class_list":["post-19363","page","type-page","status-publish","hentry"],"acf":[],"yoast_head":"<!-- This site is optimized with the Yoast SEO plugin v27.4 - https:\/\/yoast.com\/product\/yoast-seo-wordpress\/ -->\n<title>Datenschutzbestimmungen - Ceme Group<\/title>\n<meta name=\"robots\" content=\"noindex, follow, max-snippet:-1, max-image-preview:large, max-video-preview:-1\" \/>\n<meta property=\"og:locale\" content=\"de_DE\" \/>\n<meta property=\"og:type\" content=\"article\" \/>\n<meta property=\"og:title\" content=\"Datenschutzbestimmungen - Ceme Group\" \/>\n<meta property=\"og:description\" content=\"DATENSCHUTZPOLITIK Datenschutzhinweis gem\u00e4\u00df Art. 13 Verordnung (EU) 2016\/679 (GDPR) Gem\u00e4\u00df der Verordnung (EU) 2016\/679 (im Folgenden &#8222;GDPR&#8220;) beschreibt diese Seite die Methoden zur Verarbeitung personenbezogener Daten. Dies ist eine Information, die gem\u00e4\u00df Art. 13 GDPR. Die Informationen gelten nicht f\u00fcr andere Websites von Dritten, die m\u00f6glicherweise \u00fcber Links auf dieser Website zug\u00e4nglich sind und f\u00fcr [&hellip;]\" \/>\n<meta property=\"og:url\" content=\"https:\/\/cemegroup.01linuxsp.coridemo.com\/de\/datenschutzbestimmungen\/\" \/>\n<meta property=\"og:site_name\" content=\"Ceme Group\" \/>\n<meta property=\"article:modified_time\" content=\"2025-11-06T14:26:18+00:00\" \/>\n<meta name=\"twitter:card\" content=\"summary_large_image\" \/>\n<meta name=\"twitter:label1\" content=\"Gesch\u00e4tzte Lesezeit\" \/>\n\t<meta name=\"twitter:data1\" content=\"5\u00a0Minuten\" \/>\n<script type=\"application\/ld+json\" class=\"yoast-schema-graph\">{\"@context\":\"https:\\\/\\\/schema.org\",\"@graph\":[{\"@type\":\"WebPage\",\"@id\":\"https:\\\/\\\/cemegroup.01linuxsp.coridemo.com\\\/de\\\/datenschutzbestimmungen\\\/\",\"url\":\"https:\\\/\\\/cemegroup.01linuxsp.coridemo.com\\\/de\\\/datenschutzbestimmungen\\\/\",\"name\":\"Datenschutzbestimmungen - Ceme Group\",\"isPartOf\":{\"@id\":\"https:\\\/\\\/cemegroup.01linuxsp.coridemo.com\\\/de\\\/#website\"},\"datePublished\":\"2025-11-06T14:12:20+00:00\",\"dateModified\":\"2025-11-06T14:26:18+00:00\",\"breadcrumb\":{\"@id\":\"https:\\\/\\\/cemegroup.01linuxsp.coridemo.com\\\/de\\\/datenschutzbestimmungen\\\/#breadcrumb\"},\"inLanguage\":\"de\",\"potentialAction\":[{\"@type\":\"ReadAction\",\"target\":[\"https:\\\/\\\/cemegroup.01linuxsp.coridemo.com\\\/de\\\/datenschutzbestimmungen\\\/\"]}]},{\"@type\":\"BreadcrumbList\",\"@id\":\"https:\\\/\\\/cemegroup.01linuxsp.coridemo.com\\\/de\\\/datenschutzbestimmungen\\\/#breadcrumb\",\"itemListElement\":[{\"@type\":\"ListItem\",\"position\":1,\"name\":\"Home\",\"item\":\"https:\\\/\\\/cemegroup.01linuxsp.coridemo.com\\\/de\\\/\"},{\"@type\":\"ListItem\",\"position\":2,\"name\":\"Datenschutzbestimmungen\"}]},{\"@type\":\"WebSite\",\"@id\":\"https:\\\/\\\/cemegroup.01linuxsp.coridemo.com\\\/de\\\/#website\",\"url\":\"https:\\\/\\\/cemegroup.01linuxsp.coridemo.com\\\/de\\\/\",\"name\":\"Ceme Group\",\"description\":\"\",\"potentialAction\":[{\"@type\":\"SearchAction\",\"target\":{\"@type\":\"EntryPoint\",\"urlTemplate\":\"https:\\\/\\\/cemegroup.01linuxsp.coridemo.com\\\/de\\\/?s={search_term_string}\"},\"query-input\":{\"@type\":\"PropertyValueSpecification\",\"valueRequired\":true,\"valueName\":\"search_term_string\"}}],\"inLanguage\":\"de\"}]}<\/script>\n<!-- \/ Yoast SEO plugin. -->","yoast_head_json":{"title":"Datenschutzbestimmungen - Ceme Group","robots":{"index":"noindex","follow":"follow","max-snippet":"max-snippet:-1","max-image-preview":"max-image-preview:large","max-video-preview":"max-video-preview:-1"},"og_locale":"de_DE","og_type":"article","og_title":"Datenschutzbestimmungen - Ceme Group","og_description":"DATENSCHUTZPOLITIK Datenschutzhinweis gem\u00e4\u00df Art. 13 Verordnung (EU) 2016\/679 (GDPR) Gem\u00e4\u00df der Verordnung (EU) 2016\/679 (im Folgenden &#8222;GDPR&#8220;) beschreibt diese Seite die Methoden zur Verarbeitung personenbezogener Daten. Dies ist eine Information, die gem\u00e4\u00df Art. 13 GDPR. Die Informationen gelten nicht f\u00fcr andere Websites von Dritten, die m\u00f6glicherweise \u00fcber Links auf dieser Website zug\u00e4nglich sind und f\u00fcr [&hellip;]","og_url":"https:\/\/cemegroup.01linuxsp.coridemo.com\/de\/datenschutzbestimmungen\/","og_site_name":"Ceme Group","article_modified_time":"2025-11-06T14:26:18+00:00","twitter_card":"summary_large_image","twitter_misc":{"Gesch\u00e4tzte Lesezeit":"5\u00a0Minuten"},"schema":{"@context":"https:\/\/schema.org","@graph":[{"@type":"WebPage","@id":"https:\/\/cemegroup.01linuxsp.coridemo.com\/de\/datenschutzbestimmungen\/","url":"https:\/\/cemegroup.01linuxsp.coridemo.com\/de\/datenschutzbestimmungen\/","name":"Datenschutzbestimmungen - Ceme Group","isPartOf":{"@id":"https:\/\/cemegroup.01linuxsp.coridemo.com\/de\/#website"},"datePublished":"2025-11-06T14:12:20+00:00","dateModified":"2025-11-06T14:26:18+00:00","breadcrumb":{"@id":"https:\/\/cemegroup.01linuxsp.coridemo.com\/de\/datenschutzbestimmungen\/#breadcrumb"},"inLanguage":"de","potentialAction":[{"@type":"ReadAction","target":["https:\/\/cemegroup.01linuxsp.coridemo.com\/de\/datenschutzbestimmungen\/"]}]},{"@type":"BreadcrumbList","@id":"https:\/\/cemegroup.01linuxsp.coridemo.com\/de\/datenschutzbestimmungen\/#breadcrumb","itemListElement":[{"@type":"ListItem","position":1,"name":"Home","item":"https:\/\/cemegroup.01linuxsp.coridemo.com\/de\/"},{"@type":"ListItem","position":2,"name":"Datenschutzbestimmungen"}]},{"@type":"WebSite","@id":"https:\/\/cemegroup.01linuxsp.coridemo.com\/de\/#website","url":"https:\/\/cemegroup.01linuxsp.coridemo.com\/de\/","name":"Ceme Group","description":"","potentialAction":[{"@type":"SearchAction","target":{"@type":"EntryPoint","urlTemplate":"https:\/\/cemegroup.01linuxsp.coridemo.com\/de\/?s={search_term_string}"},"query-input":{"@type":"PropertyValueSpecification","valueRequired":true,"valueName":"search_term_string"}}],"inLanguage":"de"}]}},"_links":{"self":[{"href":"https:\/\/cemegroup.01linuxsp.coridemo.com\/de\/wp-json\/wp\/v2\/pages\/19363","targetHints":{"allow":["GET"]}}],"collection":[{"href":"https:\/\/cemegroup.01linuxsp.coridemo.com\/de\/wp-json\/wp\/v2\/pages"}],"about":[{"href":"https:\/\/cemegroup.01linuxsp.coridemo.com\/de\/wp-json\/wp\/v2\/types\/page"}],"author":[{"embeddable":true,"href":"https:\/\/cemegroup.01linuxsp.coridemo.com\/de\/wp-json\/wp\/v2\/users\/1"}],"replies":[{"embeddable":true,"href":"https:\/\/cemegroup.01linuxsp.coridemo.com\/de\/wp-json\/wp\/v2\/comments?post=19363"}],"version-history":[{"count":1,"href":"https:\/\/cemegroup.01linuxsp.coridemo.com\/de\/wp-json\/wp\/v2\/pages\/19363\/revisions"}],"predecessor-version":[{"id":19364,"href":"https:\/\/cemegroup.01linuxsp.coridemo.com\/de\/wp-json\/wp\/v2\/pages\/19363\/revisions\/19364"}],"wp:attachment":[{"href":"https:\/\/cemegroup.01linuxsp.coridemo.com\/de\/wp-json\/wp\/v2\/media?parent=19363"}],"curies":[{"name":"wp","href":"https:\/\/api.w.org\/{rel}","templated":true}]}}