{"id":19385,"date":"2025-11-07T08:10:56","date_gmt":"2025-11-07T08:10:56","guid":{"rendered":"https:\/\/cemegroup.01linuxsp.coridemo.com\/cookie-richtlinie-2\/"},"modified":"2025-11-07T08:13:36","modified_gmt":"2025-11-07T08:13:36","slug":"cookie-richtlinie-2","status":"publish","type":"page","link":"https:\/\/cemegroup.01linuxsp.coridemo.com\/de\/cookie-richtlinie-2\/","title":{"rendered":"Cookie-Richtlinie"},"content":{"rendered":"\t\t<div data-elementor-type=\"wp-page\" data-elementor-id=\"19385\" class=\"elementor elementor-19385 elementor-19375\" data-elementor-post-type=\"page\">\n\t\t\t\t<div class=\"elementor-element elementor-element-d370cdb e-flex e-con-boxed e-con e-parent\" data-id=\"d370cdb\" data-element_type=\"container\" data-e-type=\"container\">\n\t\t\t\t\t<div class=\"e-con-inner\">\n\t\t\t\t<div class=\"elementor-element elementor-element-2b7433b elementor-widget elementor-widget-text-editor\" data-id=\"2b7433b\" data-element_type=\"widget\" data-e-type=\"widget\" data-widget_type=\"text-editor.default\">\n\t\t\t\t<div class=\"elementor-widget-container\">\n\t\t\t\t\t\t\t\t\t<p class=\"CookieDeclarationDialogText\">Diese Website verwendet Cookies. Wir verwenden Cookies, um Inhalte und Anzeigen zu personalisieren, um Funktionen f\u00fcr soziale Medien bereitzustellen und um unseren Datenverkehr zu analysieren. Wir geben auch Informationen \u00fcber Ihre Nutzung unserer Website an unsere Partner f\u00fcr soziale Medien, Werbung und Analysen weiter, die diese mit anderen Informationen kombinieren k\u00f6nnen, die Sie ihnen zur Verf\u00fcgung gestellt haben oder die sie aus Ihrer Nutzung ihrer Dienste gesammelt haben. F\u00fcr weitere Informationen besuchen Sie bitte unsere <a title=\"Cookie-Richtlinie\" href=\"https:\/\/www.cemegroup.com\/cookie\" target=\"_blank\" rel=\"noopener\">Cookie-Richtlinie<\/a>   <\/p><p class=\"CookieDeclarationIntro\">Cookies sind kleine Textdateien, die von Websites verwendet werden k\u00f6nnen, um die Erfahrung eines Benutzers effizienter zu gestalten.<br><br>Das Gesetz besagt, dass wir Cookies auf Ihrem Ger\u00e4t speichern d\u00fcrfen, wenn sie f\u00fcr den Betrieb dieser Website unbedingt erforderlich sind. F\u00fcr alle anderen Arten von Cookies ben\u00f6tigen wir Ihre Zustimmung. <br><br>Diese Website verwendet verschiedene Arten von Cookies. Einige Cookies werden von Diensten Dritter gesetzt, die auf unseren Seiten erscheinen. <br><br>Sie k\u00f6nnen Ihre Zustimmung jederzeit in der Cookie-Erkl\u00e4rung auf unserer Website \u00e4ndern oder widerrufen.<br><br>Erfahren Sie mehr dar\u00fcber, wer wir sind, wie Sie uns kontaktieren k\u00f6nnen und wie wir pers\u00f6nliche Daten verarbeiten, in unserer <a title=\"Datenschutzbestimmungen\" href=\"https:\/\/www.cemegroup.com\/privacy\" target=\"_blank\" rel=\"noopener\">Datenschutzerkl\u00e4rung<\/a>.<br><br>Bitte geben Sie die ID und das Datum Ihrer Zustimmung an, wenn Sie uns bez\u00fcglich Ihrer Zustimmung kontaktieren.<\/p><p>Ihr Einverst\u00e4ndnis gilt f\u00fcr die folgenden Domains: www.cemegroup.com<\/p>\t\t\t\t\t\t\t\t<\/div>\n\t\t\t\t<\/div>\n\t\t\t\t\t<\/div>\n\t\t\t\t<\/div>\n\t\t\t\t<\/div>\n\t\t","protected":false},"excerpt":{"rendered":"<p>Diese Website verwendet Cookies. Wir verwenden Cookies, um Inhalte und Anzeigen zu personalisieren, um Funktionen f\u00fcr soziale Medien bereitzustellen und um unseren Datenverkehr zu analysieren. Wir geben auch Informationen \u00fcber Ihre Nutzung unserer Website an unsere Partner f\u00fcr soziale Medien, Werbung und Analysen weiter, die diese mit anderen Informationen kombinieren k\u00f6nnen, die Sie ihnen zur [&hellip;]<\/p>\n","protected":false},"author":1,"featured_media":0,"parent":0,"menu_order":0,"comment_status":"closed","ping_status":"closed","template":"","meta":{"_acf_changed":false,"footnotes":""},"class_list":["post-19385","page","type-page","status-publish","hentry"],"acf":[],"yoast_head":"<!-- This site is optimized with the Yoast SEO plugin v27.4 - https:\/\/yoast.com\/product\/yoast-seo-wordpress\/ -->\n<title>Cookie-Richtlinie - Ceme Group<\/title>\n<meta name=\"robots\" content=\"noindex, follow, max-snippet:-1, max-image-preview:large, max-video-preview:-1\" \/>\n<meta property=\"og:locale\" content=\"de_DE\" \/>\n<meta property=\"og:type\" content=\"article\" \/>\n<meta property=\"og:title\" content=\"Cookie-Richtlinie - Ceme Group\" \/>\n<meta property=\"og:description\" content=\"Diese Website verwendet Cookies. Wir verwenden Cookies, um Inhalte und Anzeigen zu personalisieren, um Funktionen f\u00fcr soziale Medien bereitzustellen und um unseren Datenverkehr zu analysieren. Wir geben auch Informationen \u00fcber Ihre Nutzung unserer Website an unsere Partner f\u00fcr soziale Medien, Werbung und Analysen weiter, die diese mit anderen Informationen kombinieren k\u00f6nnen, die Sie ihnen zur [&hellip;]\" \/>\n<meta property=\"og:url\" content=\"https:\/\/cemegroup.01linuxsp.coridemo.com\/de\/cookie-richtlinie-2\/\" \/>\n<meta property=\"og:site_name\" content=\"Ceme Group\" \/>\n<meta property=\"article:modified_time\" content=\"2025-11-07T08:13:36+00:00\" \/>\n<meta name=\"twitter:card\" content=\"summary_large_image\" \/>\n<meta name=\"twitter:label1\" content=\"Gesch\u00e4tzte Lesezeit\" \/>\n\t<meta name=\"twitter:data1\" content=\"1\u00a0Minute\" \/>\n<script type=\"application\/ld+json\" class=\"yoast-schema-graph\">{\"@context\":\"https:\\\/\\\/schema.org\",\"@graph\":[{\"@type\":\"WebPage\",\"@id\":\"https:\\\/\\\/cemegroup.01linuxsp.coridemo.com\\\/de\\\/cookie-richtlinie-2\\\/\",\"url\":\"https:\\\/\\\/cemegroup.01linuxsp.coridemo.com\\\/de\\\/cookie-richtlinie-2\\\/\",\"name\":\"Cookie-Richtlinie - Ceme Group\",\"isPartOf\":{\"@id\":\"https:\\\/\\\/cemegroup.01linuxsp.coridemo.com\\\/de\\\/#website\"},\"datePublished\":\"2025-11-07T08:10:56+00:00\",\"dateModified\":\"2025-11-07T08:13:36+00:00\",\"breadcrumb\":{\"@id\":\"https:\\\/\\\/cemegroup.01linuxsp.coridemo.com\\\/de\\\/cookie-richtlinie-2\\\/#breadcrumb\"},\"inLanguage\":\"de\",\"potentialAction\":[{\"@type\":\"ReadAction\",\"target\":[\"https:\\\/\\\/cemegroup.01linuxsp.coridemo.com\\\/de\\\/cookie-richtlinie-2\\\/\"]}]},{\"@type\":\"BreadcrumbList\",\"@id\":\"https:\\\/\\\/cemegroup.01linuxsp.coridemo.com\\\/de\\\/cookie-richtlinie-2\\\/#breadcrumb\",\"itemListElement\":[{\"@type\":\"ListItem\",\"position\":1,\"name\":\"Home\",\"item\":\"https:\\\/\\\/cemegroup.01linuxsp.coridemo.com\\\/de\\\/\"},{\"@type\":\"ListItem\",\"position\":2,\"name\":\"Cookie-Richtlinie\"}]},{\"@type\":\"WebSite\",\"@id\":\"https:\\\/\\\/cemegroup.01linuxsp.coridemo.com\\\/de\\\/#website\",\"url\":\"https:\\\/\\\/cemegroup.01linuxsp.coridemo.com\\\/de\\\/\",\"name\":\"Ceme Group\",\"description\":\"\",\"potentialAction\":[{\"@type\":\"SearchAction\",\"target\":{\"@type\":\"EntryPoint\",\"urlTemplate\":\"https:\\\/\\\/cemegroup.01linuxsp.coridemo.com\\\/de\\\/?s={search_term_string}\"},\"query-input\":{\"@type\":\"PropertyValueSpecification\",\"valueRequired\":true,\"valueName\":\"search_term_string\"}}],\"inLanguage\":\"de\"}]}<\/script>\n<!-- \/ Yoast SEO plugin. -->","yoast_head_json":{"title":"Cookie-Richtlinie - Ceme Group","robots":{"index":"noindex","follow":"follow","max-snippet":"max-snippet:-1","max-image-preview":"max-image-preview:large","max-video-preview":"max-video-preview:-1"},"og_locale":"de_DE","og_type":"article","og_title":"Cookie-Richtlinie - Ceme Group","og_description":"Diese Website verwendet Cookies. Wir verwenden Cookies, um Inhalte und Anzeigen zu personalisieren, um Funktionen f\u00fcr soziale Medien bereitzustellen und um unseren Datenverkehr zu analysieren. Wir geben auch Informationen \u00fcber Ihre Nutzung unserer Website an unsere Partner f\u00fcr soziale Medien, Werbung und Analysen weiter, die diese mit anderen Informationen kombinieren k\u00f6nnen, die Sie ihnen zur [&hellip;]","og_url":"https:\/\/cemegroup.01linuxsp.coridemo.com\/de\/cookie-richtlinie-2\/","og_site_name":"Ceme Group","article_modified_time":"2025-11-07T08:13:36+00:00","twitter_card":"summary_large_image","twitter_misc":{"Gesch\u00e4tzte Lesezeit":"1\u00a0Minute"},"schema":{"@context":"https:\/\/schema.org","@graph":[{"@type":"WebPage","@id":"https:\/\/cemegroup.01linuxsp.coridemo.com\/de\/cookie-richtlinie-2\/","url":"https:\/\/cemegroup.01linuxsp.coridemo.com\/de\/cookie-richtlinie-2\/","name":"Cookie-Richtlinie - Ceme Group","isPartOf":{"@id":"https:\/\/cemegroup.01linuxsp.coridemo.com\/de\/#website"},"datePublished":"2025-11-07T08:10:56+00:00","dateModified":"2025-11-07T08:13:36+00:00","breadcrumb":{"@id":"https:\/\/cemegroup.01linuxsp.coridemo.com\/de\/cookie-richtlinie-2\/#breadcrumb"},"inLanguage":"de","potentialAction":[{"@type":"ReadAction","target":["https:\/\/cemegroup.01linuxsp.coridemo.com\/de\/cookie-richtlinie-2\/"]}]},{"@type":"BreadcrumbList","@id":"https:\/\/cemegroup.01linuxsp.coridemo.com\/de\/cookie-richtlinie-2\/#breadcrumb","itemListElement":[{"@type":"ListItem","position":1,"name":"Home","item":"https:\/\/cemegroup.01linuxsp.coridemo.com\/de\/"},{"@type":"ListItem","position":2,"name":"Cookie-Richtlinie"}]},{"@type":"WebSite","@id":"https:\/\/cemegroup.01linuxsp.coridemo.com\/de\/#website","url":"https:\/\/cemegroup.01linuxsp.coridemo.com\/de\/","name":"Ceme Group","description":"","potentialAction":[{"@type":"SearchAction","target":{"@type":"EntryPoint","urlTemplate":"https:\/\/cemegroup.01linuxsp.coridemo.com\/de\/?s={search_term_string}"},"query-input":{"@type":"PropertyValueSpecification","valueRequired":true,"valueName":"search_term_string"}}],"inLanguage":"de"}]}},"_links":{"self":[{"href":"https:\/\/cemegroup.01linuxsp.coridemo.com\/de\/wp-json\/wp\/v2\/pages\/19385","targetHints":{"allow":["GET"]}}],"collection":[{"href":"https:\/\/cemegroup.01linuxsp.coridemo.com\/de\/wp-json\/wp\/v2\/pages"}],"about":[{"href":"https:\/\/cemegroup.01linuxsp.coridemo.com\/de\/wp-json\/wp\/v2\/types\/page"}],"author":[{"embeddable":true,"href":"https:\/\/cemegroup.01linuxsp.coridemo.com\/de\/wp-json\/wp\/v2\/users\/1"}],"replies":[{"embeddable":true,"href":"https:\/\/cemegroup.01linuxsp.coridemo.com\/de\/wp-json\/wp\/v2\/comments?post=19385"}],"version-history":[{"count":1,"href":"https:\/\/cemegroup.01linuxsp.coridemo.com\/de\/wp-json\/wp\/v2\/pages\/19385\/revisions"}],"predecessor-version":[{"id":19386,"href":"https:\/\/cemegroup.01linuxsp.coridemo.com\/de\/wp-json\/wp\/v2\/pages\/19385\/revisions\/19386"}],"wp:attachment":[{"href":"https:\/\/cemegroup.01linuxsp.coridemo.com\/de\/wp-json\/wp\/v2\/media?parent=19385"}],"curies":[{"name":"wp","href":"https:\/\/api.w.org\/{rel}","templated":true}]}}