{"id":19412,"date":"2025-11-07T09:03:23","date_gmt":"2025-11-07T09:03:23","guid":{"rendered":"https:\/\/cemegroup.01linuxsp.coridemo.com\/datenschutzbereich-fuer-investoren\/"},"modified":"2025-11-07T09:06:41","modified_gmt":"2025-11-07T09:06:41","slug":"datenschutzbereich-fuer-investoren","status":"publish","type":"page","link":"https:\/\/cemegroup.01linuxsp.coridemo.com\/de\/datenschutzbereich-fuer-investoren\/","title":{"rendered":"Datenschutzbereich f\u00fcr Investoren"},"content":{"rendered":"\t\t<div data-elementor-type=\"wp-page\" data-elementor-id=\"19412\" class=\"elementor elementor-19412 elementor-19405\" data-elementor-post-type=\"page\">\n\t\t\t\t<div class=\"elementor-element elementor-element-7e92dfa e-flex e-con-boxed e-con e-parent\" data-id=\"7e92dfa\" data-element_type=\"container\" data-e-type=\"container\">\n\t\t\t\t\t<div class=\"e-con-inner\">\n\t\t\t\t<div class=\"elementor-element elementor-element-22f0aeb elementor-widget elementor-widget-text-editor\" data-id=\"22f0aeb\" data-element_type=\"widget\" data-e-type=\"widget\" data-widget_type=\"text-editor.default\">\n\t\t\t\t<div class=\"elementor-widget-container\">\n\t\t\t\t\t\t\t\t\t<p><b>Datenschutzbestimmungen und Nutzungsbedingungen f\u00fcr den Zugang zum Investorenbereich der Website<\/b><\/p><p>Diese Datenschutzerkl\u00e4rung wird gem\u00e4\u00df Artikel 13 der Verordnung (EU) 2016\/679 (im Folgenden &#8222;GDPR&#8220;) und den geltenden italienischen Datenschutzgesetzen bereitgestellt.<\/p><p><b>Data Controller<\/b><\/p><p>Der Inhaber der Datenverarbeitung ist [Ceme S.p.A.], mit Sitz in [Trivolzio (PV)], Viale delle Industrie 5, E-Mail: indirizzo email investor.relations@cemegroup.com, PEC: cemespa@legalmail.it<\/p><p><b>Zweck der Sektion f\u00fcr Investoren<\/b><\/p><p>Dieser Bereich wurde eingerichtet, um bestehende und potenzielle Investoren, Finanzanalysten, Ratingagenturen und andere autorisierte Personen mit wirtschaftlichen, finanziellen und rechtlichen Informationen zu versorgen. Die in diesem Bereich ver\u00f6ffentlichten Inhalte dienen ausschlie\u00dflich zu Informationszwecken und stellen kein Angebot oder eine Aufforderung zum Kauf von Finanzinstrumenten dar. <\/p><p><b>Arten von verarbeiteten Daten<\/b><\/p><p>Bei der Registrierung und Nutzung des Anlegerbereichs erheben und verarbeiten wir die folgenden personenbezogenen Daten:<\/p><ul><li><b>Identifizierungsdaten<\/b>: Name, Nachname, E-Mail, Adresse, Telefonnummer;<\/li><li><b>Zugangsdaten<\/b>: Anmeldedaten (Benutzername und Passwort);<\/li><li><b>Kommunikation<\/b>: Nachrichten, die \u00fcber unsere Kontaktkan\u00e4le gesendet werden.<\/li><\/ul><p><b>Regeln f\u00fcr die Nutzung des Bereichs f\u00fcr Investoren<\/b><\/p><ul><li>Der Zugang ist auf Personen beschr\u00e4nkt, die die Registrierung erfolgreich abgeschlossen haben und die entsprechende Genehmigung vom zust\u00e4ndigen Beamten erhalten haben.<\/li><li>Es ist verboten, den Inhalt dieses Abschnitts ohne vorherige schriftliche Genehmigung des f\u00fcr die Datenverarbeitung Verantwortlichen weiterzugeben, zu kopieren oder zu teilen.<\/li><li>Jeder Benutzer ist f\u00fcr die Geheimhaltung der entsprechenden Zugangsdaten verantwortlich. Bei Verdacht auf unbefugte Nutzung wenden Sie sich bitte sofort an den zust\u00e4ndigen Mitarbeiter. <\/li><li>Die Nutzung dieses Bereichs muss den geltenden Gesetzen und diesen Nutzungsbedingungen entsprechen.<\/li><\/ul><p><b>Zweck und Rechtsgrundlage der Verarbeitung<\/b><\/p><p>Die personenbezogenen Daten der Nutzer werden f\u00fcr die folgenden Zwecke verarbeitet:<\/p><ul><li><b>Zugang und Verwaltung des Anlegerbereichs<\/b>: um den Zugang zu dem speziellen Bereich mit Finanzberichten und anderen wirtschaftlichen, finanziellen und rechtlichen Informationen des Unternehmens zu erm\u00f6glichen (Artikel 6 Absatz 1 Buchstabe b der DSGVO).<\/li><li><b>Einhaltung rechtlicher Verpflichtungen<\/b>: zur Einhaltung der geltenden Vorschriften, einschlie\u00dflich der Verpflichtung zur finanziellen Transparenz (Artikel 6 Absatz 1 Buchstabe c der DSGVO).<\/li><li><b>Sicherheit der Website<\/b>: um unbefugten Zugriff zu verhindern und die Sicherheit der ver\u00f6ffentlichten Informationen zu gew\u00e4hrleisten (Artikel 6(1)(f) der Datenschutzgrundverordnung).<\/li><\/ul><p><b>Methoden der Verarbeitung<\/b><\/p><p>Die Verarbeitung personenbezogener Daten erfolgt in \u00dcbereinstimmung mit den Grunds\u00e4tzen der Rechtm\u00e4\u00dfigkeit, Fairness und Transparenz, unter Verwendung elektronischer und manueller Hilfsmittel sowie geeigneter Sicherheitsma\u00dfnahmen zur Gew\u00e4hrleistung der Vertraulichkeit und Integrit\u00e4t der Informationen.<\/p><p><b>Aufbewahrung von Daten<\/b><\/p><p>Personenbezogene Daten werden so lange aufbewahrt, wie es unbedingt notwendig ist, um die angegebenen Zwecke zu erreichen, oder f\u00fcr l\u00e4ngere Zeitr\u00e4ume, wenn dies aufgrund gesetzlicher Verpflichtungen erforderlich ist.<\/p><p><b>Offenlegung und Weitergabe von Daten<\/b><\/p><p>Pers\u00f6nliche Daten werden nicht weitergegeben, k\u00f6nnen aber mit anderen geteilt werden:<\/p><ul><li>IT-Dienstleister f\u00fcr die Verwaltung von Websites;<\/li><li>Rechts- und Finanzberater;<\/li><li>Zust\u00e4ndige Beh\u00f6rden, sofern gesetzlich vorgeschrieben.<\/li><\/ul><p><b>Rechte der betroffenen Person<\/b><\/p><p>Gem\u00e4\u00df der GDPR hat jede betroffene Person das Recht auf:<\/p><ul><li>Zugriff auf ihre pers\u00f6nlichen Daten;<\/li><li>die Korrektur oder L\u00f6schung von Daten beantragen;<\/li><li>der Verarbeitung zu widersprechen oder ihre Einschr\u00e4nkung zu verlangen;<\/li><li>Beantragen Sie Daten\u00fcbertragbarkeit;<\/li><li>Reichen Sie eine Beschwerde bei der italienischen Datenschutzbeh\u00f6rde ein.<\/li><\/ul><p>F\u00fcr jegliche Anfragen k\u00f6nnen sich die betroffenen Personen an indirizzo email investor.relations@cemegroup.com wenden.<\/p><p><b>Kontakt Details<\/b><\/p><p>F\u00fcr Bed\u00fcrfnisse, Berichte oder Supportanfragen stehen Ihnen die folgenden Kontaktinformationen zur Verf\u00fcgung:<\/p><ul><li><b>E-Mail<\/b>: <a title=\"Kontaktieren Sie uns\" href=\"mailto:investor.relations@cemegroup.com\">investor.relations@cemegroup.com<\/a><\/li><li><b>PEC<\/b>: <a title=\"Kontaktieren Sie uns\" href=\"mailto:cemespa@legalmail.it\">cemespa@legalmail.it<\/a><\/li><\/ul><p><b>\u00c4nderungen der Datenschutzbestimmungen<\/b><\/p><p>Wir behalten uns das Recht vor, diese Datenschutzrichtlinie zu aktualisieren. Betroffene Personen werden daher gebeten, diese Seite regelm\u00e4\u00dfig zu besuchen, um sich \u00fcber eventuelle Aktualisierungen zu informieren. <\/p><p>Letzte Aktualisierung: 16. Dezember 2024.<\/p>\t\t\t\t\t\t\t\t<\/div>\n\t\t\t\t<\/div>\n\t\t\t\t\t<\/div>\n\t\t\t\t<\/div>\n\t\t\t\t<\/div>\n\t\t","protected":false},"excerpt":{"rendered":"<p>Datenschutzbestimmungen und Nutzungsbedingungen f\u00fcr den Zugang zum Investorenbereich der Website Diese Datenschutzerkl\u00e4rung wird gem\u00e4\u00df Artikel 13 der Verordnung (EU) 2016\/679 (im Folgenden &#8222;GDPR&#8220;) und den geltenden italienischen Datenschutzgesetzen bereitgestellt. Data Controller Der Inhaber der Datenverarbeitung ist [Ceme S.p.A.], mit Sitz in [Trivolzio (PV)], Viale delle Industrie 5, E-Mail: indirizzo email investor.relations@cemegroup.com, PEC: cemespa@legalmail.it Zweck der [&hellip;]<\/p>\n","protected":false},"author":1,"featured_media":0,"parent":0,"menu_order":0,"comment_status":"closed","ping_status":"closed","template":"","meta":{"_acf_changed":false,"footnotes":""},"class_list":["post-19412","page","type-page","status-publish","hentry"],"acf":[],"yoast_head":"<!-- This site is optimized with the Yoast SEO plugin v27.4 - https:\/\/yoast.com\/product\/yoast-seo-wordpress\/ -->\n<title>Datenschutzbereich f\u00fcr Investoren - Ceme Group<\/title>\n<meta name=\"robots\" content=\"noindex, follow, max-snippet:-1, max-image-preview:large, max-video-preview:-1\" \/>\n<meta property=\"og:locale\" content=\"de_DE\" \/>\n<meta property=\"og:type\" content=\"article\" \/>\n<meta property=\"og:title\" content=\"Datenschutzbereich f\u00fcr Investoren - Ceme Group\" \/>\n<meta property=\"og:description\" content=\"Datenschutzbestimmungen und Nutzungsbedingungen f\u00fcr den Zugang zum Investorenbereich der Website Diese Datenschutzerkl\u00e4rung wird gem\u00e4\u00df Artikel 13 der Verordnung (EU) 2016\/679 (im Folgenden &#8222;GDPR&#8220;) und den geltenden italienischen Datenschutzgesetzen bereitgestellt. Data Controller Der Inhaber der Datenverarbeitung ist [Ceme S.p.A.], mit Sitz in [Trivolzio (PV)], Viale delle Industrie 5, E-Mail: indirizzo email investor.relations@cemegroup.com, PEC: cemespa@legalmail.it Zweck der [&hellip;]\" \/>\n<meta property=\"og:url\" content=\"https:\/\/cemegroup.01linuxsp.coridemo.com\/de\/datenschutzbereich-fuer-investoren\/\" \/>\n<meta property=\"og:site_name\" content=\"Ceme Group\" \/>\n<meta property=\"article:modified_time\" content=\"2025-11-07T09:06:41+00:00\" \/>\n<meta name=\"twitter:card\" content=\"summary_large_image\" \/>\n<meta name=\"twitter:label1\" content=\"Gesch\u00e4tzte Lesezeit\" \/>\n\t<meta name=\"twitter:data1\" content=\"3\u00a0Minuten\" \/>\n<script type=\"application\/ld+json\" class=\"yoast-schema-graph\">{\"@context\":\"https:\\\/\\\/schema.org\",\"@graph\":[{\"@type\":\"WebPage\",\"@id\":\"https:\\\/\\\/cemegroup.01linuxsp.coridemo.com\\\/de\\\/datenschutzbereich-fuer-investoren\\\/\",\"url\":\"https:\\\/\\\/cemegroup.01linuxsp.coridemo.com\\\/de\\\/datenschutzbereich-fuer-investoren\\\/\",\"name\":\"Datenschutzbereich f\u00fcr Investoren - Ceme Group\",\"isPartOf\":{\"@id\":\"https:\\\/\\\/cemegroup.01linuxsp.coridemo.com\\\/de\\\/#website\"},\"datePublished\":\"2025-11-07T09:03:23+00:00\",\"dateModified\":\"2025-11-07T09:06:41+00:00\",\"breadcrumb\":{\"@id\":\"https:\\\/\\\/cemegroup.01linuxsp.coridemo.com\\\/de\\\/datenschutzbereich-fuer-investoren\\\/#breadcrumb\"},\"inLanguage\":\"de\",\"potentialAction\":[{\"@type\":\"ReadAction\",\"target\":[\"https:\\\/\\\/cemegroup.01linuxsp.coridemo.com\\\/de\\\/datenschutzbereich-fuer-investoren\\\/\"]}]},{\"@type\":\"BreadcrumbList\",\"@id\":\"https:\\\/\\\/cemegroup.01linuxsp.coridemo.com\\\/de\\\/datenschutzbereich-fuer-investoren\\\/#breadcrumb\",\"itemListElement\":[{\"@type\":\"ListItem\",\"position\":1,\"name\":\"Home\",\"item\":\"https:\\\/\\\/cemegroup.01linuxsp.coridemo.com\\\/de\\\/\"},{\"@type\":\"ListItem\",\"position\":2,\"name\":\"Datenschutzbereich f\u00fcr Investoren\"}]},{\"@type\":\"WebSite\",\"@id\":\"https:\\\/\\\/cemegroup.01linuxsp.coridemo.com\\\/de\\\/#website\",\"url\":\"https:\\\/\\\/cemegroup.01linuxsp.coridemo.com\\\/de\\\/\",\"name\":\"Ceme Group\",\"description\":\"\",\"potentialAction\":[{\"@type\":\"SearchAction\",\"target\":{\"@type\":\"EntryPoint\",\"urlTemplate\":\"https:\\\/\\\/cemegroup.01linuxsp.coridemo.com\\\/de\\\/?s={search_term_string}\"},\"query-input\":{\"@type\":\"PropertyValueSpecification\",\"valueRequired\":true,\"valueName\":\"search_term_string\"}}],\"inLanguage\":\"de\"}]}<\/script>\n<!-- \/ Yoast SEO plugin. -->","yoast_head_json":{"title":"Datenschutzbereich f\u00fcr Investoren - Ceme Group","robots":{"index":"noindex","follow":"follow","max-snippet":"max-snippet:-1","max-image-preview":"max-image-preview:large","max-video-preview":"max-video-preview:-1"},"og_locale":"de_DE","og_type":"article","og_title":"Datenschutzbereich f\u00fcr Investoren - Ceme Group","og_description":"Datenschutzbestimmungen und Nutzungsbedingungen f\u00fcr den Zugang zum Investorenbereich der Website Diese Datenschutzerkl\u00e4rung wird gem\u00e4\u00df Artikel 13 der Verordnung (EU) 2016\/679 (im Folgenden &#8222;GDPR&#8220;) und den geltenden italienischen Datenschutzgesetzen bereitgestellt. Data Controller Der Inhaber der Datenverarbeitung ist [Ceme S.p.A.], mit Sitz in [Trivolzio (PV)], Viale delle Industrie 5, E-Mail: indirizzo email investor.relations@cemegroup.com, PEC: cemespa@legalmail.it Zweck der [&hellip;]","og_url":"https:\/\/cemegroup.01linuxsp.coridemo.com\/de\/datenschutzbereich-fuer-investoren\/","og_site_name":"Ceme Group","article_modified_time":"2025-11-07T09:06:41+00:00","twitter_card":"summary_large_image","twitter_misc":{"Gesch\u00e4tzte Lesezeit":"3\u00a0Minuten"},"schema":{"@context":"https:\/\/schema.org","@graph":[{"@type":"WebPage","@id":"https:\/\/cemegroup.01linuxsp.coridemo.com\/de\/datenschutzbereich-fuer-investoren\/","url":"https:\/\/cemegroup.01linuxsp.coridemo.com\/de\/datenschutzbereich-fuer-investoren\/","name":"Datenschutzbereich f\u00fcr Investoren - Ceme Group","isPartOf":{"@id":"https:\/\/cemegroup.01linuxsp.coridemo.com\/de\/#website"},"datePublished":"2025-11-07T09:03:23+00:00","dateModified":"2025-11-07T09:06:41+00:00","breadcrumb":{"@id":"https:\/\/cemegroup.01linuxsp.coridemo.com\/de\/datenschutzbereich-fuer-investoren\/#breadcrumb"},"inLanguage":"de","potentialAction":[{"@type":"ReadAction","target":["https:\/\/cemegroup.01linuxsp.coridemo.com\/de\/datenschutzbereich-fuer-investoren\/"]}]},{"@type":"BreadcrumbList","@id":"https:\/\/cemegroup.01linuxsp.coridemo.com\/de\/datenschutzbereich-fuer-investoren\/#breadcrumb","itemListElement":[{"@type":"ListItem","position":1,"name":"Home","item":"https:\/\/cemegroup.01linuxsp.coridemo.com\/de\/"},{"@type":"ListItem","position":2,"name":"Datenschutzbereich f\u00fcr Investoren"}]},{"@type":"WebSite","@id":"https:\/\/cemegroup.01linuxsp.coridemo.com\/de\/#website","url":"https:\/\/cemegroup.01linuxsp.coridemo.com\/de\/","name":"Ceme Group","description":"","potentialAction":[{"@type":"SearchAction","target":{"@type":"EntryPoint","urlTemplate":"https:\/\/cemegroup.01linuxsp.coridemo.com\/de\/?s={search_term_string}"},"query-input":{"@type":"PropertyValueSpecification","valueRequired":true,"valueName":"search_term_string"}}],"inLanguage":"de"}]}},"_links":{"self":[{"href":"https:\/\/cemegroup.01linuxsp.coridemo.com\/de\/wp-json\/wp\/v2\/pages\/19412","targetHints":{"allow":["GET"]}}],"collection":[{"href":"https:\/\/cemegroup.01linuxsp.coridemo.com\/de\/wp-json\/wp\/v2\/pages"}],"about":[{"href":"https:\/\/cemegroup.01linuxsp.coridemo.com\/de\/wp-json\/wp\/v2\/types\/page"}],"author":[{"embeddable":true,"href":"https:\/\/cemegroup.01linuxsp.coridemo.com\/de\/wp-json\/wp\/v2\/users\/1"}],"replies":[{"embeddable":true,"href":"https:\/\/cemegroup.01linuxsp.coridemo.com\/de\/wp-json\/wp\/v2\/comments?post=19412"}],"version-history":[{"count":1,"href":"https:\/\/cemegroup.01linuxsp.coridemo.com\/de\/wp-json\/wp\/v2\/pages\/19412\/revisions"}],"predecessor-version":[{"id":19413,"href":"https:\/\/cemegroup.01linuxsp.coridemo.com\/de\/wp-json\/wp\/v2\/pages\/19412\/revisions\/19413"}],"wp:attachment":[{"href":"https:\/\/cemegroup.01linuxsp.coridemo.com\/de\/wp-json\/wp\/v2\/media?parent=19412"}],"curies":[{"name":"wp","href":"https:\/\/api.w.org\/{rel}","templated":true}]}}