{"id":6465,"date":"2025-01-10T10:09:43","date_gmt":"2025-01-10T10:09:43","guid":{"rendered":"https:\/\/cemegroup.01linuxsp.coridemo.com\/qualitaet-ceme\/"},"modified":"2026-01-07T11:50:14","modified_gmt":"2026-01-07T11:50:14","slug":"qualitaet-ceme","status":"publish","type":"page","link":"https:\/\/cemegroup.01linuxsp.coridemo.com\/de\/qualitaet-ceme\/","title":{"rendered":"Qualit\u00e4t"},"content":{"rendered":"\t\t<div data-elementor-type=\"wp-page\" data-elementor-id=\"6465\" class=\"elementor elementor-6465 elementor-113\" data-elementor-post-type=\"page\">\n\t\t\t\t<div class=\"elementor-element elementor-element-e820e08 e-flex e-con-boxed e-con e-parent\" data-id=\"e820e08\" data-element_type=\"container\" data-e-type=\"container\" data-settings=\"{&quot;background_background&quot;:&quot;classic&quot;}\">\n\t\t\t\t\t<div class=\"e-con-inner\">\n\t\t\t\t<div class=\"elementor-element elementor-element-a44ed20 elementor-widget__width-initial elementor-invisible elementor-widget elementor-widget-heading\" data-id=\"a44ed20\" data-element_type=\"widget\" data-e-type=\"widget\" data-settings=\"{&quot;_animation&quot;:&quot;fadeInDown&quot;}\" data-widget_type=\"heading.default\">\n\t\t\t\t<div class=\"elementor-widget-container\">\n\t\t\t\t\t<h1 class=\"elementor-heading-title elementor-size-default\">Qualit\u00e4t <span style=\"color:#4FA0CA\">_<\/span><\/h1>\t\t\t\t<\/div>\n\t\t\t\t<\/div>\n\t\t<div class=\"elementor-element elementor-element-e7b9ab5 e-con-full e-flex e-con e-child\" data-id=\"e7b9ab5\" data-element_type=\"container\" data-e-type=\"container\">\n\t\t\t\t<div class=\"elementor-element elementor-element-dcec8b3 elementor-invisible elementor-widget elementor-widget-heading\" data-id=\"dcec8b3\" data-element_type=\"widget\" data-e-type=\"widget\" data-settings=\"{&quot;_animation&quot;:&quot;fadeInUp&quot;,&quot;_animation_delay&quot;:200}\" data-widget_type=\"heading.default\">\n\t\t\t\t<div class=\"elementor-widget-container\">\n\t\t\t\t\t<p class=\"elementor-heading-title elementor-size-default\">Im Laufe der Jahre hat die <span style=\"color:#36A9E1\">CEME Group<\/span> ein <span style=\"color:#36A9E1\">umfassendes<\/span> und <span style=\"color:#36A9E1\">detailliertes Qualit\u00e4tskontrollsystem<\/span> entwickelt, das alle Phasen der Produktion \u00fcberpr\u00fcft und den Kunden h\u00f6chste <span style=\"color:#36A9E1\">Standards garantiert.<\/span><\/p>\t\t\t\t<\/div>\n\t\t\t\t<\/div>\n\t\t<div class=\"elementor-element elementor-element-829a95d e-con-full e-flex elementor-invisible e-con e-child\" data-id=\"829a95d\" data-element_type=\"container\" data-e-type=\"container\" data-settings=\"{&quot;animation&quot;:&quot;fadeInUp&quot;,&quot;animation_delay&quot;:400}\">\n\t\t<div class=\"elementor-element elementor-element-7d7136d e-con-full e-flex e-con e-child\" data-id=\"7d7136d\" data-element_type=\"container\" data-e-type=\"container\">\n\t\t\t\t<div class=\"elementor-element elementor-element-aee28b7 elementor-widget__width-initial elementor-widget elementor-widget-heading\" data-id=\"aee28b7\" data-element_type=\"widget\" data-e-type=\"widget\" data-widget_type=\"heading.default\">\n\t\t\t\t<div class=\"elementor-widget-container\">\n\t\t\t\t\t<p class=\"elementor-heading-title elementor-size-default\">CEME ist dank der kontinuierlichen Weiterentwicklung von Technologien und Produktionsprozessen unter vollst\u00e4ndiger Ber\u00fccksichtigung der Umwelt sowie der Gesundheit und Sicherheit aller Mitarbeiter f\u00fchrend in Sachen Innovation. <br><br>Definieren, messen, analysieren, verbessern und erneut kontrollieren: Das ist der Ablauf des CEME-Systems, das sich auf alle Prozesse von der Planung \u00fcber die Produktion und die Lieferkette bis hin zum Verkauf konzentriert.<\/p>\t\t\t\t<\/div>\n\t\t\t\t<\/div>\n\t\t\t\t<\/div>\n\t\t<div class=\"elementor-element elementor-element-f4527eb e-con-full e-flex e-con e-child\" data-id=\"f4527eb\" data-element_type=\"container\" data-e-type=\"container\">\n\t\t\t\t<div class=\"elementor-element elementor-element-70bc377 elementor-widget__width-initial elementor-widget elementor-widget-heading\" data-id=\"70bc377\" data-element_type=\"widget\" data-e-type=\"widget\" data-widget_type=\"heading.default\">\n\t\t\t\t<div class=\"elementor-widget-container\">\n\t\t\t\t\t<p class=\"elementor-heading-title elementor-size-default\">Qualit\u00e4t von Anfang an f\u00fcr garantierte Qualit\u00e4t, zur vollsten Zufriedenheit aller Kundenbed\u00fcrfnisse und -erwartungen. \n<br><br>Das integrierte CEME-System f\u00fcr Qualit\u00e4t, Umwelt und Sicherheit gem\u00e4\u00df den Normen ISO 9001, ISO 14001 und ISO 45001 bildet die Grundlage f\u00fcr die kontinuierliche Verbesserung der Effektivit\u00e4t und Effizienz unserer Prozesse. \n<\/p>\t\t\t\t<\/div>\n\t\t\t\t<\/div>\n\t\t\t\t<\/div>\n\t\t\t\t<\/div>\n\t\t\t\t<div class=\"elementor-element elementor-element-062b6e7 elementor-widget elementor-widget-image\" data-id=\"062b6e7\" data-element_type=\"widget\" data-e-type=\"widget\" data-widget_type=\"image.default\">\n\t\t\t\t<div class=\"elementor-widget-container\">\n\t\t\t\t\t\t\t\t\t\t\t\t\t\t\t<img decoding=\"async\" src=\"https:\/\/cemegroup.01linuxsp.coridemo.com\/wp-content\/uploads\/2025\/10\/quality-2-1-2048x886.png\" title=\"\" alt=\"\" loading=\"lazy\" \/>\t\t\t\t\t\t\t\t\t\t\t\t\t\t\t<\/div>\n\t\t\t\t<\/div>\n\t\t\t\t<\/div>\n\t\t\t\t\t<\/div>\n\t\t\t\t<\/div>\n\t\t<div class=\"elementor-element elementor-element-e0cd19f e-flex e-con-boxed e-con e-parent\" data-id=\"e0cd19f\" data-element_type=\"container\" data-e-type=\"container\" data-settings=\"{&quot;background_background&quot;:&quot;gradient&quot;}\">\n\t\t\t\t\t<div class=\"e-con-inner\">\n\t\t<div class=\"elementor-element elementor-element-401a1ea e-con-full e-flex e-con e-child\" data-id=\"401a1ea\" data-element_type=\"container\" data-e-type=\"container\">\n\t\t<div class=\"elementor-element elementor-element-83e2658 e-con-full e-flex e-con e-child\" data-id=\"83e2658\" data-element_type=\"container\" data-e-type=\"container\">\n\t\t\t\t<div class=\"elementor-element elementor-element-7ec6fb7 elementor-widget__width-initial elementor-widget elementor-widget-heading\" data-id=\"7ec6fb7\" data-element_type=\"widget\" data-e-type=\"widget\" data-widget_type=\"heading.default\">\n\t\t\t\t<div class=\"elementor-widget-container\">\n\t\t\t\t\t<p class=\"elementor-heading-title elementor-size-default\">Unsere <span style=\"color:#36A9E1\">Zertifizierungen<\/span> und Richtlinien<\/p>\t\t\t\t<\/div>\n\t\t\t\t<\/div>\n\t\t\t\t<\/div>\n\t\t<div class=\"elementor-element elementor-element-f56ea01 e-con-full e-flex e-con e-child\" data-id=\"f56ea01\" data-element_type=\"container\" data-e-type=\"container\">\n\t\t<div class=\"elementor-element elementor-element-48c10b8 e-con-full e-flex e-con e-child\" data-id=\"48c10b8\" data-element_type=\"container\" data-e-type=\"container\">\n\t\t\t\t<div class=\"elementor-element elementor-element-6a6055a elementor-icon-list--layout-traditional elementor-list-item-link-full_width elementor-widget elementor-widget-icon-list\" data-id=\"6a6055a\" data-element_type=\"widget\" data-e-type=\"widget\" data-widget_type=\"icon-list.default\">\n\t\t\t\t<div class=\"elementor-widget-container\">\n\t\t\t\t\t\t\t<ul class=\"elementor-icon-list-items\">\n\t\t\t\t\t\t\t<li class=\"elementor-icon-list-item\">\n\t\t\t\t\t\t\t\t\t\t\t<a href=\"https:\/\/cemegroup.01linuxsp.coridemo.com\/de\/green-economy-product-analysis\/\">\n\n\t\t\t\t\t\t\t\t\t\t\t\t<span class=\"elementor-icon-list-icon\">\n\t\t\t\t\t\t\t<svg xmlns=\"http:\/\/www.w3.org\/2000\/svg\" width=\"20\" height=\"20\" viewBox=\"0 0 20 20\" fill=\"none\"><rect width=\"20\" height=\"20\" rx=\"10\" fill=\"#4FA0CA\"><\/rect><path d=\"M10.0002 15L5.38477 10.3846L6.46169 9.30769L9.23092 12.0769V5H10.7694V12.0769L13.5386 9.30769L14.6155 10.3846L10.0002 15Z\" fill=\"white\"><\/path><\/svg>\t\t\t\t\t\t<\/span>\n\t\t\t\t\t\t\t\t\t\t<span class=\"elementor-icon-list-text\">Ethikkodex f\u00fcr Kunden und Lieferanten<\/span>\n\t\t\t\t\t\t\t\t\t\t\t<\/a>\n\t\t\t\t\t\t\t\t\t<\/li>\n\t\t\t\t\t\t\t\t<li class=\"elementor-icon-list-item\">\n\t\t\t\t\t\t\t\t\t\t\t<a href=\"https:\/\/cemegroup.01linuxsp.coridemo.com\/de\/etichettatura-ambientale-imballi\/\">\n\n\t\t\t\t\t\t\t\t\t\t\t\t<span class=\"elementor-icon-list-icon\">\n\t\t\t\t\t\t\t<svg xmlns=\"http:\/\/www.w3.org\/2000\/svg\" width=\"20\" height=\"20\" viewBox=\"0 0 20 20\" fill=\"none\"><rect width=\"20\" height=\"20\" rx=\"10\" fill=\"#4FA0CA\"><\/rect><path d=\"M10.0002 15L5.38477 10.3846L6.46169 9.30769L9.23092 12.0769V5H10.7694V12.0769L13.5386 9.30769L14.6155 10.3846L10.0002 15Z\" fill=\"white\"><\/path><\/svg>\t\t\t\t\t\t<\/span>\n\t\t\t\t\t\t\t\t\t\t<span class=\"elementor-icon-list-text\">Integriertes Verwaltungssystem<\/span>\n\t\t\t\t\t\t\t\t\t\t\t<\/a>\n\t\t\t\t\t\t\t\t\t<\/li>\n\t\t\t\t\t\t\t\t<li class=\"elementor-icon-list-item\">\n\t\t\t\t\t\t\t\t\t\t\t<a href=\"https:\/\/cemegroup.01linuxsp.coridemo.com\/de\/ceme-sustainability-policy\/\">\n\n\t\t\t\t\t\t\t\t\t\t\t\t<span class=\"elementor-icon-list-icon\">\n\t\t\t\t\t\t\t<svg xmlns=\"http:\/\/www.w3.org\/2000\/svg\" width=\"20\" height=\"20\" viewBox=\"0 0 20 20\" fill=\"none\"><rect width=\"20\" height=\"20\" rx=\"10\" fill=\"#4FA0CA\"><\/rect><path d=\"M10.0002 15L5.38477 10.3846L6.46169 9.30769L9.23092 12.0769V5H10.7694V12.0769L13.5386 9.30769L14.6155 10.3846L10.0002 15Z\" fill=\"white\"><\/path><\/svg>\t\t\t\t\t\t<\/span>\n\t\t\t\t\t\t\t\t\t\t<span class=\"elementor-icon-list-text\">CEME ISO 9001<\/span>\n\t\t\t\t\t\t\t\t\t\t\t<\/a>\n\t\t\t\t\t\t\t\t\t<\/li>\n\t\t\t\t\t\t\t\t<li class=\"elementor-icon-list-item\">\n\t\t\t\t\t\t\t\t\t\t\t<a href=\"https:\/\/cemegroup.01linuxsp.coridemo.com\/de\/codice-etico-clienti-e-fornitori-2\/\">\n\n\t\t\t\t\t\t\t\t\t\t\t\t<span class=\"elementor-icon-list-icon\">\n\t\t\t\t\t\t\t<svg xmlns=\"http:\/\/www.w3.org\/2000\/svg\" width=\"20\" height=\"20\" viewBox=\"0 0 20 20\" fill=\"none\"><rect width=\"20\" height=\"20\" rx=\"10\" fill=\"#4FA0CA\"><\/rect><path d=\"M10.0002 15L5.38477 10.3846L6.46169 9.30769L9.23092 12.0769V5H10.7694V12.0769L13.5386 9.30769L14.6155 10.3846L10.0002 15Z\" fill=\"white\"><\/path><\/svg>\t\t\t\t\t\t<\/span>\n\t\t\t\t\t\t\t\t\t\t<span class=\"elementor-icon-list-text\">CEME ISO 14001<\/span>\n\t\t\t\t\t\t\t\t\t\t\t<\/a>\n\t\t\t\t\t\t\t\t\t<\/li>\n\t\t\t\t\t\t\t\t<li class=\"elementor-icon-list-item\">\n\t\t\t\t\t\t\t\t\t\t\t<a href=\"https:\/\/cemegroup.01linuxsp.coridemo.com\/de\/ceme_sustainability_progress_report_2019\/\">\n\n\t\t\t\t\t\t\t\t\t\t\t\t<span class=\"elementor-icon-list-icon\">\n\t\t\t\t\t\t\t<svg xmlns=\"http:\/\/www.w3.org\/2000\/svg\" width=\"20\" height=\"20\" viewBox=\"0 0 20 20\" fill=\"none\"><rect width=\"20\" height=\"20\" rx=\"10\" fill=\"#4FA0CA\"><\/rect><path d=\"M10.0002 15L5.38477 10.3846L6.46169 9.30769L9.23092 12.0769V5H10.7694V12.0769L13.5386 9.30769L14.6155 10.3846L10.0002 15Z\" fill=\"white\"><\/path><\/svg>\t\t\t\t\t\t<\/span>\n\t\t\t\t\t\t\t\t\t\t<span class=\"elementor-icon-list-text\">CEME ISO 45001<\/span>\n\t\t\t\t\t\t\t\t\t\t\t<\/a>\n\t\t\t\t\t\t\t\t\t<\/li>\n\t\t\t\t\t\t\t\t<li class=\"elementor-icon-list-item\">\n\t\t\t\t\t\t\t\t\t\t\t<a href=\"https:\/\/cemegroup.01linuxsp.coridemo.com\/de\/ceme_sustainability_progress_report_2019\/\">\n\n\t\t\t\t\t\t\t\t\t\t\t\t<span class=\"elementor-icon-list-icon\">\n\t\t\t\t\t\t\t<svg xmlns=\"http:\/\/www.w3.org\/2000\/svg\" width=\"20\" height=\"20\" viewBox=\"0 0 20 20\" fill=\"none\"><rect width=\"20\" height=\"20\" rx=\"10\" fill=\"#4FA0CA\"><\/rect><path d=\"M10.0002 15L5.38477 10.3846L6.46169 9.30769L9.23092 12.0769V5H10.7694V12.0769L13.5386 9.30769L14.6155 10.3846L10.0002 15Z\" fill=\"white\"><\/path><\/svg>\t\t\t\t\t\t<\/span>\n\t\t\t\t\t\t\t\t\t\t<span class=\"elementor-icon-list-text\">ODE ISO 9001<\/span>\n\t\t\t\t\t\t\t\t\t\t\t<\/a>\n\t\t\t\t\t\t\t\t\t<\/li>\n\t\t\t\t\t\t<\/ul>\n\t\t\t\t\t\t<\/div>\n\t\t\t\t<\/div>\n\t\t\t\t<\/div>\n\t\t<div class=\"elementor-element elementor-element-5b0668f e-con-full e-flex e-con e-child\" data-id=\"5b0668f\" data-element_type=\"container\" data-e-type=\"container\">\n\t\t\t\t<div class=\"elementor-element elementor-element-d48911c elementor-icon-list--layout-traditional elementor-list-item-link-full_width elementor-widget elementor-widget-icon-list\" data-id=\"d48911c\" data-element_type=\"widget\" data-e-type=\"widget\" data-widget_type=\"icon-list.default\">\n\t\t\t\t<div class=\"elementor-widget-container\">\n\t\t\t\t\t\t\t<ul class=\"elementor-icon-list-items\">\n\t\t\t\t\t\t\t<li class=\"elementor-icon-list-item\">\n\t\t\t\t\t\t\t\t\t\t\t<a href=\"https:\/\/cemegroup.01linuxsp.coridemo.com\/de\/ceme_sustainability_progress_report_2020\/\">\n\n\t\t\t\t\t\t\t\t\t\t\t\t<span class=\"elementor-icon-list-icon\">\n\t\t\t\t\t\t\t<svg xmlns=\"http:\/\/www.w3.org\/2000\/svg\" width=\"20\" height=\"20\" viewBox=\"0 0 20 20\" fill=\"none\"><rect width=\"20\" height=\"20\" rx=\"10\" fill=\"#4FA0CA\"><\/rect><path d=\"M10.0002 15L5.38477 10.3846L6.46169 9.30769L9.23092 12.0769V5H10.7694V12.0769L13.5386 9.30769L14.6155 10.3846L10.0002 15Z\" fill=\"white\"><\/path><\/svg>\t\t\t\t\t\t<\/span>\n\t\t\t\t\t\t\t\t\t\t<span class=\"elementor-icon-list-text\">ODE ISO 14001<\/span>\n\t\t\t\t\t\t\t\t\t\t\t<\/a>\n\t\t\t\t\t\t\t\t\t<\/li>\n\t\t\t\t\t\t\t\t<li class=\"elementor-icon-list-item\">\n\t\t\t\t\t\t\t\t\t\t\t<a href=\"https:\/\/cemegroup.01linuxsp.coridemo.com\/de\/ceme_sustainability_progress_report_2021\/\">\n\n\t\t\t\t\t\t\t\t\t\t\t\t<span class=\"elementor-icon-list-icon\">\n\t\t\t\t\t\t\t<svg xmlns=\"http:\/\/www.w3.org\/2000\/svg\" width=\"20\" height=\"20\" viewBox=\"0 0 20 20\" fill=\"none\"><rect width=\"20\" height=\"20\" rx=\"10\" fill=\"#4FA0CA\"><\/rect><path d=\"M10.0002 15L5.38477 10.3846L6.46169 9.30769L9.23092 12.0769V5H10.7694V12.0769L13.5386 9.30769L14.6155 10.3846L10.0002 15Z\" fill=\"white\"><\/path><\/svg>\t\t\t\t\t\t<\/span>\n\t\t\t\t\t\t\t\t\t\t<span class=\"elementor-icon-list-text\">ODE ISO 45001<\/span>\n\t\t\t\t\t\t\t\t\t\t\t<\/a>\n\t\t\t\t\t\t\t\t\t<\/li>\n\t\t\t\t\t\t\t\t<li class=\"elementor-icon-list-item\">\n\t\t\t\t\t\t\t\t\t\t\t<a href=\"https:\/\/cemegroup.01linuxsp.coridemo.com\/de\/ceme_sustainability_progress_report_2022\/\">\n\n\t\t\t\t\t\t\t\t\t\t\t\t<span class=\"elementor-icon-list-icon\">\n\t\t\t\t\t\t\t<svg xmlns=\"http:\/\/www.w3.org\/2000\/svg\" width=\"20\" height=\"20\" viewBox=\"0 0 20 20\" fill=\"none\"><rect width=\"20\" height=\"20\" rx=\"10\" fill=\"#4FA0CA\"><\/rect><path d=\"M10.0002 15L5.38477 10.3846L6.46169 9.30769L9.23092 12.0769V5H10.7694V12.0769L13.5386 9.30769L14.6155 10.3846L10.0002 15Z\" fill=\"white\"><\/path><\/svg>\t\t\t\t\t\t<\/span>\n\t\t\t\t\t\t\t\t\t\t<span class=\"elementor-icon-list-text\">ACL ISO 9001<\/span>\n\t\t\t\t\t\t\t\t\t\t\t<\/a>\n\t\t\t\t\t\t\t\t\t<\/li>\n\t\t\t\t\t\t\t\t<li class=\"elementor-icon-list-item\">\n\t\t\t\t\t\t\t\t\t\t\t<a href=\"https:\/\/cemegroup.01linuxsp.coridemo.com\/de\/ceme-group-ecovadis-rating-certificate-2024\/\">\n\n\t\t\t\t\t\t\t\t\t\t\t\t<span class=\"elementor-icon-list-icon\">\n\t\t\t\t\t\t\t<svg xmlns=\"http:\/\/www.w3.org\/2000\/svg\" width=\"20\" height=\"20\" viewBox=\"0 0 20 20\" fill=\"none\"><rect width=\"20\" height=\"20\" rx=\"10\" fill=\"#4FA0CA\"><\/rect><path d=\"M10.0002 15L5.38477 10.3846L6.46169 9.30769L9.23092 12.0769V5H10.7694V12.0769L13.5386 9.30769L14.6155 10.3846L10.0002 15Z\" fill=\"white\"><\/path><\/svg>\t\t\t\t\t\t<\/span>\n\t\t\t\t\t\t\t\t\t\t<span class=\"elementor-icon-list-text\">ACL ISO 14001<\/span>\n\t\t\t\t\t\t\t\t\t\t\t<\/a>\n\t\t\t\t\t\t\t\t\t<\/li>\n\t\t\t\t\t\t\t\t<li class=\"elementor-icon-list-item\">\n\t\t\t\t\t\t\t\t\t\t\t<a href=\"https:\/\/cemegroup.01linuxsp.coridemo.com\/de\/ceme-group-ecovadis-rating-certificate-2024\/\">\n\n\t\t\t\t\t\t\t\t\t\t\t\t<span class=\"elementor-icon-list-icon\">\n\t\t\t\t\t\t\t<svg xmlns=\"http:\/\/www.w3.org\/2000\/svg\" width=\"20\" height=\"20\" viewBox=\"0 0 20 20\" fill=\"none\"><rect width=\"20\" height=\"20\" rx=\"10\" fill=\"#4FA0CA\"><\/rect><path d=\"M10.0002 15L5.38477 10.3846L6.46169 9.30769L9.23092 12.0769V5H10.7694V12.0769L13.5386 9.30769L14.6155 10.3846L10.0002 15Z\" fill=\"white\"><\/path><\/svg>\t\t\t\t\t\t<\/span>\n\t\t\t\t\t\t\t\t\t\t<span class=\"elementor-icon-list-text\">ACL ISO 45001<\/span>\n\t\t\t\t\t\t\t\t\t\t\t<\/a>\n\t\t\t\t\t\t\t\t\t<\/li>\n\t\t\t\t\t\t\t\t<li class=\"elementor-icon-list-item\">\n\t\t\t\t\t\t\t\t\t\t\t<a href=\"https:\/\/cemegroup.01linuxsp.coridemo.com\/de\/ceme-group-ecovadis-rating-certificate-2024\/\">\n\n\t\t\t\t\t\t\t\t\t\t\t\t<span class=\"elementor-icon-list-icon\">\n\t\t\t\t\t\t\t<svg xmlns=\"http:\/\/www.w3.org\/2000\/svg\" width=\"20\" height=\"20\" viewBox=\"0 0 20 20\" fill=\"none\"><rect width=\"20\" height=\"20\" rx=\"10\" fill=\"#4FA0CA\"><\/rect><path d=\"M10.0002 15L5.38477 10.3846L6.46169 9.30769L9.23092 12.0769V5H10.7694V12.0769L13.5386 9.30769L14.6155 10.3846L10.0002 15Z\" fill=\"white\"><\/path><\/svg>\t\t\t\t\t\t<\/span>\n\t\t\t\t\t\t\t\t\t\t<span class=\"elementor-icon-list-text\">IATF certification<\/span>\n\t\t\t\t\t\t\t\t\t\t\t<\/a>\n\t\t\t\t\t\t\t\t\t<\/li>\n\t\t\t\t\t\t<\/ul>\n\t\t\t\t\t\t<\/div>\n\t\t\t\t<\/div>\n\t\t\t\t<\/div>\n\t\t\t\t<\/div>\n\t\t\t\t<\/div>\n\t\t\t\t\t<\/div>\n\t\t\t\t<\/div>\n\t\t<div class=\"elementor-element elementor-element-277c541 e-con-full e-flex e-con e-parent\" data-id=\"277c541\" data-element_type=\"container\" data-e-type=\"container\" data-settings=\"{&quot;background_background&quot;:&quot;gradient&quot;}\">\n\t\t\t\t<\/div>\n\t\t<div class=\"elementor-element elementor-element-142e04e e-con-full e-flex e-con e-parent\" data-id=\"142e04e\" data-element_type=\"container\" data-e-type=\"container\" data-settings=\"{&quot;background_background&quot;:&quot;classic&quot;}\">\n\t\t\t\t<\/div>\n\t\t\t\t<\/div>\n\t\t","protected":false},"excerpt":{"rendered":"<p>Qualit\u00e4t _ Im Laufe der Jahre hat die CEME Group ein umfassendes und detailliertes Qualit\u00e4tskontrollsystem entwickelt, das alle Phasen der Produktion \u00fcberpr\u00fcft und den Kunden h\u00f6chste Standards garantiert. CEME ist dank der kontinuierlichen Weiterentwicklung von Technologien und Produktionsprozessen unter vollst\u00e4ndiger Ber\u00fccksichtigung der Umwelt sowie der Gesundheit und Sicherheit aller Mitarbeiter f\u00fchrend in Sachen Innovation. Definieren, [&hellip;]<\/p>\n","protected":false},"author":1,"featured_media":0,"parent":0,"menu_order":0,"comment_status":"closed","ping_status":"closed","template":"","meta":{"_acf_changed":false,"footnotes":""},"class_list":["post-6465","page","type-page","status-publish","hentry"],"acf":[],"yoast_head":"<!-- This site is optimized with the Yoast SEO plugin v27.4 - https:\/\/yoast.com\/product\/yoast-seo-wordpress\/ -->\n<title>Qualit\u00e4t | CEME<\/title>\n<meta name=\"description\" content=\"CEME garantiert Qualit\u00e4t, Sicherheit und Nachhaltigkeit durch ISO-Zertifizierungen und strenge Kontrollen. Entdecken Sie unser Engagement f\u00fcr Innovation und Exzellenz.\" \/>\n<meta name=\"robots\" content=\"noindex, follow, max-snippet:-1, max-image-preview:large, max-video-preview:-1\" \/>\n<meta property=\"og:locale\" content=\"de_DE\" \/>\n<meta property=\"og:type\" content=\"article\" \/>\n<meta property=\"og:title\" content=\"Qualit\u00e4t | CEME\" \/>\n<meta property=\"og:description\" content=\"CEME garantiert Qualit\u00e4t, Sicherheit und Nachhaltigkeit durch ISO-Zertifizierungen und strenge Kontrollen. Entdecken Sie unser Engagement f\u00fcr Innovation und Exzellenz.\" \/>\n<meta property=\"og:url\" content=\"https:\/\/cemegroup.01linuxsp.coridemo.com\/de\/qualitaet-ceme\/\" \/>\n<meta property=\"og:site_name\" content=\"Ceme Group\" \/>\n<meta property=\"article:modified_time\" content=\"2026-01-07T11:50:14+00:00\" \/>\n<meta property=\"og:image\" content=\"https:\/\/cemegroup.01linuxsp.coridemo.com\/wp-content\/uploads\/2025\/10\/quality-2-1-2048x886.png\" \/>\n<meta name=\"twitter:card\" content=\"summary_large_image\" \/>\n<meta name=\"twitter:label1\" content=\"Gesch\u00e4tzte Lesezeit\" \/>\n\t<meta name=\"twitter:data1\" content=\"2\u00a0Minuten\" \/>\n<script type=\"application\/ld+json\" class=\"yoast-schema-graph\">{\"@context\":\"https:\\\/\\\/schema.org\",\"@graph\":[{\"@type\":\"WebPage\",\"@id\":\"https:\\\/\\\/cemegroup.01linuxsp.coridemo.com\\\/de\\\/qualitaet-ceme\\\/\",\"url\":\"https:\\\/\\\/cemegroup.01linuxsp.coridemo.com\\\/de\\\/qualitaet-ceme\\\/\",\"name\":\"Qualit\u00e4t | CEME\",\"isPartOf\":{\"@id\":\"https:\\\/\\\/cemegroup.01linuxsp.coridemo.com\\\/de\\\/#website\"},\"primaryImageOfPage\":{\"@id\":\"https:\\\/\\\/cemegroup.01linuxsp.coridemo.com\\\/de\\\/qualitaet-ceme\\\/#primaryimage\"},\"image\":{\"@id\":\"https:\\\/\\\/cemegroup.01linuxsp.coridemo.com\\\/de\\\/qualitaet-ceme\\\/#primaryimage\"},\"thumbnailUrl\":\"https:\\\/\\\/cemegroup.01linuxsp.coridemo.com\\\/wp-content\\\/uploads\\\/2025\\\/10\\\/quality-2-1-2048x886.png\",\"datePublished\":\"2025-01-10T10:09:43+00:00\",\"dateModified\":\"2026-01-07T11:50:14+00:00\",\"description\":\"CEME garantiert Qualit\u00e4t, Sicherheit und Nachhaltigkeit durch ISO-Zertifizierungen und strenge Kontrollen. Entdecken Sie unser Engagement f\u00fcr Innovation und Exzellenz.\",\"breadcrumb\":{\"@id\":\"https:\\\/\\\/cemegroup.01linuxsp.coridemo.com\\\/de\\\/qualitaet-ceme\\\/#breadcrumb\"},\"inLanguage\":\"de\",\"potentialAction\":[{\"@type\":\"ReadAction\",\"target\":[\"https:\\\/\\\/cemegroup.01linuxsp.coridemo.com\\\/de\\\/qualitaet-ceme\\\/\"]}]},{\"@type\":\"ImageObject\",\"inLanguage\":\"de\",\"@id\":\"https:\\\/\\\/cemegroup.01linuxsp.coridemo.com\\\/de\\\/qualitaet-ceme\\\/#primaryimage\",\"url\":\"https:\\\/\\\/cemegroup.01linuxsp.coridemo.com\\\/wp-content\\\/uploads\\\/2025\\\/10\\\/quality-2-1-2048x886.png\",\"contentUrl\":\"https:\\\/\\\/cemegroup.01linuxsp.coridemo.com\\\/wp-content\\\/uploads\\\/2025\\\/10\\\/quality-2-1-2048x886.png\"},{\"@type\":\"BreadcrumbList\",\"@id\":\"https:\\\/\\\/cemegroup.01linuxsp.coridemo.com\\\/de\\\/qualitaet-ceme\\\/#breadcrumb\",\"itemListElement\":[{\"@type\":\"ListItem\",\"position\":1,\"name\":\"Home\",\"item\":\"https:\\\/\\\/cemegroup.01linuxsp.coridemo.com\\\/de\\\/\"},{\"@type\":\"ListItem\",\"position\":2,\"name\":\"Qualit\u00e4t\"}]},{\"@type\":\"WebSite\",\"@id\":\"https:\\\/\\\/cemegroup.01linuxsp.coridemo.com\\\/de\\\/#website\",\"url\":\"https:\\\/\\\/cemegroup.01linuxsp.coridemo.com\\\/de\\\/\",\"name\":\"Ceme Group\",\"description\":\"\",\"potentialAction\":[{\"@type\":\"SearchAction\",\"target\":{\"@type\":\"EntryPoint\",\"urlTemplate\":\"https:\\\/\\\/cemegroup.01linuxsp.coridemo.com\\\/de\\\/?s={search_term_string}\"},\"query-input\":{\"@type\":\"PropertyValueSpecification\",\"valueRequired\":true,\"valueName\":\"search_term_string\"}}],\"inLanguage\":\"de\"}]}<\/script>\n<!-- \/ Yoast SEO plugin. -->","yoast_head_json":{"title":"Qualit\u00e4t | CEME","description":"CEME garantiert Qualit\u00e4t, Sicherheit und Nachhaltigkeit durch ISO-Zertifizierungen und strenge Kontrollen. Entdecken Sie unser Engagement f\u00fcr Innovation und Exzellenz.","robots":{"index":"noindex","follow":"follow","max-snippet":"max-snippet:-1","max-image-preview":"max-image-preview:large","max-video-preview":"max-video-preview:-1"},"og_locale":"de_DE","og_type":"article","og_title":"Qualit\u00e4t | CEME","og_description":"CEME garantiert Qualit\u00e4t, Sicherheit und Nachhaltigkeit durch ISO-Zertifizierungen und strenge Kontrollen. Entdecken Sie unser Engagement f\u00fcr Innovation und Exzellenz.","og_url":"https:\/\/cemegroup.01linuxsp.coridemo.com\/de\/qualitaet-ceme\/","og_site_name":"Ceme Group","article_modified_time":"2026-01-07T11:50:14+00:00","og_image":[{"url":"https:\/\/cemegroup.01linuxsp.coridemo.com\/wp-content\/uploads\/2025\/10\/quality-2-1-2048x886.png","type":"","width":"","height":""}],"twitter_card":"summary_large_image","twitter_misc":{"Gesch\u00e4tzte Lesezeit":"2\u00a0Minuten"},"schema":{"@context":"https:\/\/schema.org","@graph":[{"@type":"WebPage","@id":"https:\/\/cemegroup.01linuxsp.coridemo.com\/de\/qualitaet-ceme\/","url":"https:\/\/cemegroup.01linuxsp.coridemo.com\/de\/qualitaet-ceme\/","name":"Qualit\u00e4t | CEME","isPartOf":{"@id":"https:\/\/cemegroup.01linuxsp.coridemo.com\/de\/#website"},"primaryImageOfPage":{"@id":"https:\/\/cemegroup.01linuxsp.coridemo.com\/de\/qualitaet-ceme\/#primaryimage"},"image":{"@id":"https:\/\/cemegroup.01linuxsp.coridemo.com\/de\/qualitaet-ceme\/#primaryimage"},"thumbnailUrl":"https:\/\/cemegroup.01linuxsp.coridemo.com\/wp-content\/uploads\/2025\/10\/quality-2-1-2048x886.png","datePublished":"2025-01-10T10:09:43+00:00","dateModified":"2026-01-07T11:50:14+00:00","description":"CEME garantiert Qualit\u00e4t, Sicherheit und Nachhaltigkeit durch ISO-Zertifizierungen und strenge Kontrollen. Entdecken Sie unser Engagement f\u00fcr Innovation und Exzellenz.","breadcrumb":{"@id":"https:\/\/cemegroup.01linuxsp.coridemo.com\/de\/qualitaet-ceme\/#breadcrumb"},"inLanguage":"de","potentialAction":[{"@type":"ReadAction","target":["https:\/\/cemegroup.01linuxsp.coridemo.com\/de\/qualitaet-ceme\/"]}]},{"@type":"ImageObject","inLanguage":"de","@id":"https:\/\/cemegroup.01linuxsp.coridemo.com\/de\/qualitaet-ceme\/#primaryimage","url":"https:\/\/cemegroup.01linuxsp.coridemo.com\/wp-content\/uploads\/2025\/10\/quality-2-1-2048x886.png","contentUrl":"https:\/\/cemegroup.01linuxsp.coridemo.com\/wp-content\/uploads\/2025\/10\/quality-2-1-2048x886.png"},{"@type":"BreadcrumbList","@id":"https:\/\/cemegroup.01linuxsp.coridemo.com\/de\/qualitaet-ceme\/#breadcrumb","itemListElement":[{"@type":"ListItem","position":1,"name":"Home","item":"https:\/\/cemegroup.01linuxsp.coridemo.com\/de\/"},{"@type":"ListItem","position":2,"name":"Qualit\u00e4t"}]},{"@type":"WebSite","@id":"https:\/\/cemegroup.01linuxsp.coridemo.com\/de\/#website","url":"https:\/\/cemegroup.01linuxsp.coridemo.com\/de\/","name":"Ceme Group","description":"","potentialAction":[{"@type":"SearchAction","target":{"@type":"EntryPoint","urlTemplate":"https:\/\/cemegroup.01linuxsp.coridemo.com\/de\/?s={search_term_string}"},"query-input":{"@type":"PropertyValueSpecification","valueRequired":true,"valueName":"search_term_string"}}],"inLanguage":"de"}]}},"_links":{"self":[{"href":"https:\/\/cemegroup.01linuxsp.coridemo.com\/de\/wp-json\/wp\/v2\/pages\/6465","targetHints":{"allow":["GET"]}}],"collection":[{"href":"https:\/\/cemegroup.01linuxsp.coridemo.com\/de\/wp-json\/wp\/v2\/pages"}],"about":[{"href":"https:\/\/cemegroup.01linuxsp.coridemo.com\/de\/wp-json\/wp\/v2\/types\/page"}],"author":[{"embeddable":true,"href":"https:\/\/cemegroup.01linuxsp.coridemo.com\/de\/wp-json\/wp\/v2\/users\/1"}],"replies":[{"embeddable":true,"href":"https:\/\/cemegroup.01linuxsp.coridemo.com\/de\/wp-json\/wp\/v2\/comments?post=6465"}],"version-history":[{"count":15,"href":"https:\/\/cemegroup.01linuxsp.coridemo.com\/de\/wp-json\/wp\/v2\/pages\/6465\/revisions"}],"predecessor-version":[{"id":23067,"href":"https:\/\/cemegroup.01linuxsp.coridemo.com\/de\/wp-json\/wp\/v2\/pages\/6465\/revisions\/23067"}],"wp:attachment":[{"href":"https:\/\/cemegroup.01linuxsp.coridemo.com\/de\/wp-json\/wp\/v2\/media?parent=6465"}],"curies":[{"name":"wp","href":"https:\/\/api.w.org\/{rel}","templated":true}]}}