{"id":113,"date":"2025-01-10T10:09:43","date_gmt":"2025-01-10T10:09:43","guid":{"rendered":"https:\/\/cemegroup.01linuxsp.coridemo.com\/?page_id=113"},"modified":"2026-01-07T11:47:14","modified_gmt":"2026-01-07T11:47:14","slug":"qualita","status":"publish","type":"page","link":"https:\/\/cemegroup.01linuxsp.coridemo.com\/it\/qualita\/","title":{"rendered":"Qualit\u00e0"},"content":{"rendered":"\t\t<div data-elementor-type=\"wp-page\" data-elementor-id=\"113\" class=\"elementor elementor-113\" data-elementor-post-type=\"page\">\n\t\t\t\t<div class=\"elementor-element elementor-element-e820e08 e-flex e-con-boxed e-con e-parent\" data-id=\"e820e08\" data-element_type=\"container\" data-e-type=\"container\" data-settings=\"{&quot;background_background&quot;:&quot;classic&quot;}\">\n\t\t\t\t\t<div class=\"e-con-inner\">\n\t\t\t\t<div class=\"elementor-element elementor-element-a44ed20 elementor-widget__width-initial elementor-invisible elementor-widget elementor-widget-heading\" data-id=\"a44ed20\" data-element_type=\"widget\" data-e-type=\"widget\" data-settings=\"{&quot;_animation&quot;:&quot;fadeInDown&quot;}\" data-widget_type=\"heading.default\">\n\t\t\t\t<div class=\"elementor-widget-container\">\n\t\t\t\t\t<h1 class=\"elementor-heading-title elementor-size-default\">Qualit\u00e0<span style=\"color:#4FA0CA\"> _<\/span><\/h1>\t\t\t\t<\/div>\n\t\t\t\t<\/div>\n\t\t<div class=\"elementor-element elementor-element-e7b9ab5 e-con-full e-flex e-con e-child\" data-id=\"e7b9ab5\" data-element_type=\"container\" data-e-type=\"container\">\n\t\t\t\t<div class=\"elementor-element elementor-element-dcec8b3 elementor-invisible elementor-widget elementor-widget-heading\" data-id=\"dcec8b3\" data-element_type=\"widget\" data-e-type=\"widget\" data-settings=\"{&quot;_animation&quot;:&quot;fadeInUp&quot;,&quot;_animation_delay&quot;:200}\" data-widget_type=\"heading.default\">\n\t\t\t\t<div class=\"elementor-widget-container\">\n\t\t\t\t\t<p class=\"elementor-heading-title elementor-size-default\">Negli anni, <span style=\"color:#36A9E1\">CEME Group<\/span> ha sviluppato un sistema di controllo <span style=\"color:#36A9E1\">qualit\u00e0 completo<\/span> e <span style=\"color:#36A9E1\">minuzioso<\/span> che vaglia tutte le fasi della produzione e garantisce ai clienti <span style=\"color:#36A9E1\">standard d'eccellenza<\/span>.<\/p>\t\t\t\t<\/div>\n\t\t\t\t<\/div>\n\t\t<div class=\"elementor-element elementor-element-829a95d e-con-full e-flex elementor-invisible e-con e-child\" data-id=\"829a95d\" data-element_type=\"container\" data-e-type=\"container\" data-settings=\"{&quot;animation&quot;:&quot;fadeInUp&quot;,&quot;animation_delay&quot;:400}\">\n\t\t<div class=\"elementor-element elementor-element-7d7136d e-con-full e-flex e-con e-child\" data-id=\"7d7136d\" data-element_type=\"container\" data-e-type=\"container\">\n\t\t\t\t<div class=\"elementor-element elementor-element-aee28b7 elementor-widget__width-initial elementor-widget elementor-widget-heading\" data-id=\"aee28b7\" data-element_type=\"widget\" data-e-type=\"widget\" data-widget_type=\"heading.default\">\n\t\t\t\t<div class=\"elementor-widget-container\">\n\t\t\t\t\t<p class=\"elementor-heading-title elementor-size-default\">CEME \u00e8 all'avanguardia nell'innovazione grazie ad un continuo sviluppo di tecnologie e di processi produttivi, nel pieno rispetto dell'ambiente e della tutela della salute e della sicurezza di tutti i collaboratori. <br><br>\nDefinire, misurare, analizzare, migliorare e controllare di nuovo: questo l'iter del sistema CEME, focalizzato sul complesso dei processi dalla progettazione, produzione, supply chain alla vendita.<\/p>\t\t\t\t<\/div>\n\t\t\t\t<\/div>\n\t\t\t\t<\/div>\n\t\t<div class=\"elementor-element elementor-element-f4527eb e-con-full e-flex e-con e-child\" data-id=\"f4527eb\" data-element_type=\"container\" data-e-type=\"container\">\n\t\t\t\t<div class=\"elementor-element elementor-element-70bc377 elementor-widget__width-initial elementor-widget elementor-widget-heading\" data-id=\"70bc377\" data-element_type=\"widget\" data-e-type=\"widget\" data-widget_type=\"heading.default\">\n\t\t\t\t<div class=\"elementor-widget-container\">\n\t\t\t\t\t<p class=\"elementor-heading-title elementor-size-default\">Qualit\u00e0 fin dall'inizio per una qualit\u00e0 garantita, a piena soddisfazione di tutte le necessit\u00e0 e le aspettative del cliente. \n<br><br>\nIl sistema integrato CEME qualit\u00e0, ambiente, sicurezza secondo gli standard ISO 9001, ISO 14001 e ISO 45001 rappresenta le fondamenta per il miglioramento continuo dell'efficacia e dell'efficienza dei nostri processi. \n<\/p>\t\t\t\t<\/div>\n\t\t\t\t<\/div>\n\t\t\t\t<\/div>\n\t\t\t\t<\/div>\n\t\t\t\t<div class=\"elementor-element elementor-element-062b6e7 elementor-widget elementor-widget-image\" data-id=\"062b6e7\" data-element_type=\"widget\" data-e-type=\"widget\" data-widget_type=\"image.default\">\n\t\t\t\t<div class=\"elementor-widget-container\">\n\t\t\t\t\t\t\t\t\t\t\t\t\t\t\t<img fetchpriority=\"high\" decoding=\"async\" width=\"2324\" height=\"1005\" src=\"https:\/\/cemegroup.01linuxsp.coridemo.com\/wp-content\/uploads\/2025\/10\/quality-2-1.png\" class=\"attachment-full size-full wp-image-16459\" alt=\"Controllo qualit\u00e0 CEME Group \u2013 precisione e affidabilit\u00e0 nei processi produttivi.\" srcset=\"https:\/\/cemegroup.01linuxsp.coridemo.com\/wp-content\/uploads\/2025\/10\/quality-2-1.png 2324w, https:\/\/cemegroup.01linuxsp.coridemo.com\/wp-content\/uploads\/2025\/10\/quality-2-1-300x130.png 300w, https:\/\/cemegroup.01linuxsp.coridemo.com\/wp-content\/uploads\/2025\/10\/quality-2-1-1024x443.png 1024w, https:\/\/cemegroup.01linuxsp.coridemo.com\/wp-content\/uploads\/2025\/10\/quality-2-1-768x332.png 768w, https:\/\/cemegroup.01linuxsp.coridemo.com\/wp-content\/uploads\/2025\/10\/quality-2-1-1536x664.png 1536w, https:\/\/cemegroup.01linuxsp.coridemo.com\/wp-content\/uploads\/2025\/10\/quality-2-1-2048x886.png 2048w\" sizes=\"(max-width: 2324px) 100vw, 2324px\" \/>\t\t\t\t\t\t\t\t\t\t\t\t\t\t\t<\/div>\n\t\t\t\t<\/div>\n\t\t\t\t<\/div>\n\t\t\t\t\t<\/div>\n\t\t\t\t<\/div>\n\t\t<div class=\"elementor-element elementor-element-e0cd19f e-flex e-con-boxed e-con e-parent\" data-id=\"e0cd19f\" data-element_type=\"container\" data-e-type=\"container\" data-settings=\"{&quot;background_background&quot;:&quot;gradient&quot;}\">\n\t\t\t\t\t<div class=\"e-con-inner\">\n\t\t<div class=\"elementor-element elementor-element-401a1ea e-con-full e-flex e-con e-child\" data-id=\"401a1ea\" data-element_type=\"container\" data-e-type=\"container\">\n\t\t<div class=\"elementor-element elementor-element-83e2658 e-con-full e-flex e-con e-child\" data-id=\"83e2658\" data-element_type=\"container\" data-e-type=\"container\">\n\t\t\t\t<div class=\"elementor-element elementor-element-7ec6fb7 elementor-widget__width-initial elementor-widget elementor-widget-heading\" data-id=\"7ec6fb7\" data-element_type=\"widget\" data-e-type=\"widget\" data-widget_type=\"heading.default\">\n\t\t\t\t<div class=\"elementor-widget-container\">\n\t\t\t\t\t<p class=\"elementor-heading-title elementor-size-default\">Le nostre <span style=\"color:#36A9E1\">certificazioni<\/span> e policy<\/p>\t\t\t\t<\/div>\n\t\t\t\t<\/div>\n\t\t\t\t<\/div>\n\t\t<div class=\"elementor-element elementor-element-f56ea01 e-con-full e-flex e-con e-child\" data-id=\"f56ea01\" data-element_type=\"container\" data-e-type=\"container\">\n\t\t<div class=\"elementor-element elementor-element-48c10b8 e-con-full e-flex e-con e-child\" data-id=\"48c10b8\" data-element_type=\"container\" data-e-type=\"container\">\n\t\t\t\t<div class=\"elementor-element elementor-element-6a6055a elementor-icon-list--layout-traditional elementor-list-item-link-full_width elementor-widget elementor-widget-icon-list\" data-id=\"6a6055a\" data-element_type=\"widget\" data-e-type=\"widget\" data-widget_type=\"icon-list.default\">\n\t\t\t\t<div class=\"elementor-widget-container\">\n\t\t\t\t\t\t\t<ul class=\"elementor-icon-list-items\">\n\t\t\t\t\t\t\t<li class=\"elementor-icon-list-item\">\n\t\t\t\t\t\t\t\t\t\t\t<a href=\"https:\/\/cemegroup.01linuxsp.coridemo.com\/it\/green-economy-product-analysis\/\">\n\n\t\t\t\t\t\t\t\t\t\t\t\t<span class=\"elementor-icon-list-icon\">\n\t\t\t\t\t\t\t<svg xmlns=\"http:\/\/www.w3.org\/2000\/svg\" width=\"20\" height=\"20\" viewBox=\"0 0 20 20\" fill=\"none\"><rect width=\"20\" height=\"20\" rx=\"10\" fill=\"#4FA0CA\"><\/rect><path d=\"M10.0002 15L5.38477 10.3846L6.46169 9.30769L9.23092 12.0769V5H10.7694V12.0769L13.5386 9.30769L14.6155 10.3846L10.0002 15Z\" fill=\"white\"><\/path><\/svg>\t\t\t\t\t\t<\/span>\n\t\t\t\t\t\t\t\t\t\t<span class=\"elementor-icon-list-text\">Codice Etico Clienti e Fornitori<\/span>\n\t\t\t\t\t\t\t\t\t\t\t<\/a>\n\t\t\t\t\t\t\t\t\t<\/li>\n\t\t\t\t\t\t\t\t<li class=\"elementor-icon-list-item\">\n\t\t\t\t\t\t\t\t\t\t\t<a href=\"https:\/\/cemegroup.01linuxsp.coridemo.com\/it\/etichettatura-ambientale-imballi\/\">\n\n\t\t\t\t\t\t\t\t\t\t\t\t<span class=\"elementor-icon-list-icon\">\n\t\t\t\t\t\t\t<svg xmlns=\"http:\/\/www.w3.org\/2000\/svg\" width=\"20\" height=\"20\" viewBox=\"0 0 20 20\" fill=\"none\"><rect width=\"20\" height=\"20\" rx=\"10\" fill=\"#4FA0CA\"><\/rect><path d=\"M10.0002 15L5.38477 10.3846L6.46169 9.30769L9.23092 12.0769V5H10.7694V12.0769L13.5386 9.30769L14.6155 10.3846L10.0002 15Z\" fill=\"white\"><\/path><\/svg>\t\t\t\t\t\t<\/span>\n\t\t\t\t\t\t\t\t\t\t<span class=\"elementor-icon-list-text\">Politica Sistema Integrato<\/span>\n\t\t\t\t\t\t\t\t\t\t\t<\/a>\n\t\t\t\t\t\t\t\t\t<\/li>\n\t\t\t\t\t\t\t\t<li class=\"elementor-icon-list-item\">\n\t\t\t\t\t\t\t\t\t\t\t<a href=\"https:\/\/cemegroup.01linuxsp.coridemo.com\/it\/ceme-sustainability-policy\/\">\n\n\t\t\t\t\t\t\t\t\t\t\t\t<span class=\"elementor-icon-list-icon\">\n\t\t\t\t\t\t\t<svg xmlns=\"http:\/\/www.w3.org\/2000\/svg\" width=\"20\" height=\"20\" viewBox=\"0 0 20 20\" fill=\"none\"><rect width=\"20\" height=\"20\" rx=\"10\" fill=\"#4FA0CA\"><\/rect><path d=\"M10.0002 15L5.38477 10.3846L6.46169 9.30769L9.23092 12.0769V5H10.7694V12.0769L13.5386 9.30769L14.6155 10.3846L10.0002 15Z\" fill=\"white\"><\/path><\/svg>\t\t\t\t\t\t<\/span>\n\t\t\t\t\t\t\t\t\t\t<span class=\"elementor-icon-list-text\">CEME ISO 9001<\/span>\n\t\t\t\t\t\t\t\t\t\t\t<\/a>\n\t\t\t\t\t\t\t\t\t<\/li>\n\t\t\t\t\t\t\t\t<li class=\"elementor-icon-list-item\">\n\t\t\t\t\t\t\t\t\t\t\t<a href=\"https:\/\/cemegroup.01linuxsp.coridemo.com\/it\/codice-etico-clienti-e-fornitori-2\/\">\n\n\t\t\t\t\t\t\t\t\t\t\t\t<span class=\"elementor-icon-list-icon\">\n\t\t\t\t\t\t\t<svg xmlns=\"http:\/\/www.w3.org\/2000\/svg\" width=\"20\" height=\"20\" viewBox=\"0 0 20 20\" fill=\"none\"><rect width=\"20\" height=\"20\" rx=\"10\" fill=\"#4FA0CA\"><\/rect><path d=\"M10.0002 15L5.38477 10.3846L6.46169 9.30769L9.23092 12.0769V5H10.7694V12.0769L13.5386 9.30769L14.6155 10.3846L10.0002 15Z\" fill=\"white\"><\/path><\/svg>\t\t\t\t\t\t<\/span>\n\t\t\t\t\t\t\t\t\t\t<span class=\"elementor-icon-list-text\">CEME ISO 14001<\/span>\n\t\t\t\t\t\t\t\t\t\t\t<\/a>\n\t\t\t\t\t\t\t\t\t<\/li>\n\t\t\t\t\t\t\t\t<li class=\"elementor-icon-list-item\">\n\t\t\t\t\t\t\t\t\t\t\t<a href=\"https:\/\/cemegroup.01linuxsp.coridemo.com\/it\/ceme_sustainability_progress_report_2019\/\">\n\n\t\t\t\t\t\t\t\t\t\t\t\t<span class=\"elementor-icon-list-icon\">\n\t\t\t\t\t\t\t<svg xmlns=\"http:\/\/www.w3.org\/2000\/svg\" width=\"20\" height=\"20\" viewBox=\"0 0 20 20\" fill=\"none\"><rect width=\"20\" height=\"20\" rx=\"10\" fill=\"#4FA0CA\"><\/rect><path d=\"M10.0002 15L5.38477 10.3846L6.46169 9.30769L9.23092 12.0769V5H10.7694V12.0769L13.5386 9.30769L14.6155 10.3846L10.0002 15Z\" fill=\"white\"><\/path><\/svg>\t\t\t\t\t\t<\/span>\n\t\t\t\t\t\t\t\t\t\t<span class=\"elementor-icon-list-text\">CEME ISO 45001<\/span>\n\t\t\t\t\t\t\t\t\t\t\t<\/a>\n\t\t\t\t\t\t\t\t\t<\/li>\n\t\t\t\t\t\t\t\t<li class=\"elementor-icon-list-item\">\n\t\t\t\t\t\t\t\t\t\t\t<a href=\"https:\/\/cemegroup.01linuxsp.coridemo.com\/it\/ceme_sustainability_progress_report_2019\/\">\n\n\t\t\t\t\t\t\t\t\t\t\t\t<span class=\"elementor-icon-list-icon\">\n\t\t\t\t\t\t\t<svg xmlns=\"http:\/\/www.w3.org\/2000\/svg\" width=\"20\" height=\"20\" viewBox=\"0 0 20 20\" fill=\"none\"><rect width=\"20\" height=\"20\" rx=\"10\" fill=\"#4FA0CA\"><\/rect><path d=\"M10.0002 15L5.38477 10.3846L6.46169 9.30769L9.23092 12.0769V5H10.7694V12.0769L13.5386 9.30769L14.6155 10.3846L10.0002 15Z\" fill=\"white\"><\/path><\/svg>\t\t\t\t\t\t<\/span>\n\t\t\t\t\t\t\t\t\t\t<span class=\"elementor-icon-list-text\">ODE ISO 9001<\/span>\n\t\t\t\t\t\t\t\t\t\t\t<\/a>\n\t\t\t\t\t\t\t\t\t<\/li>\n\t\t\t\t\t\t<\/ul>\n\t\t\t\t\t\t<\/div>\n\t\t\t\t<\/div>\n\t\t\t\t<\/div>\n\t\t<div class=\"elementor-element elementor-element-5b0668f e-con-full e-flex e-con e-child\" data-id=\"5b0668f\" data-element_type=\"container\" data-e-type=\"container\">\n\t\t\t\t<div class=\"elementor-element elementor-element-d48911c elementor-icon-list--layout-traditional elementor-list-item-link-full_width elementor-widget elementor-widget-icon-list\" data-id=\"d48911c\" data-element_type=\"widget\" data-e-type=\"widget\" data-widget_type=\"icon-list.default\">\n\t\t\t\t<div class=\"elementor-widget-container\">\n\t\t\t\t\t\t\t<ul class=\"elementor-icon-list-items\">\n\t\t\t\t\t\t\t<li class=\"elementor-icon-list-item\">\n\t\t\t\t\t\t\t\t\t\t\t<a href=\"https:\/\/cemegroup.01linuxsp.coridemo.com\/it\/ceme_sustainability_progress_report_2020\/\">\n\n\t\t\t\t\t\t\t\t\t\t\t\t<span class=\"elementor-icon-list-icon\">\n\t\t\t\t\t\t\t<svg xmlns=\"http:\/\/www.w3.org\/2000\/svg\" width=\"20\" height=\"20\" viewBox=\"0 0 20 20\" fill=\"none\"><rect width=\"20\" height=\"20\" rx=\"10\" fill=\"#4FA0CA\"><\/rect><path d=\"M10.0002 15L5.38477 10.3846L6.46169 9.30769L9.23092 12.0769V5H10.7694V12.0769L13.5386 9.30769L14.6155 10.3846L10.0002 15Z\" fill=\"white\"><\/path><\/svg>\t\t\t\t\t\t<\/span>\n\t\t\t\t\t\t\t\t\t\t<span class=\"elementor-icon-list-text\">ODE ISO 14001<\/span>\n\t\t\t\t\t\t\t\t\t\t\t<\/a>\n\t\t\t\t\t\t\t\t\t<\/li>\n\t\t\t\t\t\t\t\t<li class=\"elementor-icon-list-item\">\n\t\t\t\t\t\t\t\t\t\t\t<a href=\"https:\/\/cemegroup.01linuxsp.coridemo.com\/it\/ceme_sustainability_progress_report_2021\/\">\n\n\t\t\t\t\t\t\t\t\t\t\t\t<span class=\"elementor-icon-list-icon\">\n\t\t\t\t\t\t\t<svg xmlns=\"http:\/\/www.w3.org\/2000\/svg\" width=\"20\" height=\"20\" viewBox=\"0 0 20 20\" fill=\"none\"><rect width=\"20\" height=\"20\" rx=\"10\" fill=\"#4FA0CA\"><\/rect><path d=\"M10.0002 15L5.38477 10.3846L6.46169 9.30769L9.23092 12.0769V5H10.7694V12.0769L13.5386 9.30769L14.6155 10.3846L10.0002 15Z\" fill=\"white\"><\/path><\/svg>\t\t\t\t\t\t<\/span>\n\t\t\t\t\t\t\t\t\t\t<span class=\"elementor-icon-list-text\">ODE ISO 45001<\/span>\n\t\t\t\t\t\t\t\t\t\t\t<\/a>\n\t\t\t\t\t\t\t\t\t<\/li>\n\t\t\t\t\t\t\t\t<li class=\"elementor-icon-list-item\">\n\t\t\t\t\t\t\t\t\t\t\t<a href=\"https:\/\/cemegroup.01linuxsp.coridemo.com\/it\/ceme_sustainability_progress_report_2022\/\">\n\n\t\t\t\t\t\t\t\t\t\t\t\t<span class=\"elementor-icon-list-icon\">\n\t\t\t\t\t\t\t<svg xmlns=\"http:\/\/www.w3.org\/2000\/svg\" width=\"20\" height=\"20\" viewBox=\"0 0 20 20\" fill=\"none\"><rect width=\"20\" height=\"20\" rx=\"10\" fill=\"#4FA0CA\"><\/rect><path d=\"M10.0002 15L5.38477 10.3846L6.46169 9.30769L9.23092 12.0769V5H10.7694V12.0769L13.5386 9.30769L14.6155 10.3846L10.0002 15Z\" fill=\"white\"><\/path><\/svg>\t\t\t\t\t\t<\/span>\n\t\t\t\t\t\t\t\t\t\t<span class=\"elementor-icon-list-text\">ACL ISO 9001<\/span>\n\t\t\t\t\t\t\t\t\t\t\t<\/a>\n\t\t\t\t\t\t\t\t\t<\/li>\n\t\t\t\t\t\t\t\t<li class=\"elementor-icon-list-item\">\n\t\t\t\t\t\t\t\t\t\t\t<a href=\"https:\/\/cemegroup.01linuxsp.coridemo.com\/it\/ceme-group-ecovadis-rating-certificate-2024\/\">\n\n\t\t\t\t\t\t\t\t\t\t\t\t<span class=\"elementor-icon-list-icon\">\n\t\t\t\t\t\t\t<svg xmlns=\"http:\/\/www.w3.org\/2000\/svg\" width=\"20\" height=\"20\" viewBox=\"0 0 20 20\" fill=\"none\"><rect width=\"20\" height=\"20\" rx=\"10\" fill=\"#4FA0CA\"><\/rect><path d=\"M10.0002 15L5.38477 10.3846L6.46169 9.30769L9.23092 12.0769V5H10.7694V12.0769L13.5386 9.30769L14.6155 10.3846L10.0002 15Z\" fill=\"white\"><\/path><\/svg>\t\t\t\t\t\t<\/span>\n\t\t\t\t\t\t\t\t\t\t<span class=\"elementor-icon-list-text\">ACL ISO 14001<\/span>\n\t\t\t\t\t\t\t\t\t\t\t<\/a>\n\t\t\t\t\t\t\t\t\t<\/li>\n\t\t\t\t\t\t\t\t<li class=\"elementor-icon-list-item\">\n\t\t\t\t\t\t\t\t\t\t\t<a href=\"https:\/\/cemegroup.01linuxsp.coridemo.com\/it\/ceme-group-ecovadis-rating-certificate-2024\/\">\n\n\t\t\t\t\t\t\t\t\t\t\t\t<span class=\"elementor-icon-list-icon\">\n\t\t\t\t\t\t\t<svg xmlns=\"http:\/\/www.w3.org\/2000\/svg\" width=\"20\" height=\"20\" viewBox=\"0 0 20 20\" fill=\"none\"><rect width=\"20\" height=\"20\" rx=\"10\" fill=\"#4FA0CA\"><\/rect><path d=\"M10.0002 15L5.38477 10.3846L6.46169 9.30769L9.23092 12.0769V5H10.7694V12.0769L13.5386 9.30769L14.6155 10.3846L10.0002 15Z\" fill=\"white\"><\/path><\/svg>\t\t\t\t\t\t<\/span>\n\t\t\t\t\t\t\t\t\t\t<span class=\"elementor-icon-list-text\">ACL ISO 45001<\/span>\n\t\t\t\t\t\t\t\t\t\t\t<\/a>\n\t\t\t\t\t\t\t\t\t<\/li>\n\t\t\t\t\t\t\t\t<li class=\"elementor-icon-list-item\">\n\t\t\t\t\t\t\t\t\t\t\t<a href=\"https:\/\/cemegroup.01linuxsp.coridemo.com\/it\/ceme-group-ecovadis-rating-certificate-2024\/\">\n\n\t\t\t\t\t\t\t\t\t\t\t\t<span class=\"elementor-icon-list-icon\">\n\t\t\t\t\t\t\t<svg xmlns=\"http:\/\/www.w3.org\/2000\/svg\" width=\"20\" height=\"20\" viewBox=\"0 0 20 20\" fill=\"none\"><rect width=\"20\" height=\"20\" rx=\"10\" fill=\"#4FA0CA\"><\/rect><path d=\"M10.0002 15L5.38477 10.3846L6.46169 9.30769L9.23092 12.0769V5H10.7694V12.0769L13.5386 9.30769L14.6155 10.3846L10.0002 15Z\" fill=\"white\"><\/path><\/svg>\t\t\t\t\t\t<\/span>\n\t\t\t\t\t\t\t\t\t\t<span class=\"elementor-icon-list-text\">IATF certification<\/span>\n\t\t\t\t\t\t\t\t\t\t\t<\/a>\n\t\t\t\t\t\t\t\t\t<\/li>\n\t\t\t\t\t\t<\/ul>\n\t\t\t\t\t\t<\/div>\n\t\t\t\t<\/div>\n\t\t\t\t<\/div>\n\t\t\t\t<\/div>\n\t\t\t\t<\/div>\n\t\t\t\t\t<\/div>\n\t\t\t\t<\/div>\n\t\t<div class=\"elementor-element elementor-element-277c541 e-con-full e-flex e-con e-parent\" data-id=\"277c541\" data-element_type=\"container\" data-e-type=\"container\" data-settings=\"{&quot;background_background&quot;:&quot;gradient&quot;}\">\n\t\t\t\t<\/div>\n\t\t<div class=\"elementor-element elementor-element-142e04e e-con-full e-flex e-con e-parent\" data-id=\"142e04e\" data-element_type=\"container\" data-e-type=\"container\" data-settings=\"{&quot;background_background&quot;:&quot;classic&quot;}\">\n\t\t\t\t<\/div>\n\t\t\t\t<\/div>\n\t\t","protected":false},"excerpt":{"rendered":"<p>Qualit\u00e0 _ Negli anni, CEME Group ha sviluppato un sistema di controllo qualit\u00e0 completo e minuzioso che vaglia tutte le fasi della produzione e garantisce ai clienti standard d&#8217;eccellenza. CEME \u00e8 all&#8217;avanguardia nell&#8217;innovazione grazie ad un continuo sviluppo di tecnologie e di processi produttivi, nel pieno rispetto dell&#8217;ambiente e della tutela della salute e della [&hellip;]<\/p>\n","protected":false},"author":1,"featured_media":0,"parent":0,"menu_order":0,"comment_status":"closed","ping_status":"closed","template":"","meta":{"_acf_changed":false,"footnotes":""},"class_list":["post-113","page","type-page","status-publish","hentry"],"acf":[],"yoast_head":"<!-- This site is optimized with the Yoast SEO plugin v27.4 - https:\/\/yoast.com\/product\/yoast-seo-wordpress\/ -->\n<title>Qualit\u00e0 | CEME<\/title>\n<meta name=\"description\" content=\"CEME garantisce qualit\u00e0, sicurezza e sostenibilit\u00e0 con certificazioni ISO e controlli rigorosi.Scopri il nostro impegno per l\u2019innovazione e l\u2019eccellenza.\" \/>\n<meta name=\"robots\" content=\"noindex, follow, max-snippet:-1, max-image-preview:large, max-video-preview:-1\" \/>\n<meta property=\"og:locale\" content=\"it_IT\" \/>\n<meta property=\"og:type\" content=\"article\" \/>\n<meta property=\"og:title\" content=\"Qualit\u00e0 | CEME\" \/>\n<meta property=\"og:description\" content=\"CEME garantisce qualit\u00e0, sicurezza e sostenibilit\u00e0 con certificazioni ISO e controlli rigorosi.Scopri il nostro impegno per l\u2019innovazione e l\u2019eccellenza.\" \/>\n<meta property=\"og:url\" content=\"https:\/\/cemegroup.01linuxsp.coridemo.com\/it\/qualita\/\" \/>\n<meta property=\"og:site_name\" content=\"Ceme Group\" \/>\n<meta property=\"article:modified_time\" content=\"2026-01-07T11:47:14+00:00\" \/>\n<meta property=\"og:image\" content=\"https:\/\/cemegroup.01linuxsp.coridemo.com\/wp-content\/uploads\/2025\/10\/quality-2-1.png\" \/>\n\t<meta property=\"og:image:width\" content=\"2324\" \/>\n\t<meta property=\"og:image:height\" content=\"1005\" \/>\n\t<meta property=\"og:image:type\" content=\"image\/png\" \/>\n<meta name=\"twitter:card\" content=\"summary_large_image\" \/>\n<meta name=\"twitter:label1\" content=\"Tempo di lettura stimato\" \/>\n\t<meta name=\"twitter:data1\" content=\"2 minuti\" \/>\n<script type=\"application\/ld+json\" class=\"yoast-schema-graph\">{\"@context\":\"https:\\\/\\\/schema.org\",\"@graph\":[{\"@type\":\"WebPage\",\"@id\":\"https:\\\/\\\/cemegroup.01linuxsp.coridemo.com\\\/it\\\/qualita\\\/\",\"url\":\"https:\\\/\\\/cemegroup.01linuxsp.coridemo.com\\\/it\\\/qualita\\\/\",\"name\":\"Qualit\u00e0 | CEME\",\"isPartOf\":{\"@id\":\"https:\\\/\\\/cemegroup.01linuxsp.coridemo.com\\\/it\\\/#website\"},\"primaryImageOfPage\":{\"@id\":\"https:\\\/\\\/cemegroup.01linuxsp.coridemo.com\\\/it\\\/qualita\\\/#primaryimage\"},\"image\":{\"@id\":\"https:\\\/\\\/cemegroup.01linuxsp.coridemo.com\\\/it\\\/qualita\\\/#primaryimage\"},\"thumbnailUrl\":\"https:\\\/\\\/cemegroup.01linuxsp.coridemo.com\\\/wp-content\\\/uploads\\\/2025\\\/10\\\/quality-2-1.png\",\"datePublished\":\"2025-01-10T10:09:43+00:00\",\"dateModified\":\"2026-01-07T11:47:14+00:00\",\"description\":\"CEME garantisce qualit\u00e0, sicurezza e sostenibilit\u00e0 con certificazioni ISO e controlli rigorosi.Scopri il nostro impegno per l\u2019innovazione e l\u2019eccellenza.\",\"breadcrumb\":{\"@id\":\"https:\\\/\\\/cemegroup.01linuxsp.coridemo.com\\\/it\\\/qualita\\\/#breadcrumb\"},\"inLanguage\":\"it-IT\",\"potentialAction\":[{\"@type\":\"ReadAction\",\"target\":[\"https:\\\/\\\/cemegroup.01linuxsp.coridemo.com\\\/it\\\/qualita\\\/\"]}]},{\"@type\":\"ImageObject\",\"inLanguage\":\"it-IT\",\"@id\":\"https:\\\/\\\/cemegroup.01linuxsp.coridemo.com\\\/it\\\/qualita\\\/#primaryimage\",\"url\":\"https:\\\/\\\/cemegroup.01linuxsp.coridemo.com\\\/wp-content\\\/uploads\\\/2025\\\/10\\\/quality-2-1.png\",\"contentUrl\":\"https:\\\/\\\/cemegroup.01linuxsp.coridemo.com\\\/wp-content\\\/uploads\\\/2025\\\/10\\\/quality-2-1.png\"},{\"@type\":\"BreadcrumbList\",\"@id\":\"https:\\\/\\\/cemegroup.01linuxsp.coridemo.com\\\/it\\\/qualita\\\/#breadcrumb\",\"itemListElement\":[{\"@type\":\"ListItem\",\"position\":1,\"name\":\"Home\",\"item\":\"https:\\\/\\\/cemegroup.01linuxsp.coridemo.com\\\/it\\\/\"},{\"@type\":\"ListItem\",\"position\":2,\"name\":\"Qualit\u00e0\"}]},{\"@type\":\"WebSite\",\"@id\":\"https:\\\/\\\/cemegroup.01linuxsp.coridemo.com\\\/it\\\/#website\",\"url\":\"https:\\\/\\\/cemegroup.01linuxsp.coridemo.com\\\/it\\\/\",\"name\":\"Ceme Group\",\"description\":\"\",\"potentialAction\":[{\"@type\":\"SearchAction\",\"target\":{\"@type\":\"EntryPoint\",\"urlTemplate\":\"https:\\\/\\\/cemegroup.01linuxsp.coridemo.com\\\/it\\\/?s={search_term_string}\"},\"query-input\":{\"@type\":\"PropertyValueSpecification\",\"valueRequired\":true,\"valueName\":\"search_term_string\"}}],\"inLanguage\":\"it-IT\"}]}<\/script>\n<!-- \/ Yoast SEO plugin. -->","yoast_head_json":{"title":"Qualit\u00e0 | CEME","description":"CEME garantisce qualit\u00e0, sicurezza e sostenibilit\u00e0 con certificazioni ISO e controlli rigorosi.Scopri il nostro impegno per l\u2019innovazione e l\u2019eccellenza.","robots":{"index":"noindex","follow":"follow","max-snippet":"max-snippet:-1","max-image-preview":"max-image-preview:large","max-video-preview":"max-video-preview:-1"},"og_locale":"it_IT","og_type":"article","og_title":"Qualit\u00e0 | CEME","og_description":"CEME garantisce qualit\u00e0, sicurezza e sostenibilit\u00e0 con certificazioni ISO e controlli rigorosi.Scopri il nostro impegno per l\u2019innovazione e l\u2019eccellenza.","og_url":"https:\/\/cemegroup.01linuxsp.coridemo.com\/it\/qualita\/","og_site_name":"Ceme Group","article_modified_time":"2026-01-07T11:47:14+00:00","og_image":[{"width":2324,"height":1005,"url":"https:\/\/cemegroup.01linuxsp.coridemo.com\/wp-content\/uploads\/2025\/10\/quality-2-1.png","type":"image\/png"}],"twitter_card":"summary_large_image","twitter_misc":{"Tempo di lettura stimato":"2 minuti"},"schema":{"@context":"https:\/\/schema.org","@graph":[{"@type":"WebPage","@id":"https:\/\/cemegroup.01linuxsp.coridemo.com\/it\/qualita\/","url":"https:\/\/cemegroup.01linuxsp.coridemo.com\/it\/qualita\/","name":"Qualit\u00e0 | CEME","isPartOf":{"@id":"https:\/\/cemegroup.01linuxsp.coridemo.com\/it\/#website"},"primaryImageOfPage":{"@id":"https:\/\/cemegroup.01linuxsp.coridemo.com\/it\/qualita\/#primaryimage"},"image":{"@id":"https:\/\/cemegroup.01linuxsp.coridemo.com\/it\/qualita\/#primaryimage"},"thumbnailUrl":"https:\/\/cemegroup.01linuxsp.coridemo.com\/wp-content\/uploads\/2025\/10\/quality-2-1.png","datePublished":"2025-01-10T10:09:43+00:00","dateModified":"2026-01-07T11:47:14+00:00","description":"CEME garantisce qualit\u00e0, sicurezza e sostenibilit\u00e0 con certificazioni ISO e controlli rigorosi.Scopri il nostro impegno per l\u2019innovazione e l\u2019eccellenza.","breadcrumb":{"@id":"https:\/\/cemegroup.01linuxsp.coridemo.com\/it\/qualita\/#breadcrumb"},"inLanguage":"it-IT","potentialAction":[{"@type":"ReadAction","target":["https:\/\/cemegroup.01linuxsp.coridemo.com\/it\/qualita\/"]}]},{"@type":"ImageObject","inLanguage":"it-IT","@id":"https:\/\/cemegroup.01linuxsp.coridemo.com\/it\/qualita\/#primaryimage","url":"https:\/\/cemegroup.01linuxsp.coridemo.com\/wp-content\/uploads\/2025\/10\/quality-2-1.png","contentUrl":"https:\/\/cemegroup.01linuxsp.coridemo.com\/wp-content\/uploads\/2025\/10\/quality-2-1.png"},{"@type":"BreadcrumbList","@id":"https:\/\/cemegroup.01linuxsp.coridemo.com\/it\/qualita\/#breadcrumb","itemListElement":[{"@type":"ListItem","position":1,"name":"Home","item":"https:\/\/cemegroup.01linuxsp.coridemo.com\/it\/"},{"@type":"ListItem","position":2,"name":"Qualit\u00e0"}]},{"@type":"WebSite","@id":"https:\/\/cemegroup.01linuxsp.coridemo.com\/it\/#website","url":"https:\/\/cemegroup.01linuxsp.coridemo.com\/it\/","name":"Ceme Group","description":"","potentialAction":[{"@type":"SearchAction","target":{"@type":"EntryPoint","urlTemplate":"https:\/\/cemegroup.01linuxsp.coridemo.com\/it\/?s={search_term_string}"},"query-input":{"@type":"PropertyValueSpecification","valueRequired":true,"valueName":"search_term_string"}}],"inLanguage":"it-IT"}]}},"_links":{"self":[{"href":"https:\/\/cemegroup.01linuxsp.coridemo.com\/it\/wp-json\/wp\/v2\/pages\/113","targetHints":{"allow":["GET"]}}],"collection":[{"href":"https:\/\/cemegroup.01linuxsp.coridemo.com\/it\/wp-json\/wp\/v2\/pages"}],"about":[{"href":"https:\/\/cemegroup.01linuxsp.coridemo.com\/it\/wp-json\/wp\/v2\/types\/page"}],"author":[{"embeddable":true,"href":"https:\/\/cemegroup.01linuxsp.coridemo.com\/it\/wp-json\/wp\/v2\/users\/1"}],"replies":[{"embeddable":true,"href":"https:\/\/cemegroup.01linuxsp.coridemo.com\/it\/wp-json\/wp\/v2\/comments?post=113"}],"version-history":[{"count":232,"href":"https:\/\/cemegroup.01linuxsp.coridemo.com\/it\/wp-json\/wp\/v2\/pages\/113\/revisions"}],"predecessor-version":[{"id":23064,"href":"https:\/\/cemegroup.01linuxsp.coridemo.com\/it\/wp-json\/wp\/v2\/pages\/113\/revisions\/23064"}],"wp:attachment":[{"href":"https:\/\/cemegroup.01linuxsp.coridemo.com\/it\/wp-json\/wp\/v2\/media?parent=113"}],"curies":[{"name":"wp","href":"https:\/\/api.w.org\/{rel}","templated":true}]}}