{"id":2314,"date":"2025-11-13T15:27:10","date_gmt":"2025-11-13T14:27:10","guid":{"rendered":"https:\/\/cemegroup.01linuxsp.coridemo.com\/ode\/marke\/"},"modified":"2025-11-20T16:01:22","modified_gmt":"2025-11-20T15:01:22","slug":"marke","status":"publish","type":"page","link":"https:\/\/cemegroup.01linuxsp.coridemo.com\/ode\/de\/marke\/","title":{"rendered":"Marke"},"content":{"rendered":"\t\t<div data-elementor-type=\"wp-page\" data-elementor-id=\"2314\" class=\"elementor elementor-2314 elementor-1872\" data-elementor-post-type=\"page\">\n\t\t\t\t<div class=\"elementor-element elementor-element-4349d70e e-con-full e-flex e-con e-parent\" data-id=\"4349d70e\" data-element_type=\"container\" data-e-type=\"container\" data-settings=\"{&quot;background_background&quot;:&quot;classic&quot;}\">\n\t\t<div class=\"elementor-element elementor-element-5fb558dc e-flex e-con-boxed e-con e-child\" data-id=\"5fb558dc\" data-element_type=\"container\" data-e-type=\"container\">\n\t\t\t\t\t<div class=\"e-con-inner\">\n\t\t<div class=\"elementor-element elementor-element-746b584a e-con-full e-flex e-con e-child\" data-id=\"746b584a\" data-element_type=\"container\" data-e-type=\"container\">\n\t\t\t\t<div class=\"elementor-element elementor-element-29696cb8 text-hero-v2 elementor-widget elementor-widget-heading\" data-id=\"29696cb8\" data-element_type=\"widget\" data-e-type=\"widget\" data-widget_type=\"heading.default\">\n\t\t\t\t\t<h1 class=\"elementor-heading-title elementor-size-default\">F&amp;E, Flexibilit\u00e4t und Kundenorientierung<\/h1>\t\t\t\t<\/div>\n\t\t<div class=\"elementor-element elementor-element-524a213c e-con-full e-flex e-con e-child\" data-id=\"524a213c\" data-element_type=\"container\" data-e-type=\"container\">\n\t\t\t\t<div class=\"elementor-element elementor-element-5f390152 text-normal-500 elementor-widget elementor-widget-button\" data-id=\"5f390152\" data-element_type=\"widget\" data-e-type=\"widget\" data-widget_type=\"button.default\">\n\t\t\t\t\t\t\t\t\t\t<a class=\"elementor-button elementor-button-link elementor-size-sm\" href=\"#history\">\n\t\t\t\t\t\t<span class=\"elementor-button-content-wrapper\">\n\t\t\t\t\t\t\t\t\t<span class=\"elementor-button-text\">GESCHICHTE DER ODE<\/span>\n\t\t\t\t\t<\/span>\n\t\t\t\t\t<\/a>\n\t\t\t\t\t\t\t\t<\/div>\n\t\t\t\t<\/div>\n\t\t\t\t<\/div>\n\t\t\t\t\t<\/div>\n\t\t\t\t<\/div>\n\t\t\t\t<\/div>\n\t\t<div class=\"elementor-element elementor-element-c56574d e-con-full e-flex e-con e-parent\" data-id=\"c56574d\" data-element_type=\"container\" data-e-type=\"container\" data-settings=\"{&quot;background_background&quot;:&quot;gradient&quot;}\">\n\t\t\t\t<\/div>\n\t\t<div class=\"elementor-element elementor-element-88ef528 e-flex e-con-boxed e-con e-parent\" data-id=\"88ef528\" data-element_type=\"container\" data-e-type=\"container\" id=\"history\" data-settings=\"{&quot;background_background&quot;:&quot;classic&quot;}\">\n\t\t\t\t\t<div class=\"e-con-inner\">\n\t\t<div class=\"elementor-element elementor-element-483a690 e-con-full e-flex e-con e-child\" data-id=\"483a690\" data-element_type=\"container\" data-e-type=\"container\">\n\t\t\t\t<div class=\"elementor-element elementor-element-96f4eeb elementor-icon-list--layout-traditional elementor-list-item-link-full_width elementor-widget elementor-widget-icon-list\" data-id=\"96f4eeb\" data-element_type=\"widget\" data-e-type=\"widget\" data-widget_type=\"icon-list.default\">\n\t\t\t\t\t\t\t<ul class=\"elementor-icon-list-items\">\n\t\t\t\t\t\t\t<li class=\"elementor-icon-list-item\">\n\t\t\t\t\t\t\t\t\t\t\t<span class=\"elementor-icon-list-icon\">\n\t\t\t\t\t\t\t<svg xmlns=\"http:\/\/www.w3.org\/2000\/svg\" width=\"14\" height=\"14\" viewBox=\"0 0 14 14\" fill=\"none\"><rect width=\"14\" height=\"14\" fill=\"#139739\"><\/rect><\/svg>\t\t\t\t\t\t<\/span>\n\t\t\t\t\t\t\t\t\t\t<span class=\"elementor-icon-list-text\">ODE MARKE<\/span>\n\t\t\t\t\t\t\t\t\t<\/li>\n\t\t\t\t\t\t<\/ul>\n\t\t\t\t\t\t<\/div>\n\t\t\t\t<\/div>\n\t\t<div class=\"elementor-element elementor-element-5658b83 e-con-full e-flex e-con e-child\" data-id=\"5658b83\" data-element_type=\"container\" data-e-type=\"container\">\n\t\t\t\t<div class=\"elementor-element elementor-element-7271244 text-subheading elementor-widget elementor-widget-heading\" data-id=\"7271244\" data-element_type=\"widget\" data-e-type=\"widget\" data-widget_type=\"heading.default\">\n\t\t\t\t\t<h3 class=\"elementor-heading-title elementor-size-default\">Seit 1960 steht ODE f\u00fcr Innovation, Zuverl\u00e4ssigkeit und Qualit\u00e4t Made in Italy. <\/h3>\t\t\t\t<\/div>\n\t\t<div class=\"elementor-element elementor-element-f01877a e-con-full e-flex e-con e-child\" data-id=\"f01877a\" data-element_type=\"container\" data-e-type=\"container\">\n\t\t\t\t<div class=\"elementor-element elementor-element-1768352 text-body-v2 elementor-widget elementor-widget-heading\" data-id=\"1768352\" data-element_type=\"widget\" data-e-type=\"widget\" data-widget_type=\"heading.default\">\n\t\t\t\t\t<p class=\"elementor-heading-title elementor-size-default\">Mit langj\u00e4hriger Erfahrung in der Entwicklung und Herstellung von Magnetventilen unterst\u00fctzt das Unternehmen Hersteller von Maschinen und Anlagen mit ma\u00dfgeschneiderten L\u00f6sungen f\u00fcr zahlreiche Branchen: Verkaufsautomaten, Kaffeemaschinen, Medizin, Lebensmittel und Getr\u00e4nke, industrielle Automatisierung, Autowaschanlagen, Wasserverwaltung sowie Chemie und Petrochemie.<br><br>Eine der Hauptst\u00e4rken von ODE ist die F\u00e4higkeit, jedes Produkt an die spezifischen Bed\u00fcrfnisse der Kunden anzupassen und maximale Flexibilit\u00e4t, Effizienz und Leistung zu gew\u00e4hrleisten. Dank seiner internationalen Pr\u00e4senz und einem hochspezialisierten Vertriebsnetz gew\u00e4hrleistet ODE einen umfassenden Service und eine exzellente technische Unterst\u00fctzung auf der ganzen Welt. <br><br>Heute vereint ODE als Marke der CEME Group die Solidit\u00e4t der Tradition mit dem Streben nach Innovation und Wachstum, st\u00e4rkt die globale F\u00fchrungsposition der Gruppe im Bereich der Fluidsteuerungssysteme und \u00fcberzeugt seine Kunden weiterhin mit Qualit\u00e4t, Flexibilit\u00e4t und einwandfreiem Service.\n<\/p>\t\t\t\t<\/div>\n\t\t\t\t<\/div>\n\t\t\t\t<\/div>\n\t\t\t\t\t<\/div>\n\t\t\t\t<\/div>\n\t\t\t\t<\/div>\n\t\t","protected":false},"excerpt":{"rendered":"<p>F&amp;E, Flexibilit\u00e4t und Kundenorientierung GESCHICHTE DER ODE ODE MARKE Seit 1960 steht ODE f\u00fcr Innovation, Zuverl\u00e4ssigkeit und Qualit\u00e4t Made in Italy. Mit langj\u00e4hriger Erfahrung in der Entwicklung und Herstellung von Magnetventilen unterst\u00fctzt das Unternehmen Hersteller von Maschinen und Anlagen mit ma\u00dfgeschneiderten L\u00f6sungen f\u00fcr zahlreiche Branchen: Verkaufsautomaten, Kaffeemaschinen, Medizin, Lebensmittel und Getr\u00e4nke, industrielle Automatisierung, Autowaschanlagen, Wasserverwaltung [&hellip;]<\/p>\n","protected":false},"author":1,"featured_media":0,"parent":0,"menu_order":0,"comment_status":"closed","ping_status":"closed","template":"","meta":{"_acf_changed":false,"footnotes":""},"class_list":["post-2314","page","type-page","status-publish","hentry"],"acf":[],"yoast_head":"<!-- This site is optimized with the Yoast SEO plugin v27.4 - https:\/\/yoast.com\/product\/yoast-seo-wordpress\/ -->\n<title>Ma\u00dfgeschneiderte Ventile und Magnetventile f\u00fcr die Industrie seit 1960 | ODE<\/title>\n<meta name=\"description\" content=\"ODE entwickelt Ventile, Magnetventile, Pumpen und Wandler f\u00fcr Maschinen und Industrieanlagen. Entdecken Sie die Geschichte, die Werte und die Innovationen der Marke.\" \/>\n<meta name=\"robots\" content=\"noindex, follow, max-snippet:-1, max-image-preview:large, max-video-preview:-1\" \/>\n<meta property=\"og:locale\" content=\"de_DE\" \/>\n<meta property=\"og:type\" content=\"article\" \/>\n<meta property=\"og:title\" content=\"Ma\u00dfgeschneiderte Ventile und Magnetventile f\u00fcr die Industrie seit 1960 | ODE\" \/>\n<meta property=\"og:description\" content=\"ODE entwickelt Ventile, Magnetventile, Pumpen und Wandler f\u00fcr Maschinen und Industrieanlagen. Entdecken Sie die Geschichte, die Werte und die Innovationen der Marke.\" \/>\n<meta property=\"og:url\" content=\"https:\/\/cemegroup.01linuxsp.coridemo.com\/ode\/de\/marke\/\" \/>\n<meta property=\"og:site_name\" content=\"Ode\" \/>\n<meta property=\"article:modified_time\" content=\"2025-11-20T15:01:22+00:00\" \/>\n<meta property=\"og:image\" content=\"https:\/\/cemegroup.01linuxsp.coridemo.com\/ode\/wp-content\/uploads\/sites\/7\/2025\/11\/Ceme_095.png\" \/>\n\t<meta property=\"og:image:width\" content=\"1920\" \/>\n\t<meta property=\"og:image:height\" content=\"980\" \/>\n\t<meta property=\"og:image:type\" content=\"image\/png\" \/>\n<meta name=\"twitter:card\" content=\"summary_large_image\" \/>\n<meta name=\"twitter:label1\" content=\"Gesch\u00e4tzte Lesezeit\" \/>\n\t<meta name=\"twitter:data1\" content=\"1\u00a0Minute\" \/>\n<script type=\"application\/ld+json\" class=\"yoast-schema-graph\">{\"@context\":\"https:\\\/\\\/schema.org\",\"@graph\":[{\"@type\":\"WebPage\",\"@id\":\"https:\\\/\\\/cemegroup.01linuxsp.coridemo.com\\\/ode\\\/de\\\/marke\\\/\",\"url\":\"https:\\\/\\\/cemegroup.01linuxsp.coridemo.com\\\/ode\\\/de\\\/marke\\\/\",\"name\":\"Ma\u00dfgeschneiderte Ventile und Magnetventile f\u00fcr die Industrie seit 1960 | ODE\",\"isPartOf\":{\"@id\":\"https:\\\/\\\/cemegroup.01linuxsp.coridemo.com\\\/ode\\\/de\\\/#website\"},\"datePublished\":\"2025-11-13T14:27:10+00:00\",\"dateModified\":\"2025-11-20T15:01:22+00:00\",\"description\":\"ODE entwickelt Ventile, Magnetventile, Pumpen und Wandler f\u00fcr Maschinen und Industrieanlagen. Entdecken Sie die Geschichte, die Werte und die Innovationen der Marke.\",\"breadcrumb\":{\"@id\":\"https:\\\/\\\/cemegroup.01linuxsp.coridemo.com\\\/ode\\\/de\\\/marke\\\/#breadcrumb\"},\"inLanguage\":\"de\",\"potentialAction\":[{\"@type\":\"ReadAction\",\"target\":[\"https:\\\/\\\/cemegroup.01linuxsp.coridemo.com\\\/ode\\\/de\\\/marke\\\/\"]}]},{\"@type\":\"BreadcrumbList\",\"@id\":\"https:\\\/\\\/cemegroup.01linuxsp.coridemo.com\\\/ode\\\/de\\\/marke\\\/#breadcrumb\",\"itemListElement\":[{\"@type\":\"ListItem\",\"position\":1,\"name\":\"Home\",\"item\":\"https:\\\/\\\/cemegroup.01linuxsp.coridemo.com\\\/ode\\\/de\\\/home\\\/\"},{\"@type\":\"ListItem\",\"position\":2,\"name\":\"Marke\"}]},{\"@type\":\"WebSite\",\"@id\":\"https:\\\/\\\/cemegroup.01linuxsp.coridemo.com\\\/ode\\\/de\\\/#website\",\"url\":\"https:\\\/\\\/cemegroup.01linuxsp.coridemo.com\\\/ode\\\/de\\\/\",\"name\":\"ODE\",\"description\":\"Discover ODE solutions for fluid control: solenoid valves, valves, pumps and transducers. Reliable, tested products for every industry.\",\"publisher\":{\"@id\":\"https:\\\/\\\/cemegroup.01linuxsp.coridemo.com\\\/ode\\\/de\\\/#organization\"},\"alternateName\":\"ODE - CEME Group\",\"potentialAction\":[{\"@type\":\"SearchAction\",\"target\":{\"@type\":\"EntryPoint\",\"urlTemplate\":\"https:\\\/\\\/cemegroup.01linuxsp.coridemo.com\\\/ode\\\/de\\\/?s={search_term_string}\"},\"query-input\":{\"@type\":\"PropertyValueSpecification\",\"valueRequired\":true,\"valueName\":\"search_term_string\"}}],\"inLanguage\":\"de\"},{\"@type\":\"Organization\",\"@id\":\"https:\\\/\\\/cemegroup.01linuxsp.coridemo.com\\\/ode\\\/de\\\/#organization\",\"name\":\"ODE\",\"alternateName\":\"ODE - CEME Group\",\"url\":\"https:\\\/\\\/cemegroup.01linuxsp.coridemo.com\\\/ode\\\/de\\\/\",\"logo\":{\"@type\":\"ImageObject\",\"inLanguage\":\"de\",\"@id\":\"https:\\\/\\\/cemegroup.01linuxsp.coridemo.com\\\/ode\\\/de\\\/#\\\/schema\\\/logo\\\/image\\\/\",\"url\":\"https:\\\/\\\/cemegroup.01linuxsp.coridemo.com\\\/ode\\\/wp-content\\\/uploads\\\/sites\\\/7\\\/2025\\\/11\\\/Fav_ODE.png\",\"contentUrl\":\"https:\\\/\\\/cemegroup.01linuxsp.coridemo.com\\\/ode\\\/wp-content\\\/uploads\\\/sites\\\/7\\\/2025\\\/11\\\/Fav_ODE.png\",\"width\":512,\"height\":512,\"caption\":\"ODE\"},\"image\":{\"@id\":\"https:\\\/\\\/cemegroup.01linuxsp.coridemo.com\\\/ode\\\/de\\\/#\\\/schema\\\/logo\\\/image\\\/\"},\"sameAs\":[\"https:\\\/\\\/www.linkedin.com\\\/company\\\/cemegroup-ceme-ulka-ode-acl\\\/\",\"https:\\\/\\\/www.youtube.com\\\/channel\\\/UC3lF1mvjO-W2O9zxeyLYPrg\"]}]}<\/script>\n<!-- \/ Yoast SEO plugin. -->","yoast_head_json":{"title":"Ma\u00dfgeschneiderte Ventile und Magnetventile f\u00fcr die Industrie seit 1960 | ODE","description":"ODE entwickelt Ventile, Magnetventile, Pumpen und Wandler f\u00fcr Maschinen und Industrieanlagen. Entdecken Sie die Geschichte, die Werte und die Innovationen der Marke.","robots":{"index":"noindex","follow":"follow","max-snippet":"max-snippet:-1","max-image-preview":"max-image-preview:large","max-video-preview":"max-video-preview:-1"},"og_locale":"de_DE","og_type":"article","og_title":"Ma\u00dfgeschneiderte Ventile und Magnetventile f\u00fcr die Industrie seit 1960 | ODE","og_description":"ODE entwickelt Ventile, Magnetventile, Pumpen und Wandler f\u00fcr Maschinen und Industrieanlagen. Entdecken Sie die Geschichte, die Werte und die Innovationen der Marke.","og_url":"https:\/\/cemegroup.01linuxsp.coridemo.com\/ode\/de\/marke\/","og_site_name":"Ode","article_modified_time":"2025-11-20T15:01:22+00:00","og_image":[{"width":1920,"height":980,"url":"https:\/\/cemegroup.01linuxsp.coridemo.com\/ode\/wp-content\/uploads\/sites\/7\/2025\/11\/Ceme_095.png","type":"image\/png"}],"twitter_card":"summary_large_image","twitter_misc":{"Gesch\u00e4tzte Lesezeit":"1\u00a0Minute"},"schema":{"@context":"https:\/\/schema.org","@graph":[{"@type":"WebPage","@id":"https:\/\/cemegroup.01linuxsp.coridemo.com\/ode\/de\/marke\/","url":"https:\/\/cemegroup.01linuxsp.coridemo.com\/ode\/de\/marke\/","name":"Ma\u00dfgeschneiderte Ventile und Magnetventile f\u00fcr die Industrie seit 1960 | ODE","isPartOf":{"@id":"https:\/\/cemegroup.01linuxsp.coridemo.com\/ode\/de\/#website"},"datePublished":"2025-11-13T14:27:10+00:00","dateModified":"2025-11-20T15:01:22+00:00","description":"ODE entwickelt Ventile, Magnetventile, Pumpen und Wandler f\u00fcr Maschinen und Industrieanlagen. Entdecken Sie die Geschichte, die Werte und die Innovationen der Marke.","breadcrumb":{"@id":"https:\/\/cemegroup.01linuxsp.coridemo.com\/ode\/de\/marke\/#breadcrumb"},"inLanguage":"de","potentialAction":[{"@type":"ReadAction","target":["https:\/\/cemegroup.01linuxsp.coridemo.com\/ode\/de\/marke\/"]}]},{"@type":"BreadcrumbList","@id":"https:\/\/cemegroup.01linuxsp.coridemo.com\/ode\/de\/marke\/#breadcrumb","itemListElement":[{"@type":"ListItem","position":1,"name":"Home","item":"https:\/\/cemegroup.01linuxsp.coridemo.com\/ode\/de\/home\/"},{"@type":"ListItem","position":2,"name":"Marke"}]},{"@type":"WebSite","@id":"https:\/\/cemegroup.01linuxsp.coridemo.com\/ode\/de\/#website","url":"https:\/\/cemegroup.01linuxsp.coridemo.com\/ode\/de\/","name":"ODE","description":"Discover ODE solutions for fluid control: solenoid valves, valves, pumps and transducers. Reliable, tested products for every industry.","publisher":{"@id":"https:\/\/cemegroup.01linuxsp.coridemo.com\/ode\/de\/#organization"},"alternateName":"ODE - CEME Group","potentialAction":[{"@type":"SearchAction","target":{"@type":"EntryPoint","urlTemplate":"https:\/\/cemegroup.01linuxsp.coridemo.com\/ode\/de\/?s={search_term_string}"},"query-input":{"@type":"PropertyValueSpecification","valueRequired":true,"valueName":"search_term_string"}}],"inLanguage":"de"},{"@type":"Organization","@id":"https:\/\/cemegroup.01linuxsp.coridemo.com\/ode\/de\/#organization","name":"ODE","alternateName":"ODE - CEME Group","url":"https:\/\/cemegroup.01linuxsp.coridemo.com\/ode\/de\/","logo":{"@type":"ImageObject","inLanguage":"de","@id":"https:\/\/cemegroup.01linuxsp.coridemo.com\/ode\/de\/#\/schema\/logo\/image\/","url":"https:\/\/cemegroup.01linuxsp.coridemo.com\/ode\/wp-content\/uploads\/sites\/7\/2025\/11\/Fav_ODE.png","contentUrl":"https:\/\/cemegroup.01linuxsp.coridemo.com\/ode\/wp-content\/uploads\/sites\/7\/2025\/11\/Fav_ODE.png","width":512,"height":512,"caption":"ODE"},"image":{"@id":"https:\/\/cemegroup.01linuxsp.coridemo.com\/ode\/de\/#\/schema\/logo\/image\/"},"sameAs":["https:\/\/www.linkedin.com\/company\/cemegroup-ceme-ulka-ode-acl\/","https:\/\/www.youtube.com\/channel\/UC3lF1mvjO-W2O9zxeyLYPrg"]}]}},"_links":{"self":[{"href":"https:\/\/cemegroup.01linuxsp.coridemo.com\/ode\/de\/wp-json\/wp\/v2\/pages\/2314","targetHints":{"allow":["GET"]}}],"collection":[{"href":"https:\/\/cemegroup.01linuxsp.coridemo.com\/ode\/de\/wp-json\/wp\/v2\/pages"}],"about":[{"href":"https:\/\/cemegroup.01linuxsp.coridemo.com\/ode\/de\/wp-json\/wp\/v2\/types\/page"}],"author":[{"embeddable":true,"href":"https:\/\/cemegroup.01linuxsp.coridemo.com\/ode\/de\/wp-json\/wp\/v2\/users\/1"}],"replies":[{"embeddable":true,"href":"https:\/\/cemegroup.01linuxsp.coridemo.com\/ode\/de\/wp-json\/wp\/v2\/comments?post=2314"}],"version-history":[{"count":1,"href":"https:\/\/cemegroup.01linuxsp.coridemo.com\/ode\/de\/wp-json\/wp\/v2\/pages\/2314\/revisions"}],"predecessor-version":[{"id":2315,"href":"https:\/\/cemegroup.01linuxsp.coridemo.com\/ode\/de\/wp-json\/wp\/v2\/pages\/2314\/revisions\/2315"}],"wp:attachment":[{"href":"https:\/\/cemegroup.01linuxsp.coridemo.com\/ode\/de\/wp-json\/wp\/v2\/media?parent=2314"}],"curies":[{"name":"wp","href":"https:\/\/api.w.org\/{rel}","templated":true}]}}