{"id":2690,"date":"2025-11-20T11:51:04","date_gmt":"2025-11-20T10:51:04","guid":{"rendered":"https:\/\/cemegroup.01linuxsp.coridemo.com\/ode\/chemisches-magnetventil\/"},"modified":"2025-11-20T16:47:18","modified_gmt":"2025-11-20T15:47:18","slug":"chemisches-magnetventil","status":"publish","type":"page","link":"https:\/\/cemegroup.01linuxsp.coridemo.com\/ode\/de\/chemisches-magnetventil\/","title":{"rendered":"Chemisches Magnetventil"},"content":{"rendered":"\t\t<div data-elementor-type=\"wp-page\" data-elementor-id=\"2690\" class=\"elementor elementor-2690 elementor-2556\" data-elementor-post-type=\"page\">\n\t\t\t\t<div class=\"elementor-element elementor-element-707089d e-flex e-con-boxed e-con e-parent\" data-id=\"707089d\" data-element_type=\"container\" data-e-type=\"container\" data-settings=\"{&quot;background_background&quot;:&quot;classic&quot;}\">\n\t\t\t\t\t<div class=\"e-con-inner\">\n\t\t\t\t<div class=\"elementor-element elementor-element-d525021 text-body elementor-widget__width-initial elementor-widget elementor-widget-heading\" data-id=\"d525021\" data-element_type=\"widget\" data-e-type=\"widget\" data-widget_type=\"heading.default\">\n\t\t\t\t\t<p class=\"elementor-heading-title elementor-size-default\">Chemische Magnetventile sind unverzichtbare Komponenten f\u00fcr die Verwaltung und Steuerung korrosiver Fl\u00fcssigkeiten in industriellen Umgebungen. Entwickelt, um aggressiven Chemikalien und komplexen Betriebsbedingungen standzuhalten, garantiert dieser Ventiltyp Pr\u00e4zision, Sicherheit und eine lange Lebensdauer in den empfindlichsten Prozessen. Chemische Magnetventile von ODE zeichnen sich durch ihre Konstruktionszuverl\u00e4ssigkeit und die Verwendung hochbest\u00e4ndiger Materialien aus, die entwickelt wurden, um den Herausforderungen der anspruchsvollsten industriellen Anwendungen gerecht zu werden.  <\/p>\t\t\t\t<\/div>\n\t\t\t\t\t<\/div>\n\t\t\t\t<\/div>\n\t\t<div class=\"elementor-element elementor-element-1efbea6 e-flex e-con-boxed e-con e-parent\" data-id=\"1efbea6\" data-element_type=\"container\" data-e-type=\"container\">\n\t\t\t\t\t<div class=\"e-con-inner\">\n\t\t\t\t<div class=\"facetwp-flyout-open elementor-element elementor-element-e2c7060 elementor-tablet-align-left elementor-hidden-widescreen elementor-hidden-desktop elementor-hidden-laptop elementor-widget elementor-widget-facetwp-button\" data-id=\"e2c7060\" data-element_type=\"widget\" data-e-type=\"widget\" data-widget_type=\"facetwp-button.default\">\n\t\t\t\t\t\t\t\t\t\t<a class=\"elementor-button elementor-size-sm\" role=\"button\">\n\t\t\t\t\t\t<span class=\"elementor-button-content-wrapper\">\n\t\t\t\t\t\t<span class=\"elementor-button-icon\">\n\t\t\t\t<svg aria-hidden=\"true\" class=\"e-font-icon-svg e-fas-filter\" viewBox=\"0 0 512 512\" xmlns=\"http:\/\/www.w3.org\/2000\/svg\"><path d=\"M487.976 0H24.028C2.71 0-8.047 25.866 7.058 40.971L192 225.941V432c0 7.831 3.821 15.17 10.237 19.662l80 55.98C298.02 518.69 320 507.493 320 487.98V225.941l184.947-184.97C520.021 25.896 509.338 0 487.976 0z\"><\/path><\/svg>\t\t\t<\/span>\n\t\t\t\t\t\t\t\t\t<span class=\"elementor-button-text\">Filters<\/span>\n\t\t\t\t\t<\/span>\n\t\t\t\t\t<\/a>\n\t\t\t\t\t\t\t\t<\/div>\n\t\t\t\t<div class=\"elementor-element elementor-element-7cf3810 elementor-widget elementor-widget-html\" data-id=\"7cf3810\" data-element_type=\"widget\" data-e-type=\"widget\" data-widget_type=\"html.default\">\n\t\t\t\t\t<div class=\"toggle-container\">\r\n  <label class=\"metric-label\">Metrisch<\/label>\r\n  <label class=\"switch\">\r\n    <input type=\"checkbox\" id=\"unit-toggle\">\r\n    <span class=\"slider\"><\/span>\r\n  <\/label>\r\n  <label class=\"imperial-label\">Imperial<\/label>\r\n<\/div>\r\n\r\n\r\n\r\n\t\t\t\t<\/div>\n\t\t\t\t\t<\/div>\n\t\t\t\t<\/div>\n\t\t<div class=\"elementor-element elementor-element-47b43ad e-flex e-con-boxed e-con e-parent\" data-id=\"47b43ad\" data-element_type=\"container\" data-e-type=\"container\">\n\t\t\t\t\t<div class=\"e-con-inner\">\n\t\t<div class=\"elementor-element elementor-element-117dd79 e-con-full e-flex e-con e-child\" data-id=\"117dd79\" data-element_type=\"container\" data-e-type=\"container\">\n\t\t<div class=\"elementor-element elementor-element-66639e6 e-con-full elementor-hidden-tablet elementor-hidden-mobile e-flex e-con e-child\" data-id=\"66639e6\" data-element_type=\"container\" data-e-type=\"container\">\n\t\t\t\t<div class=\"elementor-element elementor-element-dc51775 elementor-widget elementor-widget-shortcode\" data-id=\"dc51775\" data-element_type=\"widget\" data-e-type=\"widget\" data-widget_type=\"shortcode.default\">\n\t\t\t\t\t\t\t<div class=\"elementor-shortcode\"><div class=\"facetwp-facet facetwp-facet-ingresso facetwp-type-checkboxes\" data-name=\"ingresso\" data-type=\"checkboxes\"><\/div><\/div>\n\t\t\t\t\t\t<\/div>\n\t\t\t\t<div class=\"elementor-element elementor-element-4f1cc1e elementor-widget elementor-widget-shortcode\" data-id=\"4f1cc1e\" data-element_type=\"widget\" data-e-type=\"widget\" data-widget_type=\"shortcode.default\">\n\t\t\t\t\t\t\t<div class=\"elementor-shortcode\"><div class=\"facetwp-facet facetwp-facet-uscita facetwp-type-checkboxes\" data-name=\"uscita\" data-type=\"checkboxes\"><\/div><\/div>\n\t\t\t\t\t\t<\/div>\n\t\t\t\t<div class=\"elementor-element elementor-element-5763d58 elementor-widget elementor-widget-shortcode\" data-id=\"5763d58\" data-element_type=\"widget\" data-e-type=\"widget\" data-widget_type=\"shortcode.default\">\n\t\t\t\t\t\t\t<div class=\"elementor-shortcode\"><div class=\"facetwp-facet facetwp-facet-drive facetwp-type-checkboxes\" data-name=\"drive\" data-type=\"checkboxes\"><\/div><\/div>\n\t\t\t\t\t\t<\/div>\n\t\t\t\t<div class=\"elementor-element elementor-element-d7622f9 elementor-widget elementor-widget-shortcode\" data-id=\"d7622f9\" data-element_type=\"widget\" data-e-type=\"widget\" data-widget_type=\"shortcode.default\">\n\t\t\t\t\t\t\t<div class=\"elementor-shortcode\"><div class=\"facetwp-facet facetwp-facet-type facetwp-type-checkboxes\" data-name=\"type\" data-type=\"checkboxes\"><\/div><\/div>\n\t\t\t\t\t\t<\/div>\n\t\t\t\t<div class=\"elementor-element elementor-element-afc3ea5 bar elementor-widget elementor-widget-shortcode\" data-id=\"afc3ea5\" data-element_type=\"widget\" data-e-type=\"widget\" data-widget_type=\"shortcode.default\">\n\t\t\t\t\t\t\t<div class=\"elementor-shortcode\"><div class=\"facetwp-facet facetwp-facet-mopd facetwp-type-slider\" data-name=\"mopd\" data-type=\"slider\"><\/div><\/div>\n\t\t\t\t\t\t<\/div>\n\t\t\t\t<div class=\"elementor-element elementor-element-83194df elementor-widget elementor-widget-shortcode\" data-id=\"83194df\" data-element_type=\"widget\" data-e-type=\"widget\" data-widget_type=\"shortcode.default\">\n\t\t\t\t\t\t\t<div class=\"elementor-shortcode\"><div class=\"facetwp-facet facetwp-facet-body_material facetwp-type-checkboxes\" data-name=\"body_material\" data-type=\"checkboxes\"><\/div><\/div>\n\t\t\t\t\t\t<\/div>\n\t\t\t\t<div class=\"elementor-element elementor-element-b4e7453 elementor-widget elementor-widget-shortcode\" data-id=\"b4e7453\" data-element_type=\"widget\" data-e-type=\"widget\" data-widget_type=\"shortcode.default\">\n\t\t\t\t\t\t\t<div class=\"elementor-shortcode\"><div class=\"facetwp-facet facetwp-facet-application facetwp-type-checkboxes\" data-name=\"application\" data-type=\"checkboxes\"><\/div><\/div>\n\t\t\t\t\t\t<\/div>\n\t\t\t\t<\/div>\n\t\t<!-- dce invisible element 05563e6 --><!-- dce invisible element 7f00f68 --><!-- dce invisible element 9eef39b --><!-- dce invisible element 8985dfc -->\t\t<div class=\"elementor-element elementor-element-f38c47b elementor-hidden-tablet elementor-hidden-mobile elementor-widget elementor-widget-facetwp-facet\" data-id=\"f38c47b\" data-element_type=\"widget\" data-e-type=\"widget\" data-widget_type=\"facetwp-facet.default\">\n\t\t\t\t<div class=\"elementor-widget-container\">\n\t\t\t\t\t\n        <div class=\"facet-wrap\">\n                        <div class=\"facetwp-facet facetwp-facet-reset_filters facetwp-type-reset\" data-name=\"reset_filters\" data-type=\"reset\"><\/div>        <\/div>\n\n        \t\t\t\t<\/div>\n\t\t\t\t<\/div>\n\t\t\t\t<\/div>\n\t\t<div class=\"elementor-element elementor-element-4d23223 e-con-full e-flex e-con e-child\" data-id=\"4d23223\" data-element_type=\"container\" data-e-type=\"container\">\n\t\t\t\t<div class=\"facetwp-template facetwp-elementor-widget elementor-element elementor-element-b9538a0 elementor-grid-2 post-grid-template elementor-grid-tablet-2 elementor-grid-mobile-1 elementor-widget elementor-widget-loop-grid\" data-id=\"b9538a0\" data-element_type=\"widget\" data-e-type=\"widget\" data-settings=\"{&quot;template_id&quot;:2297,&quot;columns&quot;:2,&quot;row_gap&quot;:{&quot;unit&quot;:&quot;px&quot;,&quot;size&quot;:15,&quot;sizes&quot;:[]},&quot;pagination_type&quot;:&quot;load_more_on_click&quot;,&quot;_skin&quot;:&quot;post&quot;,&quot;columns_tablet&quot;:&quot;2&quot;,&quot;columns_mobile&quot;:&quot;1&quot;,&quot;edit_handle_selector&quot;:&quot;[data-elementor-type=\\&quot;loop-item\\&quot;]&quot;,&quot;load_more_spinner&quot;:{&quot;value&quot;:&quot;fas fa-spinner&quot;,&quot;library&quot;:&quot;fa-solid&quot;},&quot;row_gap_widescreen&quot;:{&quot;unit&quot;:&quot;px&quot;,&quot;size&quot;:&quot;&quot;,&quot;sizes&quot;:[]},&quot;row_gap_laptop&quot;:{&quot;unit&quot;:&quot;px&quot;,&quot;size&quot;:&quot;&quot;,&quot;sizes&quot;:[]},&quot;row_gap_tablet&quot;:{&quot;unit&quot;:&quot;px&quot;,&quot;size&quot;:&quot;&quot;,&quot;sizes&quot;:[]},&quot;row_gap_mobile&quot;:{&quot;unit&quot;:&quot;px&quot;,&quot;size&quot;:&quot;&quot;,&quot;sizes&quot;:[]}}\" data-widget_type=\"loop-grid.post\">\n\t\t\t\t<div class=\"elementor-widget-container\">\n\t\t\t\t\t<div class=\"elementor-loop-container\">\n\t\t\t\t\t<div class=\"jet-smart-filters-elementor-loop-no-result\">Nessun prodotto trovato.<\/div>\n\t\t\t\t<\/div>\t\t<div class=\"e-loop-nothing-found-message\">\n\t\t<\/div>\n\t\t\t\t\t\t<\/div>\n\t\t\t\t<\/div>\n\t\t\t\t<div class=\"elementor-element elementor-element-078305e elementor-hidden-widescreen elementor-hidden-desktop elementor-hidden-laptop elementor-hidden-tablet elementor-hidden-mobile elementor-widget elementor-widget-shortcode\" data-id=\"078305e\" data-element_type=\"widget\" data-e-type=\"widget\" data-widget_type=\"shortcode.default\">\n\t\t\t\t\t\t\t<div class=\"elementor-shortcode\"><div class=\"facetwp-facet facetwp-facet-paginazione facetwp-type-pager\" data-name=\"paginazione\" data-type=\"pager\"><\/div><\/div>\n\t\t\t\t\t\t<\/div>\n\t\t\t\t<\/div>\n\t\t\t\t\t<\/div>\n\t\t\t\t<\/div>\n\t\t<div class=\"dce-visibility-event elementor-element elementor-element-5ce5f49 e-flex e-con-boxed e-con e-parent\" data-id=\"5ce5f49\" data-element_type=\"container\" data-e-type=\"container\" data-settings=\"{&quot;background_background&quot;:&quot;classic&quot;,&quot;enabled_visibility&quot;:&quot;yes&quot;,&quot;dce_visibility_selected&quot;:&quot;yes&quot;}\">\n\t\t\t\t\t<div class=\"e-con-inner\">\n\t\t<div class=\"elementor-element elementor-element-74a82e7 e-con-full e-flex e-con e-child\" data-id=\"74a82e7\" data-element_type=\"container\" data-e-type=\"container\" data-settings=\"{&quot;background_background&quot;:&quot;classic&quot;}\">\n\t\t\t\t<div class=\"elementor-element elementor-element-0ad7fa4 text-heading elementor-widget elementor-widget-heading\" data-id=\"0ad7fa4\" data-element_type=\"widget\" data-e-type=\"widget\" data-widget_type=\"heading.default\">\n\t\t\t\t\t<h2 class=\"elementor-heading-title elementor-size-default\">Funktionsweise chemischer Magnetventile<\/h2>\t\t\t\t<\/div>\n\t\t<div class=\"elementor-element elementor-element-e0e2293 e-con-full e-flex e-con e-child\" data-id=\"e0e2293\" data-element_type=\"container\" data-e-type=\"container\">\n\t\t\t\t<div class=\"elementor-element elementor-element-5d06436 text-normal elementor-widget__width-initial elementor-widget elementor-widget-heading\" data-id=\"5d06436\" data-element_type=\"widget\" data-e-type=\"widget\" data-widget_type=\"heading.default\">\n\t\t\t\t\t<p class=\"elementor-heading-title elementor-size-default\"><p>Das Funktionsprinzip chemischer Magnetventile basiert auf der elektrischen Bet\u00e4tigung eines Aktuators, in der Regel eines Elektromagneten, der das \u00d6ffnen oder Schlie\u00dfen des Fl\u00fcssigkeitsdurchgangs erm\u00f6glicht.<\/p>\n<p>Je nach Anwendung bietet ODE L\u00f6sungen mit direkt oder vorgesteuertem Magneten, einer Membran oder einem Schr\u00e4gsitz an, die eine schnelle Reaktion und hohe Zuverl\u00e4ssigkeit auch bei Fl\u00fcssigkeiten mit hoher chemischer Aggressivit\u00e4t gew\u00e4hrleisten.<\/p>\n<\/p>\t\t\t\t<\/div>\n\t\t\t\t<div class=\"elementor-element elementor-element-93fc765 text-normal elementor-widget__width-initial elementor-widget elementor-widget-heading\" data-id=\"93fc765\" data-element_type=\"widget\" data-e-type=\"widget\" data-widget_type=\"heading.default\">\n\t\t\t\t\t<p class=\"elementor-heading-title elementor-size-default\"><p>Chemische Magnetventile von ODE werden aus sorgf\u00e4ltig ausgew\u00e4hlten Materialien hergestellt, um Korrosionsbest\u00e4ndigkeit, chemische Kompatibilit\u00e4t und eine stabile Leistung \u00fcber die Zeit zu gew\u00e4hrleisten.<\/p>\n<p>Die Ventilgeh\u00e4use k\u00f6nnen je nach Art des Fluids und den Betriebsbedingungen aus Edelstahl AISI 316, PTFE oder technischen Kunststoffen wie PVC, PP oder PVDF gefertigt werden. Die Materialwahl ist entscheidend, um einen sicheren und kontinuierlichen Betrieb ohne Kompromisse zu gew\u00e4hrleisten. <\/p>\n<\/p>\t\t\t\t<\/div>\n\t\t\t\t<\/div>\n\t\t\t\t<\/div>\n\t\t\t\t\t<\/div>\n\t\t\t\t<\/div>\n\t\t<!-- dce invisible element 1b703d1 -->\t\t<\/div>\n\t\t","protected":false},"excerpt":{"rendered":"<p>Filters Metrisch Imperial<\/p>\n","protected":false},"author":1,"featured_media":0,"parent":0,"menu_order":0,"comment_status":"closed","ping_status":"closed","template":"","meta":{"_acf_changed":false,"footnotes":""},"class_list":["post-2690","page","type-page","status-publish","hentry"],"acf":[],"yoast_head":"<!-- This site is optimized with the Yoast SEO plugin v27.4 - https:\/\/yoast.com\/product\/yoast-seo-wordpress\/ -->\n<title>Dampf- und Wassermagnetventil f\u00fcr pr\u00e4zise Steuerung | ODE<\/title>\n<meta name=\"description\" content=\"ODE Wasser- und Dampfventile: Sicherheit, Effizienz und optimale Steuerung f\u00fcr zivile und industrielle Systeme.\" \/>\n<meta name=\"robots\" content=\"noindex, follow, max-snippet:-1, max-image-preview:large, max-video-preview:-1\" \/>\n<meta property=\"og:locale\" content=\"de_DE\" \/>\n<meta property=\"og:type\" content=\"article\" \/>\n<meta property=\"og:title\" content=\"Dampf- und Wassermagnetventil f\u00fcr pr\u00e4zise Steuerung | ODE\" \/>\n<meta property=\"og:description\" content=\"ODE Wasser- und Dampfventile: Sicherheit, Effizienz und optimale Steuerung f\u00fcr zivile und industrielle Systeme.\" \/>\n<meta property=\"og:url\" content=\"https:\/\/cemegroup.01linuxsp.coridemo.com\/ode\/de\/chemisches-magnetventil\/\" \/>\n<meta property=\"og:site_name\" content=\"Ode\" \/>\n<meta property=\"article:modified_time\" content=\"2025-11-20T15:47:18+00:00\" \/>\n<meta property=\"og:image\" content=\"https:\/\/cemegroup.01linuxsp.coridemo.com\/ode\/wp-content\/uploads\/sites\/7\/2025\/11\/Ceme_095.png\" \/>\n\t<meta property=\"og:image:width\" content=\"1920\" \/>\n\t<meta property=\"og:image:height\" content=\"980\" \/>\n\t<meta property=\"og:image:type\" content=\"image\/png\" \/>\n<meta name=\"twitter:card\" content=\"summary_large_image\" \/>\n<meta name=\"twitter:label1\" content=\"Gesch\u00e4tzte Lesezeit\" \/>\n\t<meta name=\"twitter:data1\" content=\"1\u00a0Minute\" \/>\n<script type=\"application\/ld+json\" class=\"yoast-schema-graph\">{\"@context\":\"https:\\\/\\\/schema.org\",\"@graph\":[{\"@type\":\"WebPage\",\"@id\":\"https:\\\/\\\/cemegroup.01linuxsp.coridemo.com\\\/ode\\\/de\\\/chemisches-magnetventil\\\/\",\"url\":\"https:\\\/\\\/cemegroup.01linuxsp.coridemo.com\\\/ode\\\/de\\\/chemisches-magnetventil\\\/\",\"name\":\"Dampf- und Wassermagnetventil f\u00fcr pr\u00e4zise Steuerung | ODE\",\"isPartOf\":{\"@id\":\"https:\\\/\\\/cemegroup.01linuxsp.coridemo.com\\\/ode\\\/de\\\/#website\"},\"datePublished\":\"2025-11-20T10:51:04+00:00\",\"dateModified\":\"2025-11-20T15:47:18+00:00\",\"description\":\"ODE Wasser- und Dampfventile: Sicherheit, Effizienz und optimale Steuerung f\u00fcr zivile und industrielle Systeme.\",\"breadcrumb\":{\"@id\":\"https:\\\/\\\/cemegroup.01linuxsp.coridemo.com\\\/ode\\\/de\\\/chemisches-magnetventil\\\/#breadcrumb\"},\"inLanguage\":\"de\",\"potentialAction\":[{\"@type\":\"ReadAction\",\"target\":[\"https:\\\/\\\/cemegroup.01linuxsp.coridemo.com\\\/ode\\\/de\\\/chemisches-magnetventil\\\/\"]}]},{\"@type\":\"BreadcrumbList\",\"@id\":\"https:\\\/\\\/cemegroup.01linuxsp.coridemo.com\\\/ode\\\/de\\\/chemisches-magnetventil\\\/#breadcrumb\",\"itemListElement\":[{\"@type\":\"ListItem\",\"position\":1,\"name\":\"Home\",\"item\":\"https:\\\/\\\/cemegroup.01linuxsp.coridemo.com\\\/ode\\\/de\\\/home\\\/\"},{\"@type\":\"ListItem\",\"position\":2,\"name\":\"Chemisches Magnetventil\"}]},{\"@type\":\"WebSite\",\"@id\":\"https:\\\/\\\/cemegroup.01linuxsp.coridemo.com\\\/ode\\\/de\\\/#website\",\"url\":\"https:\\\/\\\/cemegroup.01linuxsp.coridemo.com\\\/ode\\\/de\\\/\",\"name\":\"ODE\",\"description\":\"Discover ODE solutions for fluid control: solenoid valves, valves, pumps and transducers. Reliable, tested products for every industry.\",\"publisher\":{\"@id\":\"https:\\\/\\\/cemegroup.01linuxsp.coridemo.com\\\/ode\\\/de\\\/#organization\"},\"alternateName\":\"ODE - CEME Group\",\"potentialAction\":[{\"@type\":\"SearchAction\",\"target\":{\"@type\":\"EntryPoint\",\"urlTemplate\":\"https:\\\/\\\/cemegroup.01linuxsp.coridemo.com\\\/ode\\\/de\\\/?s={search_term_string}\"},\"query-input\":{\"@type\":\"PropertyValueSpecification\",\"valueRequired\":true,\"valueName\":\"search_term_string\"}}],\"inLanguage\":\"de\"},{\"@type\":\"Organization\",\"@id\":\"https:\\\/\\\/cemegroup.01linuxsp.coridemo.com\\\/ode\\\/de\\\/#organization\",\"name\":\"ODE\",\"alternateName\":\"ODE - CEME Group\",\"url\":\"https:\\\/\\\/cemegroup.01linuxsp.coridemo.com\\\/ode\\\/de\\\/\",\"logo\":{\"@type\":\"ImageObject\",\"inLanguage\":\"de\",\"@id\":\"https:\\\/\\\/cemegroup.01linuxsp.coridemo.com\\\/ode\\\/de\\\/#\\\/schema\\\/logo\\\/image\\\/\",\"url\":\"https:\\\/\\\/cemegroup.01linuxsp.coridemo.com\\\/ode\\\/wp-content\\\/uploads\\\/sites\\\/7\\\/2025\\\/11\\\/Fav_ODE.png\",\"contentUrl\":\"https:\\\/\\\/cemegroup.01linuxsp.coridemo.com\\\/ode\\\/wp-content\\\/uploads\\\/sites\\\/7\\\/2025\\\/11\\\/Fav_ODE.png\",\"width\":512,\"height\":512,\"caption\":\"ODE\"},\"image\":{\"@id\":\"https:\\\/\\\/cemegroup.01linuxsp.coridemo.com\\\/ode\\\/de\\\/#\\\/schema\\\/logo\\\/image\\\/\"},\"sameAs\":[\"https:\\\/\\\/www.linkedin.com\\\/company\\\/cemegroup-ceme-ulka-ode-acl\\\/\",\"https:\\\/\\\/www.youtube.com\\\/channel\\\/UC3lF1mvjO-W2O9zxeyLYPrg\"]}]}<\/script>\n<!-- \/ Yoast SEO plugin. -->","yoast_head_json":{"title":"Dampf- und Wassermagnetventil f\u00fcr pr\u00e4zise Steuerung | ODE","description":"ODE Wasser- und Dampfventile: Sicherheit, Effizienz und optimale Steuerung f\u00fcr zivile und industrielle Systeme.","robots":{"index":"noindex","follow":"follow","max-snippet":"max-snippet:-1","max-image-preview":"max-image-preview:large","max-video-preview":"max-video-preview:-1"},"og_locale":"de_DE","og_type":"article","og_title":"Dampf- und Wassermagnetventil f\u00fcr pr\u00e4zise Steuerung | ODE","og_description":"ODE Wasser- und Dampfventile: Sicherheit, Effizienz und optimale Steuerung f\u00fcr zivile und industrielle Systeme.","og_url":"https:\/\/cemegroup.01linuxsp.coridemo.com\/ode\/de\/chemisches-magnetventil\/","og_site_name":"Ode","article_modified_time":"2025-11-20T15:47:18+00:00","og_image":[{"width":1920,"height":980,"url":"https:\/\/cemegroup.01linuxsp.coridemo.com\/ode\/wp-content\/uploads\/sites\/7\/2025\/11\/Ceme_095.png","type":"image\/png"}],"twitter_card":"summary_large_image","twitter_misc":{"Gesch\u00e4tzte Lesezeit":"1\u00a0Minute"},"schema":{"@context":"https:\/\/schema.org","@graph":[{"@type":"WebPage","@id":"https:\/\/cemegroup.01linuxsp.coridemo.com\/ode\/de\/chemisches-magnetventil\/","url":"https:\/\/cemegroup.01linuxsp.coridemo.com\/ode\/de\/chemisches-magnetventil\/","name":"Dampf- und Wassermagnetventil f\u00fcr pr\u00e4zise Steuerung | ODE","isPartOf":{"@id":"https:\/\/cemegroup.01linuxsp.coridemo.com\/ode\/de\/#website"},"datePublished":"2025-11-20T10:51:04+00:00","dateModified":"2025-11-20T15:47:18+00:00","description":"ODE Wasser- und Dampfventile: Sicherheit, Effizienz und optimale Steuerung f\u00fcr zivile und industrielle Systeme.","breadcrumb":{"@id":"https:\/\/cemegroup.01linuxsp.coridemo.com\/ode\/de\/chemisches-magnetventil\/#breadcrumb"},"inLanguage":"de","potentialAction":[{"@type":"ReadAction","target":["https:\/\/cemegroup.01linuxsp.coridemo.com\/ode\/de\/chemisches-magnetventil\/"]}]},{"@type":"BreadcrumbList","@id":"https:\/\/cemegroup.01linuxsp.coridemo.com\/ode\/de\/chemisches-magnetventil\/#breadcrumb","itemListElement":[{"@type":"ListItem","position":1,"name":"Home","item":"https:\/\/cemegroup.01linuxsp.coridemo.com\/ode\/de\/home\/"},{"@type":"ListItem","position":2,"name":"Chemisches Magnetventil"}]},{"@type":"WebSite","@id":"https:\/\/cemegroup.01linuxsp.coridemo.com\/ode\/de\/#website","url":"https:\/\/cemegroup.01linuxsp.coridemo.com\/ode\/de\/","name":"ODE","description":"Discover ODE solutions for fluid control: solenoid valves, valves, pumps and transducers. Reliable, tested products for every industry.","publisher":{"@id":"https:\/\/cemegroup.01linuxsp.coridemo.com\/ode\/de\/#organization"},"alternateName":"ODE - CEME Group","potentialAction":[{"@type":"SearchAction","target":{"@type":"EntryPoint","urlTemplate":"https:\/\/cemegroup.01linuxsp.coridemo.com\/ode\/de\/?s={search_term_string}"},"query-input":{"@type":"PropertyValueSpecification","valueRequired":true,"valueName":"search_term_string"}}],"inLanguage":"de"},{"@type":"Organization","@id":"https:\/\/cemegroup.01linuxsp.coridemo.com\/ode\/de\/#organization","name":"ODE","alternateName":"ODE - CEME Group","url":"https:\/\/cemegroup.01linuxsp.coridemo.com\/ode\/de\/","logo":{"@type":"ImageObject","inLanguage":"de","@id":"https:\/\/cemegroup.01linuxsp.coridemo.com\/ode\/de\/#\/schema\/logo\/image\/","url":"https:\/\/cemegroup.01linuxsp.coridemo.com\/ode\/wp-content\/uploads\/sites\/7\/2025\/11\/Fav_ODE.png","contentUrl":"https:\/\/cemegroup.01linuxsp.coridemo.com\/ode\/wp-content\/uploads\/sites\/7\/2025\/11\/Fav_ODE.png","width":512,"height":512,"caption":"ODE"},"image":{"@id":"https:\/\/cemegroup.01linuxsp.coridemo.com\/ode\/de\/#\/schema\/logo\/image\/"},"sameAs":["https:\/\/www.linkedin.com\/company\/cemegroup-ceme-ulka-ode-acl\/","https:\/\/www.youtube.com\/channel\/UC3lF1mvjO-W2O9zxeyLYPrg"]}]}},"_links":{"self":[{"href":"https:\/\/cemegroup.01linuxsp.coridemo.com\/ode\/de\/wp-json\/wp\/v2\/pages\/2690","targetHints":{"allow":["GET"]}}],"collection":[{"href":"https:\/\/cemegroup.01linuxsp.coridemo.com\/ode\/de\/wp-json\/wp\/v2\/pages"}],"about":[{"href":"https:\/\/cemegroup.01linuxsp.coridemo.com\/ode\/de\/wp-json\/wp\/v2\/types\/page"}],"author":[{"embeddable":true,"href":"https:\/\/cemegroup.01linuxsp.coridemo.com\/ode\/de\/wp-json\/wp\/v2\/users\/1"}],"replies":[{"embeddable":true,"href":"https:\/\/cemegroup.01linuxsp.coridemo.com\/ode\/de\/wp-json\/wp\/v2\/comments?post=2690"}],"version-history":[{"count":6,"href":"https:\/\/cemegroup.01linuxsp.coridemo.com\/ode\/de\/wp-json\/wp\/v2\/pages\/2690\/revisions"}],"predecessor-version":[{"id":2864,"href":"https:\/\/cemegroup.01linuxsp.coridemo.com\/ode\/de\/wp-json\/wp\/v2\/pages\/2690\/revisions\/2864"}],"wp:attachment":[{"href":"https:\/\/cemegroup.01linuxsp.coridemo.com\/ode\/de\/wp-json\/wp\/v2\/media?parent=2690"}],"curies":[{"name":"wp","href":"https:\/\/api.w.org\/{rel}","templated":true}]}}