{"id":2312,"date":"2025-11-13T15:27:10","date_gmt":"2025-11-13T14:27:10","guid":{"rendered":"https:\/\/cemegroup.01linuxsp.coridemo.com\/ode\/marchio\/"},"modified":"2025-11-20T10:30:12","modified_gmt":"2025-11-20T09:30:12","slug":"marchio","status":"publish","type":"page","link":"https:\/\/cemegroup.01linuxsp.coridemo.com\/ode\/it\/marchio\/","title":{"rendered":"Marchio"},"content":{"rendered":"\t\t<div data-elementor-type=\"wp-page\" data-elementor-id=\"2312\" class=\"elementor elementor-2312 elementor-1872\" data-elementor-post-type=\"page\">\n\t\t\t\t<div class=\"elementor-element elementor-element-4349d70e e-con-full e-flex e-con e-parent\" data-id=\"4349d70e\" data-element_type=\"container\" data-e-type=\"container\" data-settings=\"{&quot;background_background&quot;:&quot;classic&quot;}\">\n\t\t<div class=\"elementor-element elementor-element-5fb558dc e-flex e-con-boxed e-con e-child\" data-id=\"5fb558dc\" data-element_type=\"container\" data-e-type=\"container\">\n\t\t\t\t\t<div class=\"e-con-inner\">\n\t\t<div class=\"elementor-element elementor-element-746b584a e-con-full e-flex e-con e-child\" data-id=\"746b584a\" data-element_type=\"container\" data-e-type=\"container\">\n\t\t\t\t<div class=\"elementor-element elementor-element-29696cb8 text-hero-v2 elementor-widget elementor-widget-heading\" data-id=\"29696cb8\" data-element_type=\"widget\" data-e-type=\"widget\" data-widget_type=\"heading.default\">\n\t\t\t\t\t<h1 class=\"elementor-heading-title elementor-size-default\">R&amp;D, flessibilit\u00e0<br>e customer centricity<\/h1>\t\t\t\t<\/div>\n\t\t<div class=\"elementor-element elementor-element-524a213c e-con-full e-flex e-con e-child\" data-id=\"524a213c\" data-element_type=\"container\" data-e-type=\"container\">\n\t\t\t\t<div class=\"elementor-element elementor-element-5f390152 text-normal-500 elementor-widget elementor-widget-button\" data-id=\"5f390152\" data-element_type=\"widget\" data-e-type=\"widget\" data-widget_type=\"button.default\">\n\t\t\t\t\t\t\t\t\t\t<a class=\"elementor-button elementor-button-link elementor-size-sm\" href=\"#history\">\n\t\t\t\t\t\t<span class=\"elementor-button-content-wrapper\">\n\t\t\t\t\t\t\t\t\t<span class=\"elementor-button-text\">STORIA DI ODE<\/span>\n\t\t\t\t\t<\/span>\n\t\t\t\t\t<\/a>\n\t\t\t\t\t\t\t\t<\/div>\n\t\t\t\t<\/div>\n\t\t\t\t<\/div>\n\t\t\t\t\t<\/div>\n\t\t\t\t<\/div>\n\t\t\t\t<\/div>\n\t\t<div class=\"elementor-element elementor-element-c56574d e-con-full e-flex e-con e-parent\" data-id=\"c56574d\" data-element_type=\"container\" data-e-type=\"container\" data-settings=\"{&quot;background_background&quot;:&quot;gradient&quot;}\">\n\t\t\t\t<\/div>\n\t\t<div class=\"elementor-element elementor-element-88ef528 e-flex e-con-boxed e-con e-parent\" data-id=\"88ef528\" data-element_type=\"container\" data-e-type=\"container\" id=\"history\" data-settings=\"{&quot;background_background&quot;:&quot;classic&quot;}\">\n\t\t\t\t\t<div class=\"e-con-inner\">\n\t\t<div class=\"elementor-element elementor-element-483a690 e-con-full e-flex e-con e-child\" data-id=\"483a690\" data-element_type=\"container\" data-e-type=\"container\">\n\t\t\t\t<div class=\"elementor-element elementor-element-96f4eeb elementor-icon-list--layout-traditional elementor-list-item-link-full_width elementor-widget elementor-widget-icon-list\" data-id=\"96f4eeb\" data-element_type=\"widget\" data-e-type=\"widget\" data-widget_type=\"icon-list.default\">\n\t\t\t\t\t\t\t<ul class=\"elementor-icon-list-items\">\n\t\t\t\t\t\t\t<li class=\"elementor-icon-list-item\">\n\t\t\t\t\t\t\t\t\t\t\t<span class=\"elementor-icon-list-icon\">\n\t\t\t\t\t\t\t<svg xmlns=\"http:\/\/www.w3.org\/2000\/svg\" width=\"14\" height=\"14\" viewBox=\"0 0 14 14\" fill=\"none\"><rect width=\"14\" height=\"14\" fill=\"#139739\"><\/rect><\/svg>\t\t\t\t\t\t<\/span>\n\t\t\t\t\t\t\t\t\t\t<span class=\"elementor-icon-list-text\">IL BRAND ODE<\/span>\n\t\t\t\t\t\t\t\t\t<\/li>\n\t\t\t\t\t\t<\/ul>\n\t\t\t\t\t\t<\/div>\n\t\t\t\t<\/div>\n\t\t<div class=\"elementor-element elementor-element-5658b83 e-con-full e-flex e-con e-child\" data-id=\"5658b83\" data-element_type=\"container\" data-e-type=\"container\">\n\t\t\t\t<div class=\"elementor-element elementor-element-7271244 text-subheading elementor-widget elementor-widget-heading\" data-id=\"7271244\" data-element_type=\"widget\" data-e-type=\"widget\" data-widget_type=\"heading.default\">\n\t\t\t\t\t<h3 class=\"elementor-heading-title elementor-size-default\">Dal 1960 ODE \u00e8 sinonimo di innovazione, affidabilit\u00e0 e qualit\u00e0 Made in Italy. <\/h3>\t\t\t\t<\/div>\n\t\t<div class=\"elementor-element elementor-element-f01877a e-con-full e-flex e-con e-child\" data-id=\"f01877a\" data-element_type=\"container\" data-e-type=\"container\">\n\t\t\t\t<div class=\"elementor-element elementor-element-1768352 text-body-v2 elementor-widget elementor-widget-heading\" data-id=\"1768352\" data-element_type=\"widget\" data-e-type=\"widget\" data-widget_type=\"heading.default\">\n\t\t\t\t\t<p class=\"elementor-heading-title elementor-size-default\">Con una lunga esperienza nella progettazione e produzione di elettrovalvole, l\u2019azienda supporta i costruttori di macchine e impianti con soluzioni personalizzate per numerosi settori: vending, macchine da caff\u00e8, medicale, food &amp; beverage, automazione industriale, autolavaggio, gestione dell\u2019acqua e chimico\/petrolchimico.<br><br>Uno dei principali punti di forza di ODE \u00e8 la capacit\u00e0 di adattare ogni prodotto alle esigenze specifiche dei clienti, garantendo massima flessibilit\u00e0, efficienza e prestazioni. Grazie a una presenza internazionale e a una rete distributiva altamente specializzata, ODE assicura un servizio completo e un eccellente supporto tecnico in tutto il mondo. <br><br>Oggi, come brand di CEME Group, ODE unisce la solidit\u00e0 della tradizione alla spinta verso l\u2019innovazione e la crescita, rafforzando la leadership globale del Gruppo nei sistemi di controllo dei fluidi e continuando a guidare i clienti con qualit\u00e0, flessibilit\u00e0 e servizio impeccabile.\n<\/p>\t\t\t\t<\/div>\n\t\t\t\t<\/div>\n\t\t\t\t<\/div>\n\t\t\t\t\t<\/div>\n\t\t\t\t<\/div>\n\t\t\t\t<\/div>\n\t\t","protected":false},"excerpt":{"rendered":"<p>R&amp;D, flessibilit\u00e0e customer centricity STORIA DI ODE IL BRAND ODE Dal 1960 ODE \u00e8 sinonimo di innovazione, affidabilit\u00e0 e qualit\u00e0 Made in Italy. Con una lunga esperienza nella progettazione e produzione di elettrovalvole, l\u2019azienda supporta i costruttori di macchine e impianti con soluzioni personalizzate per numerosi settori: vending, macchine da caff\u00e8, medicale, food &amp; beverage, [&hellip;]<\/p>\n","protected":false},"author":1,"featured_media":0,"parent":0,"menu_order":0,"comment_status":"closed","ping_status":"closed","template":"","meta":{"_acf_changed":false,"footnotes":""},"class_list":["post-2312","page","type-page","status-publish","hentry"],"acf":[],"yoast_head":"<!-- This site is optimized with the Yoast SEO plugin v27.4 - https:\/\/yoast.com\/product\/yoast-seo-wordpress\/ -->\n<title>Valvole ed elettrovalvole su misura per l\u2019industria dal 1960 | ODE<\/title>\n<meta name=\"description\" content=\"ODE progetta valvole, elettrovalvole, pompe e trasduttori per macchine e impianti industriali. Scopri la storia, i valori e le innovazioni del brand.\" \/>\n<meta name=\"robots\" content=\"noindex, follow, max-snippet:-1, max-image-preview:large, max-video-preview:-1\" \/>\n<meta property=\"og:locale\" content=\"it_IT\" \/>\n<meta property=\"og:type\" content=\"article\" \/>\n<meta property=\"og:title\" content=\"Valvole ed elettrovalvole su misura per l\u2019industria dal 1960 | ODE\" \/>\n<meta property=\"og:description\" content=\"ODE progetta valvole, elettrovalvole, pompe e trasduttori per macchine e impianti industriali. Scopri la storia, i valori e le innovazioni del brand.\" \/>\n<meta property=\"og:url\" content=\"https:\/\/cemegroup.01linuxsp.coridemo.com\/ode\/it\/marchio\/\" \/>\n<meta property=\"og:site_name\" content=\"Ode\" \/>\n<meta property=\"article:modified_time\" content=\"2025-11-20T09:30:12+00:00\" \/>\n<meta property=\"og:image\" content=\"https:\/\/cemegroup.01linuxsp.coridemo.com\/ode\/wp-content\/uploads\/sites\/7\/2025\/11\/Ceme_095.png\" \/>\n\t<meta property=\"og:image:width\" content=\"1920\" \/>\n\t<meta property=\"og:image:height\" content=\"980\" \/>\n\t<meta property=\"og:image:type\" content=\"image\/png\" \/>\n<meta name=\"twitter:card\" content=\"summary_large_image\" \/>\n<meta name=\"twitter:label1\" content=\"Tempo di lettura stimato\" \/>\n\t<meta name=\"twitter:data1\" content=\"1 minuto\" \/>\n<script type=\"application\/ld+json\" class=\"yoast-schema-graph\">{\"@context\":\"https:\\\/\\\/schema.org\",\"@graph\":[{\"@type\":\"WebPage\",\"@id\":\"https:\\\/\\\/cemegroup.01linuxsp.coridemo.com\\\/ode\\\/it\\\/marchio\\\/\",\"url\":\"https:\\\/\\\/cemegroup.01linuxsp.coridemo.com\\\/ode\\\/it\\\/marchio\\\/\",\"name\":\"Valvole ed elettrovalvole su misura per l\u2019industria dal 1960 | ODE\",\"isPartOf\":{\"@id\":\"https:\\\/\\\/cemegroup.01linuxsp.coridemo.com\\\/ode\\\/it\\\/#website\"},\"datePublished\":\"2025-11-13T14:27:10+00:00\",\"dateModified\":\"2025-11-20T09:30:12+00:00\",\"description\":\"ODE progetta valvole, elettrovalvole, pompe e trasduttori per macchine e impianti industriali. Scopri la storia, i valori e le innovazioni del brand.\",\"breadcrumb\":{\"@id\":\"https:\\\/\\\/cemegroup.01linuxsp.coridemo.com\\\/ode\\\/it\\\/marchio\\\/#breadcrumb\"},\"inLanguage\":\"it-IT\",\"potentialAction\":[{\"@type\":\"ReadAction\",\"target\":[\"https:\\\/\\\/cemegroup.01linuxsp.coridemo.com\\\/ode\\\/it\\\/marchio\\\/\"]}]},{\"@type\":\"BreadcrumbList\",\"@id\":\"https:\\\/\\\/cemegroup.01linuxsp.coridemo.com\\\/ode\\\/it\\\/marchio\\\/#breadcrumb\",\"itemListElement\":[{\"@type\":\"ListItem\",\"position\":1,\"name\":\"Home\",\"item\":\"https:\\\/\\\/cemegroup.01linuxsp.coridemo.com\\\/ode\\\/it\\\/home\\\/\"},{\"@type\":\"ListItem\",\"position\":2,\"name\":\"Marchio\"}]},{\"@type\":\"WebSite\",\"@id\":\"https:\\\/\\\/cemegroup.01linuxsp.coridemo.com\\\/ode\\\/it\\\/#website\",\"url\":\"https:\\\/\\\/cemegroup.01linuxsp.coridemo.com\\\/ode\\\/it\\\/\",\"name\":\"ODE\",\"description\":\"Discover ODE solutions for fluid control: solenoid valves, valves, pumps and transducers. Reliable, tested products for every industry.\",\"publisher\":{\"@id\":\"https:\\\/\\\/cemegroup.01linuxsp.coridemo.com\\\/ode\\\/it\\\/#organization\"},\"alternateName\":\"ODE - CEME Group\",\"potentialAction\":[{\"@type\":\"SearchAction\",\"target\":{\"@type\":\"EntryPoint\",\"urlTemplate\":\"https:\\\/\\\/cemegroup.01linuxsp.coridemo.com\\\/ode\\\/it\\\/?s={search_term_string}\"},\"query-input\":{\"@type\":\"PropertyValueSpecification\",\"valueRequired\":true,\"valueName\":\"search_term_string\"}}],\"inLanguage\":\"it-IT\"},{\"@type\":\"Organization\",\"@id\":\"https:\\\/\\\/cemegroup.01linuxsp.coridemo.com\\\/ode\\\/it\\\/#organization\",\"name\":\"ODE\",\"alternateName\":\"ODE - CEME Group\",\"url\":\"https:\\\/\\\/cemegroup.01linuxsp.coridemo.com\\\/ode\\\/it\\\/\",\"logo\":{\"@type\":\"ImageObject\",\"inLanguage\":\"it-IT\",\"@id\":\"https:\\\/\\\/cemegroup.01linuxsp.coridemo.com\\\/ode\\\/it\\\/#\\\/schema\\\/logo\\\/image\\\/\",\"url\":\"https:\\\/\\\/cemegroup.01linuxsp.coridemo.com\\\/ode\\\/wp-content\\\/uploads\\\/sites\\\/7\\\/2025\\\/11\\\/Fav_ODE.png\",\"contentUrl\":\"https:\\\/\\\/cemegroup.01linuxsp.coridemo.com\\\/ode\\\/wp-content\\\/uploads\\\/sites\\\/7\\\/2025\\\/11\\\/Fav_ODE.png\",\"width\":512,\"height\":512,\"caption\":\"ODE\"},\"image\":{\"@id\":\"https:\\\/\\\/cemegroup.01linuxsp.coridemo.com\\\/ode\\\/it\\\/#\\\/schema\\\/logo\\\/image\\\/\"},\"sameAs\":[\"https:\\\/\\\/www.linkedin.com\\\/company\\\/cemegroup-ceme-ulka-ode-acl\\\/\",\"https:\\\/\\\/www.youtube.com\\\/channel\\\/UC3lF1mvjO-W2O9zxeyLYPrg\"]}]}<\/script>\n<!-- \/ Yoast SEO plugin. -->","yoast_head_json":{"title":"Valvole ed elettrovalvole su misura per l\u2019industria dal 1960 | ODE","description":"ODE progetta valvole, elettrovalvole, pompe e trasduttori per macchine e impianti industriali. Scopri la storia, i valori e le innovazioni del brand.","robots":{"index":"noindex","follow":"follow","max-snippet":"max-snippet:-1","max-image-preview":"max-image-preview:large","max-video-preview":"max-video-preview:-1"},"og_locale":"it_IT","og_type":"article","og_title":"Valvole ed elettrovalvole su misura per l\u2019industria dal 1960 | ODE","og_description":"ODE progetta valvole, elettrovalvole, pompe e trasduttori per macchine e impianti industriali. Scopri la storia, i valori e le innovazioni del brand.","og_url":"https:\/\/cemegroup.01linuxsp.coridemo.com\/ode\/it\/marchio\/","og_site_name":"Ode","article_modified_time":"2025-11-20T09:30:12+00:00","og_image":[{"width":1920,"height":980,"url":"https:\/\/cemegroup.01linuxsp.coridemo.com\/ode\/wp-content\/uploads\/sites\/7\/2025\/11\/Ceme_095.png","type":"image\/png"}],"twitter_card":"summary_large_image","twitter_misc":{"Tempo di lettura stimato":"1 minuto"},"schema":{"@context":"https:\/\/schema.org","@graph":[{"@type":"WebPage","@id":"https:\/\/cemegroup.01linuxsp.coridemo.com\/ode\/it\/marchio\/","url":"https:\/\/cemegroup.01linuxsp.coridemo.com\/ode\/it\/marchio\/","name":"Valvole ed elettrovalvole su misura per l\u2019industria dal 1960 | ODE","isPartOf":{"@id":"https:\/\/cemegroup.01linuxsp.coridemo.com\/ode\/it\/#website"},"datePublished":"2025-11-13T14:27:10+00:00","dateModified":"2025-11-20T09:30:12+00:00","description":"ODE progetta valvole, elettrovalvole, pompe e trasduttori per macchine e impianti industriali. Scopri la storia, i valori e le innovazioni del brand.","breadcrumb":{"@id":"https:\/\/cemegroup.01linuxsp.coridemo.com\/ode\/it\/marchio\/#breadcrumb"},"inLanguage":"it-IT","potentialAction":[{"@type":"ReadAction","target":["https:\/\/cemegroup.01linuxsp.coridemo.com\/ode\/it\/marchio\/"]}]},{"@type":"BreadcrumbList","@id":"https:\/\/cemegroup.01linuxsp.coridemo.com\/ode\/it\/marchio\/#breadcrumb","itemListElement":[{"@type":"ListItem","position":1,"name":"Home","item":"https:\/\/cemegroup.01linuxsp.coridemo.com\/ode\/it\/home\/"},{"@type":"ListItem","position":2,"name":"Marchio"}]},{"@type":"WebSite","@id":"https:\/\/cemegroup.01linuxsp.coridemo.com\/ode\/it\/#website","url":"https:\/\/cemegroup.01linuxsp.coridemo.com\/ode\/it\/","name":"ODE","description":"Discover ODE solutions for fluid control: solenoid valves, valves, pumps and transducers. Reliable, tested products for every industry.","publisher":{"@id":"https:\/\/cemegroup.01linuxsp.coridemo.com\/ode\/it\/#organization"},"alternateName":"ODE - CEME Group","potentialAction":[{"@type":"SearchAction","target":{"@type":"EntryPoint","urlTemplate":"https:\/\/cemegroup.01linuxsp.coridemo.com\/ode\/it\/?s={search_term_string}"},"query-input":{"@type":"PropertyValueSpecification","valueRequired":true,"valueName":"search_term_string"}}],"inLanguage":"it-IT"},{"@type":"Organization","@id":"https:\/\/cemegroup.01linuxsp.coridemo.com\/ode\/it\/#organization","name":"ODE","alternateName":"ODE - CEME Group","url":"https:\/\/cemegroup.01linuxsp.coridemo.com\/ode\/it\/","logo":{"@type":"ImageObject","inLanguage":"it-IT","@id":"https:\/\/cemegroup.01linuxsp.coridemo.com\/ode\/it\/#\/schema\/logo\/image\/","url":"https:\/\/cemegroup.01linuxsp.coridemo.com\/ode\/wp-content\/uploads\/sites\/7\/2025\/11\/Fav_ODE.png","contentUrl":"https:\/\/cemegroup.01linuxsp.coridemo.com\/ode\/wp-content\/uploads\/sites\/7\/2025\/11\/Fav_ODE.png","width":512,"height":512,"caption":"ODE"},"image":{"@id":"https:\/\/cemegroup.01linuxsp.coridemo.com\/ode\/it\/#\/schema\/logo\/image\/"},"sameAs":["https:\/\/www.linkedin.com\/company\/cemegroup-ceme-ulka-ode-acl\/","https:\/\/www.youtube.com\/channel\/UC3lF1mvjO-W2O9zxeyLYPrg"]}]}},"_links":{"self":[{"href":"https:\/\/cemegroup.01linuxsp.coridemo.com\/ode\/it\/wp-json\/wp\/v2\/pages\/2312","targetHints":{"allow":["GET"]}}],"collection":[{"href":"https:\/\/cemegroup.01linuxsp.coridemo.com\/ode\/it\/wp-json\/wp\/v2\/pages"}],"about":[{"href":"https:\/\/cemegroup.01linuxsp.coridemo.com\/ode\/it\/wp-json\/wp\/v2\/types\/page"}],"author":[{"embeddable":true,"href":"https:\/\/cemegroup.01linuxsp.coridemo.com\/ode\/it\/wp-json\/wp\/v2\/users\/1"}],"replies":[{"embeddable":true,"href":"https:\/\/cemegroup.01linuxsp.coridemo.com\/ode\/it\/wp-json\/wp\/v2\/comments?post=2312"}],"version-history":[{"count":1,"href":"https:\/\/cemegroup.01linuxsp.coridemo.com\/ode\/it\/wp-json\/wp\/v2\/pages\/2312\/revisions"}],"predecessor-version":[{"id":2313,"href":"https:\/\/cemegroup.01linuxsp.coridemo.com\/ode\/it\/wp-json\/wp\/v2\/pages\/2312\/revisions\/2313"}],"wp:attachment":[{"href":"https:\/\/cemegroup.01linuxsp.coridemo.com\/ode\/it\/wp-json\/wp\/v2\/media?parent=2312"}],"curies":[{"name":"wp","href":"https:\/\/api.w.org\/{rel}","templated":true}]}}