{"id":1349,"date":"2025-11-14T14:40:27","date_gmt":"2025-11-14T13:40:27","guid":{"rendered":"https:\/\/cemegroup.01linuxsp.coridemo.com\/ulka\/technischer-bereich\/"},"modified":"2026-01-09T15:46:42","modified_gmt":"2026-01-09T14:46:42","slug":"technischer-bereich","status":"publish","type":"page","link":"https:\/\/cemegroup.01linuxsp.coridemo.com\/ulka\/de\/technischer-bereich\/","title":{"rendered":"Technischer Bereich"},"content":{"rendered":"\t\t<div data-elementor-type=\"wp-page\" data-elementor-id=\"1349\" class=\"elementor elementor-1349 elementor-997\" data-elementor-post-type=\"page\">\n\t\t\t\t<div class=\"elementor-element elementor-element-53cf6e5 e-con-full e-flex e-con e-parent\" data-id=\"53cf6e5\" data-element_type=\"container\" data-e-type=\"container\" data-settings=\"{&quot;background_background&quot;:&quot;classic&quot;}\">\n\t\t<div class=\"elementor-element elementor-element-1a6c447 e-flex e-con-boxed e-con e-child\" data-id=\"1a6c447\" data-element_type=\"container\" data-e-type=\"container\">\n\t\t\t\t\t<div class=\"e-con-inner\">\n\t\t<div class=\"elementor-element elementor-element-5ddf042 e-con-full e-flex e-con e-child\" data-id=\"5ddf042\" data-element_type=\"container\" data-e-type=\"container\">\n\t\t\t\t<div class=\"elementor-element elementor-element-3bcb86f text-hero-v2 elementor-widget elementor-widget-heading\" data-id=\"3bcb86f\" data-element_type=\"widget\" data-e-type=\"widget\" data-widget_type=\"heading.default\">\n\t\t\t\t\t<h1 class=\"elementor-heading-title elementor-size-default\">Technischer Bereich<\/h1>\t\t\t\t<\/div>\n\t\t\t\t<div class=\"elementor-element elementor-element-a8e39b9 text-body-v2 elementor-widget elementor-widget-heading\" data-id=\"a8e39b9\" data-element_type=\"widget\" data-e-type=\"widget\" data-widget_type=\"heading.default\">\n\t\t\t\t\t<p class=\"elementor-heading-title elementor-size-default\">Ein \u00fcbersichtlicher Bereich, in dem Sie alles rund um CEME-Produkte finden: Mit einer einfachen Registrierung erhalten Sie Zugang zu einer Welt des Wissens, das f\u00fcr viele Anwendungen n\u00fctzlich ist.<\/p>\t\t\t\t<\/div>\n\t\t<div class=\"elementor-element elementor-element-b3d31e4 e-con-full e-flex e-con e-child\" data-id=\"b3d31e4\" data-element_type=\"container\" data-e-type=\"container\">\n\t\t<div class=\"elementor-element elementor-element-b7a6915 e-con-full e-flex e-con e-child\" data-id=\"b7a6915\" data-element_type=\"container\" data-e-type=\"container\">\n\t\t\t\t<div class=\"elementor-element elementor-element-bd12cf7 elementor-widget elementor-widget-image\" data-id=\"bd12cf7\" data-element_type=\"widget\" data-e-type=\"widget\" data-widget_type=\"image.default\">\n\t\t\t\t\t\t\t\t\t\t\t\t\t\t\t<img decoding=\"async\" width=\"14\" height=\"14\" src=\"https:\/\/cemegroup.01linuxsp.coridemo.com\/ulka\/wp-content\/uploads\/sites\/5\/2025\/12\/Rectangle-5.png\" class=\"attachment-full size-full wp-image-1913\" alt=\"\" \/>\t\t\t\t\t\t\t\t\t\t\t\t\t\t\t<\/div>\n\t\t\t\t<div class=\"elementor-element elementor-element-25f78e5 text-body-v2 elementor-widget elementor-widget-heading\" data-id=\"25f78e5\" data-element_type=\"widget\" data-e-type=\"widget\" data-widget_type=\"heading.default\">\n\t\t\t\t\t<p class=\"elementor-heading-title elementor-size-default\">Stets aktuelle Kataloge<\/p>\t\t\t\t<\/div>\n\t\t\t\t<\/div>\n\t\t<div class=\"elementor-element elementor-element-9e033e0 e-con-full e-flex e-con e-child\" data-id=\"9e033e0\" data-element_type=\"container\" data-e-type=\"container\">\n\t\t\t\t<div class=\"elementor-element elementor-element-2d8ddbe elementor-widget elementor-widget-image\" data-id=\"2d8ddbe\" data-element_type=\"widget\" data-e-type=\"widget\" data-widget_type=\"image.default\">\n\t\t\t\t\t\t\t\t\t\t\t\t\t\t\t<img decoding=\"async\" width=\"14\" height=\"14\" src=\"https:\/\/cemegroup.01linuxsp.coridemo.com\/ulka\/wp-content\/uploads\/sites\/5\/2025\/12\/Rectangle-5.png\" class=\"attachment-full size-full wp-image-1913\" alt=\"\" \/>\t\t\t\t\t\t\t\t\t\t\t\t\t\t\t<\/div>\n\t\t\t\t<div class=\"elementor-element elementor-element-fe88f64 text-body-v2 elementor-widget elementor-widget-heading\" data-id=\"fe88f64\" data-element_type=\"widget\" data-e-type=\"widget\" data-widget_type=\"heading.default\">\n\t\t\t\t\t<p class=\"elementor-heading-title elementor-size-default\">Vollst\u00e4ndige technische Datenbl\u00e4tter<\/p>\t\t\t\t<\/div>\n\t\t\t\t<\/div>\n\t\t<div class=\"elementor-element elementor-element-bf0826d e-con-full e-flex e-con e-child\" data-id=\"bf0826d\" data-element_type=\"container\" data-e-type=\"container\">\n\t\t\t\t<div class=\"elementor-element elementor-element-e580034 elementor-widget elementor-widget-image\" data-id=\"e580034\" data-element_type=\"widget\" data-e-type=\"widget\" data-widget_type=\"image.default\">\n\t\t\t\t\t\t\t\t\t\t\t\t\t\t\t<img decoding=\"async\" width=\"14\" height=\"14\" src=\"https:\/\/cemegroup.01linuxsp.coridemo.com\/ulka\/wp-content\/uploads\/sites\/5\/2025\/12\/Rectangle-5.png\" class=\"attachment-full size-full wp-image-1913\" alt=\"\" \/>\t\t\t\t\t\t\t\t\t\t\t\t\t\t\t<\/div>\n\t\t\t\t<div class=\"elementor-element elementor-element-4ff2222 text-body-v2 elementor-widget elementor-widget-heading\" data-id=\"4ff2222\" data-element_type=\"widget\" data-e-type=\"widget\" data-widget_type=\"heading.default\">\n\t\t\t\t\t<p class=\"elementor-heading-title elementor-size-default\">Bedienungs- und Wartungsanleitungen<\/p>\t\t\t\t<\/div>\n\t\t\t\t<\/div>\n\t\t<div class=\"elementor-element elementor-element-5698fbf e-con-full e-flex e-con e-child\" data-id=\"5698fbf\" data-element_type=\"container\" data-e-type=\"container\">\n\t\t\t\t<div class=\"elementor-element elementor-element-d98e738 elementor-widget elementor-widget-image\" data-id=\"d98e738\" data-element_type=\"widget\" data-e-type=\"widget\" data-widget_type=\"image.default\">\n\t\t\t\t\t\t\t\t\t\t\t\t\t\t\t<img decoding=\"async\" width=\"14\" height=\"14\" src=\"https:\/\/cemegroup.01linuxsp.coridemo.com\/ulka\/wp-content\/uploads\/sites\/5\/2025\/12\/Rectangle-5.png\" class=\"attachment-full size-full wp-image-1913\" alt=\"\" \/>\t\t\t\t\t\t\t\t\t\t\t\t\t\t\t<\/div>\n\t\t\t\t<div class=\"elementor-element elementor-element-576299b text-body-v2 elementor-widget elementor-widget-heading\" data-id=\"576299b\" data-element_type=\"widget\" data-e-type=\"widget\" data-widget_type=\"heading.default\">\n\t\t\t\t\t<p class=\"elementor-heading-title elementor-size-default\">Spezielle Zertifikate<\/p>\t\t\t\t<\/div>\n\t\t\t\t<\/div>\n\t\t\t\t<\/div>\n\t\t\t\t<\/div>\n\t\t<div class=\"elementor-element elementor-element-aaa21a4 e-con-full e-flex e-con e-child\" data-id=\"aaa21a4\" data-element_type=\"container\" data-e-type=\"container\">\n\t\t<div class=\"elementor-element elementor-element-238253b e-con-full e-flex e-con e-child\" data-id=\"238253b\" data-element_type=\"container\" data-e-type=\"container\">\n\t\t<div class=\"dce-visibility-event elementor-element elementor-element-515f45b e-con-full e-flex e-con e-child\" data-id=\"515f45b\" data-element_type=\"container\" data-e-type=\"container\" data-settings=\"{&quot;enabled_visibility&quot;:&quot;yes&quot;,&quot;dce_visibility_selected&quot;:&quot;yes&quot;}\">\n\t\t\t\t<div class=\"elementor-element elementor-element-6ce8fc3 elementor-widget elementor-widget-heading\" data-id=\"6ce8fc3\" data-element_type=\"widget\" data-e-type=\"widget\" data-widget_type=\"heading.default\">\n\t\t\t\t\t<h2 class=\"elementor-heading-title elementor-size-default\">Anmeldung<\/h2>\t\t\t\t<\/div>\n\t\t\t\t<div class=\"elementor-element elementor-element-1cb2f04 elementor-widget-divider--view-line elementor-widget elementor-widget-divider\" data-id=\"1cb2f04\" data-element_type=\"widget\" data-e-type=\"widget\" data-widget_type=\"divider.default\">\n\t\t\t\t\t\t\t<div class=\"elementor-divider\">\n\t\t\t<span class=\"elementor-divider-separator\">\n\t\t\t\t\t\t<\/span>\n\t\t<\/div>\n\t\t\t\t\t\t<\/div>\n\t\t\t\t<\/div>\n\t\t<!-- dce invisible element f6f1bb0 -->\t\t<div class=\"dce-visibility-event elementor-element elementor-element-374c85b elementor-widget elementor-widget-shortcode\" data-id=\"374c85b\" data-element_type=\"widget\" data-e-type=\"widget\" data-settings=\"{&quot;enabled_visibility&quot;:&quot;yes&quot;,&quot;dce_visibility_selected&quot;:&quot;yes&quot;}\" data-widget_type=\"shortcode.default\">\n\t\t\t\t\t\t\t<div class=\"elementor-shortcode\"><div id=\"user-registration\" class=\"user-registration\">\n<div class=\"ur-frontend-form login  \" id=\"ur-frontend-form\">\n\t\t<form class=\"user-registration-form user-registration-form-login login\" method=\"post\">\n\t\t<div class=\"ur-form-row\">\n\t\t\t<div class=\"ur-form-grid\">\n\t\t\t\t\t\t\t\t\t\t\t\t<div\n\t\t\t\t\tclass=\" user-registration-form-row user-registration-form-row--wide form-row form-row-wide\"\n\t\t\t\t\tdata-field=\"username\">\n\t\t\t\t\t<label for=\"username\">Username or Email <span class=\"required\">*<\/span><\/label>\t\t\t\t\t<span class=\"input-wrapper\">\n\t\t\t\t\t\t<input placeholder=\"\" type=\"text\"\n\t\t\t\t\t\t\t\tclass=\"user-registration-Input user-registration-Input--text input-text\" name=\"username\"\n\t\t\t\t\t\t\t\tid=\"username\"\n\t\t\t\t\t\t\t   value=\"\"\n\t\t\t\t\t\t\t\tstyle=\"\"\n\t\t\t\t\t\t\t\t\t\t\t\t\t\t\/>\n\t\t\t\t\t\t\t\t\t\t\t\t<\/span>\n\t\t\t\t<\/div>\n\t\t\t\t\t\t\t\t\t<div\n\t\t\t\t\t\tclass=\" user-registration-form-row user-registration-form-row--wide form-row form-row-wide\"\n\t\t\t\t\t\tdata-field=\"password\">\n\t\t\t\t\t\t<label for=\"password\">Password <span class=\"required\">*<\/span><\/label>\t\t\t\t\t\t<span class=\"input-wrapper\">\n\t\t\t\t\t\t<span class=\"password-input-group\">\n\t\t\t\t\t\t<input\n\t\t\t\t\t\t\tplaceholder=\"\"\n\t\t\t\t\t\t\tclass=\"user-registration-Input user-registration-Input--text input-text\" type=\"password\"\n\t\t\t\t\t\t\tname=\"password\" id=\"password\"\n\t\t\t\t\t\t\tstyle=\"\"\n\t\t\t\t\t\t\t\t\t\t\t\t\t\/>\n\n\t\t\t\t\t\t\t\t\t\t\t\t\t\t\t\t\t\t\t<\/span>\n\t\t\t\t\t<\/div>\n\t\t\t\t\t\t\t\t\n\t\t\t\t\t\t\t\t<div class=\"form-row\">\n\t\t\t\t\t<input type=\"hidden\" id=\"user-registration-login-nonce\" name=\"user-registration-login-nonce\" value=\"f0a7b8f3cf\" \/><input type=\"hidden\" name=\"_wp_http_referer\" value=\"\/ulka\/de\/wp-json\/wp\/v2\/pages\/1349\" \/>\t\t\t\t\t\t<div class=\"user-registration-before-login-btn\">\n\t\t\t\t\t\t\t\t\t\t\t\t\t\t\t<div class=\"\" data-field=\"remember-me\">\n\t\t\t\t\t\t\t\t\t<label\n\t\t\t\t\t\t\t\t\t\tclass=\"user-registration-form__label user-registration-form__label-for-checkbox inline\">\n\t\t\t\t\t\t\t\t\t\t<input\n\t\t\t\t\t\t\t\t\t\t\tclass=\"user-registration-form__input user-registration-form__input-checkbox\"\n\t\t\t\t\t\t\t\t\t\t\tname=\"rememberme\" type=\"checkbox\" id=\"rememberme\" value=\"forever\"\n\t\t\t\t\t\t\t\t\t\t\t\t\t\t\t\t\t\t\t\t\t\/>\n\t\t\t\t\t\t\t\t\t\t<span>Remember Me<\/span>\n\t\t\t\t\t\t\t\t\t<\/label>\n\t\t\t\t\t\t\t\t<\/div>\n\t\t\t\t\t\t\t\t\t\t\t\t\t\t\t\t\t\t\t\t\t\t\t<div data-field=\"lost-password\"\n\t\t\t\t\t\t\t\t\tclass=\"user-registration-LostPassword lost_password \">\n\t\t\t\t\t\t\t\t\t<label\n\t\t\t\t\t\t\t\t\t\tclass=\"user-registration-form__label user-registration-form__label-for-checkbox inline\">\n\t\t\t\t\t\t\t\t\t\t<a href=\"https:\/\/cemegroup.01linuxsp.coridemo.com\/ulka\/password-lost\/\">Lost your password?<\/a>\n\t\t\t\t\t\t\t\t\t<\/label>\n\t\t\t\t\t\t\t\t<\/div>\n\t\t\t\t\t\t\t\t\t\t\t\t\t\t<\/div>\n\t\t\t\t\t\t\t\t\t\t<\/div>\n\t\t\t\t<div data-field=\"login-button\" class=\"\">\n\t\t\t\t\t\t\t\t\t\t\t\t\t\t\t\t<button type=\"submit\"\n\t\t\t\t\t\t\t\tclass=\"user-registration-Button button ur-submit-button  \"\n\t\t\t\t\t\t\t\tname=\"login\"\n\t\t\t\t\t\t\t\tvalue=\"Login\">Login<\/button>\n\t\t\t\t\t\t\t\t\t<\/div>\n\t\t\t\t<input type=\"hidden\" name=\"redirect\"\n\t\t\t\t\t\tvalue=\"\"\/>\n\t\t\t\t<input type=\"hidden\" name=\"previous_page\" value=\"\"\/>\n\t\t\t\t<div class=\"user-registration-register register \" data-field=\"registration-setting\">\t\t\t\t\t\t\t<a href=\"https:\/\/cemegroup.01linuxsp.coridemo.com\/ulka\/register\/\"> Not a member yet? Register now.\t\t\t\t\t\t<\/a>\n\t\t\t\t\t\t<\/div>\t\t\t\t\t\t\t<\/div>\n\t\t<\/div>\n\t<\/form>\n<\/div>\n\n<\/div><\/div>\n\t\t\t\t\t\t<\/div>\n\t\t\t\t<\/div>\n\t\t<!-- dce invisible element 76b9636 -->\t\t<\/div>\n\t\t\t\t\t<\/div>\n\t\t\t\t<\/div>\n\t\t\t\t<\/div>\n\t\t<div class=\"elementor-element elementor-element-f59627e e-flex e-con-boxed e-con e-parent\" data-id=\"f59627e\" data-element_type=\"container\" data-e-type=\"container\" data-settings=\"{&quot;background_background&quot;:&quot;classic&quot;}\">\n\t\t\t\t\t<div class=\"e-con-inner\">\n\t\t\t\t\t<\/div>\n\t\t\t\t<\/div>\n\t\t\t\t<\/div>\n\t\t","protected":false},"excerpt":{"rendered":"<p>Technischer Bereich Ein \u00fcbersichtlicher Bereich, in dem Sie alles rund um CEME-Produkte finden: Mit einer einfachen Registrierung erhalten Sie Zugang zu einer Welt des Wissens, das f\u00fcr viele Anwendungen n\u00fctzlich ist. Stets aktuelle Kataloge Vollst\u00e4ndige technische Datenbl\u00e4tter Bedienungs- und Wartungsanleitungen Spezielle Zertifikate Anmeldung Sie k\u00f6nnen jetzt vertrauliche Dokumente einsehen. W\u00e4hlen Sie das Produkt aus, das [&hellip;]<\/p>\n","protected":false},"author":1,"featured_media":0,"parent":0,"menu_order":0,"comment_status":"closed","ping_status":"closed","template":"","meta":{"_acf_changed":false,"footnotes":""},"class_list":["post-1349","page","type-page","status-publish","hentry"],"acf":[],"yoast_head":"<!-- This site is optimized with the Yoast SEO plugin v27.4 - https:\/\/yoast.com\/product\/yoast-seo-wordpress\/ -->\n<title>Technischer Bereich | Ulka<\/title>\n<meta name=\"robots\" content=\"noindex, follow, max-snippet:-1, max-image-preview:large, max-video-preview:-1\" \/>\n<meta property=\"og:locale\" content=\"de_DE\" \/>\n<meta property=\"og:type\" content=\"article\" \/>\n<meta property=\"og:title\" content=\"Technischer Bereich | Ulka\" \/>\n<meta property=\"og:description\" content=\"Technischer Bereich Ein \u00fcbersichtlicher Bereich, in dem Sie alles rund um CEME-Produkte finden: Mit einer einfachen Registrierung erhalten Sie Zugang zu einer Welt des Wissens, das f\u00fcr viele Anwendungen n\u00fctzlich ist. Stets aktuelle Kataloge Vollst\u00e4ndige technische Datenbl\u00e4tter Bedienungs- und Wartungsanleitungen Spezielle Zertifikate Anmeldung Sie k\u00f6nnen jetzt vertrauliche Dokumente einsehen. W\u00e4hlen Sie das Produkt aus, das [&hellip;]\" \/>\n<meta property=\"og:url\" content=\"https:\/\/cemegroup.01linuxsp.coridemo.com\/ulka\/de\/technischer-bereich\/\" \/>\n<meta property=\"og:site_name\" content=\"Ulka\" \/>\n<meta property=\"article:modified_time\" content=\"2026-01-09T14:46:42+00:00\" \/>\n<meta property=\"og:image\" content=\"https:\/\/cemegroup.01linuxsp.coridemo.com\/ulka\/wp-content\/uploads\/sites\/5\/2025\/12\/Rectangle-5.png\" \/>\n\t<meta property=\"og:image:width\" content=\"14\" \/>\n\t<meta property=\"og:image:height\" content=\"14\" \/>\n\t<meta property=\"og:image:type\" content=\"image\/png\" \/>\n<meta name=\"twitter:card\" content=\"summary_large_image\" \/>\n<script type=\"application\/ld+json\" class=\"yoast-schema-graph\">{\"@context\":\"https:\\\/\\\/schema.org\",\"@graph\":[{\"@type\":\"WebPage\",\"@id\":\"https:\\\/\\\/cemegroup.01linuxsp.coridemo.com\\\/ulka\\\/de\\\/technischer-bereich\\\/\",\"url\":\"https:\\\/\\\/cemegroup.01linuxsp.coridemo.com\\\/ulka\\\/de\\\/technischer-bereich\\\/\",\"name\":\"Technischer Bereich | Ulka\",\"isPartOf\":{\"@id\":\"https:\\\/\\\/cemegroup.01linuxsp.coridemo.com\\\/ulka\\\/de\\\/#website\"},\"primaryImageOfPage\":{\"@id\":\"https:\\\/\\\/cemegroup.01linuxsp.coridemo.com\\\/ulka\\\/de\\\/technischer-bereich\\\/#primaryimage\"},\"image\":{\"@id\":\"https:\\\/\\\/cemegroup.01linuxsp.coridemo.com\\\/ulka\\\/de\\\/technischer-bereich\\\/#primaryimage\"},\"thumbnailUrl\":\"https:\\\/\\\/cemegroup.01linuxsp.coridemo.com\\\/ulka\\\/wp-content\\\/uploads\\\/sites\\\/5\\\/2025\\\/12\\\/Rectangle-5.png\",\"datePublished\":\"2025-11-14T13:40:27+00:00\",\"dateModified\":\"2026-01-09T14:46:42+00:00\",\"breadcrumb\":{\"@id\":\"https:\\\/\\\/cemegroup.01linuxsp.coridemo.com\\\/ulka\\\/de\\\/technischer-bereich\\\/#breadcrumb\"},\"inLanguage\":\"de\",\"potentialAction\":[{\"@type\":\"ReadAction\",\"target\":[\"https:\\\/\\\/cemegroup.01linuxsp.coridemo.com\\\/ulka\\\/de\\\/technischer-bereich\\\/\"]}]},{\"@type\":\"ImageObject\",\"inLanguage\":\"de\",\"@id\":\"https:\\\/\\\/cemegroup.01linuxsp.coridemo.com\\\/ulka\\\/de\\\/technischer-bereich\\\/#primaryimage\",\"url\":\"https:\\\/\\\/cemegroup.01linuxsp.coridemo.com\\\/ulka\\\/wp-content\\\/uploads\\\/sites\\\/5\\\/2025\\\/12\\\/Rectangle-5.png\",\"contentUrl\":\"https:\\\/\\\/cemegroup.01linuxsp.coridemo.com\\\/ulka\\\/wp-content\\\/uploads\\\/sites\\\/5\\\/2025\\\/12\\\/Rectangle-5.png\"},{\"@type\":\"BreadcrumbList\",\"@id\":\"https:\\\/\\\/cemegroup.01linuxsp.coridemo.com\\\/ulka\\\/de\\\/technischer-bereich\\\/#breadcrumb\",\"itemListElement\":[{\"@type\":\"ListItem\",\"position\":1,\"name\":\"Home\",\"item\":\"https:\\\/\\\/cemegroup.01linuxsp.coridemo.com\\\/ulka\\\/de\\\/startseite\\\/\"},{\"@type\":\"ListItem\",\"position\":2,\"name\":\"Technischer Bereich\"}]},{\"@type\":\"WebSite\",\"@id\":\"https:\\\/\\\/cemegroup.01linuxsp.coridemo.com\\\/ulka\\\/de\\\/#website\",\"url\":\"https:\\\/\\\/cemegroup.01linuxsp.coridemo.com\\\/ulka\\\/de\\\/\",\"name\":\"Ulka\",\"description\":\"\",\"potentialAction\":[{\"@type\":\"SearchAction\",\"target\":{\"@type\":\"EntryPoint\",\"urlTemplate\":\"https:\\\/\\\/cemegroup.01linuxsp.coridemo.com\\\/ulka\\\/de\\\/?s={search_term_string}\"},\"query-input\":{\"@type\":\"PropertyValueSpecification\",\"valueRequired\":true,\"valueName\":\"search_term_string\"}}],\"inLanguage\":\"de\"}]}<\/script>\n<!-- \/ Yoast SEO plugin. -->","yoast_head_json":{"title":"Technischer Bereich | Ulka","robots":{"index":"noindex","follow":"follow","max-snippet":"max-snippet:-1","max-image-preview":"max-image-preview:large","max-video-preview":"max-video-preview:-1"},"og_locale":"de_DE","og_type":"article","og_title":"Technischer Bereich | Ulka","og_description":"Technischer Bereich Ein \u00fcbersichtlicher Bereich, in dem Sie alles rund um CEME-Produkte finden: Mit einer einfachen Registrierung erhalten Sie Zugang zu einer Welt des Wissens, das f\u00fcr viele Anwendungen n\u00fctzlich ist. Stets aktuelle Kataloge Vollst\u00e4ndige technische Datenbl\u00e4tter Bedienungs- und Wartungsanleitungen Spezielle Zertifikate Anmeldung Sie k\u00f6nnen jetzt vertrauliche Dokumente einsehen. W\u00e4hlen Sie das Produkt aus, das [&hellip;]","og_url":"https:\/\/cemegroup.01linuxsp.coridemo.com\/ulka\/de\/technischer-bereich\/","og_site_name":"Ulka","article_modified_time":"2026-01-09T14:46:42+00:00","og_image":[{"width":14,"height":14,"url":"https:\/\/cemegroup.01linuxsp.coridemo.com\/ulka\/wp-content\/uploads\/sites\/5\/2025\/12\/Rectangle-5.png","type":"image\/png"}],"twitter_card":"summary_large_image","schema":{"@context":"https:\/\/schema.org","@graph":[{"@type":"WebPage","@id":"https:\/\/cemegroup.01linuxsp.coridemo.com\/ulka\/de\/technischer-bereich\/","url":"https:\/\/cemegroup.01linuxsp.coridemo.com\/ulka\/de\/technischer-bereich\/","name":"Technischer Bereich | Ulka","isPartOf":{"@id":"https:\/\/cemegroup.01linuxsp.coridemo.com\/ulka\/de\/#website"},"primaryImageOfPage":{"@id":"https:\/\/cemegroup.01linuxsp.coridemo.com\/ulka\/de\/technischer-bereich\/#primaryimage"},"image":{"@id":"https:\/\/cemegroup.01linuxsp.coridemo.com\/ulka\/de\/technischer-bereich\/#primaryimage"},"thumbnailUrl":"https:\/\/cemegroup.01linuxsp.coridemo.com\/ulka\/wp-content\/uploads\/sites\/5\/2025\/12\/Rectangle-5.png","datePublished":"2025-11-14T13:40:27+00:00","dateModified":"2026-01-09T14:46:42+00:00","breadcrumb":{"@id":"https:\/\/cemegroup.01linuxsp.coridemo.com\/ulka\/de\/technischer-bereich\/#breadcrumb"},"inLanguage":"de","potentialAction":[{"@type":"ReadAction","target":["https:\/\/cemegroup.01linuxsp.coridemo.com\/ulka\/de\/technischer-bereich\/"]}]},{"@type":"ImageObject","inLanguage":"de","@id":"https:\/\/cemegroup.01linuxsp.coridemo.com\/ulka\/de\/technischer-bereich\/#primaryimage","url":"https:\/\/cemegroup.01linuxsp.coridemo.com\/ulka\/wp-content\/uploads\/sites\/5\/2025\/12\/Rectangle-5.png","contentUrl":"https:\/\/cemegroup.01linuxsp.coridemo.com\/ulka\/wp-content\/uploads\/sites\/5\/2025\/12\/Rectangle-5.png"},{"@type":"BreadcrumbList","@id":"https:\/\/cemegroup.01linuxsp.coridemo.com\/ulka\/de\/technischer-bereich\/#breadcrumb","itemListElement":[{"@type":"ListItem","position":1,"name":"Home","item":"https:\/\/cemegroup.01linuxsp.coridemo.com\/ulka\/de\/startseite\/"},{"@type":"ListItem","position":2,"name":"Technischer Bereich"}]},{"@type":"WebSite","@id":"https:\/\/cemegroup.01linuxsp.coridemo.com\/ulka\/de\/#website","url":"https:\/\/cemegroup.01linuxsp.coridemo.com\/ulka\/de\/","name":"Ulka","description":"","potentialAction":[{"@type":"SearchAction","target":{"@type":"EntryPoint","urlTemplate":"https:\/\/cemegroup.01linuxsp.coridemo.com\/ulka\/de\/?s={search_term_string}"},"query-input":{"@type":"PropertyValueSpecification","valueRequired":true,"valueName":"search_term_string"}}],"inLanguage":"de"}]}},"_links":{"self":[{"href":"https:\/\/cemegroup.01linuxsp.coridemo.com\/ulka\/de\/wp-json\/wp\/v2\/pages\/1349","targetHints":{"allow":["GET"]}}],"collection":[{"href":"https:\/\/cemegroup.01linuxsp.coridemo.com\/ulka\/de\/wp-json\/wp\/v2\/pages"}],"about":[{"href":"https:\/\/cemegroup.01linuxsp.coridemo.com\/ulka\/de\/wp-json\/wp\/v2\/types\/page"}],"author":[{"embeddable":true,"href":"https:\/\/cemegroup.01linuxsp.coridemo.com\/ulka\/de\/wp-json\/wp\/v2\/users\/1"}],"replies":[{"embeddable":true,"href":"https:\/\/cemegroup.01linuxsp.coridemo.com\/ulka\/de\/wp-json\/wp\/v2\/comments?post=1349"}],"version-history":[{"count":3,"href":"https:\/\/cemegroup.01linuxsp.coridemo.com\/ulka\/de\/wp-json\/wp\/v2\/pages\/1349\/revisions"}],"predecessor-version":[{"id":1968,"href":"https:\/\/cemegroup.01linuxsp.coridemo.com\/ulka\/de\/wp-json\/wp\/v2\/pages\/1349\/revisions\/1968"}],"wp:attachment":[{"href":"https:\/\/cemegroup.01linuxsp.coridemo.com\/ulka\/de\/wp-json\/wp\/v2\/media?parent=1349"}],"curies":[{"name":"wp","href":"https:\/\/api.w.org\/{rel}","templated":true}]}}