{"id":1357,"date":"2025-11-14T14:39:51","date_gmt":"2025-11-14T13:39:51","guid":{"rendered":"https:\/\/cemegroup.01linuxsp.coridemo.com\/ulka\/kontaktieren-sie-uns\/"},"modified":"2025-11-18T15:52:13","modified_gmt":"2025-11-18T14:52:13","slug":"kontaktieren-sie-uns","status":"publish","type":"page","link":"https:\/\/cemegroup.01linuxsp.coridemo.com\/ulka\/de\/kontaktieren-sie-uns\/","title":{"rendered":"Kontaktieren Sie uns"},"content":{"rendered":"\t\t<div data-elementor-type=\"wp-page\" data-elementor-id=\"1357\" class=\"elementor elementor-1357 elementor-979\" data-elementor-post-type=\"page\">\n\t\t\t\t<div class=\"elementor-element elementor-element-7cddc51f e-con-full e-flex e-con e-parent\" data-id=\"7cddc51f\" data-element_type=\"container\" data-e-type=\"container\" data-settings=\"{&quot;background_background&quot;:&quot;classic&quot;}\">\n\t\t<div class=\"elementor-element elementor-element-3fc4dd4b e-flex e-con-boxed e-con e-child\" data-id=\"3fc4dd4b\" data-element_type=\"container\" data-e-type=\"container\">\n\t\t\t\t\t<div class=\"e-con-inner\">\n\t\t<div class=\"elementor-element elementor-element-498f4945 e-con-full e-flex e-con e-child\" data-id=\"498f4945\" data-element_type=\"container\" data-e-type=\"container\">\n\t\t\t\t<div class=\"elementor-element elementor-element-44ab80f1 text-hero-v2 elementor-widget elementor-widget-heading\" data-id=\"44ab80f1\" data-element_type=\"widget\" data-e-type=\"widget\" data-widget_type=\"heading.default\">\n\t\t\t\t\t<h1 class=\"elementor-heading-title elementor-size-default\">Kontaktieren Sie uns<\/h1>\t\t\t\t<\/div>\n\t\t\t\t<div class=\"elementor-element elementor-element-97bd22e text-body-v2 elementor-widget elementor-widget-heading\" data-id=\"97bd22e\" data-element_type=\"widget\" data-e-type=\"widget\" data-widget_type=\"heading.default\">\n\t\t\t\t\t<p class=\"elementor-heading-title elementor-size-default\">Wir sind jeden Tag an Ihrer Seite<\/p>\t\t\t\t<\/div>\n\t\t<div class=\"elementor-element elementor-element-606dd96d e-con-full e-flex e-con e-child\" data-id=\"606dd96d\" data-element_type=\"container\" data-e-type=\"container\">\n\t\t<div class=\"elementor-element elementor-element-69eca870 e-con-full e-flex e-con e-child\" data-id=\"69eca870\" data-element_type=\"container\" data-e-type=\"container\">\n\t\t\t\t<div class=\"elementor-element elementor-element-4daf7e01 elementor-widget elementor-widget-image\" data-id=\"4daf7e01\" data-element_type=\"widget\" data-e-type=\"widget\" data-widget_type=\"image.default\">\n\t\t\t\t\t\t\t\t\t\t\t\t\t\t\t<img decoding=\"async\" width=\"32\" height=\"32\" src=\"https:\/\/cemegroup.01linuxsp.coridemo.com\/ulka\/wp-content\/uploads\/sites\/5\/2025\/11\/Frame-156.png\" class=\"attachment-full size-full wp-image-1156\" alt=\"\" \/>\t\t\t\t\t\t\t\t\t\t\t\t\t\t\t<\/div>\n\t\t\t\t<div class=\"elementor-element elementor-element-68d86f41 text-body-v3 elementor-widget elementor-widget-heading\" data-id=\"68d86f41\" data-element_type=\"widget\" data-e-type=\"widget\" data-widget_type=\"heading.default\">\n\t\t\t\t\t<p class=\"elementor-heading-title elementor-size-default\"><a href=\"tel:+39%200382%2093011\">+39 0382 93011<\/a><\/p>\t\t\t\t<\/div>\n\t\t\t\t<\/div>\n\t\t<div class=\"elementor-element elementor-element-161a8d7a e-con-full e-flex e-con e-child\" data-id=\"161a8d7a\" data-element_type=\"container\" data-e-type=\"container\">\n\t\t\t\t<div class=\"elementor-element elementor-element-107ddd04 elementor-widget elementor-widget-image\" data-id=\"107ddd04\" data-element_type=\"widget\" data-e-type=\"widget\" data-widget_type=\"image.default\">\n\t\t\t\t\t\t\t\t\t\t\t\t\t\t\t<img decoding=\"async\" width=\"32\" height=\"32\" src=\"https:\/\/cemegroup.01linuxsp.coridemo.com\/ulka\/wp-content\/uploads\/sites\/5\/2025\/11\/Frame-156-1.png\" class=\"attachment-full size-full wp-image-1160\" alt=\"\" \/>\t\t\t\t\t\t\t\t\t\t\t\t\t\t\t<\/div>\n\t\t\t\t<div class=\"elementor-element elementor-element-5ba365d9 text-body-v3 elementor-widget elementor-widget-heading\" data-id=\"5ba365d9\" data-element_type=\"widget\" data-e-type=\"widget\" data-widget_type=\"heading.default\">\n\t\t\t\t\t<p class=\"elementor-heading-title elementor-size-default\"><a href=\"https:\/\/maps.app.goo.gl\/uZXVc3nsdUzHQA5w5\">Viale dell'Industria, 5<br>27020 - Trivolzio (PV), Italien<\/a><\/p>\t\t\t\t<\/div>\n\t\t\t\t<\/div>\n\t\t\t\t<\/div>\n\t\t\t\t<\/div>\n\t\t<div class=\"elementor-element elementor-element-41b8d4d e-con-full e-flex e-con e-child\" data-id=\"41b8d4d\" data-element_type=\"container\" data-e-type=\"container\">\n\t\t\t\t<div class=\"elementor-element elementor-element-5b047232 contact-form elementor-widget elementor-widget-shortcode\" data-id=\"5b047232\" data-element_type=\"widget\" data-e-type=\"widget\" data-widget_type=\"shortcode.default\">\n\t\t\t\t\t\t\t<div class=\"elementor-shortcode\">\n<div class=\"wpcf7 no-js\" id=\"wpcf7-f1422-o1\" lang=\"de-DE\" dir=\"ltr\" data-wpcf7-id=\"1422\">\n<div class=\"screen-reader-response\"><p role=\"status\" aria-live=\"polite\" aria-atomic=\"true\"><\/p> <ul><\/ul><\/div>\n<form action=\"\/ulka\/de\/wp-json\/wp\/v2\/pages\/1357#wpcf7-f1422-o1\" method=\"post\" class=\"wpcf7-form init\" aria-label=\"Kontaktformular\" novalidate=\"novalidate\" data-status=\"init\">\n<fieldset class=\"hidden-fields-container\"><input type=\"hidden\" name=\"_wpcf7\" value=\"1422\" \/><input type=\"hidden\" name=\"_wpcf7_version\" value=\"6.1.5\" \/><input type=\"hidden\" name=\"_wpcf7_locale\" value=\"de_DE\" \/><input type=\"hidden\" name=\"_wpcf7_unit_tag\" value=\"wpcf7-f1422-o1\" \/><input type=\"hidden\" name=\"_wpcf7_container_post\" value=\"0\" \/><input type=\"hidden\" name=\"_wpcf7_posted_data_hash\" value=\"\" \/>\n<\/fieldset>\n<div class=\"flex-input\">\n\t<p><label> Name *<br \/>\n<span class=\"wpcf7-form-control-wrap\" data-name=\"first-name\"><input size=\"40\" maxlength=\"400\" class=\"wpcf7-form-control wpcf7-text wpcf7-validates-as-required\" aria-required=\"true\" aria-invalid=\"false\" value=\"\" type=\"text\" name=\"first-name\" \/><\/span><br \/>\n<\/label><br \/>\n<label> Nachname *<br \/>\n<span class=\"wpcf7-form-control-wrap\" data-name=\"last-name\"><input size=\"40\" maxlength=\"400\" class=\"wpcf7-form-control wpcf7-text wpcf7-validates-as-required\" aria-required=\"true\" aria-invalid=\"false\" value=\"\" type=\"text\" name=\"last-name\" \/><\/span><br \/>\n<\/label>\n\t<\/p>\n<\/div>\n<div class=\"flex-input\">\n\t<p><label> E-Mail *<br \/>\n<span class=\"wpcf7-form-control-wrap\" data-name=\"your-email\"><input size=\"40\" maxlength=\"400\" class=\"wpcf7-form-control wpcf7-email wpcf7-validates-as-required wpcf7-text wpcf7-validates-as-email\" aria-required=\"true\" aria-invalid=\"false\" value=\"\" type=\"email\" name=\"your-email\" \/><\/span> <\/label><br \/>\n<label> Firma *<br \/>\n<span class=\"wpcf7-form-control-wrap\" data-name=\"your-company\"><input size=\"40\" maxlength=\"400\" class=\"wpcf7-form-control wpcf7-text wpcf7-validates-as-required\" aria-required=\"true\" aria-invalid=\"false\" value=\"\" type=\"text\" name=\"your-company\" \/><\/span> <\/label>\n\t<\/p>\n<\/div>\n<p><label> Anfragetyp *<br \/>\n<span class=\"wpcf7-form-control-wrap\" data-name=\"select-855\"><select class=\"wpcf7-form-control wpcf7-select wpcf7-validates-as-required\" aria-required=\"true\" aria-invalid=\"false\" name=\"select-855\"><option value=\"Angebot\">Angebot<\/option><option value=\"Technische Anfrage\">Technische Anfrage<\/option><option value=\"Sonstige Anfrage\">Sonstige Anfrage<\/option><\/select><\/span><\/label>\n<\/p>\n<p><label> Details *<br \/>\n<span class=\"wpcf7-form-control-wrap\" data-name=\"details\"><textarea cols=\"40\" rows=\"10\" maxlength=\"2000\" class=\"wpcf7-form-control wpcf7-textarea\" aria-invalid=\"false\" name=\"details\"><\/textarea><\/span> <\/label><br \/>\n<span class=\"wpcf7-form-control-wrap\" data-name=\"acceptance-516\"><span class=\"wpcf7-form-control wpcf7-acceptance\"><span class=\"wpcf7-list-item\"><label><input type=\"checkbox\" name=\"acceptance-516\" value=\"1\" aria-invalid=\"false\" \/><span class=\"wpcf7-list-item-label\">Ich erkl\u00e4re, dass ich die Datenschutzerkl\u00e4rung gelesen habe und der Verarbeitung meiner pers\u00f6nlichen Daten zustimme.<\/span><\/label><\/span><\/span><\/span>\n<\/p>\n<p><input class=\"wpcf7-form-control wpcf7-submit has-spinner\" type=\"submit\" value=\"Anfrage senden\" \/>\n<\/p><div class=\"wpcf7-response-output\" aria-hidden=\"true\"><\/div>\n<\/form>\n<\/div>\n<\/div>\n\t\t\t\t\t\t<\/div>\n\t\t\t\t<\/div>\n\t\t\t\t\t<\/div>\n\t\t\t\t<\/div>\n\t\t\t\t<\/div>\n\t\t<div class=\"elementor-element elementor-element-3ed7132b e-con-full e-flex e-con e-parent\" data-id=\"3ed7132b\" data-element_type=\"container\" data-e-type=\"container\" data-settings=\"{&quot;background_background&quot;:&quot;gradient&quot;}\">\n\t\t\t\t<\/div>\n\t\t\t\t<\/div>\n\t\t","protected":false},"excerpt":{"rendered":"<p>Kontaktieren Sie uns Wir sind jeden Tag an Ihrer Seite +39 0382 93011 Viale dell&#8217;Industria, 527020 &#8211; Trivolzio (PV), Italien<\/p>\n","protected":false},"author":1,"featured_media":0,"parent":0,"menu_order":0,"comment_status":"closed","ping_status":"closed","template":"","meta":{"_acf_changed":false,"footnotes":""},"class_list":["post-1357","page","type-page","status-publish","hentry"],"acf":[],"yoast_head":"<!-- This site is optimized with the Yoast SEO plugin v27.4 - https:\/\/yoast.com\/product\/yoast-seo-wordpress\/ -->\n<title>Kontaktieren Sie ULKA f\u00fcr Informationen und Angebote | ULKA<\/title>\n<meta name=\"description\" content=\"Sprechen Sie mit ULKA-Technikern f\u00fcr gesch\u00e4ftliche Anfragen und Unterst\u00fctzung. F\u00fcllen Sie das Online-Formular aus oder besuchen Sie das B\u00fcro f\u00fcr weitere Informationen zu Produkten.\" \/>\n<meta name=\"robots\" content=\"noindex, follow, max-snippet:-1, max-image-preview:large, max-video-preview:-1\" \/>\n<meta property=\"og:locale\" content=\"de_DE\" \/>\n<meta property=\"og:type\" content=\"article\" \/>\n<meta property=\"og:title\" content=\"Kontaktieren Sie ULKA f\u00fcr Informationen und Angebote | ULKA\" \/>\n<meta property=\"og:description\" content=\"Sprechen Sie mit ULKA-Technikern f\u00fcr gesch\u00e4ftliche Anfragen und Unterst\u00fctzung. F\u00fcllen Sie das Online-Formular aus oder besuchen Sie das B\u00fcro f\u00fcr weitere Informationen zu Produkten.\" \/>\n<meta property=\"og:url\" content=\"https:\/\/cemegroup.01linuxsp.coridemo.com\/ulka\/de\/kontaktieren-sie-uns\/\" \/>\n<meta property=\"og:site_name\" content=\"Ulka\" \/>\n<meta property=\"article:modified_time\" content=\"2025-11-18T14:52:13+00:00\" \/>\n<meta property=\"og:image\" content=\"https:\/\/cemegroup.01linuxsp.coridemo.com\/ulka\/wp-content\/uploads\/sites\/5\/2025\/11\/Frame-156.png\" \/>\n\t<meta property=\"og:image:width\" content=\"32\" \/>\n\t<meta property=\"og:image:height\" content=\"32\" \/>\n\t<meta property=\"og:image:type\" content=\"image\/png\" \/>\n<meta name=\"twitter:card\" content=\"summary_large_image\" \/>\n<script type=\"application\/ld+json\" class=\"yoast-schema-graph\">{\"@context\":\"https:\\\/\\\/schema.org\",\"@graph\":[{\"@type\":\"WebPage\",\"@id\":\"https:\\\/\\\/cemegroup.01linuxsp.coridemo.com\\\/ulka\\\/de\\\/kontaktieren-sie-uns\\\/\",\"url\":\"https:\\\/\\\/cemegroup.01linuxsp.coridemo.com\\\/ulka\\\/de\\\/kontaktieren-sie-uns\\\/\",\"name\":\"Kontaktieren Sie ULKA f\u00fcr Informationen und Angebote | ULKA\",\"isPartOf\":{\"@id\":\"https:\\\/\\\/cemegroup.01linuxsp.coridemo.com\\\/ulka\\\/de\\\/#website\"},\"primaryImageOfPage\":{\"@id\":\"https:\\\/\\\/cemegroup.01linuxsp.coridemo.com\\\/ulka\\\/de\\\/kontaktieren-sie-uns\\\/#primaryimage\"},\"image\":{\"@id\":\"https:\\\/\\\/cemegroup.01linuxsp.coridemo.com\\\/ulka\\\/de\\\/kontaktieren-sie-uns\\\/#primaryimage\"},\"thumbnailUrl\":\"https:\\\/\\\/cemegroup.01linuxsp.coridemo.com\\\/ulka\\\/wp-content\\\/uploads\\\/sites\\\/5\\\/2025\\\/11\\\/Frame-156.png\",\"datePublished\":\"2025-11-14T13:39:51+00:00\",\"dateModified\":\"2025-11-18T14:52:13+00:00\",\"description\":\"Sprechen Sie mit ULKA-Technikern f\u00fcr gesch\u00e4ftliche Anfragen und Unterst\u00fctzung. F\u00fcllen Sie das Online-Formular aus oder besuchen Sie das B\u00fcro f\u00fcr weitere Informationen zu Produkten.\",\"breadcrumb\":{\"@id\":\"https:\\\/\\\/cemegroup.01linuxsp.coridemo.com\\\/ulka\\\/de\\\/kontaktieren-sie-uns\\\/#breadcrumb\"},\"inLanguage\":\"de\",\"potentialAction\":[{\"@type\":\"ReadAction\",\"target\":[\"https:\\\/\\\/cemegroup.01linuxsp.coridemo.com\\\/ulka\\\/de\\\/kontaktieren-sie-uns\\\/\"]}]},{\"@type\":\"ImageObject\",\"inLanguage\":\"de\",\"@id\":\"https:\\\/\\\/cemegroup.01linuxsp.coridemo.com\\\/ulka\\\/de\\\/kontaktieren-sie-uns\\\/#primaryimage\",\"url\":\"https:\\\/\\\/cemegroup.01linuxsp.coridemo.com\\\/ulka\\\/wp-content\\\/uploads\\\/sites\\\/5\\\/2025\\\/11\\\/Frame-156.png\",\"contentUrl\":\"https:\\\/\\\/cemegroup.01linuxsp.coridemo.com\\\/ulka\\\/wp-content\\\/uploads\\\/sites\\\/5\\\/2025\\\/11\\\/Frame-156.png\"},{\"@type\":\"BreadcrumbList\",\"@id\":\"https:\\\/\\\/cemegroup.01linuxsp.coridemo.com\\\/ulka\\\/de\\\/kontaktieren-sie-uns\\\/#breadcrumb\",\"itemListElement\":[{\"@type\":\"ListItem\",\"position\":1,\"name\":\"Home\",\"item\":\"https:\\\/\\\/cemegroup.01linuxsp.coridemo.com\\\/ulka\\\/de\\\/startseite\\\/\"},{\"@type\":\"ListItem\",\"position\":2,\"name\":\"Kontaktieren Sie uns\"}]},{\"@type\":\"WebSite\",\"@id\":\"https:\\\/\\\/cemegroup.01linuxsp.coridemo.com\\\/ulka\\\/de\\\/#website\",\"url\":\"https:\\\/\\\/cemegroup.01linuxsp.coridemo.com\\\/ulka\\\/de\\\/\",\"name\":\"Ulka\",\"description\":\"\",\"potentialAction\":[{\"@type\":\"SearchAction\",\"target\":{\"@type\":\"EntryPoint\",\"urlTemplate\":\"https:\\\/\\\/cemegroup.01linuxsp.coridemo.com\\\/ulka\\\/de\\\/?s={search_term_string}\"},\"query-input\":{\"@type\":\"PropertyValueSpecification\",\"valueRequired\":true,\"valueName\":\"search_term_string\"}}],\"inLanguage\":\"de\"}]}<\/script>\n<!-- \/ Yoast SEO plugin. -->","yoast_head_json":{"title":"Kontaktieren Sie ULKA f\u00fcr Informationen und Angebote | ULKA","description":"Sprechen Sie mit ULKA-Technikern f\u00fcr gesch\u00e4ftliche Anfragen und Unterst\u00fctzung. F\u00fcllen Sie das Online-Formular aus oder besuchen Sie das B\u00fcro f\u00fcr weitere Informationen zu Produkten.","robots":{"index":"noindex","follow":"follow","max-snippet":"max-snippet:-1","max-image-preview":"max-image-preview:large","max-video-preview":"max-video-preview:-1"},"og_locale":"de_DE","og_type":"article","og_title":"Kontaktieren Sie ULKA f\u00fcr Informationen und Angebote | ULKA","og_description":"Sprechen Sie mit ULKA-Technikern f\u00fcr gesch\u00e4ftliche Anfragen und Unterst\u00fctzung. F\u00fcllen Sie das Online-Formular aus oder besuchen Sie das B\u00fcro f\u00fcr weitere Informationen zu Produkten.","og_url":"https:\/\/cemegroup.01linuxsp.coridemo.com\/ulka\/de\/kontaktieren-sie-uns\/","og_site_name":"Ulka","article_modified_time":"2025-11-18T14:52:13+00:00","og_image":[{"width":32,"height":32,"url":"https:\/\/cemegroup.01linuxsp.coridemo.com\/ulka\/wp-content\/uploads\/sites\/5\/2025\/11\/Frame-156.png","type":"image\/png"}],"twitter_card":"summary_large_image","schema":{"@context":"https:\/\/schema.org","@graph":[{"@type":"WebPage","@id":"https:\/\/cemegroup.01linuxsp.coridemo.com\/ulka\/de\/kontaktieren-sie-uns\/","url":"https:\/\/cemegroup.01linuxsp.coridemo.com\/ulka\/de\/kontaktieren-sie-uns\/","name":"Kontaktieren Sie ULKA f\u00fcr Informationen und Angebote | ULKA","isPartOf":{"@id":"https:\/\/cemegroup.01linuxsp.coridemo.com\/ulka\/de\/#website"},"primaryImageOfPage":{"@id":"https:\/\/cemegroup.01linuxsp.coridemo.com\/ulka\/de\/kontaktieren-sie-uns\/#primaryimage"},"image":{"@id":"https:\/\/cemegroup.01linuxsp.coridemo.com\/ulka\/de\/kontaktieren-sie-uns\/#primaryimage"},"thumbnailUrl":"https:\/\/cemegroup.01linuxsp.coridemo.com\/ulka\/wp-content\/uploads\/sites\/5\/2025\/11\/Frame-156.png","datePublished":"2025-11-14T13:39:51+00:00","dateModified":"2025-11-18T14:52:13+00:00","description":"Sprechen Sie mit ULKA-Technikern f\u00fcr gesch\u00e4ftliche Anfragen und Unterst\u00fctzung. F\u00fcllen Sie das Online-Formular aus oder besuchen Sie das B\u00fcro f\u00fcr weitere Informationen zu Produkten.","breadcrumb":{"@id":"https:\/\/cemegroup.01linuxsp.coridemo.com\/ulka\/de\/kontaktieren-sie-uns\/#breadcrumb"},"inLanguage":"de","potentialAction":[{"@type":"ReadAction","target":["https:\/\/cemegroup.01linuxsp.coridemo.com\/ulka\/de\/kontaktieren-sie-uns\/"]}]},{"@type":"ImageObject","inLanguage":"de","@id":"https:\/\/cemegroup.01linuxsp.coridemo.com\/ulka\/de\/kontaktieren-sie-uns\/#primaryimage","url":"https:\/\/cemegroup.01linuxsp.coridemo.com\/ulka\/wp-content\/uploads\/sites\/5\/2025\/11\/Frame-156.png","contentUrl":"https:\/\/cemegroup.01linuxsp.coridemo.com\/ulka\/wp-content\/uploads\/sites\/5\/2025\/11\/Frame-156.png"},{"@type":"BreadcrumbList","@id":"https:\/\/cemegroup.01linuxsp.coridemo.com\/ulka\/de\/kontaktieren-sie-uns\/#breadcrumb","itemListElement":[{"@type":"ListItem","position":1,"name":"Home","item":"https:\/\/cemegroup.01linuxsp.coridemo.com\/ulka\/de\/startseite\/"},{"@type":"ListItem","position":2,"name":"Kontaktieren Sie uns"}]},{"@type":"WebSite","@id":"https:\/\/cemegroup.01linuxsp.coridemo.com\/ulka\/de\/#website","url":"https:\/\/cemegroup.01linuxsp.coridemo.com\/ulka\/de\/","name":"Ulka","description":"","potentialAction":[{"@type":"SearchAction","target":{"@type":"EntryPoint","urlTemplate":"https:\/\/cemegroup.01linuxsp.coridemo.com\/ulka\/de\/?s={search_term_string}"},"query-input":{"@type":"PropertyValueSpecification","valueRequired":true,"valueName":"search_term_string"}}],"inLanguage":"de"}]}},"_links":{"self":[{"href":"https:\/\/cemegroup.01linuxsp.coridemo.com\/ulka\/de\/wp-json\/wp\/v2\/pages\/1357","targetHints":{"allow":["GET"]}}],"collection":[{"href":"https:\/\/cemegroup.01linuxsp.coridemo.com\/ulka\/de\/wp-json\/wp\/v2\/pages"}],"about":[{"href":"https:\/\/cemegroup.01linuxsp.coridemo.com\/ulka\/de\/wp-json\/wp\/v2\/types\/page"}],"author":[{"embeddable":true,"href":"https:\/\/cemegroup.01linuxsp.coridemo.com\/ulka\/de\/wp-json\/wp\/v2\/users\/1"}],"replies":[{"embeddable":true,"href":"https:\/\/cemegroup.01linuxsp.coridemo.com\/ulka\/de\/wp-json\/wp\/v2\/comments?post=1357"}],"version-history":[{"count":1,"href":"https:\/\/cemegroup.01linuxsp.coridemo.com\/ulka\/de\/wp-json\/wp\/v2\/pages\/1357\/revisions"}],"predecessor-version":[{"id":1358,"href":"https:\/\/cemegroup.01linuxsp.coridemo.com\/ulka\/de\/wp-json\/wp\/v2\/pages\/1357\/revisions\/1358"}],"wp:attachment":[{"href":"https:\/\/cemegroup.01linuxsp.coridemo.com\/ulka\/de\/wp-json\/wp\/v2\/media?parent=1357"}],"curies":[{"name":"wp","href":"https:\/\/api.w.org\/{rel}","templated":true}]}}