{"id":1366,"date":"2025-11-14T14:38:48","date_gmt":"2025-11-14T13:38:48","guid":{"rendered":"https:\/\/cemegroup.01linuxsp.coridemo.com\/ulka\/marke\/"},"modified":"2025-11-21T09:53:40","modified_gmt":"2025-11-21T08:53:40","slug":"marke","status":"publish","type":"page","link":"https:\/\/cemegroup.01linuxsp.coridemo.com\/ulka\/de\/marke\/","title":{"rendered":"Marke"},"content":{"rendered":"\t\t<div data-elementor-type=\"wp-page\" data-elementor-id=\"1366\" class=\"elementor elementor-1366 elementor-885\" data-elementor-post-type=\"page\">\n\t\t\t\t<div class=\"elementor-element elementor-element-4349d70e e-con-full e-flex e-con e-parent\" data-id=\"4349d70e\" data-element_type=\"container\" data-e-type=\"container\" data-settings=\"{&quot;background_background&quot;:&quot;classic&quot;}\">\n\t\t<div class=\"elementor-element elementor-element-5fb558dc e-flex e-con-boxed e-con e-child\" data-id=\"5fb558dc\" data-element_type=\"container\" data-e-type=\"container\">\n\t\t\t\t\t<div class=\"e-con-inner\">\n\t\t<div class=\"elementor-element elementor-element-746b584a e-con-full e-flex e-con e-child\" data-id=\"746b584a\" data-element_type=\"container\" data-e-type=\"container\">\n\t\t\t\t<div class=\"elementor-element elementor-element-29696cb8 text-hero-v2 elementor-widget elementor-widget-heading\" data-id=\"29696cb8\" data-element_type=\"widget\" data-e-type=\"widget\" data-widget_type=\"heading.default\">\n\t\t\t\t\t<h1 class=\"elementor-heading-title elementor-size-default\">Hoher technologischer Standard<br>und hohe Leistung<\/h1>\t\t\t\t<\/div>\n\t\t<div class=\"elementor-element elementor-element-524a213c e-con-full e-flex e-con e-child\" data-id=\"524a213c\" data-element_type=\"container\" data-e-type=\"container\">\n\t\t\t\t<div class=\"elementor-element elementor-element-5f390152 text-normal-500 elementor-widget elementor-widget-button\" data-id=\"5f390152\" data-element_type=\"widget\" data-e-type=\"widget\" data-widget_type=\"button.default\">\n\t\t\t\t\t\t\t\t\t\t<a class=\"elementor-button elementor-button-link elementor-size-sm\" href=\"#history\">\n\t\t\t\t\t\t<span class=\"elementor-button-content-wrapper\">\n\t\t\t\t\t\t\t\t\t<span class=\"elementor-button-text\">GESCHICHTE VON ULKA<\/span>\n\t\t\t\t\t<\/span>\n\t\t\t\t\t<\/a>\n\t\t\t\t\t\t\t\t<\/div>\n\t\t\t\t<\/div>\n\t\t\t\t<\/div>\n\t\t\t\t\t<\/div>\n\t\t\t\t<\/div>\n\t\t\t\t<\/div>\n\t\t<div class=\"elementor-element elementor-element-8ed7a50 e-con-full e-flex e-con e-parent\" data-id=\"8ed7a50\" data-element_type=\"container\" data-e-type=\"container\" data-settings=\"{&quot;background_background&quot;:&quot;gradient&quot;}\">\n\t\t\t\t<\/div>\n\t\t<div class=\"elementor-element elementor-element-7462306 e-flex e-con-boxed e-con e-parent\" data-id=\"7462306\" data-element_type=\"container\" data-e-type=\"container\" id=\"history\" data-settings=\"{&quot;background_background&quot;:&quot;classic&quot;}\">\n\t\t\t\t\t<div class=\"e-con-inner\">\n\t\t<div class=\"elementor-element elementor-element-43d1bf4 e-con-full e-flex e-con e-child\" data-id=\"43d1bf4\" data-element_type=\"container\" data-e-type=\"container\">\n\t\t\t\t<div class=\"elementor-element elementor-element-6b1182e elementor-icon-list--layout-traditional elementor-list-item-link-full_width elementor-widget elementor-widget-icon-list\" data-id=\"6b1182e\" data-element_type=\"widget\" data-e-type=\"widget\" data-widget_type=\"icon-list.default\">\n\t\t\t\t\t\t\t<ul class=\"elementor-icon-list-items\">\n\t\t\t\t\t\t\t<li class=\"elementor-icon-list-item\">\n\t\t\t\t\t\t\t\t\t\t\t<span class=\"elementor-icon-list-icon\">\n\t\t\t\t\t\t\t<svg xmlns=\"http:\/\/www.w3.org\/2000\/svg\" width=\"14\" height=\"14\" viewBox=\"0 0 14 14\" fill=\"none\"><rect opacity=\"0.6\" width=\"14\" height=\"14\" fill=\"#252525\"><\/rect><\/svg>\t\t\t\t\t\t<\/span>\n\t\t\t\t\t\t\t\t\t\t<span class=\"elementor-icon-list-text\">MARKE ULKA<\/span>\n\t\t\t\t\t\t\t\t\t<\/li>\n\t\t\t\t\t\t<\/ul>\n\t\t\t\t\t\t<\/div>\n\t\t\t\t<\/div>\n\t\t<div class=\"elementor-element elementor-element-443a5f4 e-con-full e-flex e-con e-child\" data-id=\"443a5f4\" data-element_type=\"container\" data-e-type=\"container\">\n\t\t\t\t<div class=\"elementor-element elementor-element-df62cf7 text-subheading elementor-widget elementor-widget-heading\" data-id=\"df62cf7\" data-element_type=\"widget\" data-e-type=\"widget\" data-widget_type=\"heading.default\">\n\t\t\t\t\t<h3 class=\"elementor-heading-title elementor-size-default\">ULKA wurde am 17. Juni 1975 in Retorbido gegr\u00fcndet und ist heute der Ma\u00dfstab f\u00fcr Magnetventile in der Kaffeebranche. <\/h3>\t\t\t\t<\/div>\n\t\t<div class=\"elementor-element elementor-element-eb12a5c e-con-full e-flex e-con e-child\" data-id=\"eb12a5c\" data-element_type=\"container\" data-e-type=\"container\">\n\t\t\t\t<div class=\"elementor-element elementor-element-9a7d887 text-body-v2 elementor-widget elementor-widget-heading\" data-id=\"9a7d887\" data-element_type=\"widget\" data-e-type=\"widget\" data-widget_type=\"heading.default\">\n\t\t\t\t\t<p class=\"elementor-heading-title elementor-size-default\">Seit \u00fcber 50 Jahren liefert das Unternehmen leistungsstarke L\u00f6sungen f\u00fcr Haushalts- und Profi-Kaffeemaschinen sowie f\u00fcr den HoReCa-Sektor.<br><br>Dank seines fundierten Know-hows und seines st\u00e4ndigen Augenmerks auf Innovation zeichnet sich ULKA durch Zuverl\u00e4ssigkeit, Qualit\u00e4t und die F\u00e4higkeit aus, den Anforderungen eines sich st\u00e4ndig weiterentwickelnden Marktes gerecht zu werden.<br><br>Seit 2006 geh\u00f6rt ULKA zur CEME Group, wodurch die globale F\u00fchrungsposition der Gruppe im Bereich der Fluidsteuerung weiter gest\u00e4rkt und neue Standards f\u00fcr die Welt des Kaffees gesetzt werden.\n<\/p>\t\t\t\t<\/div>\n\t\t\t\t<\/div>\n\t\t\t\t<\/div>\n\t\t\t\t\t<\/div>\n\t\t\t\t<\/div>\n\t\t\t\t<\/div>\n\t\t","protected":false},"excerpt":{"rendered":"<p>Hoher technologischer Standardund hohe Leistung GESCHICHTE VON ULKA MARKE ULKA ULKA wurde am 17. Juni 1975 in Retorbido gegr\u00fcndet und ist heute der Ma\u00dfstab f\u00fcr Magnetventile in der Kaffeebranche. Seit \u00fcber 50 Jahren liefert das Unternehmen leistungsstarke L\u00f6sungen f\u00fcr Haushalts- und Profi-Kaffeemaschinen sowie f\u00fcr den HoReCa-Sektor. Dank seines fundierten Know-hows und seines st\u00e4ndigen Augenmerks auf [&hellip;]<\/p>\n","protected":false},"author":1,"featured_media":0,"parent":0,"menu_order":0,"comment_status":"closed","ping_status":"closed","template":"","meta":{"_acf_changed":false,"footnotes":""},"class_list":["post-1366","page","type-page","status-publish","hentry"],"acf":[],"yoast_head":"<!-- This site is optimized with the Yoast SEO plugin v27.4 - https:\/\/yoast.com\/product\/yoast-seo-wordpress\/ -->\n<title>Vibrationspumpen und technologische Innovation seit 1975 | ULKA<\/title>\n<meta name=\"description\" content=\"ULKA entwickelt zuverl\u00e4ssige und effiziente Vibrationspumpen f\u00fcr Verkaufsautomaten, Kaffee-, Medizin- und HLK-Maschinen. Entdecken Sie die Geschichte und die Werte der Marke.\" \/>\n<meta name=\"robots\" content=\"noindex, follow, max-snippet:-1, max-image-preview:large, max-video-preview:-1\" \/>\n<meta property=\"og:locale\" content=\"de_DE\" \/>\n<meta property=\"og:type\" content=\"article\" \/>\n<meta property=\"og:title\" content=\"Vibrationspumpen und technologische Innovation seit 1975 | ULKA\" \/>\n<meta property=\"og:description\" content=\"ULKA entwickelt zuverl\u00e4ssige und effiziente Vibrationspumpen f\u00fcr Verkaufsautomaten, Kaffee-, Medizin- und HLK-Maschinen. Entdecken Sie die Geschichte und die Werte der Marke.\" \/>\n<meta property=\"og:url\" content=\"https:\/\/cemegroup.01linuxsp.coridemo.com\/ulka\/de\/marke\/\" \/>\n<meta property=\"og:site_name\" content=\"Ulka\" \/>\n<meta property=\"article:modified_time\" content=\"2025-11-21T08:53:40+00:00\" \/>\n<meta name=\"twitter:card\" content=\"summary_large_image\" \/>\n<meta name=\"twitter:label1\" content=\"Gesch\u00e4tzte Lesezeit\" \/>\n\t<meta name=\"twitter:data1\" content=\"1\u00a0Minute\" \/>\n<script type=\"application\/ld+json\" class=\"yoast-schema-graph\">{\"@context\":\"https:\\\/\\\/schema.org\",\"@graph\":[{\"@type\":\"WebPage\",\"@id\":\"https:\\\/\\\/cemegroup.01linuxsp.coridemo.com\\\/ulka\\\/de\\\/marke\\\/\",\"url\":\"https:\\\/\\\/cemegroup.01linuxsp.coridemo.com\\\/ulka\\\/de\\\/marke\\\/\",\"name\":\"Vibrationspumpen und technologische Innovation seit 1975 | ULKA\",\"isPartOf\":{\"@id\":\"https:\\\/\\\/cemegroup.01linuxsp.coridemo.com\\\/ulka\\\/de\\\/#website\"},\"datePublished\":\"2025-11-14T13:38:48+00:00\",\"dateModified\":\"2025-11-21T08:53:40+00:00\",\"description\":\"ULKA entwickelt zuverl\u00e4ssige und effiziente Vibrationspumpen f\u00fcr Verkaufsautomaten, Kaffee-, Medizin- und HLK-Maschinen. Entdecken Sie die Geschichte und die Werte der Marke.\",\"breadcrumb\":{\"@id\":\"https:\\\/\\\/cemegroup.01linuxsp.coridemo.com\\\/ulka\\\/de\\\/marke\\\/#breadcrumb\"},\"inLanguage\":\"de\",\"potentialAction\":[{\"@type\":\"ReadAction\",\"target\":[\"https:\\\/\\\/cemegroup.01linuxsp.coridemo.com\\\/ulka\\\/de\\\/marke\\\/\"]}]},{\"@type\":\"BreadcrumbList\",\"@id\":\"https:\\\/\\\/cemegroup.01linuxsp.coridemo.com\\\/ulka\\\/de\\\/marke\\\/#breadcrumb\",\"itemListElement\":[{\"@type\":\"ListItem\",\"position\":1,\"name\":\"Home\",\"item\":\"https:\\\/\\\/cemegroup.01linuxsp.coridemo.com\\\/ulka\\\/de\\\/startseite\\\/\"},{\"@type\":\"ListItem\",\"position\":2,\"name\":\"Marke\"}]},{\"@type\":\"WebSite\",\"@id\":\"https:\\\/\\\/cemegroup.01linuxsp.coridemo.com\\\/ulka\\\/de\\\/#website\",\"url\":\"https:\\\/\\\/cemegroup.01linuxsp.coridemo.com\\\/ulka\\\/de\\\/\",\"name\":\"Ulka\",\"description\":\"\",\"potentialAction\":[{\"@type\":\"SearchAction\",\"target\":{\"@type\":\"EntryPoint\",\"urlTemplate\":\"https:\\\/\\\/cemegroup.01linuxsp.coridemo.com\\\/ulka\\\/de\\\/?s={search_term_string}\"},\"query-input\":{\"@type\":\"PropertyValueSpecification\",\"valueRequired\":true,\"valueName\":\"search_term_string\"}}],\"inLanguage\":\"de\"}]}<\/script>\n<!-- \/ Yoast SEO plugin. -->","yoast_head_json":{"title":"Vibrationspumpen und technologische Innovation seit 1975 | ULKA","description":"ULKA entwickelt zuverl\u00e4ssige und effiziente Vibrationspumpen f\u00fcr Verkaufsautomaten, Kaffee-, Medizin- und HLK-Maschinen. Entdecken Sie die Geschichte und die Werte der Marke.","robots":{"index":"noindex","follow":"follow","max-snippet":"max-snippet:-1","max-image-preview":"max-image-preview:large","max-video-preview":"max-video-preview:-1"},"og_locale":"de_DE","og_type":"article","og_title":"Vibrationspumpen und technologische Innovation seit 1975 | ULKA","og_description":"ULKA entwickelt zuverl\u00e4ssige und effiziente Vibrationspumpen f\u00fcr Verkaufsautomaten, Kaffee-, Medizin- und HLK-Maschinen. Entdecken Sie die Geschichte und die Werte der Marke.","og_url":"https:\/\/cemegroup.01linuxsp.coridemo.com\/ulka\/de\/marke\/","og_site_name":"Ulka","article_modified_time":"2025-11-21T08:53:40+00:00","twitter_card":"summary_large_image","twitter_misc":{"Gesch\u00e4tzte Lesezeit":"1\u00a0Minute"},"schema":{"@context":"https:\/\/schema.org","@graph":[{"@type":"WebPage","@id":"https:\/\/cemegroup.01linuxsp.coridemo.com\/ulka\/de\/marke\/","url":"https:\/\/cemegroup.01linuxsp.coridemo.com\/ulka\/de\/marke\/","name":"Vibrationspumpen und technologische Innovation seit 1975 | ULKA","isPartOf":{"@id":"https:\/\/cemegroup.01linuxsp.coridemo.com\/ulka\/de\/#website"},"datePublished":"2025-11-14T13:38:48+00:00","dateModified":"2025-11-21T08:53:40+00:00","description":"ULKA entwickelt zuverl\u00e4ssige und effiziente Vibrationspumpen f\u00fcr Verkaufsautomaten, Kaffee-, Medizin- und HLK-Maschinen. Entdecken Sie die Geschichte und die Werte der Marke.","breadcrumb":{"@id":"https:\/\/cemegroup.01linuxsp.coridemo.com\/ulka\/de\/marke\/#breadcrumb"},"inLanguage":"de","potentialAction":[{"@type":"ReadAction","target":["https:\/\/cemegroup.01linuxsp.coridemo.com\/ulka\/de\/marke\/"]}]},{"@type":"BreadcrumbList","@id":"https:\/\/cemegroup.01linuxsp.coridemo.com\/ulka\/de\/marke\/#breadcrumb","itemListElement":[{"@type":"ListItem","position":1,"name":"Home","item":"https:\/\/cemegroup.01linuxsp.coridemo.com\/ulka\/de\/startseite\/"},{"@type":"ListItem","position":2,"name":"Marke"}]},{"@type":"WebSite","@id":"https:\/\/cemegroup.01linuxsp.coridemo.com\/ulka\/de\/#website","url":"https:\/\/cemegroup.01linuxsp.coridemo.com\/ulka\/de\/","name":"Ulka","description":"","potentialAction":[{"@type":"SearchAction","target":{"@type":"EntryPoint","urlTemplate":"https:\/\/cemegroup.01linuxsp.coridemo.com\/ulka\/de\/?s={search_term_string}"},"query-input":{"@type":"PropertyValueSpecification","valueRequired":true,"valueName":"search_term_string"}}],"inLanguage":"de"}]}},"_links":{"self":[{"href":"https:\/\/cemegroup.01linuxsp.coridemo.com\/ulka\/de\/wp-json\/wp\/v2\/pages\/1366","targetHints":{"allow":["GET"]}}],"collection":[{"href":"https:\/\/cemegroup.01linuxsp.coridemo.com\/ulka\/de\/wp-json\/wp\/v2\/pages"}],"about":[{"href":"https:\/\/cemegroup.01linuxsp.coridemo.com\/ulka\/de\/wp-json\/wp\/v2\/types\/page"}],"author":[{"embeddable":true,"href":"https:\/\/cemegroup.01linuxsp.coridemo.com\/ulka\/de\/wp-json\/wp\/v2\/users\/1"}],"replies":[{"embeddable":true,"href":"https:\/\/cemegroup.01linuxsp.coridemo.com\/ulka\/de\/wp-json\/wp\/v2\/comments?post=1366"}],"version-history":[{"count":8,"href":"https:\/\/cemegroup.01linuxsp.coridemo.com\/ulka\/de\/wp-json\/wp\/v2\/pages\/1366\/revisions"}],"predecessor-version":[{"id":1605,"href":"https:\/\/cemegroup.01linuxsp.coridemo.com\/ulka\/de\/wp-json\/wp\/v2\/pages\/1366\/revisions\/1605"}],"wp:attachment":[{"href":"https:\/\/cemegroup.01linuxsp.coridemo.com\/ulka\/de\/wp-json\/wp\/v2\/media?parent=1366"}],"curies":[{"name":"wp","href":"https:\/\/api.w.org\/{rel}","templated":true}]}}