{"id":1355,"date":"2025-11-14T14:38:48","date_gmt":"2025-11-14T13:38:48","guid":{"rendered":"https:\/\/cemegroup.01linuxsp.coridemo.com\/ulka\/marchio\/"},"modified":"2025-11-21T09:53:48","modified_gmt":"2025-11-21T08:53:48","slug":"marchio","status":"publish","type":"page","link":"https:\/\/cemegroup.01linuxsp.coridemo.com\/ulka\/it\/marchio\/","title":{"rendered":"Marchio"},"content":{"rendered":"\t\t<div data-elementor-type=\"wp-page\" data-elementor-id=\"1355\" class=\"elementor elementor-1355 elementor-885\" data-elementor-post-type=\"page\">\n\t\t\t\t<div class=\"elementor-element elementor-element-4349d70e e-con-full e-flex e-con e-parent\" data-id=\"4349d70e\" data-element_type=\"container\" data-e-type=\"container\" data-settings=\"{&quot;background_background&quot;:&quot;classic&quot;}\">\n\t\t<div class=\"elementor-element elementor-element-5fb558dc e-flex e-con-boxed e-con e-child\" data-id=\"5fb558dc\" data-element_type=\"container\" data-e-type=\"container\">\n\t\t\t\t\t<div class=\"e-con-inner\">\n\t\t<div class=\"elementor-element elementor-element-746b584a e-con-full e-flex e-con e-child\" data-id=\"746b584a\" data-element_type=\"container\" data-e-type=\"container\">\n\t\t\t\t<div class=\"elementor-element elementor-element-29696cb8 text-hero-v2 elementor-widget elementor-widget-heading\" data-id=\"29696cb8\" data-element_type=\"widget\" data-e-type=\"widget\" data-widget_type=\"heading.default\">\n\t\t\t\t\t<h1 class=\"elementor-heading-title elementor-size-default\">Alto tasso tecnologico<br>ed elevate prestazioni<\/h1>\t\t\t\t<\/div>\n\t\t<div class=\"elementor-element elementor-element-524a213c e-con-full e-flex e-con e-child\" data-id=\"524a213c\" data-element_type=\"container\" data-e-type=\"container\">\n\t\t\t\t<div class=\"elementor-element elementor-element-5f390152 text-normal-500 elementor-widget elementor-widget-button\" data-id=\"5f390152\" data-element_type=\"widget\" data-e-type=\"widget\" data-widget_type=\"button.default\">\n\t\t\t\t\t\t\t\t\t\t<a class=\"elementor-button elementor-button-link elementor-size-sm\" href=\"#history\">\n\t\t\t\t\t\t<span class=\"elementor-button-content-wrapper\">\n\t\t\t\t\t\t\t\t\t<span class=\"elementor-button-text\">STORIA DI ULKA<\/span>\n\t\t\t\t\t<\/span>\n\t\t\t\t\t<\/a>\n\t\t\t\t\t\t\t\t<\/div>\n\t\t\t\t<\/div>\n\t\t\t\t<\/div>\n\t\t\t\t\t<\/div>\n\t\t\t\t<\/div>\n\t\t\t\t<\/div>\n\t\t<div class=\"elementor-element elementor-element-8ed7a50 e-con-full e-flex e-con e-parent\" data-id=\"8ed7a50\" data-element_type=\"container\" data-e-type=\"container\" data-settings=\"{&quot;background_background&quot;:&quot;gradient&quot;}\">\n\t\t\t\t<\/div>\n\t\t<div class=\"elementor-element elementor-element-7462306 e-flex e-con-boxed e-con e-parent\" data-id=\"7462306\" data-element_type=\"container\" data-e-type=\"container\" id=\"history\" data-settings=\"{&quot;background_background&quot;:&quot;classic&quot;}\">\n\t\t\t\t\t<div class=\"e-con-inner\">\n\t\t<div class=\"elementor-element elementor-element-43d1bf4 e-con-full e-flex e-con e-child\" data-id=\"43d1bf4\" data-element_type=\"container\" data-e-type=\"container\">\n\t\t\t\t<div class=\"elementor-element elementor-element-6b1182e elementor-icon-list--layout-traditional elementor-list-item-link-full_width elementor-widget elementor-widget-icon-list\" data-id=\"6b1182e\" data-element_type=\"widget\" data-e-type=\"widget\" data-widget_type=\"icon-list.default\">\n\t\t\t\t\t\t\t<ul class=\"elementor-icon-list-items\">\n\t\t\t\t\t\t\t<li class=\"elementor-icon-list-item\">\n\t\t\t\t\t\t\t\t\t\t\t<span class=\"elementor-icon-list-icon\">\n\t\t\t\t\t\t\t<svg xmlns=\"http:\/\/www.w3.org\/2000\/svg\" width=\"14\" height=\"14\" viewBox=\"0 0 14 14\" fill=\"none\"><rect opacity=\"0.6\" width=\"14\" height=\"14\" fill=\"#252525\"><\/rect><\/svg>\t\t\t\t\t\t<\/span>\n\t\t\t\t\t\t\t\t\t\t<span class=\"elementor-icon-list-text\">IL BRAND ULKA<\/span>\n\t\t\t\t\t\t\t\t\t<\/li>\n\t\t\t\t\t\t<\/ul>\n\t\t\t\t\t\t<\/div>\n\t\t\t\t<\/div>\n\t\t<div class=\"elementor-element elementor-element-443a5f4 e-con-full e-flex e-con e-child\" data-id=\"443a5f4\" data-element_type=\"container\" data-e-type=\"container\">\n\t\t\t\t<div class=\"elementor-element elementor-element-df62cf7 text-subheading elementor-widget elementor-widget-heading\" data-id=\"df62cf7\" data-element_type=\"widget\" data-e-type=\"widget\" data-widget_type=\"heading.default\">\n\t\t\t\t\t<h3 class=\"elementor-heading-title elementor-size-default\">Fondata a Retorbido il 17 giugno 1975, ULKA \u00e8 il punto di riferimento per le pompe solenoide nel settore del caff\u00e8 <\/h3>\t\t\t\t<\/div>\n\t\t<div class=\"elementor-element elementor-element-eb12a5c e-con-full e-flex e-con e-child\" data-id=\"eb12a5c\" data-element_type=\"container\" data-e-type=\"container\">\n\t\t\t\t<div class=\"elementor-element elementor-element-9a7d887 text-body-v2 elementor-widget elementor-widget-heading\" data-id=\"9a7d887\" data-element_type=\"widget\" data-e-type=\"widget\" data-widget_type=\"heading.default\">\n\t\t\t\t\t<p class=\"elementor-heading-title elementor-size-default\">Da oltre 50 anni l\u2019azienda fornisce soluzioni ad alte prestazioni per macchine da caff\u00e8 domestiche e professionali, oltre che per il settore HoReCa.<br><br>Grazie a un know-how consolidato e a una costante attenzione all\u2019innovazione, ULKA si distingue per affidabilit\u00e0, qualit\u00e0 e capacit\u00e0 di soddisfare le esigenze di un mercato in continua evoluzione.<br><br>Dal 2006, ULKA fa parte di CEME Group, rafforzando ulteriormente la leadership globale del Gruppo nel controllo dei fluidi e continuando a fissare nuovi standard di eccellenza per il mondo del caff\u00e8.\n<\/p>\t\t\t\t<\/div>\n\t\t\t\t<\/div>\n\t\t\t\t<\/div>\n\t\t\t\t\t<\/div>\n\t\t\t\t<\/div>\n\t\t\t\t<\/div>\n\t\t","protected":false},"excerpt":{"rendered":"<p>Alto tasso tecnologicoed elevate prestazioni STORIA DI ULKA IL BRAND ULKA Fondata a Retorbido il 17 giugno 1975, ULKA \u00e8 il punto di riferimento per le pompe solenoide nel settore del caff\u00e8 Da oltre 50 anni l\u2019azienda fornisce soluzioni ad alte prestazioni per macchine da caff\u00e8 domestiche e professionali, oltre che per il settore HoReCa. [&hellip;]<\/p>\n","protected":false},"author":1,"featured_media":0,"parent":0,"menu_order":0,"comment_status":"closed","ping_status":"closed","template":"","meta":{"_acf_changed":false,"footnotes":""},"class_list":["post-1355","page","type-page","status-publish","hentry"],"acf":[],"yoast_head":"<!-- This site is optimized with the Yoast SEO plugin v27.4 - https:\/\/yoast.com\/product\/yoast-seo-wordpress\/ -->\n<title>Pompe a vibrazione e innovazione tecnologica dal 1975 | ULKA<\/title>\n<meta name=\"description\" content=\"ULKA sviluppa pompe a vibrazione affidabili ed efficienti per macchine da caff\u00e8, vending, medicale e HVAC. Scopri la storia e i valori del brand.\" \/>\n<meta name=\"robots\" content=\"noindex, follow, max-snippet:-1, max-image-preview:large, max-video-preview:-1\" \/>\n<meta property=\"og:locale\" content=\"it_IT\" \/>\n<meta property=\"og:type\" content=\"article\" \/>\n<meta property=\"og:title\" content=\"Pompe a vibrazione e innovazione tecnologica dal 1975 | ULKA\" \/>\n<meta property=\"og:description\" content=\"ULKA sviluppa pompe a vibrazione affidabili ed efficienti per macchine da caff\u00e8, vending, medicale e HVAC. Scopri la storia e i valori del brand.\" \/>\n<meta property=\"og:url\" content=\"https:\/\/cemegroup.01linuxsp.coridemo.com\/ulka\/it\/marchio\/\" \/>\n<meta property=\"og:site_name\" content=\"Ulka\" \/>\n<meta property=\"article:modified_time\" content=\"2025-11-21T08:53:48+00:00\" \/>\n<meta name=\"twitter:card\" content=\"summary_large_image\" \/>\n<meta name=\"twitter:label1\" content=\"Tempo di lettura stimato\" \/>\n\t<meta name=\"twitter:data1\" content=\"1 minuto\" \/>\n<script type=\"application\/ld+json\" class=\"yoast-schema-graph\">{\"@context\":\"https:\\\/\\\/schema.org\",\"@graph\":[{\"@type\":\"WebPage\",\"@id\":\"https:\\\/\\\/cemegroup.01linuxsp.coridemo.com\\\/ulka\\\/it\\\/marchio\\\/\",\"url\":\"https:\\\/\\\/cemegroup.01linuxsp.coridemo.com\\\/ulka\\\/it\\\/marchio\\\/\",\"name\":\"Pompe a vibrazione e innovazione tecnologica dal 1975 | ULKA\",\"isPartOf\":{\"@id\":\"https:\\\/\\\/cemegroup.01linuxsp.coridemo.com\\\/ulka\\\/it\\\/#website\"},\"datePublished\":\"2025-11-14T13:38:48+00:00\",\"dateModified\":\"2025-11-21T08:53:48+00:00\",\"description\":\"ULKA sviluppa pompe a vibrazione affidabili ed efficienti per macchine da caff\u00e8, vending, medicale e HVAC. Scopri la storia e i valori del brand.\",\"breadcrumb\":{\"@id\":\"https:\\\/\\\/cemegroup.01linuxsp.coridemo.com\\\/ulka\\\/it\\\/marchio\\\/#breadcrumb\"},\"inLanguage\":\"it-IT\",\"potentialAction\":[{\"@type\":\"ReadAction\",\"target\":[\"https:\\\/\\\/cemegroup.01linuxsp.coridemo.com\\\/ulka\\\/it\\\/marchio\\\/\"]}]},{\"@type\":\"BreadcrumbList\",\"@id\":\"https:\\\/\\\/cemegroup.01linuxsp.coridemo.com\\\/ulka\\\/it\\\/marchio\\\/#breadcrumb\",\"itemListElement\":[{\"@type\":\"ListItem\",\"position\":1,\"name\":\"Home\",\"item\":\"https:\\\/\\\/cemegroup.01linuxsp.coridemo.com\\\/ulka\\\/it\\\/home\\\/\"},{\"@type\":\"ListItem\",\"position\":2,\"name\":\"Marchio\"}]},{\"@type\":\"WebSite\",\"@id\":\"https:\\\/\\\/cemegroup.01linuxsp.coridemo.com\\\/ulka\\\/it\\\/#website\",\"url\":\"https:\\\/\\\/cemegroup.01linuxsp.coridemo.com\\\/ulka\\\/it\\\/\",\"name\":\"Ulka\",\"description\":\"\",\"potentialAction\":[{\"@type\":\"SearchAction\",\"target\":{\"@type\":\"EntryPoint\",\"urlTemplate\":\"https:\\\/\\\/cemegroup.01linuxsp.coridemo.com\\\/ulka\\\/it\\\/?s={search_term_string}\"},\"query-input\":{\"@type\":\"PropertyValueSpecification\",\"valueRequired\":true,\"valueName\":\"search_term_string\"}}],\"inLanguage\":\"it-IT\"}]}<\/script>\n<!-- \/ Yoast SEO plugin. -->","yoast_head_json":{"title":"Pompe a vibrazione e innovazione tecnologica dal 1975 | ULKA","description":"ULKA sviluppa pompe a vibrazione affidabili ed efficienti per macchine da caff\u00e8, vending, medicale e HVAC. Scopri la storia e i valori del brand.","robots":{"index":"noindex","follow":"follow","max-snippet":"max-snippet:-1","max-image-preview":"max-image-preview:large","max-video-preview":"max-video-preview:-1"},"og_locale":"it_IT","og_type":"article","og_title":"Pompe a vibrazione e innovazione tecnologica dal 1975 | ULKA","og_description":"ULKA sviluppa pompe a vibrazione affidabili ed efficienti per macchine da caff\u00e8, vending, medicale e HVAC. Scopri la storia e i valori del brand.","og_url":"https:\/\/cemegroup.01linuxsp.coridemo.com\/ulka\/it\/marchio\/","og_site_name":"Ulka","article_modified_time":"2025-11-21T08:53:48+00:00","twitter_card":"summary_large_image","twitter_misc":{"Tempo di lettura stimato":"1 minuto"},"schema":{"@context":"https:\/\/schema.org","@graph":[{"@type":"WebPage","@id":"https:\/\/cemegroup.01linuxsp.coridemo.com\/ulka\/it\/marchio\/","url":"https:\/\/cemegroup.01linuxsp.coridemo.com\/ulka\/it\/marchio\/","name":"Pompe a vibrazione e innovazione tecnologica dal 1975 | ULKA","isPartOf":{"@id":"https:\/\/cemegroup.01linuxsp.coridemo.com\/ulka\/it\/#website"},"datePublished":"2025-11-14T13:38:48+00:00","dateModified":"2025-11-21T08:53:48+00:00","description":"ULKA sviluppa pompe a vibrazione affidabili ed efficienti per macchine da caff\u00e8, vending, medicale e HVAC. Scopri la storia e i valori del brand.","breadcrumb":{"@id":"https:\/\/cemegroup.01linuxsp.coridemo.com\/ulka\/it\/marchio\/#breadcrumb"},"inLanguage":"it-IT","potentialAction":[{"@type":"ReadAction","target":["https:\/\/cemegroup.01linuxsp.coridemo.com\/ulka\/it\/marchio\/"]}]},{"@type":"BreadcrumbList","@id":"https:\/\/cemegroup.01linuxsp.coridemo.com\/ulka\/it\/marchio\/#breadcrumb","itemListElement":[{"@type":"ListItem","position":1,"name":"Home","item":"https:\/\/cemegroup.01linuxsp.coridemo.com\/ulka\/it\/home\/"},{"@type":"ListItem","position":2,"name":"Marchio"}]},{"@type":"WebSite","@id":"https:\/\/cemegroup.01linuxsp.coridemo.com\/ulka\/it\/#website","url":"https:\/\/cemegroup.01linuxsp.coridemo.com\/ulka\/it\/","name":"Ulka","description":"","potentialAction":[{"@type":"SearchAction","target":{"@type":"EntryPoint","urlTemplate":"https:\/\/cemegroup.01linuxsp.coridemo.com\/ulka\/it\/?s={search_term_string}"},"query-input":{"@type":"PropertyValueSpecification","valueRequired":true,"valueName":"search_term_string"}}],"inLanguage":"it-IT"}]}},"_links":{"self":[{"href":"https:\/\/cemegroup.01linuxsp.coridemo.com\/ulka\/it\/wp-json\/wp\/v2\/pages\/1355","targetHints":{"allow":["GET"]}}],"collection":[{"href":"https:\/\/cemegroup.01linuxsp.coridemo.com\/ulka\/it\/wp-json\/wp\/v2\/pages"}],"about":[{"href":"https:\/\/cemegroup.01linuxsp.coridemo.com\/ulka\/it\/wp-json\/wp\/v2\/types\/page"}],"author":[{"embeddable":true,"href":"https:\/\/cemegroup.01linuxsp.coridemo.com\/ulka\/it\/wp-json\/wp\/v2\/users\/1"}],"replies":[{"embeddable":true,"href":"https:\/\/cemegroup.01linuxsp.coridemo.com\/ulka\/it\/wp-json\/wp\/v2\/comments?post=1355"}],"version-history":[{"count":9,"href":"https:\/\/cemegroup.01linuxsp.coridemo.com\/ulka\/it\/wp-json\/wp\/v2\/pages\/1355\/revisions"}],"predecessor-version":[{"id":1606,"href":"https:\/\/cemegroup.01linuxsp.coridemo.com\/ulka\/it\/wp-json\/wp\/v2\/pages\/1355\/revisions\/1606"}],"wp:attachment":[{"href":"https:\/\/cemegroup.01linuxsp.coridemo.com\/ulka\/it\/wp-json\/wp\/v2\/media?parent=1355"}],"curies":[{"name":"wp","href":"https:\/\/api.w.org\/{rel}","templated":true}]}}